{"id":10208,"date":"2019-11-07T10:52:15","date_gmt":"2019-11-07T09:52:15","guid":{"rendered":"https:\/\/www.casavio.com\/uslugi\/servizi-extra\/noleggio-lenzuola-asciugamani-2\/"},"modified":"2025-01-31T10:37:24","modified_gmt":"2025-01-31T09:37:24","slug":"wypozyczenie-poscieli-i-reczniki","status":"publish","type":"page","link":"https:\/\/www.casavio.com\/pl\/uslugi\/uslugi-dodatkowe\/wypozyczenie-poscieli-i-reczniki\/","title":{"rendered":"Wypo\u017cyczenie po\u015bcieli i r\u0119czniki"},"content":{"rendered":"<p>Zaoszcz\u0119d\u017a miejsce w swoim samochodzie lub odci\u0105\u017c swoj\u0105 walizk\u0119 i z \u0142atwo\u015bci\u0105 zam\u00f3w po\u015bciel, r\u0119czniki \u0142azienkowe i k\u0105pielowe dla ca\u0142ej swojej rodziny! Zarezerwowane pakiety z po\u015bciel\u0105 i r\u0119cznikami zostan\u0105 umieszczone w Twoim zakwaterowaniu przed Twoim przyjazdem, a u\u017cyte zostan\u0105 zabrane przez serwis sprz\u0105taj\u0105cy pod koniec Twoich wakacji!<\/p>\n<ul>\n<li><strong>Pakiet ma\u0142\u017ce\u0144ski <\/strong>(22 \u20ac): 2 podw\u00f3jne prze\u015bcierad\u0142a, 2 poszewki na poduszki oraz 2 r\u0119czniki \u0142azienkowe<\/li>\n<li><strong>Pakiet pojedznczy <\/strong>(16 \u20ac): 2 pojedzncze\u00a0 prze\u015bcierad\u0142a, 1\u00a0 poszewka na poduszk\u0119 i 1 r\u0119cznik \u0142azienkowy<\/li>\n<li>Dodatkowy <strong>r\u0119cznik<\/strong> \u0142azienkowy (5 \u20ac).<\/li>\n<\/ul>\n<p>Po\u015bciele i r\u0119czniki mog\u0105 by\u0107 zam\u00f3wione w <a href=\"https:\/\/booking.casavio.com\/search\" target=\"_blank\" rel=\"noopener noreferrer\"><strong><u>momencie rezerwacji<\/u><\/strong><\/a> b\u0105d\u017a w ka\u017cdym p\u00f3\u017aniejszym czasie (a\u017c do tygodnia przed przybyciem), dodaj\u0105c je do swojej rezerwacji przy u\u017cyciu <a href=\"https:\/\/booking.casavio.com\/contact\" target=\"_blank\" rel=\"noopener noreferrer\"><u>formularza kontaktu<\/u><\/a>.<\/p>\n<p><strong>Koce<\/strong> mo\u017cna zam\u00f3wi\u0107 bezp\u0142atnie w recepcji kempingu. Poniewa\u017c nie zawsze mo\u017cemy zagwarantowa\u0107 wymagan\u0105 liczb\u0119 koc\u00f3w, zalecamy zabranie w\u0142asnych koc\u00f3w, zw\u0142aszcza w przypadku pobytu w kwietniu, maju i wrze\u015bniu lub podr\u00f3\u017cy z ma\u0142ymi dzie\u0107mi.<\/p>\n<p>Te serwisy s\u0105 dost\u0119pne tylko dla bezpo\u015brednich go\u015bci i nie mo\u017ce zosta\u0107 dodany do rezerwacji dokonanych poprzez agencje turystyczne b\u0105d\u017a operator\u00f3w turystycznych.<\/p>\n","protected":false},"excerpt":{"rendered":"<p>Po\u015bciel do podw\u00f3jnych i pojedynczych \u0142\u00f3\u017cek, zestaw pla\u017cowy i r\u0119czniki.<br \/>\nUs\u0142ug\u0119 nale\u017cy zam\u00f3wi\u0107 w momencie dokonywania rezerwacji lub najp\u00f3\u017aniej na tydzie\u0144 przed przyjazdem.<\/p>\n","protected":false},"author":3,"featured_media":3132,"parent":10198,"menu_order":1,"comment_status":"closed","ping_status":"closed","template":"","meta":{"_acf_changed":false},"class_list":["post-10208","page","type-page","status-publish","has-post-thumbnail","hentry"],"acf":[],"yoast_head":"<!-- This site is optimized with the Yoast SEO plugin v25.3 - https:\/\/yoast.com\/wordpress\/plugins\/seo\/ -->\n<title>Wypo\u017cyczenie po\u015bcieli i r\u0119cznik\u00f3w &#8211; Camping Ca&#039; Savio<\/title>\n<meta name=\"description\" content=\"Dla wszystkich potrzeb komfortu podczas wakacji w Cavallino Treporti, kemping Ca&#039; Savio zapewni Pa\u0144stwu wypo\u017cyczenie po\u015bcieli. Dowiedz si\u0119 szczeg\u00f3\u0142\u00f3w.\" \/>\n<meta name=\"robots\" content=\"index, follow, max-snippet:-1, max-image-preview:large, max-video-preview:-1\" \/>\n<link rel=\"canonical\" href=\"https:\/\/www.casavio.com\/pl\/uslugi\/uslugi-dodatkowe\/wypozyczenie-poscieli-i-reczniki\/\" \/>\n<meta property=\"og:locale\" content=\"pl_PL\" \/>\n<meta property=\"og:type\" content=\"article\" \/>\n<meta property=\"og:title\" content=\"Wypo\u017cyczenie po\u015bcieli i r\u0119cznik\u00f3w &#8211; Camping Ca&#039; Savio\" \/>\n<meta property=\"og:description\" content=\"Dla wszystkich potrzeb komfortu podczas wakacji w Cavallino Treporti, kemping Ca&#039; Savio zapewni Pa\u0144stwu wypo\u017cyczenie po\u015bcieli. Dowiedz si\u0119 szczeg\u00f3\u0142\u00f3w.\" \/>\n<meta property=\"og:url\" content=\"https:\/\/www.casavio.com\/pl\/uslugi\/uslugi-dodatkowe\/wypozyczenie-poscieli-i-reczniki\/\" \/>\n<meta property=\"og:site_name\" content=\"Camping Ca&#039; Savio\" \/>\n<meta property=\"article:publisher\" content=\"https:\/\/www.facebook.com\/campingcasavio\" \/>\n<meta property=\"article:modified_time\" content=\"2025-01-31T09:37:24+00:00\" \/>\n<meta property=\"og:image\" content=\"https:\/\/www.casavio.com\/wp-content\/uploads\/2019\/11\/ca-savio-noleggio-lenzuola.jpg\" \/>\n\t<meta property=\"og:image:width\" content=\"440\" \/>\n\t<meta property=\"og:image:height\" content=\"600\" \/>\n\t<meta property=\"og:image:type\" content=\"image\/jpeg\" \/>\n<meta name=\"twitter:card\" content=\"summary_large_image\" \/>\n<meta name=\"twitter:label1\" content=\"Szacowany czas czytania\" \/>\n\t<meta name=\"twitter:data1\" content=\"2 minuty\" \/>\n<script type=\"application\/ld+json\" class=\"yoast-schema-graph\">{\"@context\":\"https:\/\/schema.org\",\"@graph\":[{\"@type\":\"WebPage\",\"@id\":\"https:\/\/www.casavio.com\/pl\/uslugi\/uslugi-dodatkowe\/wypozyczenie-poscieli-i-reczniki\/\",\"url\":\"https:\/\/www.casavio.com\/pl\/uslugi\/uslugi-dodatkowe\/wypozyczenie-poscieli-i-reczniki\/\",\"name\":\"Wypo\u017cyczenie po\u015bcieli i r\u0119cznik\u00f3w &#8211; Camping Ca&#039; Savio\",\"isPartOf\":{\"@id\":\"https:\/\/www.casavio.com\/pl\/#website\"},\"primaryImageOfPage\":{\"@id\":\"https:\/\/www.casavio.com\/pl\/uslugi\/uslugi-dodatkowe\/wypozyczenie-poscieli-i-reczniki\/#primaryimage\"},\"image\":{\"@id\":\"https:\/\/www.casavio.com\/pl\/uslugi\/uslugi-dodatkowe\/wypozyczenie-poscieli-i-reczniki\/#primaryimage\"},\"thumbnailUrl\":\"https:\/\/www.casavio.com\/wp-content\/uploads\/2019\/11\/ca-savio-noleggio-lenzuola.jpg\",\"datePublished\":\"2019-11-07T09:52:15+00:00\",\"dateModified\":\"2025-01-31T09:37:24+00:00\",\"description\":\"Dla wszystkich potrzeb komfortu podczas wakacji w Cavallino Treporti, kemping Ca' Savio zapewni Pa\u0144stwu wypo\u017cyczenie po\u015bcieli. Dowiedz si\u0119 szczeg\u00f3\u0142\u00f3w.\",\"breadcrumb\":{\"@id\":\"https:\/\/www.casavio.com\/pl\/uslugi\/uslugi-dodatkowe\/wypozyczenie-poscieli-i-reczniki\/#breadcrumb\"},\"inLanguage\":\"pl-PL\",\"potentialAction\":[{\"@type\":\"ReadAction\",\"target\":[\"https:\/\/www.casavio.com\/pl\/uslugi\/uslugi-dodatkowe\/wypozyczenie-poscieli-i-reczniki\/\"]}]},{\"@type\":\"ImageObject\",\"inLanguage\":\"pl-PL\",\"@id\":\"https:\/\/www.casavio.com\/pl\/uslugi\/uslugi-dodatkowe\/wypozyczenie-poscieli-i-reczniki\/#primaryimage\",\"url\":\"https:\/\/www.casavio.com\/wp-content\/uploads\/2019\/11\/ca-savio-noleggio-lenzuola.jpg\",\"contentUrl\":\"https:\/\/www.casavio.com\/wp-content\/uploads\/2019\/11\/ca-savio-noleggio-lenzuola.jpg\",\"width\":440,\"height\":600},{\"@type\":\"BreadcrumbList\",\"@id\":\"https:\/\/www.casavio.com\/pl\/uslugi\/uslugi-dodatkowe\/wypozyczenie-poscieli-i-reczniki\/#breadcrumb\",\"itemListElement\":[{\"@type\":\"ListItem\",\"position\":1,\"name\":\"Home\",\"item\":\"https:\/\/www.casavio.com\/pl\/\"},{\"@type\":\"ListItem\",\"position\":2,\"name\":\"Us\u0142ugi\",\"item\":\"https:\/\/www.casavio.com\/pl\/uslugi\/\"},{\"@type\":\"ListItem\",\"position\":3,\"name\":\"Us\u0142ugi dodatkowe\",\"item\":\"https:\/\/www.casavio.com\/pl\/uslugi\/uslugi-dodatkowe\/\"},{\"@type\":\"ListItem\",\"position\":4,\"name\":\"Wypo\u017cyczenie po\u015bcieli i r\u0119czniki\"}]},{\"@type\":\"WebSite\",\"@id\":\"https:\/\/www.casavio.com\/pl\/#website\",\"url\":\"https:\/\/www.casavio.com\/pl\/\",\"name\":\"Camping Ca&#039; Savio\",\"description\":\"\",\"publisher\":{\"@id\":\"https:\/\/www.casavio.com\/pl\/#organization\"},\"potentialAction\":[{\"@type\":\"SearchAction\",\"target\":{\"@type\":\"EntryPoint\",\"urlTemplate\":\"https:\/\/www.casavio.com\/pl\/?s={search_term_string}\"},\"query-input\":{\"@type\":\"PropertyValueSpecification\",\"valueRequired\":true,\"valueName\":\"search_term_string\"}}],\"inLanguage\":\"pl-PL\"},{\"@type\":\"Organization\",\"@id\":\"https:\/\/www.casavio.com\/pl\/#organization\",\"name\":\"Camping Ca'Savio\",\"url\":\"https:\/\/www.casavio.com\/pl\/\",\"logo\":{\"@type\":\"ImageObject\",\"inLanguage\":\"pl-PL\",\"@id\":\"https:\/\/www.casavio.com\/pl\/#\/schema\/logo\/image\/\",\"url\":\"https:\/\/www.casavio.com\/wp-content\/uploads\/2024\/04\/favicon.png\",\"contentUrl\":\"https:\/\/www.casavio.com\/wp-content\/uploads\/2024\/04\/favicon.png\",\"width\":144,\"height\":144,\"caption\":\"Camping Ca'Savio\"},\"image\":{\"@id\":\"https:\/\/www.casavio.com\/pl\/#\/schema\/logo\/image\/\"},\"sameAs\":[\"https:\/\/www.facebook.com\/campingcasavio\",\"https:\/\/www.instagram.com\/campingcasavio\",\"https:\/\/www.youtube.com\/user\/campingcasavio\"]}]}<\/script>\n<!-- \/ Yoast SEO plugin. -->","yoast_head_json":{"title":"Wypo\u017cyczenie po\u015bcieli i r\u0119cznik\u00f3w &#8211; Camping Ca&#039; Savio","description":"Dla wszystkich potrzeb komfortu podczas wakacji w Cavallino Treporti, kemping Ca' Savio zapewni Pa\u0144stwu wypo\u017cyczenie po\u015bcieli. Dowiedz si\u0119 szczeg\u00f3\u0142\u00f3w.","robots":{"index":"index","follow":"follow","max-snippet":"max-snippet:-1","max-image-preview":"max-image-preview:large","max-video-preview":"max-video-preview:-1"},"canonical":"https:\/\/www.casavio.com\/pl\/uslugi\/uslugi-dodatkowe\/wypozyczenie-poscieli-i-reczniki\/","og_locale":"pl_PL","og_type":"article","og_title":"Wypo\u017cyczenie po\u015bcieli i r\u0119cznik\u00f3w &#8211; Camping Ca&#039; Savio","og_description":"Dla wszystkich potrzeb komfortu podczas wakacji w Cavallino Treporti, kemping Ca' Savio zapewni Pa\u0144stwu wypo\u017cyczenie po\u015bcieli. Dowiedz si\u0119 szczeg\u00f3\u0142\u00f3w.","og_url":"https:\/\/www.casavio.com\/pl\/uslugi\/uslugi-dodatkowe\/wypozyczenie-poscieli-i-reczniki\/","og_site_name":"Camping Ca&#039; Savio","article_publisher":"https:\/\/www.facebook.com\/campingcasavio","article_modified_time":"2025-01-31T09:37:24+00:00","og_image":[{"width":440,"height":600,"url":"https:\/\/www.casavio.com\/wp-content\/uploads\/2019\/11\/ca-savio-noleggio-lenzuola.jpg","type":"image\/jpeg"}],"twitter_card":"summary_large_image","twitter_misc":{"Szacowany czas czytania":"2 minuty"},"schema":{"@context":"https:\/\/schema.org","@graph":[{"@type":"WebPage","@id":"https:\/\/www.casavio.com\/pl\/uslugi\/uslugi-dodatkowe\/wypozyczenie-poscieli-i-reczniki\/","url":"https:\/\/www.casavio.com\/pl\/uslugi\/uslugi-dodatkowe\/wypozyczenie-poscieli-i-reczniki\/","name":"Wypo\u017cyczenie po\u015bcieli i r\u0119cznik\u00f3w &#8211; Camping Ca&#039; Savio","isPartOf":{"@id":"https:\/\/www.casavio.com\/pl\/#website"},"primaryImageOfPage":{"@id":"https:\/\/www.casavio.com\/pl\/uslugi\/uslugi-dodatkowe\/wypozyczenie-poscieli-i-reczniki\/#primaryimage"},"image":{"@id":"https:\/\/www.casavio.com\/pl\/uslugi\/uslugi-dodatkowe\/wypozyczenie-poscieli-i-reczniki\/#primaryimage"},"thumbnailUrl":"https:\/\/www.casavio.com\/wp-content\/uploads\/2019\/11\/ca-savio-noleggio-lenzuola.jpg","datePublished":"2019-11-07T09:52:15+00:00","dateModified":"2025-01-31T09:37:24+00:00","description":"Dla wszystkich potrzeb komfortu podczas wakacji w Cavallino Treporti, kemping Ca' Savio zapewni Pa\u0144stwu wypo\u017cyczenie po\u015bcieli. Dowiedz si\u0119 szczeg\u00f3\u0142\u00f3w.","breadcrumb":{"@id":"https:\/\/www.casavio.com\/pl\/uslugi\/uslugi-dodatkowe\/wypozyczenie-poscieli-i-reczniki\/#breadcrumb"},"inLanguage":"pl-PL","potentialAction":[{"@type":"ReadAction","target":["https:\/\/www.casavio.com\/pl\/uslugi\/uslugi-dodatkowe\/wypozyczenie-poscieli-i-reczniki\/"]}]},{"@type":"ImageObject","inLanguage":"pl-PL","@id":"https:\/\/www.casavio.com\/pl\/uslugi\/uslugi-dodatkowe\/wypozyczenie-poscieli-i-reczniki\/#primaryimage","url":"https:\/\/www.casavio.com\/wp-content\/uploads\/2019\/11\/ca-savio-noleggio-lenzuola.jpg","contentUrl":"https:\/\/www.casavio.com\/wp-content\/uploads\/2019\/11\/ca-savio-noleggio-lenzuola.jpg","width":440,"height":600},{"@type":"BreadcrumbList","@id":"https:\/\/www.casavio.com\/pl\/uslugi\/uslugi-dodatkowe\/wypozyczenie-poscieli-i-reczniki\/#breadcrumb","itemListElement":[{"@type":"ListItem","position":1,"name":"Home","item":"https:\/\/www.casavio.com\/pl\/"},{"@type":"ListItem","position":2,"name":"Us\u0142ugi","item":"https:\/\/www.casavio.com\/pl\/uslugi\/"},{"@type":"ListItem","position":3,"name":"Us\u0142ugi dodatkowe","item":"https:\/\/www.casavio.com\/pl\/uslugi\/uslugi-dodatkowe\/"},{"@type":"ListItem","position":4,"name":"Wypo\u017cyczenie po\u015bcieli i r\u0119czniki"}]},{"@type":"WebSite","@id":"https:\/\/www.casavio.com\/pl\/#website","url":"https:\/\/www.casavio.com\/pl\/","name":"Camping Ca&#039; Savio","description":"","publisher":{"@id":"https:\/\/www.casavio.com\/pl\/#organization"},"potentialAction":[{"@type":"SearchAction","target":{"@type":"EntryPoint","urlTemplate":"https:\/\/www.casavio.com\/pl\/?s={search_term_string}"},"query-input":{"@type":"PropertyValueSpecification","valueRequired":true,"valueName":"search_term_string"}}],"inLanguage":"pl-PL"},{"@type":"Organization","@id":"https:\/\/www.casavio.com\/pl\/#organization","name":"Camping Ca'Savio","url":"https:\/\/www.casavio.com\/pl\/","logo":{"@type":"ImageObject","inLanguage":"pl-PL","@id":"https:\/\/www.casavio.com\/pl\/#\/schema\/logo\/image\/","url":"https:\/\/www.casavio.com\/wp-content\/uploads\/2024\/04\/favicon.png","contentUrl":"https:\/\/www.casavio.com\/wp-content\/uploads\/2024\/04\/favicon.png","width":144,"height":144,"caption":"Camping Ca'Savio"},"image":{"@id":"https:\/\/www.casavio.com\/pl\/#\/schema\/logo\/image\/"},"sameAs":["https:\/\/www.facebook.com\/campingcasavio","https:\/\/www.instagram.com\/campingcasavio","https:\/\/www.youtube.com\/user\/campingcasavio"]}]}},"_links":{"self":[{"href":"https:\/\/www.casavio.com\/pl\/wp-json\/wp\/v2\/pages\/10208","targetHints":{"allow":["GET"]}}],"collection":[{"href":"https:\/\/www.casavio.com\/pl\/wp-json\/wp\/v2\/pages"}],"about":[{"href":"https:\/\/www.casavio.com\/pl\/wp-json\/wp\/v2\/types\/page"}],"author":[{"embeddable":true,"href":"https:\/\/www.casavio.com\/pl\/wp-json\/wp\/v2\/users\/3"}],"replies":[{"embeddable":true,"href":"https:\/\/www.casavio.com\/pl\/wp-json\/wp\/v2\/comments?post=10208"}],"version-history":[{"count":2,"href":"https:\/\/www.casavio.com\/pl\/wp-json\/wp\/v2\/pages\/10208\/revisions"}],"predecessor-version":[{"id":37550,"href":"https:\/\/www.casavio.com\/pl\/wp-json\/wp\/v2\/pages\/10208\/revisions\/37550"}],"up":[{"embeddable":true,"href":"https:\/\/www.casavio.com\/pl\/wp-json\/wp\/v2\/pages\/10198"}],"wp:featuredmedia":[{"embeddable":true,"href":"https:\/\/www.casavio.com\/pl\/wp-json\/wp\/v2\/media\/3132"}],"wp:attachment":[{"href":"https:\/\/www.casavio.com\/pl\/wp-json\/wp\/v2\/media?parent=10208"}],"curies":[{"name":"wp","href":"https:\/\/api.w.org\/{rel}","templated":true}]}}