{"id":10221,"date":"2019-11-07T10:53:49","date_gmt":"2019-11-07T09:53:49","guid":{"rendered":"https:\/\/www.casavio.com\/uslugi\/servizi-extra\/aria-condizionata-2\/"},"modified":"2023-01-11T12:12:12","modified_gmt":"2023-01-11T11:12:12","slug":"klimatyzacja","status":"publish","type":"page","link":"https:\/\/www.casavio.com\/pl\/uslugi\/uslugi-dodatkowe\/klimatyzacja\/","title":{"rendered":"Klimatyzacj\u0105"},"content":{"rendered":"<p>Dla nas wa\u017cne jest propagowanie wi\u0119kszej odpowiedzialno\u015bci za \u015brodowisko i poszerzonej \u015bwiadomo\u015bci zu\u017cycia energetycznego: dlatego wyposa\u017cyli\u015bmy <a href=\"https:\/\/www.casavio.com\/pl\/camping\/domki-mobilne\/\"><u>mobilne domki<\/u><\/a> i niekt\u00f3re <a href=\"https:\/\/www.casavio.com\/pl\/camping\/bungalowy-chalet\/\"><u>bungalowy\/chalety<\/u><\/a> w urz\u0105dzenie klimatyzacyjne aktywowane tylko za pomoc\u0105 <strong>karty przedp\u0142aconej<\/strong>.<\/p>\n<p>Zdecydowali\u015bmy nie podwy\u017csza\u0107 cen kwater wyposa\u017conych w klimatyzacj\u0119. Za us\u0142ug\u0119 t\u0119 zap\u0142ac\u0105 jedynie klienci, kt\u00f3rzy z niej skorzystaj\u0105 (<strong>odpowiednio wed\u0142ug zu\u017cycia<\/strong>).<\/p>\n<p>Nabywaj\u0105c kart\u0119 Clima Card o warto\u015bci 12,00\u20ac lub 24,00\u20ac w <a href=\"https:\/\/www.casavio.com\/pl\/uslugi\/uslugi-wliczone-w-cene\/biuro-customer-care\/\"><u>Biurze Customer Care<\/u><\/a> kempingu, mo\u017cna skorzysta\u0107 odpowiednio z 20 lub 40 godzin klimatyzacji (<strong>0,60\u20ac za godzin\u0119<\/strong>).<\/p>\n","protected":false},"excerpt":{"rendered":"<p>Zapoznaj si\u0119 z informacjami na temat karty, kt\u00f3ra pozwala uruchomi\u0107 klimatyzacj\u0119 w wi\u0119kszo\u015bci bungalow\u00f3w\/domk\u00f3w letniskowych i dom\u00f3w mobilnych.<\/p>\n","protected":false},"author":3,"featured_media":7893,"parent":10198,"menu_order":7,"comment_status":"closed","ping_status":"closed","template":"","meta":{"_acf_changed":false},"class_list":["post-10221","page","type-page","status-publish","has-post-thumbnail","hentry"],"acf":[],"yoast_head":"<!-- This site is optimized with the Yoast SEO plugin v25.3 - https:\/\/yoast.com\/wordpress\/plugins\/seo\/ -->\n<title>Klimatyzacja na kempingu &#8211; Camping Ca&#039; Savio<\/title>\n<meta name=\"description\" content=\"W domkach kempingowych kempingu Ca &#039;Savio w Cavallino Treporti mo\u017cna korzysta\u0107 z klimatyzacji. Sprawd\u017a szczeg\u00f3\u0142y i zarezerwuj swoje wakacje ju\u017c teraz!\" \/>\n<meta name=\"robots\" content=\"index, follow, max-snippet:-1, max-image-preview:large, max-video-preview:-1\" \/>\n<link rel=\"canonical\" href=\"https:\/\/www.casavio.com\/pl\/uslugi\/uslugi-dodatkowe\/klimatyzacja\/\" \/>\n<meta property=\"og:locale\" content=\"pl_PL\" \/>\n<meta property=\"og:type\" content=\"article\" \/>\n<meta property=\"og:title\" content=\"Klimatyzacja na kempingu &#8211; Camping Ca&#039; Savio\" \/>\n<meta property=\"og:description\" content=\"W domkach kempingowych kempingu Ca &#039;Savio w Cavallino Treporti mo\u017cna korzysta\u0107 z klimatyzacji. Sprawd\u017a szczeg\u00f3\u0142y i zarezerwuj swoje wakacje ju\u017c teraz!\" \/>\n<meta property=\"og:url\" content=\"https:\/\/www.casavio.com\/pl\/uslugi\/uslugi-dodatkowe\/klimatyzacja\/\" \/>\n<meta property=\"og:site_name\" content=\"Camping Ca&#039; Savio\" \/>\n<meta property=\"article:publisher\" content=\"https:\/\/www.facebook.com\/campingcasavio\" \/>\n<meta property=\"article:modified_time\" content=\"2023-01-11T11:12:12+00:00\" \/>\n<meta property=\"og:image\" content=\"https:\/\/www.casavio.com\/wp-content\/uploads\/2020\/02\/Anteprima_Aria-condizionata-440-x-600-copy.jpg\" \/>\n\t<meta property=\"og:image:width\" content=\"440\" \/>\n\t<meta property=\"og:image:height\" content=\"600\" \/>\n\t<meta property=\"og:image:type\" content=\"image\/jpeg\" \/>\n<meta name=\"twitter:card\" content=\"summary_large_image\" \/>\n<script type=\"application\/ld+json\" class=\"yoast-schema-graph\">{\"@context\":\"https:\/\/schema.org\",\"@graph\":[{\"@type\":\"WebPage\",\"@id\":\"https:\/\/www.casavio.com\/pl\/uslugi\/uslugi-dodatkowe\/klimatyzacja\/\",\"url\":\"https:\/\/www.casavio.com\/pl\/uslugi\/uslugi-dodatkowe\/klimatyzacja\/\",\"name\":\"Klimatyzacja na kempingu &#8211; Camping Ca&#039; Savio\",\"isPartOf\":{\"@id\":\"https:\/\/www.casavio.com\/pl\/#website\"},\"primaryImageOfPage\":{\"@id\":\"https:\/\/www.casavio.com\/pl\/uslugi\/uslugi-dodatkowe\/klimatyzacja\/#primaryimage\"},\"image\":{\"@id\":\"https:\/\/www.casavio.com\/pl\/uslugi\/uslugi-dodatkowe\/klimatyzacja\/#primaryimage\"},\"thumbnailUrl\":\"https:\/\/www.casavio.com\/wp-content\/uploads\/2020\/02\/Anteprima_Aria-condizionata-440-x-600-copy.jpg\",\"datePublished\":\"2019-11-07T09:53:49+00:00\",\"dateModified\":\"2023-01-11T11:12:12+00:00\",\"description\":\"W domkach kempingowych kempingu Ca 'Savio w Cavallino Treporti mo\u017cna korzysta\u0107 z klimatyzacji. Sprawd\u017a szczeg\u00f3\u0142y i zarezerwuj swoje wakacje ju\u017c teraz!\",\"breadcrumb\":{\"@id\":\"https:\/\/www.casavio.com\/pl\/uslugi\/uslugi-dodatkowe\/klimatyzacja\/#breadcrumb\"},\"inLanguage\":\"pl-PL\",\"potentialAction\":[{\"@type\":\"ReadAction\",\"target\":[\"https:\/\/www.casavio.com\/pl\/uslugi\/uslugi-dodatkowe\/klimatyzacja\/\"]}]},{\"@type\":\"ImageObject\",\"inLanguage\":\"pl-PL\",\"@id\":\"https:\/\/www.casavio.com\/pl\/uslugi\/uslugi-dodatkowe\/klimatyzacja\/#primaryimage\",\"url\":\"https:\/\/www.casavio.com\/wp-content\/uploads\/2020\/02\/Anteprima_Aria-condizionata-440-x-600-copy.jpg\",\"contentUrl\":\"https:\/\/www.casavio.com\/wp-content\/uploads\/2020\/02\/Anteprima_Aria-condizionata-440-x-600-copy.jpg\",\"width\":440,\"height\":600},{\"@type\":\"BreadcrumbList\",\"@id\":\"https:\/\/www.casavio.com\/pl\/uslugi\/uslugi-dodatkowe\/klimatyzacja\/#breadcrumb\",\"itemListElement\":[{\"@type\":\"ListItem\",\"position\":1,\"name\":\"Home\",\"item\":\"https:\/\/www.casavio.com\/pl\/\"},{\"@type\":\"ListItem\",\"position\":2,\"name\":\"Us\u0142ugi\",\"item\":\"https:\/\/www.casavio.com\/pl\/uslugi\/\"},{\"@type\":\"ListItem\",\"position\":3,\"name\":\"Us\u0142ugi dodatkowe\",\"item\":\"https:\/\/www.casavio.com\/pl\/uslugi\/uslugi-dodatkowe\/\"},{\"@type\":\"ListItem\",\"position\":4,\"name\":\"Klimatyzacj\u0105\"}]},{\"@type\":\"WebSite\",\"@id\":\"https:\/\/www.casavio.com\/pl\/#website\",\"url\":\"https:\/\/www.casavio.com\/pl\/\",\"name\":\"Camping Ca&#039; Savio\",\"description\":\"\",\"publisher\":{\"@id\":\"https:\/\/www.casavio.com\/pl\/#organization\"},\"potentialAction\":[{\"@type\":\"SearchAction\",\"target\":{\"@type\":\"EntryPoint\",\"urlTemplate\":\"https:\/\/www.casavio.com\/pl\/?s={search_term_string}\"},\"query-input\":{\"@type\":\"PropertyValueSpecification\",\"valueRequired\":true,\"valueName\":\"search_term_string\"}}],\"inLanguage\":\"pl-PL\"},{\"@type\":\"Organization\",\"@id\":\"https:\/\/www.casavio.com\/pl\/#organization\",\"name\":\"Camping Ca'Savio\",\"url\":\"https:\/\/www.casavio.com\/pl\/\",\"logo\":{\"@type\":\"ImageObject\",\"inLanguage\":\"pl-PL\",\"@id\":\"https:\/\/www.casavio.com\/pl\/#\/schema\/logo\/image\/\",\"url\":\"https:\/\/www.casavio.com\/wp-content\/uploads\/2024\/04\/favicon.png\",\"contentUrl\":\"https:\/\/www.casavio.com\/wp-content\/uploads\/2024\/04\/favicon.png\",\"width\":144,\"height\":144,\"caption\":\"Camping Ca'Savio\"},\"image\":{\"@id\":\"https:\/\/www.casavio.com\/pl\/#\/schema\/logo\/image\/\"},\"sameAs\":[\"https:\/\/www.facebook.com\/campingcasavio\",\"https:\/\/www.instagram.com\/campingcasavio\",\"https:\/\/www.youtube.com\/user\/campingcasavio\"]}]}<\/script>\n<!-- \/ Yoast SEO plugin. -->","yoast_head_json":{"title":"Klimatyzacja na kempingu &#8211; Camping Ca&#039; Savio","description":"W domkach kempingowych kempingu Ca 'Savio w Cavallino Treporti mo\u017cna korzysta\u0107 z klimatyzacji. Sprawd\u017a szczeg\u00f3\u0142y i zarezerwuj swoje wakacje ju\u017c teraz!","robots":{"index":"index","follow":"follow","max-snippet":"max-snippet:-1","max-image-preview":"max-image-preview:large","max-video-preview":"max-video-preview:-1"},"canonical":"https:\/\/www.casavio.com\/pl\/uslugi\/uslugi-dodatkowe\/klimatyzacja\/","og_locale":"pl_PL","og_type":"article","og_title":"Klimatyzacja na kempingu &#8211; Camping Ca&#039; Savio","og_description":"W domkach kempingowych kempingu Ca 'Savio w Cavallino Treporti mo\u017cna korzysta\u0107 z klimatyzacji. Sprawd\u017a szczeg\u00f3\u0142y i zarezerwuj swoje wakacje ju\u017c teraz!","og_url":"https:\/\/www.casavio.com\/pl\/uslugi\/uslugi-dodatkowe\/klimatyzacja\/","og_site_name":"Camping Ca&#039; Savio","article_publisher":"https:\/\/www.facebook.com\/campingcasavio","article_modified_time":"2023-01-11T11:12:12+00:00","og_image":[{"width":440,"height":600,"url":"https:\/\/www.casavio.com\/wp-content\/uploads\/2020\/02\/Anteprima_Aria-condizionata-440-x-600-copy.jpg","type":"image\/jpeg"}],"twitter_card":"summary_large_image","schema":{"@context":"https:\/\/schema.org","@graph":[{"@type":"WebPage","@id":"https:\/\/www.casavio.com\/pl\/uslugi\/uslugi-dodatkowe\/klimatyzacja\/","url":"https:\/\/www.casavio.com\/pl\/uslugi\/uslugi-dodatkowe\/klimatyzacja\/","name":"Klimatyzacja na kempingu &#8211; Camping Ca&#039; Savio","isPartOf":{"@id":"https:\/\/www.casavio.com\/pl\/#website"},"primaryImageOfPage":{"@id":"https:\/\/www.casavio.com\/pl\/uslugi\/uslugi-dodatkowe\/klimatyzacja\/#primaryimage"},"image":{"@id":"https:\/\/www.casavio.com\/pl\/uslugi\/uslugi-dodatkowe\/klimatyzacja\/#primaryimage"},"thumbnailUrl":"https:\/\/www.casavio.com\/wp-content\/uploads\/2020\/02\/Anteprima_Aria-condizionata-440-x-600-copy.jpg","datePublished":"2019-11-07T09:53:49+00:00","dateModified":"2023-01-11T11:12:12+00:00","description":"W domkach kempingowych kempingu Ca 'Savio w Cavallino Treporti mo\u017cna korzysta\u0107 z klimatyzacji. Sprawd\u017a szczeg\u00f3\u0142y i zarezerwuj swoje wakacje ju\u017c teraz!","breadcrumb":{"@id":"https:\/\/www.casavio.com\/pl\/uslugi\/uslugi-dodatkowe\/klimatyzacja\/#breadcrumb"},"inLanguage":"pl-PL","potentialAction":[{"@type":"ReadAction","target":["https:\/\/www.casavio.com\/pl\/uslugi\/uslugi-dodatkowe\/klimatyzacja\/"]}]},{"@type":"ImageObject","inLanguage":"pl-PL","@id":"https:\/\/www.casavio.com\/pl\/uslugi\/uslugi-dodatkowe\/klimatyzacja\/#primaryimage","url":"https:\/\/www.casavio.com\/wp-content\/uploads\/2020\/02\/Anteprima_Aria-condizionata-440-x-600-copy.jpg","contentUrl":"https:\/\/www.casavio.com\/wp-content\/uploads\/2020\/02\/Anteprima_Aria-condizionata-440-x-600-copy.jpg","width":440,"height":600},{"@type":"BreadcrumbList","@id":"https:\/\/www.casavio.com\/pl\/uslugi\/uslugi-dodatkowe\/klimatyzacja\/#breadcrumb","itemListElement":[{"@type":"ListItem","position":1,"name":"Home","item":"https:\/\/www.casavio.com\/pl\/"},{"@type":"ListItem","position":2,"name":"Us\u0142ugi","item":"https:\/\/www.casavio.com\/pl\/uslugi\/"},{"@type":"ListItem","position":3,"name":"Us\u0142ugi dodatkowe","item":"https:\/\/www.casavio.com\/pl\/uslugi\/uslugi-dodatkowe\/"},{"@type":"ListItem","position":4,"name":"Klimatyzacj\u0105"}]},{"@type":"WebSite","@id":"https:\/\/www.casavio.com\/pl\/#website","url":"https:\/\/www.casavio.com\/pl\/","name":"Camping Ca&#039; Savio","description":"","publisher":{"@id":"https:\/\/www.casavio.com\/pl\/#organization"},"potentialAction":[{"@type":"SearchAction","target":{"@type":"EntryPoint","urlTemplate":"https:\/\/www.casavio.com\/pl\/?s={search_term_string}"},"query-input":{"@type":"PropertyValueSpecification","valueRequired":true,"valueName":"search_term_string"}}],"inLanguage":"pl-PL"},{"@type":"Organization","@id":"https:\/\/www.casavio.com\/pl\/#organization","name":"Camping Ca'Savio","url":"https:\/\/www.casavio.com\/pl\/","logo":{"@type":"ImageObject","inLanguage":"pl-PL","@id":"https:\/\/www.casavio.com\/pl\/#\/schema\/logo\/image\/","url":"https:\/\/www.casavio.com\/wp-content\/uploads\/2024\/04\/favicon.png","contentUrl":"https:\/\/www.casavio.com\/wp-content\/uploads\/2024\/04\/favicon.png","width":144,"height":144,"caption":"Camping Ca'Savio"},"image":{"@id":"https:\/\/www.casavio.com\/pl\/#\/schema\/logo\/image\/"},"sameAs":["https:\/\/www.facebook.com\/campingcasavio","https:\/\/www.instagram.com\/campingcasavio","https:\/\/www.youtube.com\/user\/campingcasavio"]}]}},"_links":{"self":[{"href":"https:\/\/www.casavio.com\/pl\/wp-json\/wp\/v2\/pages\/10221","targetHints":{"allow":["GET"]}}],"collection":[{"href":"https:\/\/www.casavio.com\/pl\/wp-json\/wp\/v2\/pages"}],"about":[{"href":"https:\/\/www.casavio.com\/pl\/wp-json\/wp\/v2\/types\/page"}],"author":[{"embeddable":true,"href":"https:\/\/www.casavio.com\/pl\/wp-json\/wp\/v2\/users\/3"}],"replies":[{"embeddable":true,"href":"https:\/\/www.casavio.com\/pl\/wp-json\/wp\/v2\/comments?post=10221"}],"version-history":[{"count":2,"href":"https:\/\/www.casavio.com\/pl\/wp-json\/wp\/v2\/pages\/10221\/revisions"}],"predecessor-version":[{"id":26228,"href":"https:\/\/www.casavio.com\/pl\/wp-json\/wp\/v2\/pages\/10221\/revisions\/26228"}],"up":[{"embeddable":true,"href":"https:\/\/www.casavio.com\/pl\/wp-json\/wp\/v2\/pages\/10198"}],"wp:featuredmedia":[{"embeddable":true,"href":"https:\/\/www.casavio.com\/pl\/wp-json\/wp\/v2\/media\/7893"}],"wp:attachment":[{"href":"https:\/\/www.casavio.com\/pl\/wp-json\/wp\/v2\/media?parent=10221"}],"curies":[{"name":"wp","href":"https:\/\/api.w.org\/{rel}","templated":true}]}}