{"id":10227,"date":"2019-11-07T10:54:47","date_gmt":"2019-11-07T09:54:47","guid":{"rendered":"https:\/\/www.casavio.com\/uslugi\/uslugi-dodatkowe\/lavanderia-essiccatoio\/"},"modified":"2020-10-19T15:41:05","modified_gmt":"2020-10-19T13:41:05","slug":"pralki-i-suszarki","status":"publish","type":"page","link":"https:\/\/www.casavio.com\/pl\/uslugi\/uslugi-dodatkowe\/pralki-i-suszarki\/","title":{"rendered":"Pralki i suszarki"},"content":{"rendered":"<p>Urlop na kempingu mo\u017ce by\u0107 wygodny i przyjazny dla \u015brodowiska.<\/p>\n<p>W ka\u017cdym zespole <a href=\"https:\/\/www.casavio.com\/pl\/uslugi\/uslugi-wliczone-w-cene\/obiekty-sanitarne\/\"><u>obiekt\u00f3w sanitarnych<\/u><\/a> dost\u0119pne s\u0105 pralki o pojemno\u015bci 7 kg.<\/p>\n<p>Wystarczy wype\u0142ni\u0107 pojemny b\u0119ben ubraniami, r\u0119cznikami lub innymi przeznaczonymi do prania rzeczami, wybra\u0107 \u017c\u0105dany program, wsypa\u0107 proszek i uruchomi\u0107 pralk\u0119.<\/p>\n<p>Czas trwania prania r\u00f3\u017cni si\u0119 w zale\u017cno\u015bci od wybranego programu i temperatury, ale je\u015bli chcesz dba\u0107 o \u015brodowisko i oszcz\u0119dza\u0107 energi\u0119 elektryczn\u0105 i wod\u0119, wybieraj kr\u00f3tsze programy.<\/p>\n<p>Suszenie bielizny na \u015bwie\u017cym powietrzu b\u0119dzie bardzo \u0142atwe dzi\u0119ki sznurom do prania na wyposa\u017ceniu kwater, a s\u0142o\u0144ca nigdy nie zabraknie.<\/p>\n<p>Je\u015bli za\u015b przytrafi si\u0119 kilka deszczowych dni, zawsze mo\u017cesz skorzysta\u0107 z praktycznych suszarek b\u0119bnowych obok pralek.<\/p>\n<p><span class=\"tlid-translation translation\" lang=\"pl\"><span class=\"\" title=\"\">Koszt<\/span><\/span>:<\/p>\n<ul>\n<li>Skorzystanie z pralki: 5\u20ac (with soap and sanitizer)<\/li>\n<li>Suszark: 4\u20ac.<\/li>\n<\/ul>\n<p>&nbsp;<\/p>\n","protected":false},"excerpt":{"rendered":"<p>Tutaj znajdziesz informacje na temat kosztu i sposobu korzystania z nich.<\/p>\n","protected":false},"author":3,"featured_media":3110,"parent":10198,"menu_order":9,"comment_status":"closed","ping_status":"closed","template":"","meta":{"_acf_changed":false},"class_list":["post-10227","page","type-page","status-publish","has-post-thumbnail","hentry"],"acf":[],"yoast_head":"<!-- This site is optimized with the Yoast SEO plugin v25.3 - https:\/\/yoast.com\/wordpress\/plugins\/seo\/ -->\n<title>Pralki i suszarki na kempingu &#8211; Camping Ca&#039; Savio<\/title>\n<meta name=\"description\" content=\"Dowiedz si\u0119, jak uzyska\u0107 dost\u0119p do us\u0142ugi prania prania.\" \/>\n<meta name=\"robots\" content=\"index, follow, max-snippet:-1, max-image-preview:large, max-video-preview:-1\" \/>\n<link rel=\"canonical\" href=\"https:\/\/www.casavio.com\/pl\/uslugi\/uslugi-dodatkowe\/pralki-i-suszarki\/\" \/>\n<meta property=\"og:locale\" content=\"pl_PL\" \/>\n<meta property=\"og:type\" content=\"article\" \/>\n<meta property=\"og:title\" content=\"Pralki i suszarki na kempingu &#8211; Camping Ca&#039; Savio\" \/>\n<meta property=\"og:description\" content=\"Dowiedz si\u0119, jak uzyska\u0107 dost\u0119p do us\u0142ugi prania prania.\" \/>\n<meta property=\"og:url\" content=\"https:\/\/www.casavio.com\/pl\/uslugi\/uslugi-dodatkowe\/pralki-i-suszarki\/\" \/>\n<meta property=\"og:site_name\" content=\"Camping Ca&#039; Savio\" \/>\n<meta property=\"article:publisher\" content=\"https:\/\/www.facebook.com\/campingcasavio\" \/>\n<meta property=\"article:modified_time\" content=\"2020-10-19T13:41:05+00:00\" \/>\n<meta property=\"og:image\" content=\"https:\/\/www.casavio.com\/wp-content\/uploads\/2019\/11\/ca-savio-lavatrici-essiccatoi.jpg\" \/>\n\t<meta property=\"og:image:width\" content=\"440\" \/>\n\t<meta property=\"og:image:height\" content=\"600\" \/>\n\t<meta property=\"og:image:type\" content=\"image\/jpeg\" \/>\n<meta name=\"twitter:card\" content=\"summary_large_image\" \/>\n<meta name=\"twitter:label1\" content=\"Szacowany czas czytania\" \/>\n\t<meta name=\"twitter:data1\" content=\"1 minuta\" \/>\n<script type=\"application\/ld+json\" class=\"yoast-schema-graph\">{\"@context\":\"https:\/\/schema.org\",\"@graph\":[{\"@type\":\"WebPage\",\"@id\":\"https:\/\/www.casavio.com\/pl\/uslugi\/uslugi-dodatkowe\/pralki-i-suszarki\/\",\"url\":\"https:\/\/www.casavio.com\/pl\/uslugi\/uslugi-dodatkowe\/pralki-i-suszarki\/\",\"name\":\"Pralki i suszarki na kempingu &#8211; Camping Ca&#039; Savio\",\"isPartOf\":{\"@id\":\"https:\/\/www.casavio.com\/pl\/#website\"},\"primaryImageOfPage\":{\"@id\":\"https:\/\/www.casavio.com\/pl\/uslugi\/uslugi-dodatkowe\/pralki-i-suszarki\/#primaryimage\"},\"image\":{\"@id\":\"https:\/\/www.casavio.com\/pl\/uslugi\/uslugi-dodatkowe\/pralki-i-suszarki\/#primaryimage\"},\"thumbnailUrl\":\"https:\/\/www.casavio.com\/wp-content\/uploads\/2019\/11\/ca-savio-lavatrici-essiccatoi.jpg\",\"datePublished\":\"2019-11-07T09:54:47+00:00\",\"dateModified\":\"2020-10-19T13:41:05+00:00\",\"description\":\"Dowiedz si\u0119, jak uzyska\u0107 dost\u0119p do us\u0142ugi prania prania.\",\"breadcrumb\":{\"@id\":\"https:\/\/www.casavio.com\/pl\/uslugi\/uslugi-dodatkowe\/pralki-i-suszarki\/#breadcrumb\"},\"inLanguage\":\"pl-PL\",\"potentialAction\":[{\"@type\":\"ReadAction\",\"target\":[\"https:\/\/www.casavio.com\/pl\/uslugi\/uslugi-dodatkowe\/pralki-i-suszarki\/\"]}]},{\"@type\":\"ImageObject\",\"inLanguage\":\"pl-PL\",\"@id\":\"https:\/\/www.casavio.com\/pl\/uslugi\/uslugi-dodatkowe\/pralki-i-suszarki\/#primaryimage\",\"url\":\"https:\/\/www.casavio.com\/wp-content\/uploads\/2019\/11\/ca-savio-lavatrici-essiccatoi.jpg\",\"contentUrl\":\"https:\/\/www.casavio.com\/wp-content\/uploads\/2019\/11\/ca-savio-lavatrici-essiccatoi.jpg\",\"width\":440,\"height\":600},{\"@type\":\"BreadcrumbList\",\"@id\":\"https:\/\/www.casavio.com\/pl\/uslugi\/uslugi-dodatkowe\/pralki-i-suszarki\/#breadcrumb\",\"itemListElement\":[{\"@type\":\"ListItem\",\"position\":1,\"name\":\"Home\",\"item\":\"https:\/\/www.casavio.com\/pl\/\"},{\"@type\":\"ListItem\",\"position\":2,\"name\":\"Us\u0142ugi\",\"item\":\"https:\/\/www.casavio.com\/pl\/uslugi\/\"},{\"@type\":\"ListItem\",\"position\":3,\"name\":\"Us\u0142ugi dodatkowe\",\"item\":\"https:\/\/www.casavio.com\/pl\/uslugi\/uslugi-dodatkowe\/\"},{\"@type\":\"ListItem\",\"position\":4,\"name\":\"Pralki i suszarki\"}]},{\"@type\":\"WebSite\",\"@id\":\"https:\/\/www.casavio.com\/pl\/#website\",\"url\":\"https:\/\/www.casavio.com\/pl\/\",\"name\":\"Camping Ca&#039; Savio\",\"description\":\"\",\"publisher\":{\"@id\":\"https:\/\/www.casavio.com\/pl\/#organization\"},\"potentialAction\":[{\"@type\":\"SearchAction\",\"target\":{\"@type\":\"EntryPoint\",\"urlTemplate\":\"https:\/\/www.casavio.com\/pl\/?s={search_term_string}\"},\"query-input\":{\"@type\":\"PropertyValueSpecification\",\"valueRequired\":true,\"valueName\":\"search_term_string\"}}],\"inLanguage\":\"pl-PL\"},{\"@type\":\"Organization\",\"@id\":\"https:\/\/www.casavio.com\/pl\/#organization\",\"name\":\"Camping Ca'Savio\",\"url\":\"https:\/\/www.casavio.com\/pl\/\",\"logo\":{\"@type\":\"ImageObject\",\"inLanguage\":\"pl-PL\",\"@id\":\"https:\/\/www.casavio.com\/pl\/#\/schema\/logo\/image\/\",\"url\":\"https:\/\/www.casavio.com\/wp-content\/uploads\/2024\/04\/favicon.png\",\"contentUrl\":\"https:\/\/www.casavio.com\/wp-content\/uploads\/2024\/04\/favicon.png\",\"width\":144,\"height\":144,\"caption\":\"Camping Ca'Savio\"},\"image\":{\"@id\":\"https:\/\/www.casavio.com\/pl\/#\/schema\/logo\/image\/\"},\"sameAs\":[\"https:\/\/www.facebook.com\/campingcasavio\",\"https:\/\/www.instagram.com\/campingcasavio\",\"https:\/\/www.youtube.com\/user\/campingcasavio\"]}]}<\/script>\n<!-- \/ Yoast SEO plugin. -->","yoast_head_json":{"title":"Pralki i suszarki na kempingu &#8211; Camping Ca&#039; Savio","description":"Dowiedz si\u0119, jak uzyska\u0107 dost\u0119p do us\u0142ugi prania prania.","robots":{"index":"index","follow":"follow","max-snippet":"max-snippet:-1","max-image-preview":"max-image-preview:large","max-video-preview":"max-video-preview:-1"},"canonical":"https:\/\/www.casavio.com\/pl\/uslugi\/uslugi-dodatkowe\/pralki-i-suszarki\/","og_locale":"pl_PL","og_type":"article","og_title":"Pralki i suszarki na kempingu &#8211; Camping Ca&#039; Savio","og_description":"Dowiedz si\u0119, jak uzyska\u0107 dost\u0119p do us\u0142ugi prania prania.","og_url":"https:\/\/www.casavio.com\/pl\/uslugi\/uslugi-dodatkowe\/pralki-i-suszarki\/","og_site_name":"Camping Ca&#039; Savio","article_publisher":"https:\/\/www.facebook.com\/campingcasavio","article_modified_time":"2020-10-19T13:41:05+00:00","og_image":[{"width":440,"height":600,"url":"https:\/\/www.casavio.com\/wp-content\/uploads\/2019\/11\/ca-savio-lavatrici-essiccatoi.jpg","type":"image\/jpeg"}],"twitter_card":"summary_large_image","twitter_misc":{"Szacowany czas czytania":"1 minuta"},"schema":{"@context":"https:\/\/schema.org","@graph":[{"@type":"WebPage","@id":"https:\/\/www.casavio.com\/pl\/uslugi\/uslugi-dodatkowe\/pralki-i-suszarki\/","url":"https:\/\/www.casavio.com\/pl\/uslugi\/uslugi-dodatkowe\/pralki-i-suszarki\/","name":"Pralki i suszarki na kempingu &#8211; Camping Ca&#039; Savio","isPartOf":{"@id":"https:\/\/www.casavio.com\/pl\/#website"},"primaryImageOfPage":{"@id":"https:\/\/www.casavio.com\/pl\/uslugi\/uslugi-dodatkowe\/pralki-i-suszarki\/#primaryimage"},"image":{"@id":"https:\/\/www.casavio.com\/pl\/uslugi\/uslugi-dodatkowe\/pralki-i-suszarki\/#primaryimage"},"thumbnailUrl":"https:\/\/www.casavio.com\/wp-content\/uploads\/2019\/11\/ca-savio-lavatrici-essiccatoi.jpg","datePublished":"2019-11-07T09:54:47+00:00","dateModified":"2020-10-19T13:41:05+00:00","description":"Dowiedz si\u0119, jak uzyska\u0107 dost\u0119p do us\u0142ugi prania prania.","breadcrumb":{"@id":"https:\/\/www.casavio.com\/pl\/uslugi\/uslugi-dodatkowe\/pralki-i-suszarki\/#breadcrumb"},"inLanguage":"pl-PL","potentialAction":[{"@type":"ReadAction","target":["https:\/\/www.casavio.com\/pl\/uslugi\/uslugi-dodatkowe\/pralki-i-suszarki\/"]}]},{"@type":"ImageObject","inLanguage":"pl-PL","@id":"https:\/\/www.casavio.com\/pl\/uslugi\/uslugi-dodatkowe\/pralki-i-suszarki\/#primaryimage","url":"https:\/\/www.casavio.com\/wp-content\/uploads\/2019\/11\/ca-savio-lavatrici-essiccatoi.jpg","contentUrl":"https:\/\/www.casavio.com\/wp-content\/uploads\/2019\/11\/ca-savio-lavatrici-essiccatoi.jpg","width":440,"height":600},{"@type":"BreadcrumbList","@id":"https:\/\/www.casavio.com\/pl\/uslugi\/uslugi-dodatkowe\/pralki-i-suszarki\/#breadcrumb","itemListElement":[{"@type":"ListItem","position":1,"name":"Home","item":"https:\/\/www.casavio.com\/pl\/"},{"@type":"ListItem","position":2,"name":"Us\u0142ugi","item":"https:\/\/www.casavio.com\/pl\/uslugi\/"},{"@type":"ListItem","position":3,"name":"Us\u0142ugi dodatkowe","item":"https:\/\/www.casavio.com\/pl\/uslugi\/uslugi-dodatkowe\/"},{"@type":"ListItem","position":4,"name":"Pralki i suszarki"}]},{"@type":"WebSite","@id":"https:\/\/www.casavio.com\/pl\/#website","url":"https:\/\/www.casavio.com\/pl\/","name":"Camping Ca&#039; Savio","description":"","publisher":{"@id":"https:\/\/www.casavio.com\/pl\/#organization"},"potentialAction":[{"@type":"SearchAction","target":{"@type":"EntryPoint","urlTemplate":"https:\/\/www.casavio.com\/pl\/?s={search_term_string}"},"query-input":{"@type":"PropertyValueSpecification","valueRequired":true,"valueName":"search_term_string"}}],"inLanguage":"pl-PL"},{"@type":"Organization","@id":"https:\/\/www.casavio.com\/pl\/#organization","name":"Camping Ca'Savio","url":"https:\/\/www.casavio.com\/pl\/","logo":{"@type":"ImageObject","inLanguage":"pl-PL","@id":"https:\/\/www.casavio.com\/pl\/#\/schema\/logo\/image\/","url":"https:\/\/www.casavio.com\/wp-content\/uploads\/2024\/04\/favicon.png","contentUrl":"https:\/\/www.casavio.com\/wp-content\/uploads\/2024\/04\/favicon.png","width":144,"height":144,"caption":"Camping Ca'Savio"},"image":{"@id":"https:\/\/www.casavio.com\/pl\/#\/schema\/logo\/image\/"},"sameAs":["https:\/\/www.facebook.com\/campingcasavio","https:\/\/www.instagram.com\/campingcasavio","https:\/\/www.youtube.com\/user\/campingcasavio"]}]}},"_links":{"self":[{"href":"https:\/\/www.casavio.com\/pl\/wp-json\/wp\/v2\/pages\/10227","targetHints":{"allow":["GET"]}}],"collection":[{"href":"https:\/\/www.casavio.com\/pl\/wp-json\/wp\/v2\/pages"}],"about":[{"href":"https:\/\/www.casavio.com\/pl\/wp-json\/wp\/v2\/types\/page"}],"author":[{"embeddable":true,"href":"https:\/\/www.casavio.com\/pl\/wp-json\/wp\/v2\/users\/3"}],"replies":[{"embeddable":true,"href":"https:\/\/www.casavio.com\/pl\/wp-json\/wp\/v2\/comments?post=10227"}],"version-history":[{"count":2,"href":"https:\/\/www.casavio.com\/pl\/wp-json\/wp\/v2\/pages\/10227\/revisions"}],"predecessor-version":[{"id":14687,"href":"https:\/\/www.casavio.com\/pl\/wp-json\/wp\/v2\/pages\/10227\/revisions\/14687"}],"up":[{"embeddable":true,"href":"https:\/\/www.casavio.com\/pl\/wp-json\/wp\/v2\/pages\/10198"}],"wp:featuredmedia":[{"embeddable":true,"href":"https:\/\/www.casavio.com\/pl\/wp-json\/wp\/v2\/media\/3110"}],"wp:attachment":[{"href":"https:\/\/www.casavio.com\/pl\/wp-json\/wp\/v2\/media?parent=10227"}],"curies":[{"name":"wp","href":"https:\/\/api.w.org\/{rel}","templated":true}]}}