{"id":10230,"date":"2019-11-07T10:55:15","date_gmt":"2019-11-07T09:55:15","guid":{"rendered":"https:\/\/www.casavio.com\/uslugi\/spiaggia-ca-savio\/"},"modified":"2025-07-11T13:03:09","modified_gmt":"2025-07-11T11:03:09","slug":"plaza-ca-savio","status":"publish","type":"page","link":"https:\/\/www.casavio.com\/pl\/uslugi\/plaza-ca-savio\/","title":{"rendered":"Pla\u017ca Ca&#8217;Savio"},"content":{"rendered":"","protected":false},"excerpt":{"rendered":"<p>Kemping Ca\u2019Savio le\u017cy bezpo\u015brednio nad morzem i dysponuje pla\u017c\u0105 z drobnym piaskiem o ok. 1 km d\u0142ugo\u015bci.<\/p>\n","protected":false},"author":3,"featured_media":20434,"parent":10159,"menu_order":49,"comment_status":"closed","ping_status":"closed","template":"templates\/tpl-dynamic-layout.php","meta":{"_acf_changed":false},"class_list":["post-10230","page","type-page","status-publish","has-post-thumbnail","hentry"],"acf":[],"yoast_head":"<!-- This site is optimized with the Yoast SEO plugin v25.3 - https:\/\/yoast.com\/wordpress\/plugins\/seo\/ -->\n<title>Ca&#039; Savio Pla\u017ca &#8211; Camping Ca&#039; Savio<\/title>\n<meta name=\"description\" content=\"Camping z pla\u017c\u0105 i basenami w Cavallino: zobacz zdj\u0119cia pla\u017cy Cavallino Treporti i zdj\u0119cia basen\u00f3w na kempingu Ca &#039;Savio. Rado\u015b\u0107 i zabawa czekaj\u0105 na Ciebie! Zarezerwuj swoje wakacje ju\u017c teraz!\" \/>\n<meta name=\"robots\" content=\"index, follow, max-snippet:-1, max-image-preview:large, max-video-preview:-1\" \/>\n<link rel=\"canonical\" href=\"https:\/\/www.casavio.com\/pl\/uslugi\/plaza-ca-savio\/\" \/>\n<meta property=\"og:locale\" content=\"pl_PL\" \/>\n<meta property=\"og:type\" content=\"article\" \/>\n<meta property=\"og:title\" content=\"Ca&#039; Savio Pla\u017ca &#8211; Camping Ca&#039; Savio\" \/>\n<meta property=\"og:description\" content=\"Camping z pla\u017c\u0105 i basenami w Cavallino: zobacz zdj\u0119cia pla\u017cy Cavallino Treporti i zdj\u0119cia basen\u00f3w na kempingu Ca &#039;Savio. Rado\u015b\u0107 i zabawa czekaj\u0105 na Ciebie! Zarezerwuj swoje wakacje ju\u017c teraz!\" \/>\n<meta property=\"og:url\" content=\"https:\/\/www.casavio.com\/pl\/uslugi\/plaza-ca-savio\/\" \/>\n<meta property=\"og:site_name\" content=\"Camping Ca&#039; Savio\" \/>\n<meta property=\"article:publisher\" content=\"https:\/\/www.facebook.com\/campingcasavio\" \/>\n<meta property=\"article:modified_time\" content=\"2025-07-11T11:03:09+00:00\" \/>\n<meta property=\"og:image\" content=\"https:\/\/www.casavio.com\/wp-content\/uploads\/2021\/10\/CaSavio_spiaggia-ev.jpg\" \/>\n\t<meta property=\"og:image:width\" content=\"440\" \/>\n\t<meta property=\"og:image:height\" content=\"600\" \/>\n\t<meta property=\"og:image:type\" content=\"image\/jpeg\" \/>\n<meta name=\"twitter:card\" content=\"summary_large_image\" \/>\n<meta name=\"twitter:label1\" content=\"Szacowany czas czytania\" \/>\n\t<meta name=\"twitter:data1\" content=\"1 minuta\" \/>\n<script type=\"application\/ld+json\" class=\"yoast-schema-graph\">{\"@context\":\"https:\/\/schema.org\",\"@graph\":[{\"@type\":\"WebPage\",\"@id\":\"https:\/\/www.casavio.com\/pl\/uslugi\/plaza-ca-savio\/\",\"url\":\"https:\/\/www.casavio.com\/pl\/uslugi\/plaza-ca-savio\/\",\"name\":\"Ca' Savio Pla\u017ca &#8211; Camping Ca&#039; Savio\",\"isPartOf\":{\"@id\":\"https:\/\/www.casavio.com\/pl\/#website\"},\"primaryImageOfPage\":{\"@id\":\"https:\/\/www.casavio.com\/pl\/uslugi\/plaza-ca-savio\/#primaryimage\"},\"image\":{\"@id\":\"https:\/\/www.casavio.com\/pl\/uslugi\/plaza-ca-savio\/#primaryimage\"},\"thumbnailUrl\":\"https:\/\/www.casavio.com\/wp-content\/uploads\/2021\/10\/CaSavio_spiaggia-ev.jpg\",\"datePublished\":\"2019-11-07T09:55:15+00:00\",\"dateModified\":\"2025-07-11T11:03:09+00:00\",\"description\":\"Camping z pla\u017c\u0105 i basenami w Cavallino: zobacz zdj\u0119cia pla\u017cy Cavallino Treporti i zdj\u0119cia basen\u00f3w na kempingu Ca 'Savio. Rado\u015b\u0107 i zabawa czekaj\u0105 na Ciebie! Zarezerwuj swoje wakacje ju\u017c teraz!\",\"breadcrumb\":{\"@id\":\"https:\/\/www.casavio.com\/pl\/uslugi\/plaza-ca-savio\/#breadcrumb\"},\"inLanguage\":\"pl-PL\",\"potentialAction\":[{\"@type\":\"ReadAction\",\"target\":[\"https:\/\/www.casavio.com\/pl\/uslugi\/plaza-ca-savio\/\"]}]},{\"@type\":\"ImageObject\",\"inLanguage\":\"pl-PL\",\"@id\":\"https:\/\/www.casavio.com\/pl\/uslugi\/plaza-ca-savio\/#primaryimage\",\"url\":\"https:\/\/www.casavio.com\/wp-content\/uploads\/2021\/10\/CaSavio_spiaggia-ev.jpg\",\"contentUrl\":\"https:\/\/www.casavio.com\/wp-content\/uploads\/2021\/10\/CaSavio_spiaggia-ev.jpg\",\"width\":440,\"height\":600},{\"@type\":\"BreadcrumbList\",\"@id\":\"https:\/\/www.casavio.com\/pl\/uslugi\/plaza-ca-savio\/#breadcrumb\",\"itemListElement\":[{\"@type\":\"ListItem\",\"position\":1,\"name\":\"Home\",\"item\":\"https:\/\/www.casavio.com\/pl\/\"},{\"@type\":\"ListItem\",\"position\":2,\"name\":\"Us\u0142ugi\",\"item\":\"https:\/\/www.casavio.com\/pl\/uslugi\/\"},{\"@type\":\"ListItem\",\"position\":3,\"name\":\"Pla\u017ca Ca&#8217;Savio\"}]},{\"@type\":\"WebSite\",\"@id\":\"https:\/\/www.casavio.com\/pl\/#website\",\"url\":\"https:\/\/www.casavio.com\/pl\/\",\"name\":\"Camping Ca&#039; Savio\",\"description\":\"\",\"publisher\":{\"@id\":\"https:\/\/www.casavio.com\/pl\/#organization\"},\"potentialAction\":[{\"@type\":\"SearchAction\",\"target\":{\"@type\":\"EntryPoint\",\"urlTemplate\":\"https:\/\/www.casavio.com\/pl\/?s={search_term_string}\"},\"query-input\":{\"@type\":\"PropertyValueSpecification\",\"valueRequired\":true,\"valueName\":\"search_term_string\"}}],\"inLanguage\":\"pl-PL\"},{\"@type\":\"Organization\",\"@id\":\"https:\/\/www.casavio.com\/pl\/#organization\",\"name\":\"Camping Ca'Savio\",\"url\":\"https:\/\/www.casavio.com\/pl\/\",\"logo\":{\"@type\":\"ImageObject\",\"inLanguage\":\"pl-PL\",\"@id\":\"https:\/\/www.casavio.com\/pl\/#\/schema\/logo\/image\/\",\"url\":\"https:\/\/www.casavio.com\/wp-content\/uploads\/2024\/04\/favicon.png\",\"contentUrl\":\"https:\/\/www.casavio.com\/wp-content\/uploads\/2024\/04\/favicon.png\",\"width\":144,\"height\":144,\"caption\":\"Camping Ca'Savio\"},\"image\":{\"@id\":\"https:\/\/www.casavio.com\/pl\/#\/schema\/logo\/image\/\"},\"sameAs\":[\"https:\/\/www.facebook.com\/campingcasavio\",\"https:\/\/www.instagram.com\/campingcasavio\",\"https:\/\/www.youtube.com\/user\/campingcasavio\"]}]}<\/script>\n<!-- \/ Yoast SEO plugin. -->","yoast_head_json":{"title":"Ca' Savio Pla\u017ca &#8211; Camping Ca&#039; Savio","description":"Camping z pla\u017c\u0105 i basenami w Cavallino: zobacz zdj\u0119cia pla\u017cy Cavallino Treporti i zdj\u0119cia basen\u00f3w na kempingu Ca 'Savio. Rado\u015b\u0107 i zabawa czekaj\u0105 na Ciebie! Zarezerwuj swoje wakacje ju\u017c teraz!","robots":{"index":"index","follow":"follow","max-snippet":"max-snippet:-1","max-image-preview":"max-image-preview:large","max-video-preview":"max-video-preview:-1"},"canonical":"https:\/\/www.casavio.com\/pl\/uslugi\/plaza-ca-savio\/","og_locale":"pl_PL","og_type":"article","og_title":"Ca' Savio Pla\u017ca &#8211; Camping Ca&#039; Savio","og_description":"Camping z pla\u017c\u0105 i basenami w Cavallino: zobacz zdj\u0119cia pla\u017cy Cavallino Treporti i zdj\u0119cia basen\u00f3w na kempingu Ca 'Savio. Rado\u015b\u0107 i zabawa czekaj\u0105 na Ciebie! Zarezerwuj swoje wakacje ju\u017c teraz!","og_url":"https:\/\/www.casavio.com\/pl\/uslugi\/plaza-ca-savio\/","og_site_name":"Camping Ca&#039; Savio","article_publisher":"https:\/\/www.facebook.com\/campingcasavio","article_modified_time":"2025-07-11T11:03:09+00:00","og_image":[{"width":440,"height":600,"url":"https:\/\/www.casavio.com\/wp-content\/uploads\/2021\/10\/CaSavio_spiaggia-ev.jpg","type":"image\/jpeg"}],"twitter_card":"summary_large_image","twitter_misc":{"Szacowany czas czytania":"1 minuta"},"schema":{"@context":"https:\/\/schema.org","@graph":[{"@type":"WebPage","@id":"https:\/\/www.casavio.com\/pl\/uslugi\/plaza-ca-savio\/","url":"https:\/\/www.casavio.com\/pl\/uslugi\/plaza-ca-savio\/","name":"Ca' Savio Pla\u017ca &#8211; Camping Ca&#039; Savio","isPartOf":{"@id":"https:\/\/www.casavio.com\/pl\/#website"},"primaryImageOfPage":{"@id":"https:\/\/www.casavio.com\/pl\/uslugi\/plaza-ca-savio\/#primaryimage"},"image":{"@id":"https:\/\/www.casavio.com\/pl\/uslugi\/plaza-ca-savio\/#primaryimage"},"thumbnailUrl":"https:\/\/www.casavio.com\/wp-content\/uploads\/2021\/10\/CaSavio_spiaggia-ev.jpg","datePublished":"2019-11-07T09:55:15+00:00","dateModified":"2025-07-11T11:03:09+00:00","description":"Camping z pla\u017c\u0105 i basenami w Cavallino: zobacz zdj\u0119cia pla\u017cy Cavallino Treporti i zdj\u0119cia basen\u00f3w na kempingu Ca 'Savio. Rado\u015b\u0107 i zabawa czekaj\u0105 na Ciebie! Zarezerwuj swoje wakacje ju\u017c teraz!","breadcrumb":{"@id":"https:\/\/www.casavio.com\/pl\/uslugi\/plaza-ca-savio\/#breadcrumb"},"inLanguage":"pl-PL","potentialAction":[{"@type":"ReadAction","target":["https:\/\/www.casavio.com\/pl\/uslugi\/plaza-ca-savio\/"]}]},{"@type":"ImageObject","inLanguage":"pl-PL","@id":"https:\/\/www.casavio.com\/pl\/uslugi\/plaza-ca-savio\/#primaryimage","url":"https:\/\/www.casavio.com\/wp-content\/uploads\/2021\/10\/CaSavio_spiaggia-ev.jpg","contentUrl":"https:\/\/www.casavio.com\/wp-content\/uploads\/2021\/10\/CaSavio_spiaggia-ev.jpg","width":440,"height":600},{"@type":"BreadcrumbList","@id":"https:\/\/www.casavio.com\/pl\/uslugi\/plaza-ca-savio\/#breadcrumb","itemListElement":[{"@type":"ListItem","position":1,"name":"Home","item":"https:\/\/www.casavio.com\/pl\/"},{"@type":"ListItem","position":2,"name":"Us\u0142ugi","item":"https:\/\/www.casavio.com\/pl\/uslugi\/"},{"@type":"ListItem","position":3,"name":"Pla\u017ca Ca&#8217;Savio"}]},{"@type":"WebSite","@id":"https:\/\/www.casavio.com\/pl\/#website","url":"https:\/\/www.casavio.com\/pl\/","name":"Camping Ca&#039; Savio","description":"","publisher":{"@id":"https:\/\/www.casavio.com\/pl\/#organization"},"potentialAction":[{"@type":"SearchAction","target":{"@type":"EntryPoint","urlTemplate":"https:\/\/www.casavio.com\/pl\/?s={search_term_string}"},"query-input":{"@type":"PropertyValueSpecification","valueRequired":true,"valueName":"search_term_string"}}],"inLanguage":"pl-PL"},{"@type":"Organization","@id":"https:\/\/www.casavio.com\/pl\/#organization","name":"Camping Ca'Savio","url":"https:\/\/www.casavio.com\/pl\/","logo":{"@type":"ImageObject","inLanguage":"pl-PL","@id":"https:\/\/www.casavio.com\/pl\/#\/schema\/logo\/image\/","url":"https:\/\/www.casavio.com\/wp-content\/uploads\/2024\/04\/favicon.png","contentUrl":"https:\/\/www.casavio.com\/wp-content\/uploads\/2024\/04\/favicon.png","width":144,"height":144,"caption":"Camping Ca'Savio"},"image":{"@id":"https:\/\/www.casavio.com\/pl\/#\/schema\/logo\/image\/"},"sameAs":["https:\/\/www.facebook.com\/campingcasavio","https:\/\/www.instagram.com\/campingcasavio","https:\/\/www.youtube.com\/user\/campingcasavio"]}]}},"_links":{"self":[{"href":"https:\/\/www.casavio.com\/pl\/wp-json\/wp\/v2\/pages\/10230","targetHints":{"allow":["GET"]}}],"collection":[{"href":"https:\/\/www.casavio.com\/pl\/wp-json\/wp\/v2\/pages"}],"about":[{"href":"https:\/\/www.casavio.com\/pl\/wp-json\/wp\/v2\/types\/page"}],"author":[{"embeddable":true,"href":"https:\/\/www.casavio.com\/pl\/wp-json\/wp\/v2\/users\/3"}],"replies":[{"embeddable":true,"href":"https:\/\/www.casavio.com\/pl\/wp-json\/wp\/v2\/comments?post=10230"}],"version-history":[{"count":3,"href":"https:\/\/www.casavio.com\/pl\/wp-json\/wp\/v2\/pages\/10230\/revisions"}],"predecessor-version":[{"id":10231,"href":"https:\/\/www.casavio.com\/pl\/wp-json\/wp\/v2\/pages\/10230\/revisions\/10231"}],"up":[{"embeddable":true,"href":"https:\/\/www.casavio.com\/pl\/wp-json\/wp\/v2\/pages\/10159"}],"wp:featuredmedia":[{"embeddable":true,"href":"https:\/\/www.casavio.com\/pl\/wp-json\/wp\/v2\/media\/20434"}],"wp:attachment":[{"href":"https:\/\/www.casavio.com\/pl\/wp-json\/wp\/v2\/media?parent=10230"}],"curies":[{"name":"wp","href":"https:\/\/api.w.org\/{rel}","templated":true}]}}