{"id":10233,"date":"2019-11-07T10:55:49","date_gmt":"2019-11-07T09:55:49","guid":{"rendered":"https:\/\/www.casavio.com\/uslugi\/piscine-ca-savio\/"},"modified":"2026-02-19T14:59:36","modified_gmt":"2026-02-19T13:59:36","slug":"baseny-ca-savio","status":"publish","type":"page","link":"https:\/\/www.casavio.com\/pl\/uslugi\/baseny-ca-savio\/","title":{"rendered":"Baseny"},"content":{"rendered":"<p>Nie ma wakacji letnich bez zabaw i relaksu na basenie, a dla wielu pokole\u0144 go\u015bci baseny by\u0142y sceneri\u0105 najlepszych chwil sp\u0119dzonych podczas wakacji.<\/p>\n<p>Kemping Ca\u2019Savio posiada <strong>2 strefy odkrytych basen\u00f3w<\/strong>: jedn\u0105 w pobli\u017cu g\u0142\u00f3wnej <a href=\"https:\/\/www.casavio.com\/pl\/uslugi\/restauracja-ca-savio\/\"><u>restauracji<\/u> <\/a>z atrakcjami wodnymi i zje\u017cd\u017calniami, a drug\u0105 w lasku sosnowym, odpowiedni\u0105 do zaj\u0119\u0107 takich jak <a href=\"https:\/\/www.casavio.com\/pl\/aktywny-wypoczynek\/sport-i-fitness\/aquagym\/\"><u>aquagym<\/u><\/a>. Oba baseny otoczone s\u0105 zieleni\u0105 i stanowi\u0105 idealne miejsce na doskona\u0142\u0105 zabaw\u0119 i relaks.<\/p>\n","protected":false},"excerpt":{"rendered":"<p>Baseny dla doros\u0142ych i dzieci, znajduj\u0105ce si\u0119 w 2 r\u00f3\u017cnych cz\u0119\u015bciach kempingu.<\/p>\n","protected":false},"author":3,"featured_media":20327,"parent":10159,"menu_order":50,"comment_status":"closed","ping_status":"closed","template":"","meta":{"_acf_changed":false},"class_list":["post-10233","page","type-page","status-publish","has-post-thumbnail","hentry"],"acf":[],"yoast_head":"<!-- This site is optimized with the Yoast SEO plugin v25.3 - https:\/\/yoast.com\/wordpress\/plugins\/seo\/ -->\n<title>Baseny na kempingu &#8211; Camping Ca&#039; Savio<\/title>\n<meta name=\"description\" content=\"Kemping Ca&#039;Savio oferuje wspania\u0142y kompleks basen\u00f3w dla doros\u0142ych i dzieci, po\u0142o\u017cony w 2 r\u00f3\u017cnych obszarach kempingu: w pobli\u017cu restauracji i w lesie sosnowym.\" \/>\n<meta name=\"robots\" content=\"index, follow, max-snippet:-1, max-image-preview:large, max-video-preview:-1\" \/>\n<link rel=\"canonical\" href=\"https:\/\/www.casavio.com\/pl\/uslugi\/baseny-ca-savio\/\" \/>\n<meta property=\"og:locale\" content=\"pl_PL\" \/>\n<meta property=\"og:type\" content=\"article\" \/>\n<meta property=\"og:title\" content=\"Baseny na kempingu &#8211; Camping Ca&#039; Savio\" \/>\n<meta property=\"og:description\" content=\"Kemping Ca&#039;Savio oferuje wspania\u0142y kompleks basen\u00f3w dla doros\u0142ych i dzieci, po\u0142o\u017cony w 2 r\u00f3\u017cnych obszarach kempingu: w pobli\u017cu restauracji i w lesie sosnowym.\" \/>\n<meta property=\"og:url\" content=\"https:\/\/www.casavio.com\/pl\/uslugi\/baseny-ca-savio\/\" \/>\n<meta property=\"og:site_name\" content=\"Camping Ca&#039; Savio\" \/>\n<meta property=\"article:publisher\" content=\"https:\/\/www.facebook.com\/campingcasavio\" \/>\n<meta property=\"article:modified_time\" content=\"2026-02-19T13:59:36+00:00\" \/>\n<meta property=\"og:image\" content=\"https:\/\/www.casavio.com\/wp-content\/uploads\/2021\/10\/CaSavio_piscine-bimb.jpg\" \/>\n\t<meta property=\"og:image:width\" content=\"440\" \/>\n\t<meta property=\"og:image:height\" content=\"600\" \/>\n\t<meta property=\"og:image:type\" content=\"image\/jpeg\" \/>\n<meta name=\"twitter:card\" content=\"summary_large_image\" \/>\n<meta name=\"twitter:label1\" content=\"Szacowany czas czytania\" \/>\n\t<meta name=\"twitter:data1\" content=\"1 minuta\" \/>\n<script type=\"application\/ld+json\" class=\"yoast-schema-graph\">{\"@context\":\"https:\/\/schema.org\",\"@graph\":[{\"@type\":\"WebPage\",\"@id\":\"https:\/\/www.casavio.com\/pl\/uslugi\/baseny-ca-savio\/\",\"url\":\"https:\/\/www.casavio.com\/pl\/uslugi\/baseny-ca-savio\/\",\"name\":\"Baseny na kempingu &#8211; Camping Ca&#039; Savio\",\"isPartOf\":{\"@id\":\"https:\/\/www.casavio.com\/pl\/#website\"},\"primaryImageOfPage\":{\"@id\":\"https:\/\/www.casavio.com\/pl\/uslugi\/baseny-ca-savio\/#primaryimage\"},\"image\":{\"@id\":\"https:\/\/www.casavio.com\/pl\/uslugi\/baseny-ca-savio\/#primaryimage\"},\"thumbnailUrl\":\"https:\/\/www.casavio.com\/wp-content\/uploads\/2021\/10\/CaSavio_piscine-bimb.jpg\",\"datePublished\":\"2019-11-07T09:55:49+00:00\",\"dateModified\":\"2026-02-19T13:59:36+00:00\",\"description\":\"Kemping Ca'Savio oferuje wspania\u0142y kompleks basen\u00f3w dla doros\u0142ych i dzieci, po\u0142o\u017cony w 2 r\u00f3\u017cnych obszarach kempingu: w pobli\u017cu restauracji i w lesie sosnowym.\",\"breadcrumb\":{\"@id\":\"https:\/\/www.casavio.com\/pl\/uslugi\/baseny-ca-savio\/#breadcrumb\"},\"inLanguage\":\"pl-PL\",\"potentialAction\":[{\"@type\":\"ReadAction\",\"target\":[\"https:\/\/www.casavio.com\/pl\/uslugi\/baseny-ca-savio\/\"]}]},{\"@type\":\"ImageObject\",\"inLanguage\":\"pl-PL\",\"@id\":\"https:\/\/www.casavio.com\/pl\/uslugi\/baseny-ca-savio\/#primaryimage\",\"url\":\"https:\/\/www.casavio.com\/wp-content\/uploads\/2021\/10\/CaSavio_piscine-bimb.jpg\",\"contentUrl\":\"https:\/\/www.casavio.com\/wp-content\/uploads\/2021\/10\/CaSavio_piscine-bimb.jpg\",\"width\":440,\"height\":600},{\"@type\":\"BreadcrumbList\",\"@id\":\"https:\/\/www.casavio.com\/pl\/uslugi\/baseny-ca-savio\/#breadcrumb\",\"itemListElement\":[{\"@type\":\"ListItem\",\"position\":1,\"name\":\"Home\",\"item\":\"https:\/\/www.casavio.com\/pl\/\"},{\"@type\":\"ListItem\",\"position\":2,\"name\":\"Us\u0142ugi\",\"item\":\"https:\/\/www.casavio.com\/pl\/uslugi\/\"},{\"@type\":\"ListItem\",\"position\":3,\"name\":\"Baseny\"}]},{\"@type\":\"WebSite\",\"@id\":\"https:\/\/www.casavio.com\/pl\/#website\",\"url\":\"https:\/\/www.casavio.com\/pl\/\",\"name\":\"Camping Ca&#039; Savio\",\"description\":\"\",\"publisher\":{\"@id\":\"https:\/\/www.casavio.com\/pl\/#organization\"},\"potentialAction\":[{\"@type\":\"SearchAction\",\"target\":{\"@type\":\"EntryPoint\",\"urlTemplate\":\"https:\/\/www.casavio.com\/pl\/?s={search_term_string}\"},\"query-input\":{\"@type\":\"PropertyValueSpecification\",\"valueRequired\":true,\"valueName\":\"search_term_string\"}}],\"inLanguage\":\"pl-PL\"},{\"@type\":\"Organization\",\"@id\":\"https:\/\/www.casavio.com\/pl\/#organization\",\"name\":\"Camping Ca'Savio\",\"url\":\"https:\/\/www.casavio.com\/pl\/\",\"logo\":{\"@type\":\"ImageObject\",\"inLanguage\":\"pl-PL\",\"@id\":\"https:\/\/www.casavio.com\/pl\/#\/schema\/logo\/image\/\",\"url\":\"https:\/\/www.casavio.com\/wp-content\/uploads\/2024\/04\/favicon.png\",\"contentUrl\":\"https:\/\/www.casavio.com\/wp-content\/uploads\/2024\/04\/favicon.png\",\"width\":144,\"height\":144,\"caption\":\"Camping Ca'Savio\"},\"image\":{\"@id\":\"https:\/\/www.casavio.com\/pl\/#\/schema\/logo\/image\/\"},\"sameAs\":[\"https:\/\/www.facebook.com\/campingcasavio\",\"https:\/\/www.instagram.com\/campingcasavio\",\"https:\/\/www.youtube.com\/user\/campingcasavio\"]}]}<\/script>\n<!-- \/ Yoast SEO plugin. -->","yoast_head_json":{"title":"Baseny na kempingu &#8211; Camping Ca&#039; Savio","description":"Kemping Ca'Savio oferuje wspania\u0142y kompleks basen\u00f3w dla doros\u0142ych i dzieci, po\u0142o\u017cony w 2 r\u00f3\u017cnych obszarach kempingu: w pobli\u017cu restauracji i w lesie sosnowym.","robots":{"index":"index","follow":"follow","max-snippet":"max-snippet:-1","max-image-preview":"max-image-preview:large","max-video-preview":"max-video-preview:-1"},"canonical":"https:\/\/www.casavio.com\/pl\/uslugi\/baseny-ca-savio\/","og_locale":"pl_PL","og_type":"article","og_title":"Baseny na kempingu &#8211; Camping Ca&#039; Savio","og_description":"Kemping Ca'Savio oferuje wspania\u0142y kompleks basen\u00f3w dla doros\u0142ych i dzieci, po\u0142o\u017cony w 2 r\u00f3\u017cnych obszarach kempingu: w pobli\u017cu restauracji i w lesie sosnowym.","og_url":"https:\/\/www.casavio.com\/pl\/uslugi\/baseny-ca-savio\/","og_site_name":"Camping Ca&#039; Savio","article_publisher":"https:\/\/www.facebook.com\/campingcasavio","article_modified_time":"2026-02-19T13:59:36+00:00","og_image":[{"width":440,"height":600,"url":"https:\/\/www.casavio.com\/wp-content\/uploads\/2021\/10\/CaSavio_piscine-bimb.jpg","type":"image\/jpeg"}],"twitter_card":"summary_large_image","twitter_misc":{"Szacowany czas czytania":"1 minuta"},"schema":{"@context":"https:\/\/schema.org","@graph":[{"@type":"WebPage","@id":"https:\/\/www.casavio.com\/pl\/uslugi\/baseny-ca-savio\/","url":"https:\/\/www.casavio.com\/pl\/uslugi\/baseny-ca-savio\/","name":"Baseny na kempingu &#8211; Camping Ca&#039; Savio","isPartOf":{"@id":"https:\/\/www.casavio.com\/pl\/#website"},"primaryImageOfPage":{"@id":"https:\/\/www.casavio.com\/pl\/uslugi\/baseny-ca-savio\/#primaryimage"},"image":{"@id":"https:\/\/www.casavio.com\/pl\/uslugi\/baseny-ca-savio\/#primaryimage"},"thumbnailUrl":"https:\/\/www.casavio.com\/wp-content\/uploads\/2021\/10\/CaSavio_piscine-bimb.jpg","datePublished":"2019-11-07T09:55:49+00:00","dateModified":"2026-02-19T13:59:36+00:00","description":"Kemping Ca'Savio oferuje wspania\u0142y kompleks basen\u00f3w dla doros\u0142ych i dzieci, po\u0142o\u017cony w 2 r\u00f3\u017cnych obszarach kempingu: w pobli\u017cu restauracji i w lesie sosnowym.","breadcrumb":{"@id":"https:\/\/www.casavio.com\/pl\/uslugi\/baseny-ca-savio\/#breadcrumb"},"inLanguage":"pl-PL","potentialAction":[{"@type":"ReadAction","target":["https:\/\/www.casavio.com\/pl\/uslugi\/baseny-ca-savio\/"]}]},{"@type":"ImageObject","inLanguage":"pl-PL","@id":"https:\/\/www.casavio.com\/pl\/uslugi\/baseny-ca-savio\/#primaryimage","url":"https:\/\/www.casavio.com\/wp-content\/uploads\/2021\/10\/CaSavio_piscine-bimb.jpg","contentUrl":"https:\/\/www.casavio.com\/wp-content\/uploads\/2021\/10\/CaSavio_piscine-bimb.jpg","width":440,"height":600},{"@type":"BreadcrumbList","@id":"https:\/\/www.casavio.com\/pl\/uslugi\/baseny-ca-savio\/#breadcrumb","itemListElement":[{"@type":"ListItem","position":1,"name":"Home","item":"https:\/\/www.casavio.com\/pl\/"},{"@type":"ListItem","position":2,"name":"Us\u0142ugi","item":"https:\/\/www.casavio.com\/pl\/uslugi\/"},{"@type":"ListItem","position":3,"name":"Baseny"}]},{"@type":"WebSite","@id":"https:\/\/www.casavio.com\/pl\/#website","url":"https:\/\/www.casavio.com\/pl\/","name":"Camping Ca&#039; Savio","description":"","publisher":{"@id":"https:\/\/www.casavio.com\/pl\/#organization"},"potentialAction":[{"@type":"SearchAction","target":{"@type":"EntryPoint","urlTemplate":"https:\/\/www.casavio.com\/pl\/?s={search_term_string}"},"query-input":{"@type":"PropertyValueSpecification","valueRequired":true,"valueName":"search_term_string"}}],"inLanguage":"pl-PL"},{"@type":"Organization","@id":"https:\/\/www.casavio.com\/pl\/#organization","name":"Camping Ca'Savio","url":"https:\/\/www.casavio.com\/pl\/","logo":{"@type":"ImageObject","inLanguage":"pl-PL","@id":"https:\/\/www.casavio.com\/pl\/#\/schema\/logo\/image\/","url":"https:\/\/www.casavio.com\/wp-content\/uploads\/2024\/04\/favicon.png","contentUrl":"https:\/\/www.casavio.com\/wp-content\/uploads\/2024\/04\/favicon.png","width":144,"height":144,"caption":"Camping Ca'Savio"},"image":{"@id":"https:\/\/www.casavio.com\/pl\/#\/schema\/logo\/image\/"},"sameAs":["https:\/\/www.facebook.com\/campingcasavio","https:\/\/www.instagram.com\/campingcasavio","https:\/\/www.youtube.com\/user\/campingcasavio"]}]}},"_links":{"self":[{"href":"https:\/\/www.casavio.com\/pl\/wp-json\/wp\/v2\/pages\/10233","targetHints":{"allow":["GET"]}}],"collection":[{"href":"https:\/\/www.casavio.com\/pl\/wp-json\/wp\/v2\/pages"}],"about":[{"href":"https:\/\/www.casavio.com\/pl\/wp-json\/wp\/v2\/types\/page"}],"author":[{"embeddable":true,"href":"https:\/\/www.casavio.com\/pl\/wp-json\/wp\/v2\/users\/3"}],"replies":[{"embeddable":true,"href":"https:\/\/www.casavio.com\/pl\/wp-json\/wp\/v2\/comments?post=10233"}],"version-history":[{"count":1,"href":"https:\/\/www.casavio.com\/pl\/wp-json\/wp\/v2\/pages\/10233\/revisions"}],"predecessor-version":[{"id":46092,"href":"https:\/\/www.casavio.com\/pl\/wp-json\/wp\/v2\/pages\/10233\/revisions\/46092"}],"up":[{"embeddable":true,"href":"https:\/\/www.casavio.com\/pl\/wp-json\/wp\/v2\/pages\/10159"}],"wp:featuredmedia":[{"embeddable":true,"href":"https:\/\/www.casavio.com\/pl\/wp-json\/wp\/v2\/media\/20327"}],"wp:attachment":[{"href":"https:\/\/www.casavio.com\/pl\/wp-json\/wp\/v2\/media?parent=10233"}],"curies":[{"name":"wp","href":"https:\/\/api.w.org\/{rel}","templated":true}]}}