{"id":10236,"date":"2019-11-07T10:57:16","date_gmt":"2019-11-07T09:57:16","guid":{"rendered":"https:\/\/www.casavio.com\/uslugi\/ristoranti-ca-savio\/"},"modified":"2026-02-19T15:07:43","modified_gmt":"2026-02-19T14:07:43","slug":"restauracja-ca-savio","status":"publish","type":"page","link":"https:\/\/www.casavio.com\/pl\/uslugi\/restauracja-ca-savio\/","title":{"rendered":"Restauracja"},"content":{"rendered":"<p>Na kempingu obiady i kolacje s\u0105 r\u00f3wnie\u017c pretekstem do przebywania na \u015bwie\u017cym powietrzu, w mi\u0142ej atmosferze, delektowania si\u0119 prost\u0105 kuchni\u0105 i w\u0142a\u015bnie tak\u0105 atmosfer\u0119 znajdziecie w naszej ofercie restauracyjnej.<\/p>\n<p>Poni\u017cej przedstawiamy ofert\u0119 gastronomiczn\u0105 kempingu Ca\u2019Savio: tradycyjna restauracja, kiosk obok basenu przy drodze 13 z przek\u0105skami i streed food, du\u017cy teren na \u015bwie\u017cym powietrzu, gdzie mo\u017cna zje\u015b\u0107 kolacj\u0119 w postaci pizzy (tak\u017ce na wynos) i innych gor\u0105cych i zimnych da\u0144 idealnych na lato oraz bar na ma\u0142ym placyku, gdzie mo\u017cna zje\u015b\u0107 na \u015bniadanie na \u015bwie\u017cym powietrzu, a tak\u017ce bar z lodziarni\u0105 w pobli\u017cu miejsca wieczornej rozrywki.<\/p>\n","protected":false},"excerpt":{"rendered":"<p>Pizza, dania gotowe i specja\u0142y kuchni w\u0142oskiej i mi\u0119dzynarodowej. Wszystko to, czego potrzebujesz, bez wychodzenia z kempingu.<\/p>\n","protected":false},"author":3,"featured_media":13712,"parent":10159,"menu_order":51,"comment_status":"closed","ping_status":"closed","template":"","meta":{"_acf_changed":false},"class_list":["post-10236","page","type-page","status-publish","has-post-thumbnail","hentry"],"acf":[],"yoast_head":"<!-- This site is optimized with the Yoast SEO plugin v25.3 - https:\/\/yoast.com\/wordpress\/plugins\/seo\/ -->\n<title>Restauracje w Cavallino Treporti &#8211; Camping Ca&#039; Savio<\/title>\n<meta name=\"description\" content=\"Restauracje i supermarket w Cavallino: zobacz, gdzie znajduj\u0105 si\u0119 restauracje kempingu Ca &#039;Savio: codziennie znajdziesz \u015bwie\u017ce dania i pyszne menu. Na zakupy masz supermarkety w \u015brodku.\" \/>\n<meta name=\"robots\" content=\"index, follow, max-snippet:-1, max-image-preview:large, max-video-preview:-1\" \/>\n<link rel=\"canonical\" href=\"https:\/\/www.casavio.com\/pl\/uslugi\/restauracja-ca-savio\/\" \/>\n<meta property=\"og:locale\" content=\"pl_PL\" \/>\n<meta property=\"og:type\" content=\"article\" \/>\n<meta property=\"og:title\" content=\"Restauracje w Cavallino Treporti &#8211; Camping Ca&#039; Savio\" \/>\n<meta property=\"og:description\" content=\"Restauracje i supermarket w Cavallino: zobacz, gdzie znajduj\u0105 si\u0119 restauracje kempingu Ca &#039;Savio: codziennie znajdziesz \u015bwie\u017ce dania i pyszne menu. Na zakupy masz supermarkety w \u015brodku.\" \/>\n<meta property=\"og:url\" content=\"https:\/\/www.casavio.com\/pl\/uslugi\/restauracja-ca-savio\/\" \/>\n<meta property=\"og:site_name\" content=\"Camping Ca&#039; Savio\" \/>\n<meta property=\"article:publisher\" content=\"https:\/\/www.facebook.com\/campingcasavio\" \/>\n<meta property=\"article:modified_time\" content=\"2026-02-19T14:07:43+00:00\" \/>\n<meta property=\"og:image\" content=\"https:\/\/www.casavio.com\/wp-content\/uploads\/2020\/10\/2020_Ca-Savio-Restaurant-353.jpg\" \/>\n\t<meta property=\"og:image:width\" content=\"440\" \/>\n\t<meta property=\"og:image:height\" content=\"600\" \/>\n\t<meta property=\"og:image:type\" content=\"image\/jpeg\" \/>\n<meta name=\"twitter:card\" content=\"summary_large_image\" \/>\n<meta name=\"twitter:label1\" content=\"Szacowany czas czytania\" \/>\n\t<meta name=\"twitter:data1\" content=\"1 minuta\" \/>\n<script type=\"application\/ld+json\" class=\"yoast-schema-graph\">{\"@context\":\"https:\/\/schema.org\",\"@graph\":[{\"@type\":\"WebPage\",\"@id\":\"https:\/\/www.casavio.com\/pl\/uslugi\/restauracja-ca-savio\/\",\"url\":\"https:\/\/www.casavio.com\/pl\/uslugi\/restauracja-ca-savio\/\",\"name\":\"Restauracje w Cavallino Treporti &#8211; Camping Ca&#039; Savio\",\"isPartOf\":{\"@id\":\"https:\/\/www.casavio.com\/pl\/#website\"},\"primaryImageOfPage\":{\"@id\":\"https:\/\/www.casavio.com\/pl\/uslugi\/restauracja-ca-savio\/#primaryimage\"},\"image\":{\"@id\":\"https:\/\/www.casavio.com\/pl\/uslugi\/restauracja-ca-savio\/#primaryimage\"},\"thumbnailUrl\":\"https:\/\/www.casavio.com\/wp-content\/uploads\/2020\/10\/2020_Ca-Savio-Restaurant-353.jpg\",\"datePublished\":\"2019-11-07T09:57:16+00:00\",\"dateModified\":\"2026-02-19T14:07:43+00:00\",\"description\":\"Restauracje i supermarket w Cavallino: zobacz, gdzie znajduj\u0105 si\u0119 restauracje kempingu Ca 'Savio: codziennie znajdziesz \u015bwie\u017ce dania i pyszne menu. Na zakupy masz supermarkety w \u015brodku.\",\"breadcrumb\":{\"@id\":\"https:\/\/www.casavio.com\/pl\/uslugi\/restauracja-ca-savio\/#breadcrumb\"},\"inLanguage\":\"pl-PL\",\"potentialAction\":[{\"@type\":\"ReadAction\",\"target\":[\"https:\/\/www.casavio.com\/pl\/uslugi\/restauracja-ca-savio\/\"]}]},{\"@type\":\"ImageObject\",\"inLanguage\":\"pl-PL\",\"@id\":\"https:\/\/www.casavio.com\/pl\/uslugi\/restauracja-ca-savio\/#primaryimage\",\"url\":\"https:\/\/www.casavio.com\/wp-content\/uploads\/2020\/10\/2020_Ca-Savio-Restaurant-353.jpg\",\"contentUrl\":\"https:\/\/www.casavio.com\/wp-content\/uploads\/2020\/10\/2020_Ca-Savio-Restaurant-353.jpg\",\"width\":440,\"height\":600},{\"@type\":\"BreadcrumbList\",\"@id\":\"https:\/\/www.casavio.com\/pl\/uslugi\/restauracja-ca-savio\/#breadcrumb\",\"itemListElement\":[{\"@type\":\"ListItem\",\"position\":1,\"name\":\"Home\",\"item\":\"https:\/\/www.casavio.com\/pl\/\"},{\"@type\":\"ListItem\",\"position\":2,\"name\":\"Us\u0142ugi\",\"item\":\"https:\/\/www.casavio.com\/pl\/uslugi\/\"},{\"@type\":\"ListItem\",\"position\":3,\"name\":\"Restauracja\"}]},{\"@type\":\"WebSite\",\"@id\":\"https:\/\/www.casavio.com\/pl\/#website\",\"url\":\"https:\/\/www.casavio.com\/pl\/\",\"name\":\"Camping Ca&#039; Savio\",\"description\":\"\",\"publisher\":{\"@id\":\"https:\/\/www.casavio.com\/pl\/#organization\"},\"potentialAction\":[{\"@type\":\"SearchAction\",\"target\":{\"@type\":\"EntryPoint\",\"urlTemplate\":\"https:\/\/www.casavio.com\/pl\/?s={search_term_string}\"},\"query-input\":{\"@type\":\"PropertyValueSpecification\",\"valueRequired\":true,\"valueName\":\"search_term_string\"}}],\"inLanguage\":\"pl-PL\"},{\"@type\":\"Organization\",\"@id\":\"https:\/\/www.casavio.com\/pl\/#organization\",\"name\":\"Camping Ca'Savio\",\"url\":\"https:\/\/www.casavio.com\/pl\/\",\"logo\":{\"@type\":\"ImageObject\",\"inLanguage\":\"pl-PL\",\"@id\":\"https:\/\/www.casavio.com\/pl\/#\/schema\/logo\/image\/\",\"url\":\"https:\/\/www.casavio.com\/wp-content\/uploads\/2024\/04\/favicon.png\",\"contentUrl\":\"https:\/\/www.casavio.com\/wp-content\/uploads\/2024\/04\/favicon.png\",\"width\":144,\"height\":144,\"caption\":\"Camping Ca'Savio\"},\"image\":{\"@id\":\"https:\/\/www.casavio.com\/pl\/#\/schema\/logo\/image\/\"},\"sameAs\":[\"https:\/\/www.facebook.com\/campingcasavio\",\"https:\/\/www.instagram.com\/campingcasavio\",\"https:\/\/www.youtube.com\/user\/campingcasavio\"]}]}<\/script>\n<!-- \/ Yoast SEO plugin. -->","yoast_head_json":{"title":"Restauracje w Cavallino Treporti &#8211; Camping Ca&#039; Savio","description":"Restauracje i supermarket w Cavallino: zobacz, gdzie znajduj\u0105 si\u0119 restauracje kempingu Ca 'Savio: codziennie znajdziesz \u015bwie\u017ce dania i pyszne menu. Na zakupy masz supermarkety w \u015brodku.","robots":{"index":"index","follow":"follow","max-snippet":"max-snippet:-1","max-image-preview":"max-image-preview:large","max-video-preview":"max-video-preview:-1"},"canonical":"https:\/\/www.casavio.com\/pl\/uslugi\/restauracja-ca-savio\/","og_locale":"pl_PL","og_type":"article","og_title":"Restauracje w Cavallino Treporti &#8211; Camping Ca&#039; Savio","og_description":"Restauracje i supermarket w Cavallino: zobacz, gdzie znajduj\u0105 si\u0119 restauracje kempingu Ca 'Savio: codziennie znajdziesz \u015bwie\u017ce dania i pyszne menu. Na zakupy masz supermarkety w \u015brodku.","og_url":"https:\/\/www.casavio.com\/pl\/uslugi\/restauracja-ca-savio\/","og_site_name":"Camping Ca&#039; Savio","article_publisher":"https:\/\/www.facebook.com\/campingcasavio","article_modified_time":"2026-02-19T14:07:43+00:00","og_image":[{"width":440,"height":600,"url":"https:\/\/www.casavio.com\/wp-content\/uploads\/2020\/10\/2020_Ca-Savio-Restaurant-353.jpg","type":"image\/jpeg"}],"twitter_card":"summary_large_image","twitter_misc":{"Szacowany czas czytania":"1 minuta"},"schema":{"@context":"https:\/\/schema.org","@graph":[{"@type":"WebPage","@id":"https:\/\/www.casavio.com\/pl\/uslugi\/restauracja-ca-savio\/","url":"https:\/\/www.casavio.com\/pl\/uslugi\/restauracja-ca-savio\/","name":"Restauracje w Cavallino Treporti &#8211; Camping Ca&#039; Savio","isPartOf":{"@id":"https:\/\/www.casavio.com\/pl\/#website"},"primaryImageOfPage":{"@id":"https:\/\/www.casavio.com\/pl\/uslugi\/restauracja-ca-savio\/#primaryimage"},"image":{"@id":"https:\/\/www.casavio.com\/pl\/uslugi\/restauracja-ca-savio\/#primaryimage"},"thumbnailUrl":"https:\/\/www.casavio.com\/wp-content\/uploads\/2020\/10\/2020_Ca-Savio-Restaurant-353.jpg","datePublished":"2019-11-07T09:57:16+00:00","dateModified":"2026-02-19T14:07:43+00:00","description":"Restauracje i supermarket w Cavallino: zobacz, gdzie znajduj\u0105 si\u0119 restauracje kempingu Ca 'Savio: codziennie znajdziesz \u015bwie\u017ce dania i pyszne menu. Na zakupy masz supermarkety w \u015brodku.","breadcrumb":{"@id":"https:\/\/www.casavio.com\/pl\/uslugi\/restauracja-ca-savio\/#breadcrumb"},"inLanguage":"pl-PL","potentialAction":[{"@type":"ReadAction","target":["https:\/\/www.casavio.com\/pl\/uslugi\/restauracja-ca-savio\/"]}]},{"@type":"ImageObject","inLanguage":"pl-PL","@id":"https:\/\/www.casavio.com\/pl\/uslugi\/restauracja-ca-savio\/#primaryimage","url":"https:\/\/www.casavio.com\/wp-content\/uploads\/2020\/10\/2020_Ca-Savio-Restaurant-353.jpg","contentUrl":"https:\/\/www.casavio.com\/wp-content\/uploads\/2020\/10\/2020_Ca-Savio-Restaurant-353.jpg","width":440,"height":600},{"@type":"BreadcrumbList","@id":"https:\/\/www.casavio.com\/pl\/uslugi\/restauracja-ca-savio\/#breadcrumb","itemListElement":[{"@type":"ListItem","position":1,"name":"Home","item":"https:\/\/www.casavio.com\/pl\/"},{"@type":"ListItem","position":2,"name":"Us\u0142ugi","item":"https:\/\/www.casavio.com\/pl\/uslugi\/"},{"@type":"ListItem","position":3,"name":"Restauracja"}]},{"@type":"WebSite","@id":"https:\/\/www.casavio.com\/pl\/#website","url":"https:\/\/www.casavio.com\/pl\/","name":"Camping Ca&#039; Savio","description":"","publisher":{"@id":"https:\/\/www.casavio.com\/pl\/#organization"},"potentialAction":[{"@type":"SearchAction","target":{"@type":"EntryPoint","urlTemplate":"https:\/\/www.casavio.com\/pl\/?s={search_term_string}"},"query-input":{"@type":"PropertyValueSpecification","valueRequired":true,"valueName":"search_term_string"}}],"inLanguage":"pl-PL"},{"@type":"Organization","@id":"https:\/\/www.casavio.com\/pl\/#organization","name":"Camping Ca'Savio","url":"https:\/\/www.casavio.com\/pl\/","logo":{"@type":"ImageObject","inLanguage":"pl-PL","@id":"https:\/\/www.casavio.com\/pl\/#\/schema\/logo\/image\/","url":"https:\/\/www.casavio.com\/wp-content\/uploads\/2024\/04\/favicon.png","contentUrl":"https:\/\/www.casavio.com\/wp-content\/uploads\/2024\/04\/favicon.png","width":144,"height":144,"caption":"Camping Ca'Savio"},"image":{"@id":"https:\/\/www.casavio.com\/pl\/#\/schema\/logo\/image\/"},"sameAs":["https:\/\/www.facebook.com\/campingcasavio","https:\/\/www.instagram.com\/campingcasavio","https:\/\/www.youtube.com\/user\/campingcasavio"]}]}},"_links":{"self":[{"href":"https:\/\/www.casavio.com\/pl\/wp-json\/wp\/v2\/pages\/10236","targetHints":{"allow":["GET"]}}],"collection":[{"href":"https:\/\/www.casavio.com\/pl\/wp-json\/wp\/v2\/pages"}],"about":[{"href":"https:\/\/www.casavio.com\/pl\/wp-json\/wp\/v2\/types\/page"}],"author":[{"embeddable":true,"href":"https:\/\/www.casavio.com\/pl\/wp-json\/wp\/v2\/users\/3"}],"replies":[{"embeddable":true,"href":"https:\/\/www.casavio.com\/pl\/wp-json\/wp\/v2\/comments?post=10236"}],"version-history":[{"count":1,"href":"https:\/\/www.casavio.com\/pl\/wp-json\/wp\/v2\/pages\/10236\/revisions"}],"predecessor-version":[{"id":46098,"href":"https:\/\/www.casavio.com\/pl\/wp-json\/wp\/v2\/pages\/10236\/revisions\/46098"}],"up":[{"embeddable":true,"href":"https:\/\/www.casavio.com\/pl\/wp-json\/wp\/v2\/pages\/10159"}],"wp:featuredmedia":[{"embeddable":true,"href":"https:\/\/www.casavio.com\/pl\/wp-json\/wp\/v2\/media\/13712"}],"wp:attachment":[{"href":"https:\/\/www.casavio.com\/pl\/wp-json\/wp\/v2\/media?parent=10236"}],"curies":[{"name":"wp","href":"https:\/\/api.w.org\/{rel}","templated":true}]}}