{"id":10273,"date":"2019-11-07T11:04:11","date_gmt":"2019-11-07T10:04:11","guid":{"rendered":"https:\/\/www.casavio.com\/aktywny-wypoczynek\/sport-i-fitness\/scuola-volley\/"},"modified":"2026-02-10T12:08:11","modified_gmt":"2026-02-10T11:08:11","slug":"szkolka-siatkowki-plazowej","status":"publish","type":"page","link":"https:\/\/www.casavio.com\/pl\/aktywny-wypoczynek\/sport-i-fitness\/szkolka-siatkowki-plazowej\/","title":{"rendered":"Siatk\u00f3wki pla\u017cowej"},"content":{"rendered":"<p>Szeroka <a href=\"https:\/\/www.casavio.com\/pl\/uslugi\/plaza-ca-savio\/\">pla\u017ca<\/a> o drobnym z\u0142ocistym piasku, z kt\u00f3rej rozci\u0105ga si\u0119 widok na kemping Ca\u2019Savio, jest idealnym miejscem nie tylko na relaks i podziwianie morza, ale tak\u017ce na uprawianie <strong>siatk\u00f3wki pla\u017cowej.<\/strong><\/p>\n<p>Co tydzie\u0144 mo\u017cna wzi\u0105\u0107 udzia\u0142 w <strong>turniejach<\/strong> organizowanych przez nasz zesp\u00f3\u0142 animator\u00f3w, zar\u00f3wno dla dzieci (rano), jak i dla doros\u0142ych (po po\u0142udniu).<br \/>\nMiejsce spotkania znajduje si\u0119 na pla\u017cy (wyj\u015bcie nr 3), gdzie znajduj\u0105 si\u0119 siatki do siatk\u00f3wki.<\/p>\n<p>&nbsp;<\/p>\n","protected":false},"excerpt":{"rendered":"<p>Otwarta dla wszystkich dzieci, kt\u00f3re chc\u0105 pozna\u0107 podstawy siatk\u00f3wki pla\u017cowej.<\/p>\n","protected":false},"author":3,"featured_media":3323,"parent":10264,"menu_order":56,"comment_status":"closed","ping_status":"closed","template":"","meta":{"_acf_changed":false},"class_list":["post-10273","page","type-page","status-publish","has-post-thumbnail","hentry"],"acf":[],"yoast_head":"<!-- This site is optimized with the Yoast SEO plugin v25.3 - https:\/\/yoast.com\/wordpress\/plugins\/seo\/ -->\n<title>Szk\u00f3\u0142ka Siatk\u00f3wki | Sport i Fitness na kempingu &#8211; Camping Ca&#039; Savio<\/title>\n<meta name=\"description\" content=\"Dzi\u0119ki naszym instruktorom mo\u017cesz gra\u0107 lub nauczy\u0107 si\u0119 gra\u0107 w siatk\u00f3wk\u0119 pla\u017cow\u0105. Dowiedz si\u0119 wi\u0119cej i skontaktuj si\u0119 z nami!\" \/>\n<meta name=\"robots\" content=\"index, follow, max-snippet:-1, max-image-preview:large, max-video-preview:-1\" \/>\n<link rel=\"canonical\" href=\"https:\/\/www.casavio.com\/pl\/aktywny-wypoczynek\/sport-i-fitness\/szkolka-siatkowki-plazowej\/\" \/>\n<meta property=\"og:locale\" content=\"pl_PL\" \/>\n<meta property=\"og:type\" content=\"article\" \/>\n<meta property=\"og:title\" content=\"Szk\u00f3\u0142ka Siatk\u00f3wki | Sport i Fitness na kempingu &#8211; Camping Ca&#039; Savio\" \/>\n<meta property=\"og:description\" content=\"Dzi\u0119ki naszym instruktorom mo\u017cesz gra\u0107 lub nauczy\u0107 si\u0119 gra\u0107 w siatk\u00f3wk\u0119 pla\u017cow\u0105. Dowiedz si\u0119 wi\u0119cej i skontaktuj si\u0119 z nami!\" \/>\n<meta property=\"og:url\" content=\"https:\/\/www.casavio.com\/pl\/aktywny-wypoczynek\/sport-i-fitness\/szkolka-siatkowki-plazowej\/\" \/>\n<meta property=\"og:site_name\" content=\"Camping Ca&#039; Savio\" \/>\n<meta property=\"article:publisher\" content=\"https:\/\/www.facebook.com\/campingcasavio\" \/>\n<meta property=\"article:modified_time\" content=\"2026-02-10T11:08:11+00:00\" \/>\n<meta property=\"og:image\" content=\"https:\/\/www.casavio.com\/wp-content\/uploads\/2019\/11\/ca-savio-sport-fitness-scuola-volley.jpg\" \/>\n\t<meta property=\"og:image:width\" content=\"440\" \/>\n\t<meta property=\"og:image:height\" content=\"600\" \/>\n\t<meta property=\"og:image:type\" content=\"image\/jpeg\" \/>\n<meta name=\"twitter:card\" content=\"summary_large_image\" \/>\n<meta name=\"twitter:label1\" content=\"Szacowany czas czytania\" \/>\n\t<meta name=\"twitter:data1\" content=\"1 minuta\" \/>\n<script type=\"application\/ld+json\" class=\"yoast-schema-graph\">{\"@context\":\"https:\/\/schema.org\",\"@graph\":[{\"@type\":\"WebPage\",\"@id\":\"https:\/\/www.casavio.com\/pl\/aktywny-wypoczynek\/sport-i-fitness\/szkolka-siatkowki-plazowej\/\",\"url\":\"https:\/\/www.casavio.com\/pl\/aktywny-wypoczynek\/sport-i-fitness\/szkolka-siatkowki-plazowej\/\",\"name\":\"Szk\u00f3\u0142ka Siatk\u00f3wki | Sport i Fitness na kempingu &#8211; Camping Ca&#039; Savio\",\"isPartOf\":{\"@id\":\"https:\/\/www.casavio.com\/pl\/#website\"},\"primaryImageOfPage\":{\"@id\":\"https:\/\/www.casavio.com\/pl\/aktywny-wypoczynek\/sport-i-fitness\/szkolka-siatkowki-plazowej\/#primaryimage\"},\"image\":{\"@id\":\"https:\/\/www.casavio.com\/pl\/aktywny-wypoczynek\/sport-i-fitness\/szkolka-siatkowki-plazowej\/#primaryimage\"},\"thumbnailUrl\":\"https:\/\/www.casavio.com\/wp-content\/uploads\/2019\/11\/ca-savio-sport-fitness-scuola-volley.jpg\",\"datePublished\":\"2019-11-07T10:04:11+00:00\",\"dateModified\":\"2026-02-10T11:08:11+00:00\",\"description\":\"Dzi\u0119ki naszym instruktorom mo\u017cesz gra\u0107 lub nauczy\u0107 si\u0119 gra\u0107 w siatk\u00f3wk\u0119 pla\u017cow\u0105. Dowiedz si\u0119 wi\u0119cej i skontaktuj si\u0119 z nami!\",\"breadcrumb\":{\"@id\":\"https:\/\/www.casavio.com\/pl\/aktywny-wypoczynek\/sport-i-fitness\/szkolka-siatkowki-plazowej\/#breadcrumb\"},\"inLanguage\":\"pl-PL\",\"potentialAction\":[{\"@type\":\"ReadAction\",\"target\":[\"https:\/\/www.casavio.com\/pl\/aktywny-wypoczynek\/sport-i-fitness\/szkolka-siatkowki-plazowej\/\"]}]},{\"@type\":\"ImageObject\",\"inLanguage\":\"pl-PL\",\"@id\":\"https:\/\/www.casavio.com\/pl\/aktywny-wypoczynek\/sport-i-fitness\/szkolka-siatkowki-plazowej\/#primaryimage\",\"url\":\"https:\/\/www.casavio.com\/wp-content\/uploads\/2019\/11\/ca-savio-sport-fitness-scuola-volley.jpg\",\"contentUrl\":\"https:\/\/www.casavio.com\/wp-content\/uploads\/2019\/11\/ca-savio-sport-fitness-scuola-volley.jpg\",\"width\":440,\"height\":600},{\"@type\":\"BreadcrumbList\",\"@id\":\"https:\/\/www.casavio.com\/pl\/aktywny-wypoczynek\/sport-i-fitness\/szkolka-siatkowki-plazowej\/#breadcrumb\",\"itemListElement\":[{\"@type\":\"ListItem\",\"position\":1,\"name\":\"Home\",\"item\":\"https:\/\/www.casavio.com\/pl\/\"},{\"@type\":\"ListItem\",\"position\":2,\"name\":\"Aktywny wypoczynek\",\"item\":\"https:\/\/www.casavio.com\/pl\/aktywny-wypoczynek\/\"},{\"@type\":\"ListItem\",\"position\":3,\"name\":\"Sport i Fitness\",\"item\":\"https:\/\/www.casavio.com\/pl\/aktywny-wypoczynek\/sport-i-fitness\/\"},{\"@type\":\"ListItem\",\"position\":4,\"name\":\"Siatk\u00f3wki pla\u017cowej\"}]},{\"@type\":\"WebSite\",\"@id\":\"https:\/\/www.casavio.com\/pl\/#website\",\"url\":\"https:\/\/www.casavio.com\/pl\/\",\"name\":\"Camping Ca&#039; Savio\",\"description\":\"\",\"publisher\":{\"@id\":\"https:\/\/www.casavio.com\/pl\/#organization\"},\"potentialAction\":[{\"@type\":\"SearchAction\",\"target\":{\"@type\":\"EntryPoint\",\"urlTemplate\":\"https:\/\/www.casavio.com\/pl\/?s={search_term_string}\"},\"query-input\":{\"@type\":\"PropertyValueSpecification\",\"valueRequired\":true,\"valueName\":\"search_term_string\"}}],\"inLanguage\":\"pl-PL\"},{\"@type\":\"Organization\",\"@id\":\"https:\/\/www.casavio.com\/pl\/#organization\",\"name\":\"Camping Ca'Savio\",\"url\":\"https:\/\/www.casavio.com\/pl\/\",\"logo\":{\"@type\":\"ImageObject\",\"inLanguage\":\"pl-PL\",\"@id\":\"https:\/\/www.casavio.com\/pl\/#\/schema\/logo\/image\/\",\"url\":\"https:\/\/www.casavio.com\/wp-content\/uploads\/2024\/04\/favicon.png\",\"contentUrl\":\"https:\/\/www.casavio.com\/wp-content\/uploads\/2024\/04\/favicon.png\",\"width\":144,\"height\":144,\"caption\":\"Camping Ca'Savio\"},\"image\":{\"@id\":\"https:\/\/www.casavio.com\/pl\/#\/schema\/logo\/image\/\"},\"sameAs\":[\"https:\/\/www.facebook.com\/campingcasavio\",\"https:\/\/www.instagram.com\/campingcasavio\",\"https:\/\/www.youtube.com\/user\/campingcasavio\"]}]}<\/script>\n<!-- \/ Yoast SEO plugin. -->","yoast_head_json":{"title":"Szk\u00f3\u0142ka Siatk\u00f3wki | Sport i Fitness na kempingu &#8211; Camping Ca&#039; Savio","description":"Dzi\u0119ki naszym instruktorom mo\u017cesz gra\u0107 lub nauczy\u0107 si\u0119 gra\u0107 w siatk\u00f3wk\u0119 pla\u017cow\u0105. Dowiedz si\u0119 wi\u0119cej i skontaktuj si\u0119 z nami!","robots":{"index":"index","follow":"follow","max-snippet":"max-snippet:-1","max-image-preview":"max-image-preview:large","max-video-preview":"max-video-preview:-1"},"canonical":"https:\/\/www.casavio.com\/pl\/aktywny-wypoczynek\/sport-i-fitness\/szkolka-siatkowki-plazowej\/","og_locale":"pl_PL","og_type":"article","og_title":"Szk\u00f3\u0142ka Siatk\u00f3wki | Sport i Fitness na kempingu &#8211; Camping Ca&#039; Savio","og_description":"Dzi\u0119ki naszym instruktorom mo\u017cesz gra\u0107 lub nauczy\u0107 si\u0119 gra\u0107 w siatk\u00f3wk\u0119 pla\u017cow\u0105. Dowiedz si\u0119 wi\u0119cej i skontaktuj si\u0119 z nami!","og_url":"https:\/\/www.casavio.com\/pl\/aktywny-wypoczynek\/sport-i-fitness\/szkolka-siatkowki-plazowej\/","og_site_name":"Camping Ca&#039; Savio","article_publisher":"https:\/\/www.facebook.com\/campingcasavio","article_modified_time":"2026-02-10T11:08:11+00:00","og_image":[{"width":440,"height":600,"url":"https:\/\/www.casavio.com\/wp-content\/uploads\/2019\/11\/ca-savio-sport-fitness-scuola-volley.jpg","type":"image\/jpeg"}],"twitter_card":"summary_large_image","twitter_misc":{"Szacowany czas czytania":"1 minuta"},"schema":{"@context":"https:\/\/schema.org","@graph":[{"@type":"WebPage","@id":"https:\/\/www.casavio.com\/pl\/aktywny-wypoczynek\/sport-i-fitness\/szkolka-siatkowki-plazowej\/","url":"https:\/\/www.casavio.com\/pl\/aktywny-wypoczynek\/sport-i-fitness\/szkolka-siatkowki-plazowej\/","name":"Szk\u00f3\u0142ka Siatk\u00f3wki | Sport i Fitness na kempingu &#8211; Camping Ca&#039; Savio","isPartOf":{"@id":"https:\/\/www.casavio.com\/pl\/#website"},"primaryImageOfPage":{"@id":"https:\/\/www.casavio.com\/pl\/aktywny-wypoczynek\/sport-i-fitness\/szkolka-siatkowki-plazowej\/#primaryimage"},"image":{"@id":"https:\/\/www.casavio.com\/pl\/aktywny-wypoczynek\/sport-i-fitness\/szkolka-siatkowki-plazowej\/#primaryimage"},"thumbnailUrl":"https:\/\/www.casavio.com\/wp-content\/uploads\/2019\/11\/ca-savio-sport-fitness-scuola-volley.jpg","datePublished":"2019-11-07T10:04:11+00:00","dateModified":"2026-02-10T11:08:11+00:00","description":"Dzi\u0119ki naszym instruktorom mo\u017cesz gra\u0107 lub nauczy\u0107 si\u0119 gra\u0107 w siatk\u00f3wk\u0119 pla\u017cow\u0105. Dowiedz si\u0119 wi\u0119cej i skontaktuj si\u0119 z nami!","breadcrumb":{"@id":"https:\/\/www.casavio.com\/pl\/aktywny-wypoczynek\/sport-i-fitness\/szkolka-siatkowki-plazowej\/#breadcrumb"},"inLanguage":"pl-PL","potentialAction":[{"@type":"ReadAction","target":["https:\/\/www.casavio.com\/pl\/aktywny-wypoczynek\/sport-i-fitness\/szkolka-siatkowki-plazowej\/"]}]},{"@type":"ImageObject","inLanguage":"pl-PL","@id":"https:\/\/www.casavio.com\/pl\/aktywny-wypoczynek\/sport-i-fitness\/szkolka-siatkowki-plazowej\/#primaryimage","url":"https:\/\/www.casavio.com\/wp-content\/uploads\/2019\/11\/ca-savio-sport-fitness-scuola-volley.jpg","contentUrl":"https:\/\/www.casavio.com\/wp-content\/uploads\/2019\/11\/ca-savio-sport-fitness-scuola-volley.jpg","width":440,"height":600},{"@type":"BreadcrumbList","@id":"https:\/\/www.casavio.com\/pl\/aktywny-wypoczynek\/sport-i-fitness\/szkolka-siatkowki-plazowej\/#breadcrumb","itemListElement":[{"@type":"ListItem","position":1,"name":"Home","item":"https:\/\/www.casavio.com\/pl\/"},{"@type":"ListItem","position":2,"name":"Aktywny wypoczynek","item":"https:\/\/www.casavio.com\/pl\/aktywny-wypoczynek\/"},{"@type":"ListItem","position":3,"name":"Sport i Fitness","item":"https:\/\/www.casavio.com\/pl\/aktywny-wypoczynek\/sport-i-fitness\/"},{"@type":"ListItem","position":4,"name":"Siatk\u00f3wki pla\u017cowej"}]},{"@type":"WebSite","@id":"https:\/\/www.casavio.com\/pl\/#website","url":"https:\/\/www.casavio.com\/pl\/","name":"Camping Ca&#039; Savio","description":"","publisher":{"@id":"https:\/\/www.casavio.com\/pl\/#organization"},"potentialAction":[{"@type":"SearchAction","target":{"@type":"EntryPoint","urlTemplate":"https:\/\/www.casavio.com\/pl\/?s={search_term_string}"},"query-input":{"@type":"PropertyValueSpecification","valueRequired":true,"valueName":"search_term_string"}}],"inLanguage":"pl-PL"},{"@type":"Organization","@id":"https:\/\/www.casavio.com\/pl\/#organization","name":"Camping Ca'Savio","url":"https:\/\/www.casavio.com\/pl\/","logo":{"@type":"ImageObject","inLanguage":"pl-PL","@id":"https:\/\/www.casavio.com\/pl\/#\/schema\/logo\/image\/","url":"https:\/\/www.casavio.com\/wp-content\/uploads\/2024\/04\/favicon.png","contentUrl":"https:\/\/www.casavio.com\/wp-content\/uploads\/2024\/04\/favicon.png","width":144,"height":144,"caption":"Camping Ca'Savio"},"image":{"@id":"https:\/\/www.casavio.com\/pl\/#\/schema\/logo\/image\/"},"sameAs":["https:\/\/www.facebook.com\/campingcasavio","https:\/\/www.instagram.com\/campingcasavio","https:\/\/www.youtube.com\/user\/campingcasavio"]}]}},"_links":{"self":[{"href":"https:\/\/www.casavio.com\/pl\/wp-json\/wp\/v2\/pages\/10273","targetHints":{"allow":["GET"]}}],"collection":[{"href":"https:\/\/www.casavio.com\/pl\/wp-json\/wp\/v2\/pages"}],"about":[{"href":"https:\/\/www.casavio.com\/pl\/wp-json\/wp\/v2\/types\/page"}],"author":[{"embeddable":true,"href":"https:\/\/www.casavio.com\/pl\/wp-json\/wp\/v2\/users\/3"}],"replies":[{"embeddable":true,"href":"https:\/\/www.casavio.com\/pl\/wp-json\/wp\/v2\/comments?post=10273"}],"version-history":[{"count":2,"href":"https:\/\/www.casavio.com\/pl\/wp-json\/wp\/v2\/pages\/10273\/revisions"}],"predecessor-version":[{"id":45948,"href":"https:\/\/www.casavio.com\/pl\/wp-json\/wp\/v2\/pages\/10273\/revisions\/45948"}],"up":[{"embeddable":true,"href":"https:\/\/www.casavio.com\/pl\/wp-json\/wp\/v2\/pages\/10264"}],"wp:featuredmedia":[{"embeddable":true,"href":"https:\/\/www.casavio.com\/pl\/wp-json\/wp\/v2\/media\/3323"}],"wp:attachment":[{"href":"https:\/\/www.casavio.com\/pl\/wp-json\/wp\/v2\/media?parent=10273"}],"curies":[{"name":"wp","href":"https:\/\/api.w.org\/{rel}","templated":true}]}}