{"id":10378,"date":"2019-11-07T11:12:54","date_gmt":"2019-11-07T10:12:54","guid":{"rendered":"https:\/\/www.casavio.com\/aktywny-wypoczynek\/wycieczki\/parco-acquatico-caribe-bay\/"},"modified":"2023-06-19T11:56:33","modified_gmt":"2023-06-19T09:56:33","slug":"wodny-park-rozrywki-caribe-bay","status":"publish","type":"page","link":"https:\/\/www.casavio.com\/pl\/aktywny-wypoczynek\/wycieczki\/wodny-park-rozrywki-caribe-bay\/","title":{"rendered":"Wodny park rozrywki Caribe Bay"},"content":{"rendered":"<p>Wielokrotnie nagradzany jako \u201enajlepszy tematyczny park wodny we W\u0142oszech\u201d, <strong>Caribe Bay<\/strong> w Jesolo to prawdziwa karaibska wyspa w odleg\u0142o\u015bci rzutu kamieniem od Wenecji, oaza zabawy o powierzchni 80.000\u00a0m2, kt\u00f3ra dostarcza r\u00f3\u017cnych rodzaj\u00f3w rozrywki i zabawy, odpowiednich dla wszystkich grup wiekowych (od dzieci, poprzez m\u0142odzie\u017c, a na ca\u0142ych rodzinach sko\u0144czywszy).<\/p>\n<p>Caribe Bay to nie zwyk\u0142y park wodny, ale wiele wi\u0119cej&#8230;<\/p>\n","protected":false},"excerpt":{"rendered":"<p>Caribe Bay, nagradzany wielokrotnie jako \u201enajlepszy tematyczny park wodny we W\u0142oszech\u201d, to prawdziwa karaibska wyspa w odleg\u0142o\u015bci rzutu kamieniem od Wenecji.<\/p>\n","protected":false},"author":3,"featured_media":23829,"parent":10356,"menu_order":71,"comment_status":"closed","ping_status":"closed","template":"","meta":{"_acf_changed":false},"class_list":["post-10378","page","type-page","status-publish","has-post-thumbnail","hentry"],"acf":[],"yoast_head":"<!-- This site is optimized with the Yoast SEO plugin v25.3 - https:\/\/yoast.com\/wordpress\/plugins\/seo\/ -->\n<title>Park Wodny Caribe Bay (Aqualandia): Rabat na bilety &#8211; Camping Ca&#039; Savio<\/title>\n<meta name=\"description\" content=\"Z kempingu Ca &#039;Savio mo\u017cna w kilka minut dotrze\u0107 do parku Caribe Bay (Aqualandia) w Jesolo: organizujemy codzienne wycieczki dla naszych go\u015bci.\" \/>\n<meta name=\"robots\" content=\"index, follow, max-snippet:-1, max-image-preview:large, max-video-preview:-1\" \/>\n<link rel=\"canonical\" href=\"https:\/\/www.casavio.com\/pl\/aktywny-wypoczynek\/wycieczki\/wodny-park-rozrywki-caribe-bay\/\" \/>\n<meta property=\"og:locale\" content=\"pl_PL\" \/>\n<meta property=\"og:type\" content=\"article\" \/>\n<meta property=\"og:title\" content=\"Park Wodny Caribe Bay (Aqualandia): Rabat na bilety &#8211; Camping Ca&#039; Savio\" \/>\n<meta property=\"og:description\" content=\"Z kempingu Ca &#039;Savio mo\u017cna w kilka minut dotrze\u0107 do parku Caribe Bay (Aqualandia) w Jesolo: organizujemy codzienne wycieczki dla naszych go\u015bci.\" \/>\n<meta property=\"og:url\" content=\"https:\/\/www.casavio.com\/pl\/aktywny-wypoczynek\/wycieczki\/wodny-park-rozrywki-caribe-bay\/\" \/>\n<meta property=\"og:site_name\" content=\"Camping Ca&#039; Savio\" \/>\n<meta property=\"article:publisher\" content=\"https:\/\/www.facebook.com\/campingcasavio\" \/>\n<meta property=\"article:modified_time\" content=\"2023-06-19T09:56:33+00:00\" \/>\n<meta property=\"og:image\" content=\"https:\/\/www.casavio.com\/wp-content\/uploads\/2022\/06\/caribe-bay.jpg\" \/>\n\t<meta property=\"og:image:width\" content=\"440\" \/>\n\t<meta property=\"og:image:height\" content=\"600\" \/>\n\t<meta property=\"og:image:type\" content=\"image\/jpeg\" \/>\n<meta name=\"twitter:card\" content=\"summary_large_image\" \/>\n<meta name=\"twitter:label1\" content=\"Szacowany czas czytania\" \/>\n\t<meta name=\"twitter:data1\" content=\"1 minuta\" \/>\n<script type=\"application\/ld+json\" class=\"yoast-schema-graph\">{\"@context\":\"https:\/\/schema.org\",\"@graph\":[{\"@type\":\"WebPage\",\"@id\":\"https:\/\/www.casavio.com\/pl\/aktywny-wypoczynek\/wycieczki\/wodny-park-rozrywki-caribe-bay\/\",\"url\":\"https:\/\/www.casavio.com\/pl\/aktywny-wypoczynek\/wycieczki\/wodny-park-rozrywki-caribe-bay\/\",\"name\":\"Park Wodny Caribe Bay (Aqualandia): Rabat na bilety &#8211; Camping Ca&#039; Savio\",\"isPartOf\":{\"@id\":\"https:\/\/www.casavio.com\/pl\/#website\"},\"primaryImageOfPage\":{\"@id\":\"https:\/\/www.casavio.com\/pl\/aktywny-wypoczynek\/wycieczki\/wodny-park-rozrywki-caribe-bay\/#primaryimage\"},\"image\":{\"@id\":\"https:\/\/www.casavio.com\/pl\/aktywny-wypoczynek\/wycieczki\/wodny-park-rozrywki-caribe-bay\/#primaryimage\"},\"thumbnailUrl\":\"https:\/\/www.casavio.com\/wp-content\/uploads\/2022\/06\/caribe-bay.jpg\",\"datePublished\":\"2019-11-07T10:12:54+00:00\",\"dateModified\":\"2023-06-19T09:56:33+00:00\",\"description\":\"Z kempingu Ca 'Savio mo\u017cna w kilka minut dotrze\u0107 do parku Caribe Bay (Aqualandia) w Jesolo: organizujemy codzienne wycieczki dla naszych go\u015bci.\",\"breadcrumb\":{\"@id\":\"https:\/\/www.casavio.com\/pl\/aktywny-wypoczynek\/wycieczki\/wodny-park-rozrywki-caribe-bay\/#breadcrumb\"},\"inLanguage\":\"pl-PL\",\"potentialAction\":[{\"@type\":\"ReadAction\",\"target\":[\"https:\/\/www.casavio.com\/pl\/aktywny-wypoczynek\/wycieczki\/wodny-park-rozrywki-caribe-bay\/\"]}]},{\"@type\":\"ImageObject\",\"inLanguage\":\"pl-PL\",\"@id\":\"https:\/\/www.casavio.com\/pl\/aktywny-wypoczynek\/wycieczki\/wodny-park-rozrywki-caribe-bay\/#primaryimage\",\"url\":\"https:\/\/www.casavio.com\/wp-content\/uploads\/2022\/06\/caribe-bay.jpg\",\"contentUrl\":\"https:\/\/www.casavio.com\/wp-content\/uploads\/2022\/06\/caribe-bay.jpg\",\"width\":440,\"height\":600},{\"@type\":\"BreadcrumbList\",\"@id\":\"https:\/\/www.casavio.com\/pl\/aktywny-wypoczynek\/wycieczki\/wodny-park-rozrywki-caribe-bay\/#breadcrumb\",\"itemListElement\":[{\"@type\":\"ListItem\",\"position\":1,\"name\":\"Home\",\"item\":\"https:\/\/www.casavio.com\/pl\/\"},{\"@type\":\"ListItem\",\"position\":2,\"name\":\"Aktywny wypoczynek\",\"item\":\"https:\/\/www.casavio.com\/pl\/aktywny-wypoczynek\/\"},{\"@type\":\"ListItem\",\"position\":3,\"name\":\"Wycieczki\",\"item\":\"https:\/\/www.casavio.com\/pl\/aktywny-wypoczynek\/wycieczki\/\"},{\"@type\":\"ListItem\",\"position\":4,\"name\":\"Wodny park rozrywki Caribe Bay\"}]},{\"@type\":\"WebSite\",\"@id\":\"https:\/\/www.casavio.com\/pl\/#website\",\"url\":\"https:\/\/www.casavio.com\/pl\/\",\"name\":\"Camping Ca&#039; Savio\",\"description\":\"\",\"publisher\":{\"@id\":\"https:\/\/www.casavio.com\/pl\/#organization\"},\"potentialAction\":[{\"@type\":\"SearchAction\",\"target\":{\"@type\":\"EntryPoint\",\"urlTemplate\":\"https:\/\/www.casavio.com\/pl\/?s={search_term_string}\"},\"query-input\":{\"@type\":\"PropertyValueSpecification\",\"valueRequired\":true,\"valueName\":\"search_term_string\"}}],\"inLanguage\":\"pl-PL\"},{\"@type\":\"Organization\",\"@id\":\"https:\/\/www.casavio.com\/pl\/#organization\",\"name\":\"Camping Ca'Savio\",\"url\":\"https:\/\/www.casavio.com\/pl\/\",\"logo\":{\"@type\":\"ImageObject\",\"inLanguage\":\"pl-PL\",\"@id\":\"https:\/\/www.casavio.com\/pl\/#\/schema\/logo\/image\/\",\"url\":\"https:\/\/www.casavio.com\/wp-content\/uploads\/2024\/04\/favicon.png\",\"contentUrl\":\"https:\/\/www.casavio.com\/wp-content\/uploads\/2024\/04\/favicon.png\",\"width\":144,\"height\":144,\"caption\":\"Camping Ca'Savio\"},\"image\":{\"@id\":\"https:\/\/www.casavio.com\/pl\/#\/schema\/logo\/image\/\"},\"sameAs\":[\"https:\/\/www.facebook.com\/campingcasavio\",\"https:\/\/www.instagram.com\/campingcasavio\",\"https:\/\/www.youtube.com\/user\/campingcasavio\"]}]}<\/script>\n<!-- \/ Yoast SEO plugin. -->","yoast_head_json":{"title":"Park Wodny Caribe Bay (Aqualandia): Rabat na bilety &#8211; Camping Ca&#039; Savio","description":"Z kempingu Ca 'Savio mo\u017cna w kilka minut dotrze\u0107 do parku Caribe Bay (Aqualandia) w Jesolo: organizujemy codzienne wycieczki dla naszych go\u015bci.","robots":{"index":"index","follow":"follow","max-snippet":"max-snippet:-1","max-image-preview":"max-image-preview:large","max-video-preview":"max-video-preview:-1"},"canonical":"https:\/\/www.casavio.com\/pl\/aktywny-wypoczynek\/wycieczki\/wodny-park-rozrywki-caribe-bay\/","og_locale":"pl_PL","og_type":"article","og_title":"Park Wodny Caribe Bay (Aqualandia): Rabat na bilety &#8211; Camping Ca&#039; Savio","og_description":"Z kempingu Ca 'Savio mo\u017cna w kilka minut dotrze\u0107 do parku Caribe Bay (Aqualandia) w Jesolo: organizujemy codzienne wycieczki dla naszych go\u015bci.","og_url":"https:\/\/www.casavio.com\/pl\/aktywny-wypoczynek\/wycieczki\/wodny-park-rozrywki-caribe-bay\/","og_site_name":"Camping Ca&#039; Savio","article_publisher":"https:\/\/www.facebook.com\/campingcasavio","article_modified_time":"2023-06-19T09:56:33+00:00","og_image":[{"width":440,"height":600,"url":"https:\/\/www.casavio.com\/wp-content\/uploads\/2022\/06\/caribe-bay.jpg","type":"image\/jpeg"}],"twitter_card":"summary_large_image","twitter_misc":{"Szacowany czas czytania":"1 minuta"},"schema":{"@context":"https:\/\/schema.org","@graph":[{"@type":"WebPage","@id":"https:\/\/www.casavio.com\/pl\/aktywny-wypoczynek\/wycieczki\/wodny-park-rozrywki-caribe-bay\/","url":"https:\/\/www.casavio.com\/pl\/aktywny-wypoczynek\/wycieczki\/wodny-park-rozrywki-caribe-bay\/","name":"Park Wodny Caribe Bay (Aqualandia): Rabat na bilety &#8211; Camping Ca&#039; Savio","isPartOf":{"@id":"https:\/\/www.casavio.com\/pl\/#website"},"primaryImageOfPage":{"@id":"https:\/\/www.casavio.com\/pl\/aktywny-wypoczynek\/wycieczki\/wodny-park-rozrywki-caribe-bay\/#primaryimage"},"image":{"@id":"https:\/\/www.casavio.com\/pl\/aktywny-wypoczynek\/wycieczki\/wodny-park-rozrywki-caribe-bay\/#primaryimage"},"thumbnailUrl":"https:\/\/www.casavio.com\/wp-content\/uploads\/2022\/06\/caribe-bay.jpg","datePublished":"2019-11-07T10:12:54+00:00","dateModified":"2023-06-19T09:56:33+00:00","description":"Z kempingu Ca 'Savio mo\u017cna w kilka minut dotrze\u0107 do parku Caribe Bay (Aqualandia) w Jesolo: organizujemy codzienne wycieczki dla naszych go\u015bci.","breadcrumb":{"@id":"https:\/\/www.casavio.com\/pl\/aktywny-wypoczynek\/wycieczki\/wodny-park-rozrywki-caribe-bay\/#breadcrumb"},"inLanguage":"pl-PL","potentialAction":[{"@type":"ReadAction","target":["https:\/\/www.casavio.com\/pl\/aktywny-wypoczynek\/wycieczki\/wodny-park-rozrywki-caribe-bay\/"]}]},{"@type":"ImageObject","inLanguage":"pl-PL","@id":"https:\/\/www.casavio.com\/pl\/aktywny-wypoczynek\/wycieczki\/wodny-park-rozrywki-caribe-bay\/#primaryimage","url":"https:\/\/www.casavio.com\/wp-content\/uploads\/2022\/06\/caribe-bay.jpg","contentUrl":"https:\/\/www.casavio.com\/wp-content\/uploads\/2022\/06\/caribe-bay.jpg","width":440,"height":600},{"@type":"BreadcrumbList","@id":"https:\/\/www.casavio.com\/pl\/aktywny-wypoczynek\/wycieczki\/wodny-park-rozrywki-caribe-bay\/#breadcrumb","itemListElement":[{"@type":"ListItem","position":1,"name":"Home","item":"https:\/\/www.casavio.com\/pl\/"},{"@type":"ListItem","position":2,"name":"Aktywny wypoczynek","item":"https:\/\/www.casavio.com\/pl\/aktywny-wypoczynek\/"},{"@type":"ListItem","position":3,"name":"Wycieczki","item":"https:\/\/www.casavio.com\/pl\/aktywny-wypoczynek\/wycieczki\/"},{"@type":"ListItem","position":4,"name":"Wodny park rozrywki Caribe Bay"}]},{"@type":"WebSite","@id":"https:\/\/www.casavio.com\/pl\/#website","url":"https:\/\/www.casavio.com\/pl\/","name":"Camping Ca&#039; Savio","description":"","publisher":{"@id":"https:\/\/www.casavio.com\/pl\/#organization"},"potentialAction":[{"@type":"SearchAction","target":{"@type":"EntryPoint","urlTemplate":"https:\/\/www.casavio.com\/pl\/?s={search_term_string}"},"query-input":{"@type":"PropertyValueSpecification","valueRequired":true,"valueName":"search_term_string"}}],"inLanguage":"pl-PL"},{"@type":"Organization","@id":"https:\/\/www.casavio.com\/pl\/#organization","name":"Camping Ca'Savio","url":"https:\/\/www.casavio.com\/pl\/","logo":{"@type":"ImageObject","inLanguage":"pl-PL","@id":"https:\/\/www.casavio.com\/pl\/#\/schema\/logo\/image\/","url":"https:\/\/www.casavio.com\/wp-content\/uploads\/2024\/04\/favicon.png","contentUrl":"https:\/\/www.casavio.com\/wp-content\/uploads\/2024\/04\/favicon.png","width":144,"height":144,"caption":"Camping Ca'Savio"},"image":{"@id":"https:\/\/www.casavio.com\/pl\/#\/schema\/logo\/image\/"},"sameAs":["https:\/\/www.facebook.com\/campingcasavio","https:\/\/www.instagram.com\/campingcasavio","https:\/\/www.youtube.com\/user\/campingcasavio"]}]}},"_links":{"self":[{"href":"https:\/\/www.casavio.com\/pl\/wp-json\/wp\/v2\/pages\/10378","targetHints":{"allow":["GET"]}}],"collection":[{"href":"https:\/\/www.casavio.com\/pl\/wp-json\/wp\/v2\/pages"}],"about":[{"href":"https:\/\/www.casavio.com\/pl\/wp-json\/wp\/v2\/types\/page"}],"author":[{"embeddable":true,"href":"https:\/\/www.casavio.com\/pl\/wp-json\/wp\/v2\/users\/3"}],"replies":[{"embeddable":true,"href":"https:\/\/www.casavio.com\/pl\/wp-json\/wp\/v2\/comments?post=10378"}],"version-history":[{"count":1,"href":"https:\/\/www.casavio.com\/pl\/wp-json\/wp\/v2\/pages\/10378\/revisions"}],"predecessor-version":[{"id":27959,"href":"https:\/\/www.casavio.com\/pl\/wp-json\/wp\/v2\/pages\/10378\/revisions\/27959"}],"up":[{"embeddable":true,"href":"https:\/\/www.casavio.com\/pl\/wp-json\/wp\/v2\/pages\/10356"}],"wp:featuredmedia":[{"embeddable":true,"href":"https:\/\/www.casavio.com\/pl\/wp-json\/wp\/v2\/media\/23829"}],"wp:attachment":[{"href":"https:\/\/www.casavio.com\/pl\/wp-json\/wp\/v2\/media?parent=10378"}],"curies":[{"name":"wp","href":"https:\/\/api.w.org\/{rel}","templated":true}]}}