{"id":10391,"date":"2019-11-07T11:14:36","date_gmt":"2019-11-07T10:14:36","guid":{"rendered":"https:\/\/www.casavio.com\/aktywny-wypoczynek\/turystyka-rowerowa\/percorsi-difficolta-media\/"},"modified":"2026-01-21T11:45:50","modified_gmt":"2026-01-21T10:45:50","slug":"trasy-o-srednio-niskim-stopniu-trudnosci","status":"publish","type":"page","link":"https:\/\/www.casavio.com\/pl\/aktywny-wypoczynek\/turystyka-rowerowa\/trasy-o-srednio-niskim-stopniu-trudnosci\/","title":{"rendered":"Trasy o \u015brednio-niskim stopniu trudno\u015bci"},"content":{"rendered":"<p>Istnieje wiele tras rowerowych wytyczonych po polnych \u015bcie\u017ckach wij\u0105cych si\u0119 wzd\u0142u\u017c okolicznych rzek, kt\u00f3re pozwalaj\u0105 rowerzy\u015bcie <strong>ca\u0142kowicie zanurzy\u0107 si\u0119 w przyrod\u0119<\/strong>.<\/p>\n<p>Stopie\u0144 trudno\u015bci proponowanych tras rowerowych jest jednak \u015brednio-niski i s\u0105 one odpowiednie dla rodzin ze starszymi dzie\u0107mi, kt\u00f3re dobrze opanowa\u0142y jazd\u0119 na rowerze.<\/p>\n<p>Na kempingu mo\u017cna <a href=\"https:\/\/www.casavio.com\/pl\/uslugi\/uslugi-dodatkowe\/wypozyczalnia-rowerow\/\">wypo\u017cyczy\u0107 rower<\/a>.<\/p>\n<p>&nbsp;<\/p>\n<p>&nbsp;<\/p>\n","protected":false},"excerpt":{"rendered":"<p>Trasy o \u015brednio-niskim stopniu trudno\u015bci dla rodzin ze starszymi dzie\u0107mi.<\/p>\n","protected":false},"author":3,"featured_media":36121,"parent":10385,"menu_order":75,"comment_status":"closed","ping_status":"closed","template":"templates\/tpl-routes.php","meta":{"_acf_changed":false},"class_list":["post-10391","page","type-page","status-publish","has-post-thumbnail","hentry"],"acf":[],"yoast_head":"<!-- This site is optimized with the Yoast SEO plugin v25.3 - https:\/\/yoast.com\/wordpress\/plugins\/seo\/ -->\n<title>Trasy o \u015brednio-niskim stopniu trudno\u015bci dla rodzin &#8211; Camping Ca&#039; Savio<\/title>\n<meta name=\"description\" content=\"Proponowane trasy s\u0105 odpowiednie dla rodzin z dzie\u0107mi i dzieci, kt\u00f3re dobrze znaj\u0105 rower.\" \/>\n<meta name=\"robots\" content=\"index, follow, max-snippet:-1, max-image-preview:large, max-video-preview:-1\" \/>\n<link rel=\"canonical\" href=\"https:\/\/www.casavio.com\/pl\/aktywny-wypoczynek\/turystyka-rowerowa\/trasy-o-srednio-niskim-stopniu-trudnosci\/\" \/>\n<meta property=\"og:locale\" content=\"pl_PL\" \/>\n<meta property=\"og:type\" content=\"article\" \/>\n<meta property=\"og:title\" content=\"Trasy o \u015brednio-niskim stopniu trudno\u015bci dla rodzin &#8211; Camping Ca&#039; Savio\" \/>\n<meta property=\"og:description\" content=\"Proponowane trasy s\u0105 odpowiednie dla rodzin z dzie\u0107mi i dzieci, kt\u00f3re dobrze znaj\u0105 rower.\" \/>\n<meta property=\"og:url\" content=\"https:\/\/www.casavio.com\/pl\/aktywny-wypoczynek\/turystyka-rowerowa\/trasy-o-srednio-niskim-stopniu-trudnosci\/\" \/>\n<meta property=\"og:site_name\" content=\"Camping Ca&#039; Savio\" \/>\n<meta property=\"article:publisher\" content=\"https:\/\/www.facebook.com\/campingcasavio\" \/>\n<meta property=\"article:modified_time\" content=\"2026-01-21T10:45:50+00:00\" \/>\n<meta property=\"og:image\" content=\"https:\/\/www.casavio.com\/wp-content\/uploads\/2024\/10\/cicloturismo_cavallino.jpg\" \/>\n\t<meta property=\"og:image:width\" content=\"440\" \/>\n\t<meta property=\"og:image:height\" content=\"600\" \/>\n\t<meta property=\"og:image:type\" content=\"image\/jpeg\" \/>\n<meta name=\"twitter:card\" content=\"summary_large_image\" \/>\n<meta name=\"twitter:label1\" content=\"Szacowany czas czytania\" \/>\n\t<meta name=\"twitter:data1\" content=\"1 minuta\" \/>\n<script type=\"application\/ld+json\" class=\"yoast-schema-graph\">{\"@context\":\"https:\/\/schema.org\",\"@graph\":[{\"@type\":\"WebPage\",\"@id\":\"https:\/\/www.casavio.com\/pl\/aktywny-wypoczynek\/turystyka-rowerowa\/trasy-o-srednio-niskim-stopniu-trudnosci\/\",\"url\":\"https:\/\/www.casavio.com\/pl\/aktywny-wypoczynek\/turystyka-rowerowa\/trasy-o-srednio-niskim-stopniu-trudnosci\/\",\"name\":\"Trasy o \u015brednio-niskim stopniu trudno\u015bci dla rodzin &#8211; Camping Ca&#039; Savio\",\"isPartOf\":{\"@id\":\"https:\/\/www.casavio.com\/pl\/#website\"},\"primaryImageOfPage\":{\"@id\":\"https:\/\/www.casavio.com\/pl\/aktywny-wypoczynek\/turystyka-rowerowa\/trasy-o-srednio-niskim-stopniu-trudnosci\/#primaryimage\"},\"image\":{\"@id\":\"https:\/\/www.casavio.com\/pl\/aktywny-wypoczynek\/turystyka-rowerowa\/trasy-o-srednio-niskim-stopniu-trudnosci\/#primaryimage\"},\"thumbnailUrl\":\"https:\/\/www.casavio.com\/wp-content\/uploads\/2024\/10\/cicloturismo_cavallino.jpg\",\"datePublished\":\"2019-11-07T10:14:36+00:00\",\"dateModified\":\"2026-01-21T10:45:50+00:00\",\"description\":\"Proponowane trasy s\u0105 odpowiednie dla rodzin z dzie\u0107mi i dzieci, kt\u00f3re dobrze znaj\u0105 rower.\",\"breadcrumb\":{\"@id\":\"https:\/\/www.casavio.com\/pl\/aktywny-wypoczynek\/turystyka-rowerowa\/trasy-o-srednio-niskim-stopniu-trudnosci\/#breadcrumb\"},\"inLanguage\":\"pl-PL\",\"potentialAction\":[{\"@type\":\"ReadAction\",\"target\":[\"https:\/\/www.casavio.com\/pl\/aktywny-wypoczynek\/turystyka-rowerowa\/trasy-o-srednio-niskim-stopniu-trudnosci\/\"]}]},{\"@type\":\"ImageObject\",\"inLanguage\":\"pl-PL\",\"@id\":\"https:\/\/www.casavio.com\/pl\/aktywny-wypoczynek\/turystyka-rowerowa\/trasy-o-srednio-niskim-stopniu-trudnosci\/#primaryimage\",\"url\":\"https:\/\/www.casavio.com\/wp-content\/uploads\/2024\/10\/cicloturismo_cavallino.jpg\",\"contentUrl\":\"https:\/\/www.casavio.com\/wp-content\/uploads\/2024\/10\/cicloturismo_cavallino.jpg\",\"width\":440,\"height\":600},{\"@type\":\"BreadcrumbList\",\"@id\":\"https:\/\/www.casavio.com\/pl\/aktywny-wypoczynek\/turystyka-rowerowa\/trasy-o-srednio-niskim-stopniu-trudnosci\/#breadcrumb\",\"itemListElement\":[{\"@type\":\"ListItem\",\"position\":1,\"name\":\"Home\",\"item\":\"https:\/\/www.casavio.com\/pl\/\"},{\"@type\":\"ListItem\",\"position\":2,\"name\":\"Aktywny wypoczynek\",\"item\":\"https:\/\/www.casavio.com\/pl\/aktywny-wypoczynek\/\"},{\"@type\":\"ListItem\",\"position\":3,\"name\":\"Turystyka rowerowa\",\"item\":\"https:\/\/www.casavio.com\/pl\/aktywny-wypoczynek\/turystyka-rowerowa\/\"},{\"@type\":\"ListItem\",\"position\":4,\"name\":\"Trasy o \u015brednio-niskim stopniu trudno\u015bci\"}]},{\"@type\":\"WebSite\",\"@id\":\"https:\/\/www.casavio.com\/pl\/#website\",\"url\":\"https:\/\/www.casavio.com\/pl\/\",\"name\":\"Camping Ca&#039; Savio\",\"description\":\"\",\"publisher\":{\"@id\":\"https:\/\/www.casavio.com\/pl\/#organization\"},\"potentialAction\":[{\"@type\":\"SearchAction\",\"target\":{\"@type\":\"EntryPoint\",\"urlTemplate\":\"https:\/\/www.casavio.com\/pl\/?s={search_term_string}\"},\"query-input\":{\"@type\":\"PropertyValueSpecification\",\"valueRequired\":true,\"valueName\":\"search_term_string\"}}],\"inLanguage\":\"pl-PL\"},{\"@type\":\"Organization\",\"@id\":\"https:\/\/www.casavio.com\/pl\/#organization\",\"name\":\"Camping Ca'Savio\",\"url\":\"https:\/\/www.casavio.com\/pl\/\",\"logo\":{\"@type\":\"ImageObject\",\"inLanguage\":\"pl-PL\",\"@id\":\"https:\/\/www.casavio.com\/pl\/#\/schema\/logo\/image\/\",\"url\":\"https:\/\/www.casavio.com\/wp-content\/uploads\/2024\/04\/favicon.png\",\"contentUrl\":\"https:\/\/www.casavio.com\/wp-content\/uploads\/2024\/04\/favicon.png\",\"width\":144,\"height\":144,\"caption\":\"Camping Ca'Savio\"},\"image\":{\"@id\":\"https:\/\/www.casavio.com\/pl\/#\/schema\/logo\/image\/\"},\"sameAs\":[\"https:\/\/www.facebook.com\/campingcasavio\",\"https:\/\/www.instagram.com\/campingcasavio\",\"https:\/\/www.youtube.com\/user\/campingcasavio\"]}]}<\/script>\n<!-- \/ Yoast SEO plugin. -->","yoast_head_json":{"title":"Trasy o \u015brednio-niskim stopniu trudno\u015bci dla rodzin &#8211; Camping Ca&#039; Savio","description":"Proponowane trasy s\u0105 odpowiednie dla rodzin z dzie\u0107mi i dzieci, kt\u00f3re dobrze znaj\u0105 rower.","robots":{"index":"index","follow":"follow","max-snippet":"max-snippet:-1","max-image-preview":"max-image-preview:large","max-video-preview":"max-video-preview:-1"},"canonical":"https:\/\/www.casavio.com\/pl\/aktywny-wypoczynek\/turystyka-rowerowa\/trasy-o-srednio-niskim-stopniu-trudnosci\/","og_locale":"pl_PL","og_type":"article","og_title":"Trasy o \u015brednio-niskim stopniu trudno\u015bci dla rodzin &#8211; Camping Ca&#039; Savio","og_description":"Proponowane trasy s\u0105 odpowiednie dla rodzin z dzie\u0107mi i dzieci, kt\u00f3re dobrze znaj\u0105 rower.","og_url":"https:\/\/www.casavio.com\/pl\/aktywny-wypoczynek\/turystyka-rowerowa\/trasy-o-srednio-niskim-stopniu-trudnosci\/","og_site_name":"Camping Ca&#039; Savio","article_publisher":"https:\/\/www.facebook.com\/campingcasavio","article_modified_time":"2026-01-21T10:45:50+00:00","og_image":[{"width":440,"height":600,"url":"https:\/\/www.casavio.com\/wp-content\/uploads\/2024\/10\/cicloturismo_cavallino.jpg","type":"image\/jpeg"}],"twitter_card":"summary_large_image","twitter_misc":{"Szacowany czas czytania":"1 minuta"},"schema":{"@context":"https:\/\/schema.org","@graph":[{"@type":"WebPage","@id":"https:\/\/www.casavio.com\/pl\/aktywny-wypoczynek\/turystyka-rowerowa\/trasy-o-srednio-niskim-stopniu-trudnosci\/","url":"https:\/\/www.casavio.com\/pl\/aktywny-wypoczynek\/turystyka-rowerowa\/trasy-o-srednio-niskim-stopniu-trudnosci\/","name":"Trasy o \u015brednio-niskim stopniu trudno\u015bci dla rodzin &#8211; Camping Ca&#039; Savio","isPartOf":{"@id":"https:\/\/www.casavio.com\/pl\/#website"},"primaryImageOfPage":{"@id":"https:\/\/www.casavio.com\/pl\/aktywny-wypoczynek\/turystyka-rowerowa\/trasy-o-srednio-niskim-stopniu-trudnosci\/#primaryimage"},"image":{"@id":"https:\/\/www.casavio.com\/pl\/aktywny-wypoczynek\/turystyka-rowerowa\/trasy-o-srednio-niskim-stopniu-trudnosci\/#primaryimage"},"thumbnailUrl":"https:\/\/www.casavio.com\/wp-content\/uploads\/2024\/10\/cicloturismo_cavallino.jpg","datePublished":"2019-11-07T10:14:36+00:00","dateModified":"2026-01-21T10:45:50+00:00","description":"Proponowane trasy s\u0105 odpowiednie dla rodzin z dzie\u0107mi i dzieci, kt\u00f3re dobrze znaj\u0105 rower.","breadcrumb":{"@id":"https:\/\/www.casavio.com\/pl\/aktywny-wypoczynek\/turystyka-rowerowa\/trasy-o-srednio-niskim-stopniu-trudnosci\/#breadcrumb"},"inLanguage":"pl-PL","potentialAction":[{"@type":"ReadAction","target":["https:\/\/www.casavio.com\/pl\/aktywny-wypoczynek\/turystyka-rowerowa\/trasy-o-srednio-niskim-stopniu-trudnosci\/"]}]},{"@type":"ImageObject","inLanguage":"pl-PL","@id":"https:\/\/www.casavio.com\/pl\/aktywny-wypoczynek\/turystyka-rowerowa\/trasy-o-srednio-niskim-stopniu-trudnosci\/#primaryimage","url":"https:\/\/www.casavio.com\/wp-content\/uploads\/2024\/10\/cicloturismo_cavallino.jpg","contentUrl":"https:\/\/www.casavio.com\/wp-content\/uploads\/2024\/10\/cicloturismo_cavallino.jpg","width":440,"height":600},{"@type":"BreadcrumbList","@id":"https:\/\/www.casavio.com\/pl\/aktywny-wypoczynek\/turystyka-rowerowa\/trasy-o-srednio-niskim-stopniu-trudnosci\/#breadcrumb","itemListElement":[{"@type":"ListItem","position":1,"name":"Home","item":"https:\/\/www.casavio.com\/pl\/"},{"@type":"ListItem","position":2,"name":"Aktywny wypoczynek","item":"https:\/\/www.casavio.com\/pl\/aktywny-wypoczynek\/"},{"@type":"ListItem","position":3,"name":"Turystyka rowerowa","item":"https:\/\/www.casavio.com\/pl\/aktywny-wypoczynek\/turystyka-rowerowa\/"},{"@type":"ListItem","position":4,"name":"Trasy o \u015brednio-niskim stopniu trudno\u015bci"}]},{"@type":"WebSite","@id":"https:\/\/www.casavio.com\/pl\/#website","url":"https:\/\/www.casavio.com\/pl\/","name":"Camping Ca&#039; Savio","description":"","publisher":{"@id":"https:\/\/www.casavio.com\/pl\/#organization"},"potentialAction":[{"@type":"SearchAction","target":{"@type":"EntryPoint","urlTemplate":"https:\/\/www.casavio.com\/pl\/?s={search_term_string}"},"query-input":{"@type":"PropertyValueSpecification","valueRequired":true,"valueName":"search_term_string"}}],"inLanguage":"pl-PL"},{"@type":"Organization","@id":"https:\/\/www.casavio.com\/pl\/#organization","name":"Camping Ca'Savio","url":"https:\/\/www.casavio.com\/pl\/","logo":{"@type":"ImageObject","inLanguage":"pl-PL","@id":"https:\/\/www.casavio.com\/pl\/#\/schema\/logo\/image\/","url":"https:\/\/www.casavio.com\/wp-content\/uploads\/2024\/04\/favicon.png","contentUrl":"https:\/\/www.casavio.com\/wp-content\/uploads\/2024\/04\/favicon.png","width":144,"height":144,"caption":"Camping Ca'Savio"},"image":{"@id":"https:\/\/www.casavio.com\/pl\/#\/schema\/logo\/image\/"},"sameAs":["https:\/\/www.facebook.com\/campingcasavio","https:\/\/www.instagram.com\/campingcasavio","https:\/\/www.youtube.com\/user\/campingcasavio"]}]}},"_links":{"self":[{"href":"https:\/\/www.casavio.com\/pl\/wp-json\/wp\/v2\/pages\/10391","targetHints":{"allow":["GET"]}}],"collection":[{"href":"https:\/\/www.casavio.com\/pl\/wp-json\/wp\/v2\/pages"}],"about":[{"href":"https:\/\/www.casavio.com\/pl\/wp-json\/wp\/v2\/types\/page"}],"author":[{"embeddable":true,"href":"https:\/\/www.casavio.com\/pl\/wp-json\/wp\/v2\/users\/3"}],"replies":[{"embeddable":true,"href":"https:\/\/www.casavio.com\/pl\/wp-json\/wp\/v2\/comments?post=10391"}],"version-history":[{"count":1,"href":"https:\/\/www.casavio.com\/pl\/wp-json\/wp\/v2\/pages\/10391\/revisions"}],"predecessor-version":[{"id":45581,"href":"https:\/\/www.casavio.com\/pl\/wp-json\/wp\/v2\/pages\/10391\/revisions\/45581"}],"up":[{"embeddable":true,"href":"https:\/\/www.casavio.com\/pl\/wp-json\/wp\/v2\/pages\/10385"}],"wp:featuredmedia":[{"embeddable":true,"href":"https:\/\/www.casavio.com\/pl\/wp-json\/wp\/v2\/media\/36121"}],"wp:attachment":[{"href":"https:\/\/www.casavio.com\/pl\/wp-json\/wp\/v2\/media?parent=10391"}],"curies":[{"name":"wp","href":"https:\/\/api.w.org\/{rel}","templated":true}]}}