{"id":10409,"date":"2019-11-26T12:06:38","date_gmt":"2019-11-26T11:06:38","guid":{"rendered":"https:\/\/www.casavio.com\/terytorium\/cavallino-i-laguna\/mercati-settimanali-a-cavallino-treporti\/"},"modified":"2025-12-12T10:25:03","modified_gmt":"2025-12-12T09:25:03","slug":"cotygodniowy-targ-w-cavallino-treporti","status":"publish","type":"page","link":"https:\/\/www.casavio.com\/pl\/terytorium\/cavallino-i-laguna\/cotygodniowy-targ-w-cavallino-treporti\/","title":{"rendered":"Cotygodniowy targ w Cavallino -Treporti"},"content":{"rendered":"<p>Zanurzone w autentycznej atmosferze lokalnego \u017cycia, <strong>cotygodniowe targi w Cavallino Treporti<\/strong> s\u0105 obowi\u0105zkowym punktem programu dla wszystkich, kt\u00f3rzy chc\u0105 pozna\u0107 tradycje i smaki tego fascynuj\u0105cego wybrze\u017ca.<\/p>\n<p><strong>Trzy g\u0142\u00f3wne targi w okolicy<\/strong>, odwiedzane zar\u00f3wno przez mieszka\u0144c\u00f3w, jak i wielu turyst\u00f3w zafascynowanych t\u0105 tradycj\u0105, odbywaj\u0105 si\u0119 w <strong>Cavallino, Treporti i Ca&#8217;Savio<\/strong>, a ka\u017cdy z nich ma swoje cechy charakterystyczne i oferuje inne produkty.<\/p>\n<p>Do wszystkich trzech miejsc <strong>mo\u017cna dojecha\u0107 autobusem lub rowerem<\/strong>, korzystaj\u0105c ze \u015bcie\u017cki rowerowej przy via Fausta do Cavallino lub \u015bcie\u017cki przy via Treportina, kt\u00f3ra prowadzi do centrum Treporti i dalej do przystani Ricevitoria, sk\u0105d mo\u017cna podziwia\u0107 wspania\u0142y widok na lagun\u0119.<\/p>\n","protected":false},"excerpt":{"rendered":"<p>Wszystkie praktyczne wskaz\u00f3wki dotycz\u0105ce zakup\u00f3w w okolicy kempingu.<\/p>\n","protected":false},"author":4,"featured_media":4562,"parent":10399,"menu_order":0,"comment_status":"closed","ping_status":"closed","template":"","meta":{"_acf_changed":false},"class_list":["post-10409","page","type-page","status-publish","has-post-thumbnail","hentry"],"acf":[],"yoast_head":"<!-- This site is optimized with the Yoast SEO plugin v25.3 - https:\/\/yoast.com\/wordpress\/plugins\/seo\/ -->\n<title>Co robi\u0107 w Ca&#039;Savio i Cavallinie? Oto ma\u0142y przewodnik. &#8211; Camping Ca&#039; Savio<\/title>\n<meta name=\"description\" content=\"Odwied\u017a targowiska w Cavallino-Treporti, aby pozna\u0107 tradycj\u0119 i skosztowa\u0107 lokalnych smak\u00f3w. Tutaj znajdziesz godziny otwarcia, informacje i lokalizacj\u0119 trzech cotygodniowych targowisk!\" \/>\n<meta name=\"robots\" content=\"index, follow, max-snippet:-1, max-image-preview:large, max-video-preview:-1\" \/>\n<link rel=\"canonical\" href=\"https:\/\/www.casavio.com\/pl\/terytorium\/cavallino-i-laguna\/cotygodniowy-targ-w-cavallino-treporti\/\" \/>\n<meta property=\"og:locale\" content=\"pl_PL\" \/>\n<meta property=\"og:type\" content=\"article\" \/>\n<meta property=\"og:title\" content=\"Co robi\u0107 w Ca&#039;Savio i Cavallinie? Oto ma\u0142y przewodnik. &#8211; Camping Ca&#039; Savio\" \/>\n<meta property=\"og:description\" content=\"Odwied\u017a targowiska w Cavallino-Treporti, aby pozna\u0107 tradycj\u0119 i skosztowa\u0107 lokalnych smak\u00f3w. Tutaj znajdziesz godziny otwarcia, informacje i lokalizacj\u0119 trzech cotygodniowych targowisk!\" \/>\n<meta property=\"og:url\" content=\"https:\/\/www.casavio.com\/pl\/terytorium\/cavallino-i-laguna\/cotygodniowy-targ-w-cavallino-treporti\/\" \/>\n<meta property=\"og:site_name\" content=\"Camping Ca&#039; Savio\" \/>\n<meta property=\"article:publisher\" content=\"https:\/\/www.facebook.com\/campingcasavio\" \/>\n<meta property=\"article:modified_time\" content=\"2025-12-12T09:25:03+00:00\" \/>\n<meta property=\"og:image\" content=\"https:\/\/www.casavio.com\/wp-content\/uploads\/2019\/11\/ca-savio-cavallino-treporti-shopping-box-1.jpg\" \/>\n\t<meta property=\"og:image:width\" content=\"440\" \/>\n\t<meta property=\"og:image:height\" content=\"600\" \/>\n\t<meta property=\"og:image:type\" content=\"image\/jpeg\" \/>\n<meta name=\"twitter:card\" content=\"summary_large_image\" \/>\n<meta name=\"twitter:label1\" content=\"Szacowany czas czytania\" \/>\n\t<meta name=\"twitter:data1\" content=\"1 minuta\" \/>\n<script type=\"application\/ld+json\" class=\"yoast-schema-graph\">{\"@context\":\"https:\/\/schema.org\",\"@graph\":[{\"@type\":\"WebPage\",\"@id\":\"https:\/\/www.casavio.com\/pl\/terytorium\/cavallino-i-laguna\/cotygodniowy-targ-w-cavallino-treporti\/\",\"url\":\"https:\/\/www.casavio.com\/pl\/terytorium\/cavallino-i-laguna\/cotygodniowy-targ-w-cavallino-treporti\/\",\"name\":\"Co robi\u0107 w Ca'Savio i Cavallinie? Oto ma\u0142y przewodnik. &#8211; Camping Ca&#039; Savio\",\"isPartOf\":{\"@id\":\"https:\/\/www.casavio.com\/pl\/#website\"},\"primaryImageOfPage\":{\"@id\":\"https:\/\/www.casavio.com\/pl\/terytorium\/cavallino-i-laguna\/cotygodniowy-targ-w-cavallino-treporti\/#primaryimage\"},\"image\":{\"@id\":\"https:\/\/www.casavio.com\/pl\/terytorium\/cavallino-i-laguna\/cotygodniowy-targ-w-cavallino-treporti\/#primaryimage\"},\"thumbnailUrl\":\"https:\/\/www.casavio.com\/wp-content\/uploads\/2019\/11\/ca-savio-cavallino-treporti-shopping-box-1.jpg\",\"datePublished\":\"2019-11-26T11:06:38+00:00\",\"dateModified\":\"2025-12-12T09:25:03+00:00\",\"description\":\"Odwied\u017a targowiska w Cavallino-Treporti, aby pozna\u0107 tradycj\u0119 i skosztowa\u0107 lokalnych smak\u00f3w. Tutaj znajdziesz godziny otwarcia, informacje i lokalizacj\u0119 trzech cotygodniowych targowisk!\",\"breadcrumb\":{\"@id\":\"https:\/\/www.casavio.com\/pl\/terytorium\/cavallino-i-laguna\/cotygodniowy-targ-w-cavallino-treporti\/#breadcrumb\"},\"inLanguage\":\"pl-PL\",\"potentialAction\":[{\"@type\":\"ReadAction\",\"target\":[\"https:\/\/www.casavio.com\/pl\/terytorium\/cavallino-i-laguna\/cotygodniowy-targ-w-cavallino-treporti\/\"]}]},{\"@type\":\"ImageObject\",\"inLanguage\":\"pl-PL\",\"@id\":\"https:\/\/www.casavio.com\/pl\/terytorium\/cavallino-i-laguna\/cotygodniowy-targ-w-cavallino-treporti\/#primaryimage\",\"url\":\"https:\/\/www.casavio.com\/wp-content\/uploads\/2019\/11\/ca-savio-cavallino-treporti-shopping-box-1.jpg\",\"contentUrl\":\"https:\/\/www.casavio.com\/wp-content\/uploads\/2019\/11\/ca-savio-cavallino-treporti-shopping-box-1.jpg\",\"width\":440,\"height\":600},{\"@type\":\"BreadcrumbList\",\"@id\":\"https:\/\/www.casavio.com\/pl\/terytorium\/cavallino-i-laguna\/cotygodniowy-targ-w-cavallino-treporti\/#breadcrumb\",\"itemListElement\":[{\"@type\":\"ListItem\",\"position\":1,\"name\":\"Home\",\"item\":\"https:\/\/www.casavio.com\/pl\/\"},{\"@type\":\"ListItem\",\"position\":2,\"name\":\"Terytorium\",\"item\":\"https:\/\/www.casavio.com\/pl\/terytorium\/\"},{\"@type\":\"ListItem\",\"position\":3,\"name\":\"Cavallino Treporti i laguna\",\"item\":\"https:\/\/www.casavio.com\/pl\/terytorium\/cavallino-i-laguna\/\"},{\"@type\":\"ListItem\",\"position\":4,\"name\":\"Cotygodniowy targ w Cavallino -Treporti\"}]},{\"@type\":\"WebSite\",\"@id\":\"https:\/\/www.casavio.com\/pl\/#website\",\"url\":\"https:\/\/www.casavio.com\/pl\/\",\"name\":\"Camping Ca&#039; Savio\",\"description\":\"\",\"publisher\":{\"@id\":\"https:\/\/www.casavio.com\/pl\/#organization\"},\"potentialAction\":[{\"@type\":\"SearchAction\",\"target\":{\"@type\":\"EntryPoint\",\"urlTemplate\":\"https:\/\/www.casavio.com\/pl\/?s={search_term_string}\"},\"query-input\":{\"@type\":\"PropertyValueSpecification\",\"valueRequired\":true,\"valueName\":\"search_term_string\"}}],\"inLanguage\":\"pl-PL\"},{\"@type\":\"Organization\",\"@id\":\"https:\/\/www.casavio.com\/pl\/#organization\",\"name\":\"Camping Ca'Savio\",\"url\":\"https:\/\/www.casavio.com\/pl\/\",\"logo\":{\"@type\":\"ImageObject\",\"inLanguage\":\"pl-PL\",\"@id\":\"https:\/\/www.casavio.com\/pl\/#\/schema\/logo\/image\/\",\"url\":\"https:\/\/www.casavio.com\/wp-content\/uploads\/2024\/04\/favicon.png\",\"contentUrl\":\"https:\/\/www.casavio.com\/wp-content\/uploads\/2024\/04\/favicon.png\",\"width\":144,\"height\":144,\"caption\":\"Camping Ca'Savio\"},\"image\":{\"@id\":\"https:\/\/www.casavio.com\/pl\/#\/schema\/logo\/image\/\"},\"sameAs\":[\"https:\/\/www.facebook.com\/campingcasavio\",\"https:\/\/www.instagram.com\/campingcasavio\",\"https:\/\/www.youtube.com\/user\/campingcasavio\"]}]}<\/script>\n<!-- \/ Yoast SEO plugin. -->","yoast_head_json":{"title":"Co robi\u0107 w Ca'Savio i Cavallinie? Oto ma\u0142y przewodnik. &#8211; Camping Ca&#039; Savio","description":"Odwied\u017a targowiska w Cavallino-Treporti, aby pozna\u0107 tradycj\u0119 i skosztowa\u0107 lokalnych smak\u00f3w. Tutaj znajdziesz godziny otwarcia, informacje i lokalizacj\u0119 trzech cotygodniowych targowisk!","robots":{"index":"index","follow":"follow","max-snippet":"max-snippet:-1","max-image-preview":"max-image-preview:large","max-video-preview":"max-video-preview:-1"},"canonical":"https:\/\/www.casavio.com\/pl\/terytorium\/cavallino-i-laguna\/cotygodniowy-targ-w-cavallino-treporti\/","og_locale":"pl_PL","og_type":"article","og_title":"Co robi\u0107 w Ca'Savio i Cavallinie? Oto ma\u0142y przewodnik. &#8211; Camping Ca&#039; Savio","og_description":"Odwied\u017a targowiska w Cavallino-Treporti, aby pozna\u0107 tradycj\u0119 i skosztowa\u0107 lokalnych smak\u00f3w. Tutaj znajdziesz godziny otwarcia, informacje i lokalizacj\u0119 trzech cotygodniowych targowisk!","og_url":"https:\/\/www.casavio.com\/pl\/terytorium\/cavallino-i-laguna\/cotygodniowy-targ-w-cavallino-treporti\/","og_site_name":"Camping Ca&#039; Savio","article_publisher":"https:\/\/www.facebook.com\/campingcasavio","article_modified_time":"2025-12-12T09:25:03+00:00","og_image":[{"width":440,"height":600,"url":"https:\/\/www.casavio.com\/wp-content\/uploads\/2019\/11\/ca-savio-cavallino-treporti-shopping-box-1.jpg","type":"image\/jpeg"}],"twitter_card":"summary_large_image","twitter_misc":{"Szacowany czas czytania":"1 minuta"},"schema":{"@context":"https:\/\/schema.org","@graph":[{"@type":"WebPage","@id":"https:\/\/www.casavio.com\/pl\/terytorium\/cavallino-i-laguna\/cotygodniowy-targ-w-cavallino-treporti\/","url":"https:\/\/www.casavio.com\/pl\/terytorium\/cavallino-i-laguna\/cotygodniowy-targ-w-cavallino-treporti\/","name":"Co robi\u0107 w Ca'Savio i Cavallinie? Oto ma\u0142y przewodnik. &#8211; Camping Ca&#039; Savio","isPartOf":{"@id":"https:\/\/www.casavio.com\/pl\/#website"},"primaryImageOfPage":{"@id":"https:\/\/www.casavio.com\/pl\/terytorium\/cavallino-i-laguna\/cotygodniowy-targ-w-cavallino-treporti\/#primaryimage"},"image":{"@id":"https:\/\/www.casavio.com\/pl\/terytorium\/cavallino-i-laguna\/cotygodniowy-targ-w-cavallino-treporti\/#primaryimage"},"thumbnailUrl":"https:\/\/www.casavio.com\/wp-content\/uploads\/2019\/11\/ca-savio-cavallino-treporti-shopping-box-1.jpg","datePublished":"2019-11-26T11:06:38+00:00","dateModified":"2025-12-12T09:25:03+00:00","description":"Odwied\u017a targowiska w Cavallino-Treporti, aby pozna\u0107 tradycj\u0119 i skosztowa\u0107 lokalnych smak\u00f3w. Tutaj znajdziesz godziny otwarcia, informacje i lokalizacj\u0119 trzech cotygodniowych targowisk!","breadcrumb":{"@id":"https:\/\/www.casavio.com\/pl\/terytorium\/cavallino-i-laguna\/cotygodniowy-targ-w-cavallino-treporti\/#breadcrumb"},"inLanguage":"pl-PL","potentialAction":[{"@type":"ReadAction","target":["https:\/\/www.casavio.com\/pl\/terytorium\/cavallino-i-laguna\/cotygodniowy-targ-w-cavallino-treporti\/"]}]},{"@type":"ImageObject","inLanguage":"pl-PL","@id":"https:\/\/www.casavio.com\/pl\/terytorium\/cavallino-i-laguna\/cotygodniowy-targ-w-cavallino-treporti\/#primaryimage","url":"https:\/\/www.casavio.com\/wp-content\/uploads\/2019\/11\/ca-savio-cavallino-treporti-shopping-box-1.jpg","contentUrl":"https:\/\/www.casavio.com\/wp-content\/uploads\/2019\/11\/ca-savio-cavallino-treporti-shopping-box-1.jpg","width":440,"height":600},{"@type":"BreadcrumbList","@id":"https:\/\/www.casavio.com\/pl\/terytorium\/cavallino-i-laguna\/cotygodniowy-targ-w-cavallino-treporti\/#breadcrumb","itemListElement":[{"@type":"ListItem","position":1,"name":"Home","item":"https:\/\/www.casavio.com\/pl\/"},{"@type":"ListItem","position":2,"name":"Terytorium","item":"https:\/\/www.casavio.com\/pl\/terytorium\/"},{"@type":"ListItem","position":3,"name":"Cavallino Treporti i laguna","item":"https:\/\/www.casavio.com\/pl\/terytorium\/cavallino-i-laguna\/"},{"@type":"ListItem","position":4,"name":"Cotygodniowy targ w Cavallino -Treporti"}]},{"@type":"WebSite","@id":"https:\/\/www.casavio.com\/pl\/#website","url":"https:\/\/www.casavio.com\/pl\/","name":"Camping Ca&#039; Savio","description":"","publisher":{"@id":"https:\/\/www.casavio.com\/pl\/#organization"},"potentialAction":[{"@type":"SearchAction","target":{"@type":"EntryPoint","urlTemplate":"https:\/\/www.casavio.com\/pl\/?s={search_term_string}"},"query-input":{"@type":"PropertyValueSpecification","valueRequired":true,"valueName":"search_term_string"}}],"inLanguage":"pl-PL"},{"@type":"Organization","@id":"https:\/\/www.casavio.com\/pl\/#organization","name":"Camping Ca'Savio","url":"https:\/\/www.casavio.com\/pl\/","logo":{"@type":"ImageObject","inLanguage":"pl-PL","@id":"https:\/\/www.casavio.com\/pl\/#\/schema\/logo\/image\/","url":"https:\/\/www.casavio.com\/wp-content\/uploads\/2024\/04\/favicon.png","contentUrl":"https:\/\/www.casavio.com\/wp-content\/uploads\/2024\/04\/favicon.png","width":144,"height":144,"caption":"Camping Ca'Savio"},"image":{"@id":"https:\/\/www.casavio.com\/pl\/#\/schema\/logo\/image\/"},"sameAs":["https:\/\/www.facebook.com\/campingcasavio","https:\/\/www.instagram.com\/campingcasavio","https:\/\/www.youtube.com\/user\/campingcasavio"]}]}},"_links":{"self":[{"href":"https:\/\/www.casavio.com\/pl\/wp-json\/wp\/v2\/pages\/10409","targetHints":{"allow":["GET"]}}],"collection":[{"href":"https:\/\/www.casavio.com\/pl\/wp-json\/wp\/v2\/pages"}],"about":[{"href":"https:\/\/www.casavio.com\/pl\/wp-json\/wp\/v2\/types\/page"}],"author":[{"embeddable":true,"href":"https:\/\/www.casavio.com\/pl\/wp-json\/wp\/v2\/users\/4"}],"replies":[{"embeddable":true,"href":"https:\/\/www.casavio.com\/pl\/wp-json\/wp\/v2\/comments?post=10409"}],"version-history":[{"count":2,"href":"https:\/\/www.casavio.com\/pl\/wp-json\/wp\/v2\/pages\/10409\/revisions"}],"predecessor-version":[{"id":45048,"href":"https:\/\/www.casavio.com\/pl\/wp-json\/wp\/v2\/pages\/10409\/revisions\/45048"}],"up":[{"embeddable":true,"href":"https:\/\/www.casavio.com\/pl\/wp-json\/wp\/v2\/pages\/10399"}],"wp:featuredmedia":[{"embeddable":true,"href":"https:\/\/www.casavio.com\/pl\/wp-json\/wp\/v2\/media\/4562"}],"wp:attachment":[{"href":"https:\/\/www.casavio.com\/pl\/wp-json\/wp\/v2\/media?parent=10409"}],"curies":[{"name":"wp","href":"https:\/\/api.w.org\/{rel}","templated":true}]}}