{"id":10415,"date":"2019-11-26T12:54:43","date_gmt":"2019-11-26T11:54:43","guid":{"rendered":"https:\/\/www.casavio.com\/terytorium\/wenecja-i-wyspy\/come-raggiungere-le-isole\/"},"modified":"2023-11-29T11:39:45","modified_gmt":"2023-11-29T10:39:45","slug":"jak-dotrzec-na-wyspy","status":"publish","type":"page","link":"https:\/\/www.casavio.com\/pl\/terytorium\/wenecja-i-wyspy\/jak-dotrzec-na-wyspy\/","title":{"rendered":"Jak dotrze\u0107 na wyspy"},"content":{"rendered":"<p><strong>Przysta\u0144 w Treporti<\/strong> (oko\u0142o 5 km od kempingu)<br \/>\nSt\u0105d mo\u017cna dotrze\u0107 na wyspy <strong>Vignole &#8211; S. Erasmo<\/strong>, <strong>Burano<\/strong> &#8211; <strong>Mazzorbo <\/strong>&#8211; <strong>Murano<\/strong>.<\/p>\n<p>Mo\u017cesz dojecha\u0107 do miejsca przyj\u0119cia pasa\u017cer\u00f3w na pok\u0142ad <a href=\"https:\/\/www.casavio.com\/pl\/uslugi\/uslugi-dodatkowe\/wypozyczalnia-rowerow\/\">rowerem<\/a>, samochodem lub autobusem.<\/p>\n<p><strong>Trasa<\/strong>:<\/p>\n<p>Samochodem lub rowerem przejed\u017a ca\u0142\u0105 drog\u0119 przez Ca\u2019Savio, przejed\u017a przez most Treporti i kieruj si\u0119 znakami \u201e<strong>Ricevitoria<\/strong>\u201d.<br \/>\nAlternatywnie, mo\u017cna wsi\u0105\u015b\u0107 do autobusu wyruszaj\u0105cego z parkingu poza terenem kempingu.<\/p>\n<p><strong>Bilety<\/strong>:<br \/>\nBilety mo\u017cna kupi\u0107 bezpo\u015brednio w <a href=\"https:\/\/www.casavio.com\/pl\/uslugi\/uslugi-wliczone-w-cene\/biuro-customer-care\/\">biurze obs\u0142ugi klienta<\/a> na kempingu.<\/p>\n<ul>\n<li>Bilety dla dzieci do 6 lat: bezp\u0142atne.<\/li>\n<li>Bilet jest wa\u017cny 24 godziny na autobus + statek motorowy + linie nawigacyjne: 30\u20ac.<\/li>\n<\/ul>\n<p>Je\u015bli wolisz dotrze\u0107 na przysta\u0144 samochodem lub rowerem, bilet na statek motorowy musisz zakupi\u0107 kupi\u0107 bezpo\u015brednio w P. Sabbioni w kasie ACTV.<\/p>\n<ul>\n<li>Bilet w jedn\u0105 stron\u0119: 9,50 \u20ac.<\/li>\n<\/ul>\n<p><strong>Wycieczki zorganizowane:<\/strong><br \/>\n<a href=\"https:\/\/www.casavio.com\/pl\/aktywny-wypoczynek\/wycieczki\/dzien-w-wenecji-i-na-wyspach\/\">\u0141odzi\u0105 do Wenecji i na wyspy laguny<\/a><\/p>\n","protected":false},"excerpt":{"rendered":"<p>Wszystkie informacje na temat tego, jak dotrze\u0107 na Burano, Murano i Torcello.<\/p>\n","protected":false},"author":4,"featured_media":4668,"parent":10412,"menu_order":0,"comment_status":"closed","ping_status":"closed","template":"","meta":{"_acf_changed":false},"class_list":["post-10415","page","type-page","status-publish","has-post-thumbnail","hentry"],"acf":[],"yoast_head":"<!-- This site is optimized with the Yoast SEO plugin v25.3 - https:\/\/yoast.com\/wordpress\/plugins\/seo\/ -->\n<title>Jak dotrze\u0107 na wyspy Laguny Weneckiej &#8211; Camping Ca&#039; Savio<\/title>\n<meta name=\"description\" content=\"Odwied\u017a Murano, Burano i Torcello. Przyprowad\u017a swoje dzieci i rodzin\u0119, aby podziwia\u0107 pi\u0119kno tych trzech s\u0142ynnych wysp Wenecji!\" \/>\n<meta name=\"robots\" content=\"index, follow, max-snippet:-1, max-image-preview:large, max-video-preview:-1\" \/>\n<link rel=\"canonical\" href=\"https:\/\/www.casavio.com\/pl\/terytorium\/wenecja-i-wyspy\/jak-dotrzec-na-wyspy\/\" \/>\n<meta property=\"og:locale\" content=\"pl_PL\" \/>\n<meta property=\"og:type\" content=\"article\" \/>\n<meta property=\"og:title\" content=\"Jak dotrze\u0107 na wyspy Laguny Weneckiej &#8211; Camping Ca&#039; Savio\" \/>\n<meta property=\"og:description\" content=\"Odwied\u017a Murano, Burano i Torcello. Przyprowad\u017a swoje dzieci i rodzin\u0119, aby podziwia\u0107 pi\u0119kno tych trzech s\u0142ynnych wysp Wenecji!\" \/>\n<meta property=\"og:url\" content=\"https:\/\/www.casavio.com\/pl\/terytorium\/wenecja-i-wyspy\/jak-dotrzec-na-wyspy\/\" \/>\n<meta property=\"og:site_name\" content=\"Camping Ca&#039; Savio\" \/>\n<meta property=\"article:publisher\" content=\"https:\/\/www.facebook.com\/campingcasavio\" \/>\n<meta property=\"article:modified_time\" content=\"2023-11-29T10:39:45+00:00\" \/>\n<meta property=\"og:image\" content=\"https:\/\/www.casavio.com\/wp-content\/uploads\/2019\/11\/ca-savio-territorio-venezia-raggiungere-isole.jpg\" \/>\n\t<meta property=\"og:image:width\" content=\"440\" \/>\n\t<meta property=\"og:image:height\" content=\"600\" \/>\n\t<meta property=\"og:image:type\" content=\"image\/jpeg\" \/>\n<meta name=\"twitter:card\" content=\"summary_large_image\" \/>\n<meta name=\"twitter:label1\" content=\"Szacowany czas czytania\" \/>\n\t<meta name=\"twitter:data1\" content=\"1 minuta\" \/>\n<script type=\"application\/ld+json\" class=\"yoast-schema-graph\">{\"@context\":\"https:\/\/schema.org\",\"@graph\":[{\"@type\":\"WebPage\",\"@id\":\"https:\/\/www.casavio.com\/pl\/terytorium\/wenecja-i-wyspy\/jak-dotrzec-na-wyspy\/\",\"url\":\"https:\/\/www.casavio.com\/pl\/terytorium\/wenecja-i-wyspy\/jak-dotrzec-na-wyspy\/\",\"name\":\"Jak dotrze\u0107 na wyspy Laguny Weneckiej &#8211; Camping Ca&#039; Savio\",\"isPartOf\":{\"@id\":\"https:\/\/www.casavio.com\/pl\/#website\"},\"primaryImageOfPage\":{\"@id\":\"https:\/\/www.casavio.com\/pl\/terytorium\/wenecja-i-wyspy\/jak-dotrzec-na-wyspy\/#primaryimage\"},\"image\":{\"@id\":\"https:\/\/www.casavio.com\/pl\/terytorium\/wenecja-i-wyspy\/jak-dotrzec-na-wyspy\/#primaryimage\"},\"thumbnailUrl\":\"https:\/\/www.casavio.com\/wp-content\/uploads\/2019\/11\/ca-savio-territorio-venezia-raggiungere-isole.jpg\",\"datePublished\":\"2019-11-26T11:54:43+00:00\",\"dateModified\":\"2023-11-29T10:39:45+00:00\",\"description\":\"Odwied\u017a Murano, Burano i Torcello. Przyprowad\u017a swoje dzieci i rodzin\u0119, aby podziwia\u0107 pi\u0119kno tych trzech s\u0142ynnych wysp Wenecji!\",\"breadcrumb\":{\"@id\":\"https:\/\/www.casavio.com\/pl\/terytorium\/wenecja-i-wyspy\/jak-dotrzec-na-wyspy\/#breadcrumb\"},\"inLanguage\":\"pl-PL\",\"potentialAction\":[{\"@type\":\"ReadAction\",\"target\":[\"https:\/\/www.casavio.com\/pl\/terytorium\/wenecja-i-wyspy\/jak-dotrzec-na-wyspy\/\"]}]},{\"@type\":\"ImageObject\",\"inLanguage\":\"pl-PL\",\"@id\":\"https:\/\/www.casavio.com\/pl\/terytorium\/wenecja-i-wyspy\/jak-dotrzec-na-wyspy\/#primaryimage\",\"url\":\"https:\/\/www.casavio.com\/wp-content\/uploads\/2019\/11\/ca-savio-territorio-venezia-raggiungere-isole.jpg\",\"contentUrl\":\"https:\/\/www.casavio.com\/wp-content\/uploads\/2019\/11\/ca-savio-territorio-venezia-raggiungere-isole.jpg\",\"width\":440,\"height\":600},{\"@type\":\"BreadcrumbList\",\"@id\":\"https:\/\/www.casavio.com\/pl\/terytorium\/wenecja-i-wyspy\/jak-dotrzec-na-wyspy\/#breadcrumb\",\"itemListElement\":[{\"@type\":\"ListItem\",\"position\":1,\"name\":\"Home\",\"item\":\"https:\/\/www.casavio.com\/pl\/\"},{\"@type\":\"ListItem\",\"position\":2,\"name\":\"Terytorium\",\"item\":\"https:\/\/www.casavio.com\/pl\/terytorium\/\"},{\"@type\":\"ListItem\",\"position\":3,\"name\":\"Wenecja i wyspy\",\"item\":\"https:\/\/www.casavio.com\/pl\/terytorium\/wenecja-i-wyspy\/\"},{\"@type\":\"ListItem\",\"position\":4,\"name\":\"Jak dotrze\u0107 na wyspy\"}]},{\"@type\":\"WebSite\",\"@id\":\"https:\/\/www.casavio.com\/pl\/#website\",\"url\":\"https:\/\/www.casavio.com\/pl\/\",\"name\":\"Camping Ca&#039; Savio\",\"description\":\"\",\"publisher\":{\"@id\":\"https:\/\/www.casavio.com\/pl\/#organization\"},\"potentialAction\":[{\"@type\":\"SearchAction\",\"target\":{\"@type\":\"EntryPoint\",\"urlTemplate\":\"https:\/\/www.casavio.com\/pl\/?s={search_term_string}\"},\"query-input\":{\"@type\":\"PropertyValueSpecification\",\"valueRequired\":true,\"valueName\":\"search_term_string\"}}],\"inLanguage\":\"pl-PL\"},{\"@type\":\"Organization\",\"@id\":\"https:\/\/www.casavio.com\/pl\/#organization\",\"name\":\"Camping Ca'Savio\",\"url\":\"https:\/\/www.casavio.com\/pl\/\",\"logo\":{\"@type\":\"ImageObject\",\"inLanguage\":\"pl-PL\",\"@id\":\"https:\/\/www.casavio.com\/pl\/#\/schema\/logo\/image\/\",\"url\":\"https:\/\/www.casavio.com\/wp-content\/uploads\/2024\/04\/favicon.png\",\"contentUrl\":\"https:\/\/www.casavio.com\/wp-content\/uploads\/2024\/04\/favicon.png\",\"width\":144,\"height\":144,\"caption\":\"Camping Ca'Savio\"},\"image\":{\"@id\":\"https:\/\/www.casavio.com\/pl\/#\/schema\/logo\/image\/\"},\"sameAs\":[\"https:\/\/www.facebook.com\/campingcasavio\",\"https:\/\/www.instagram.com\/campingcasavio\",\"https:\/\/www.youtube.com\/user\/campingcasavio\"]}]}<\/script>\n<!-- \/ Yoast SEO plugin. -->","yoast_head_json":{"title":"Jak dotrze\u0107 na wyspy Laguny Weneckiej &#8211; Camping Ca&#039; Savio","description":"Odwied\u017a Murano, Burano i Torcello. Przyprowad\u017a swoje dzieci i rodzin\u0119, aby podziwia\u0107 pi\u0119kno tych trzech s\u0142ynnych wysp Wenecji!","robots":{"index":"index","follow":"follow","max-snippet":"max-snippet:-1","max-image-preview":"max-image-preview:large","max-video-preview":"max-video-preview:-1"},"canonical":"https:\/\/www.casavio.com\/pl\/terytorium\/wenecja-i-wyspy\/jak-dotrzec-na-wyspy\/","og_locale":"pl_PL","og_type":"article","og_title":"Jak dotrze\u0107 na wyspy Laguny Weneckiej &#8211; Camping Ca&#039; Savio","og_description":"Odwied\u017a Murano, Burano i Torcello. Przyprowad\u017a swoje dzieci i rodzin\u0119, aby podziwia\u0107 pi\u0119kno tych trzech s\u0142ynnych wysp Wenecji!","og_url":"https:\/\/www.casavio.com\/pl\/terytorium\/wenecja-i-wyspy\/jak-dotrzec-na-wyspy\/","og_site_name":"Camping Ca&#039; Savio","article_publisher":"https:\/\/www.facebook.com\/campingcasavio","article_modified_time":"2023-11-29T10:39:45+00:00","og_image":[{"width":440,"height":600,"url":"https:\/\/www.casavio.com\/wp-content\/uploads\/2019\/11\/ca-savio-territorio-venezia-raggiungere-isole.jpg","type":"image\/jpeg"}],"twitter_card":"summary_large_image","twitter_misc":{"Szacowany czas czytania":"1 minuta"},"schema":{"@context":"https:\/\/schema.org","@graph":[{"@type":"WebPage","@id":"https:\/\/www.casavio.com\/pl\/terytorium\/wenecja-i-wyspy\/jak-dotrzec-na-wyspy\/","url":"https:\/\/www.casavio.com\/pl\/terytorium\/wenecja-i-wyspy\/jak-dotrzec-na-wyspy\/","name":"Jak dotrze\u0107 na wyspy Laguny Weneckiej &#8211; Camping Ca&#039; Savio","isPartOf":{"@id":"https:\/\/www.casavio.com\/pl\/#website"},"primaryImageOfPage":{"@id":"https:\/\/www.casavio.com\/pl\/terytorium\/wenecja-i-wyspy\/jak-dotrzec-na-wyspy\/#primaryimage"},"image":{"@id":"https:\/\/www.casavio.com\/pl\/terytorium\/wenecja-i-wyspy\/jak-dotrzec-na-wyspy\/#primaryimage"},"thumbnailUrl":"https:\/\/www.casavio.com\/wp-content\/uploads\/2019\/11\/ca-savio-territorio-venezia-raggiungere-isole.jpg","datePublished":"2019-11-26T11:54:43+00:00","dateModified":"2023-11-29T10:39:45+00:00","description":"Odwied\u017a Murano, Burano i Torcello. Przyprowad\u017a swoje dzieci i rodzin\u0119, aby podziwia\u0107 pi\u0119kno tych trzech s\u0142ynnych wysp Wenecji!","breadcrumb":{"@id":"https:\/\/www.casavio.com\/pl\/terytorium\/wenecja-i-wyspy\/jak-dotrzec-na-wyspy\/#breadcrumb"},"inLanguage":"pl-PL","potentialAction":[{"@type":"ReadAction","target":["https:\/\/www.casavio.com\/pl\/terytorium\/wenecja-i-wyspy\/jak-dotrzec-na-wyspy\/"]}]},{"@type":"ImageObject","inLanguage":"pl-PL","@id":"https:\/\/www.casavio.com\/pl\/terytorium\/wenecja-i-wyspy\/jak-dotrzec-na-wyspy\/#primaryimage","url":"https:\/\/www.casavio.com\/wp-content\/uploads\/2019\/11\/ca-savio-territorio-venezia-raggiungere-isole.jpg","contentUrl":"https:\/\/www.casavio.com\/wp-content\/uploads\/2019\/11\/ca-savio-territorio-venezia-raggiungere-isole.jpg","width":440,"height":600},{"@type":"BreadcrumbList","@id":"https:\/\/www.casavio.com\/pl\/terytorium\/wenecja-i-wyspy\/jak-dotrzec-na-wyspy\/#breadcrumb","itemListElement":[{"@type":"ListItem","position":1,"name":"Home","item":"https:\/\/www.casavio.com\/pl\/"},{"@type":"ListItem","position":2,"name":"Terytorium","item":"https:\/\/www.casavio.com\/pl\/terytorium\/"},{"@type":"ListItem","position":3,"name":"Wenecja i wyspy","item":"https:\/\/www.casavio.com\/pl\/terytorium\/wenecja-i-wyspy\/"},{"@type":"ListItem","position":4,"name":"Jak dotrze\u0107 na wyspy"}]},{"@type":"WebSite","@id":"https:\/\/www.casavio.com\/pl\/#website","url":"https:\/\/www.casavio.com\/pl\/","name":"Camping Ca&#039; Savio","description":"","publisher":{"@id":"https:\/\/www.casavio.com\/pl\/#organization"},"potentialAction":[{"@type":"SearchAction","target":{"@type":"EntryPoint","urlTemplate":"https:\/\/www.casavio.com\/pl\/?s={search_term_string}"},"query-input":{"@type":"PropertyValueSpecification","valueRequired":true,"valueName":"search_term_string"}}],"inLanguage":"pl-PL"},{"@type":"Organization","@id":"https:\/\/www.casavio.com\/pl\/#organization","name":"Camping Ca'Savio","url":"https:\/\/www.casavio.com\/pl\/","logo":{"@type":"ImageObject","inLanguage":"pl-PL","@id":"https:\/\/www.casavio.com\/pl\/#\/schema\/logo\/image\/","url":"https:\/\/www.casavio.com\/wp-content\/uploads\/2024\/04\/favicon.png","contentUrl":"https:\/\/www.casavio.com\/wp-content\/uploads\/2024\/04\/favicon.png","width":144,"height":144,"caption":"Camping Ca'Savio"},"image":{"@id":"https:\/\/www.casavio.com\/pl\/#\/schema\/logo\/image\/"},"sameAs":["https:\/\/www.facebook.com\/campingcasavio","https:\/\/www.instagram.com\/campingcasavio","https:\/\/www.youtube.com\/user\/campingcasavio"]}]}},"_links":{"self":[{"href":"https:\/\/www.casavio.com\/pl\/wp-json\/wp\/v2\/pages\/10415","targetHints":{"allow":["GET"]}}],"collection":[{"href":"https:\/\/www.casavio.com\/pl\/wp-json\/wp\/v2\/pages"}],"about":[{"href":"https:\/\/www.casavio.com\/pl\/wp-json\/wp\/v2\/types\/page"}],"author":[{"embeddable":true,"href":"https:\/\/www.casavio.com\/pl\/wp-json\/wp\/v2\/users\/4"}],"replies":[{"embeddable":true,"href":"https:\/\/www.casavio.com\/pl\/wp-json\/wp\/v2\/comments?post=10415"}],"version-history":[{"count":2,"href":"https:\/\/www.casavio.com\/pl\/wp-json\/wp\/v2\/pages\/10415\/revisions"}],"predecessor-version":[{"id":29444,"href":"https:\/\/www.casavio.com\/pl\/wp-json\/wp\/v2\/pages\/10415\/revisions\/29444"}],"up":[{"embeddable":true,"href":"https:\/\/www.casavio.com\/pl\/wp-json\/wp\/v2\/pages\/10412"}],"wp:featuredmedia":[{"embeddable":true,"href":"https:\/\/www.casavio.com\/pl\/wp-json\/wp\/v2\/media\/4668"}],"wp:attachment":[{"href":"https:\/\/www.casavio.com\/pl\/wp-json\/wp\/v2\/media?parent=10415"}],"curies":[{"name":"wp","href":"https:\/\/api.w.org\/{rel}","templated":true}]}}