{"id":10425,"date":"2019-11-27T09:50:06","date_gmt":"2019-11-27T08:50:06","guid":{"rendered":"https:\/\/www.casavio.com\/terytorium\/wenecja-i-wyspy\/visitare-venezia-e-le-isole\/"},"modified":"2025-12-10T10:37:47","modified_gmt":"2025-12-10T09:37:47","slug":"zwiedzanie-wenecji-i-wyspy","status":"publish","type":"page","link":"https:\/\/www.casavio.com\/pl\/terytorium\/wenecja-i-wyspy\/zwiedzanie-wenecji-i-wyspy\/","title":{"rendered":"Zwiedzanie Wenecji i wyspy"},"content":{"rendered":"<p>Kemping Ca\u2019Savio jest przywilejowan\u0105 baz\u0105 do zwiedzania Wenecji.<\/p>\n<p><a href=\"https:\/\/www.casavio.com\/pl\/terytorium\/wenecja-i-wyspy\/jak-dojechac-do-wenecji\/\"><u>Mo\u017cecie dosta\u0107 si\u0119 do miasta <strong>statkiem<\/strong><\/u><\/a>, przep\u0142ywaj\u0105c Lagun\u0119 i wysi\u0105\u015b\u0107 tu\u017c przy placu \u015aw.Marka.<\/p>\n<p>Niezale\u017cnie od tego czy jest to dla Was pierwsza wizyta w Wenecji czy te\u017c nie, mo\u017cecie z tego miejsca rozpocz\u0105\u0107 w\u0119dr\u00f3wk\u0119 po kana\u0142ach, muzeach i zabytkach.<\/p>\n<p>Z Kempingu Ca\u2019Savio mo\u017cna r\u00f3wnie\u017c swobodnie dop\u0142yn\u0105\u0107 statkiem do <a href=\"https:\/\/www.casavio.com\/pl\/terytorium\/wenecja-i-wyspy\/jak-dotrzec-na-wyspy\/\"><u>Burano, Murano i Torcello<\/u><\/a>, s\u0142ynne ze swoich koronek, szk\u0142a i wyj\u0105tkowego pi\u0119kna.<\/p>\n","protected":false},"excerpt":{"rendered":"<p>Informacje na temat zwiedzania Wenecji.<\/p>\n","protected":false},"author":4,"featured_media":4756,"parent":10412,"menu_order":0,"comment_status":"closed","ping_status":"closed","template":"","meta":{"_acf_changed":false},"class_list":["post-10425","page","type-page","status-publish","has-post-thumbnail","hentry"],"acf":[],"yoast_head":"<!-- This site is optimized with the Yoast SEO plugin v25.3 - https:\/\/yoast.com\/wordpress\/plugins\/seo\/ -->\n<title>Zwiedzanie Wenecji i wyspy &#8211; Camping Ca&#039; Savio<\/title>\n<meta name=\"description\" content=\"Z Kempingu Ca\u2019Savio mo\u017cna r\u00f3wnie\u017c swobodnie dop\u0142yn\u0105\u0107 statkiem do Burano, Murano i Torcello, s\u0142ynne ze swoich koronek, szk\u0142a i wyj\u0105tkowego pi\u0119kna.\" \/>\n<meta name=\"robots\" content=\"index, follow, max-snippet:-1, max-image-preview:large, max-video-preview:-1\" \/>\n<link rel=\"canonical\" href=\"https:\/\/www.casavio.com\/pl\/terytorium\/wenecja-i-wyspy\/zwiedzanie-wenecji-i-wyspy\/\" \/>\n<meta property=\"og:locale\" content=\"pl_PL\" \/>\n<meta property=\"og:type\" content=\"article\" \/>\n<meta property=\"og:title\" content=\"Zwiedzanie Wenecji i wyspy &#8211; Camping Ca&#039; Savio\" \/>\n<meta property=\"og:description\" content=\"Z Kempingu Ca\u2019Savio mo\u017cna r\u00f3wnie\u017c swobodnie dop\u0142yn\u0105\u0107 statkiem do Burano, Murano i Torcello, s\u0142ynne ze swoich koronek, szk\u0142a i wyj\u0105tkowego pi\u0119kna.\" \/>\n<meta property=\"og:url\" content=\"https:\/\/www.casavio.com\/pl\/terytorium\/wenecja-i-wyspy\/zwiedzanie-wenecji-i-wyspy\/\" \/>\n<meta property=\"og:site_name\" content=\"Camping Ca&#039; Savio\" \/>\n<meta property=\"article:publisher\" content=\"https:\/\/www.facebook.com\/campingcasavio\" \/>\n<meta property=\"article:modified_time\" content=\"2025-12-10T09:37:47+00:00\" \/>\n<meta property=\"og:image\" content=\"https:\/\/www.casavio.com\/wp-content\/uploads\/2019\/11\/ca-savio-territorio-venezia-visitare-venezia.jpg\" \/>\n\t<meta property=\"og:image:width\" content=\"440\" \/>\n\t<meta property=\"og:image:height\" content=\"600\" \/>\n\t<meta property=\"og:image:type\" content=\"image\/jpeg\" \/>\n<meta name=\"twitter:card\" content=\"summary_large_image\" \/>\n<meta name=\"twitter:label1\" content=\"Szacowany czas czytania\" \/>\n\t<meta name=\"twitter:data1\" content=\"1 minuta\" \/>\n<script type=\"application\/ld+json\" class=\"yoast-schema-graph\">{\"@context\":\"https:\/\/schema.org\",\"@graph\":[{\"@type\":\"WebPage\",\"@id\":\"https:\/\/www.casavio.com\/pl\/terytorium\/wenecja-i-wyspy\/zwiedzanie-wenecji-i-wyspy\/\",\"url\":\"https:\/\/www.casavio.com\/pl\/terytorium\/wenecja-i-wyspy\/zwiedzanie-wenecji-i-wyspy\/\",\"name\":\"Zwiedzanie Wenecji i wyspy &#8211; Camping Ca&#039; Savio\",\"isPartOf\":{\"@id\":\"https:\/\/www.casavio.com\/pl\/#website\"},\"primaryImageOfPage\":{\"@id\":\"https:\/\/www.casavio.com\/pl\/terytorium\/wenecja-i-wyspy\/zwiedzanie-wenecji-i-wyspy\/#primaryimage\"},\"image\":{\"@id\":\"https:\/\/www.casavio.com\/pl\/terytorium\/wenecja-i-wyspy\/zwiedzanie-wenecji-i-wyspy\/#primaryimage\"},\"thumbnailUrl\":\"https:\/\/www.casavio.com\/wp-content\/uploads\/2019\/11\/ca-savio-territorio-venezia-visitare-venezia.jpg\",\"datePublished\":\"2019-11-27T08:50:06+00:00\",\"dateModified\":\"2025-12-10T09:37:47+00:00\",\"description\":\"Z Kempingu Ca\u2019Savio mo\u017cna r\u00f3wnie\u017c swobodnie dop\u0142yn\u0105\u0107 statkiem do Burano, Murano i Torcello, s\u0142ynne ze swoich koronek, szk\u0142a i wyj\u0105tkowego pi\u0119kna.\",\"breadcrumb\":{\"@id\":\"https:\/\/www.casavio.com\/pl\/terytorium\/wenecja-i-wyspy\/zwiedzanie-wenecji-i-wyspy\/#breadcrumb\"},\"inLanguage\":\"pl-PL\",\"potentialAction\":[{\"@type\":\"ReadAction\",\"target\":[\"https:\/\/www.casavio.com\/pl\/terytorium\/wenecja-i-wyspy\/zwiedzanie-wenecji-i-wyspy\/\"]}]},{\"@type\":\"ImageObject\",\"inLanguage\":\"pl-PL\",\"@id\":\"https:\/\/www.casavio.com\/pl\/terytorium\/wenecja-i-wyspy\/zwiedzanie-wenecji-i-wyspy\/#primaryimage\",\"url\":\"https:\/\/www.casavio.com\/wp-content\/uploads\/2019\/11\/ca-savio-territorio-venezia-visitare-venezia.jpg\",\"contentUrl\":\"https:\/\/www.casavio.com\/wp-content\/uploads\/2019\/11\/ca-savio-territorio-venezia-visitare-venezia.jpg\",\"width\":440,\"height\":600},{\"@type\":\"BreadcrumbList\",\"@id\":\"https:\/\/www.casavio.com\/pl\/terytorium\/wenecja-i-wyspy\/zwiedzanie-wenecji-i-wyspy\/#breadcrumb\",\"itemListElement\":[{\"@type\":\"ListItem\",\"position\":1,\"name\":\"Home\",\"item\":\"https:\/\/www.casavio.com\/pl\/\"},{\"@type\":\"ListItem\",\"position\":2,\"name\":\"Terytorium\",\"item\":\"https:\/\/www.casavio.com\/pl\/terytorium\/\"},{\"@type\":\"ListItem\",\"position\":3,\"name\":\"Wenecja i wyspy\",\"item\":\"https:\/\/www.casavio.com\/pl\/terytorium\/wenecja-i-wyspy\/\"},{\"@type\":\"ListItem\",\"position\":4,\"name\":\"Zwiedzanie Wenecji i wyspy\"}]},{\"@type\":\"WebSite\",\"@id\":\"https:\/\/www.casavio.com\/pl\/#website\",\"url\":\"https:\/\/www.casavio.com\/pl\/\",\"name\":\"Camping Ca&#039; Savio\",\"description\":\"\",\"publisher\":{\"@id\":\"https:\/\/www.casavio.com\/pl\/#organization\"},\"potentialAction\":[{\"@type\":\"SearchAction\",\"target\":{\"@type\":\"EntryPoint\",\"urlTemplate\":\"https:\/\/www.casavio.com\/pl\/?s={search_term_string}\"},\"query-input\":{\"@type\":\"PropertyValueSpecification\",\"valueRequired\":true,\"valueName\":\"search_term_string\"}}],\"inLanguage\":\"pl-PL\"},{\"@type\":\"Organization\",\"@id\":\"https:\/\/www.casavio.com\/pl\/#organization\",\"name\":\"Camping Ca'Savio\",\"url\":\"https:\/\/www.casavio.com\/pl\/\",\"logo\":{\"@type\":\"ImageObject\",\"inLanguage\":\"pl-PL\",\"@id\":\"https:\/\/www.casavio.com\/pl\/#\/schema\/logo\/image\/\",\"url\":\"https:\/\/www.casavio.com\/wp-content\/uploads\/2024\/04\/favicon.png\",\"contentUrl\":\"https:\/\/www.casavio.com\/wp-content\/uploads\/2024\/04\/favicon.png\",\"width\":144,\"height\":144,\"caption\":\"Camping Ca'Savio\"},\"image\":{\"@id\":\"https:\/\/www.casavio.com\/pl\/#\/schema\/logo\/image\/\"},\"sameAs\":[\"https:\/\/www.facebook.com\/campingcasavio\",\"https:\/\/www.instagram.com\/campingcasavio\",\"https:\/\/www.youtube.com\/user\/campingcasavio\"]}]}<\/script>\n<!-- \/ Yoast SEO plugin. -->","yoast_head_json":{"title":"Zwiedzanie Wenecji i wyspy &#8211; Camping Ca&#039; Savio","description":"Z Kempingu Ca\u2019Savio mo\u017cna r\u00f3wnie\u017c swobodnie dop\u0142yn\u0105\u0107 statkiem do Burano, Murano i Torcello, s\u0142ynne ze swoich koronek, szk\u0142a i wyj\u0105tkowego pi\u0119kna.","robots":{"index":"index","follow":"follow","max-snippet":"max-snippet:-1","max-image-preview":"max-image-preview:large","max-video-preview":"max-video-preview:-1"},"canonical":"https:\/\/www.casavio.com\/pl\/terytorium\/wenecja-i-wyspy\/zwiedzanie-wenecji-i-wyspy\/","og_locale":"pl_PL","og_type":"article","og_title":"Zwiedzanie Wenecji i wyspy &#8211; Camping Ca&#039; Savio","og_description":"Z Kempingu Ca\u2019Savio mo\u017cna r\u00f3wnie\u017c swobodnie dop\u0142yn\u0105\u0107 statkiem do Burano, Murano i Torcello, s\u0142ynne ze swoich koronek, szk\u0142a i wyj\u0105tkowego pi\u0119kna.","og_url":"https:\/\/www.casavio.com\/pl\/terytorium\/wenecja-i-wyspy\/zwiedzanie-wenecji-i-wyspy\/","og_site_name":"Camping Ca&#039; Savio","article_publisher":"https:\/\/www.facebook.com\/campingcasavio","article_modified_time":"2025-12-10T09:37:47+00:00","og_image":[{"width":440,"height":600,"url":"https:\/\/www.casavio.com\/wp-content\/uploads\/2019\/11\/ca-savio-territorio-venezia-visitare-venezia.jpg","type":"image\/jpeg"}],"twitter_card":"summary_large_image","twitter_misc":{"Szacowany czas czytania":"1 minuta"},"schema":{"@context":"https:\/\/schema.org","@graph":[{"@type":"WebPage","@id":"https:\/\/www.casavio.com\/pl\/terytorium\/wenecja-i-wyspy\/zwiedzanie-wenecji-i-wyspy\/","url":"https:\/\/www.casavio.com\/pl\/terytorium\/wenecja-i-wyspy\/zwiedzanie-wenecji-i-wyspy\/","name":"Zwiedzanie Wenecji i wyspy &#8211; Camping Ca&#039; Savio","isPartOf":{"@id":"https:\/\/www.casavio.com\/pl\/#website"},"primaryImageOfPage":{"@id":"https:\/\/www.casavio.com\/pl\/terytorium\/wenecja-i-wyspy\/zwiedzanie-wenecji-i-wyspy\/#primaryimage"},"image":{"@id":"https:\/\/www.casavio.com\/pl\/terytorium\/wenecja-i-wyspy\/zwiedzanie-wenecji-i-wyspy\/#primaryimage"},"thumbnailUrl":"https:\/\/www.casavio.com\/wp-content\/uploads\/2019\/11\/ca-savio-territorio-venezia-visitare-venezia.jpg","datePublished":"2019-11-27T08:50:06+00:00","dateModified":"2025-12-10T09:37:47+00:00","description":"Z Kempingu Ca\u2019Savio mo\u017cna r\u00f3wnie\u017c swobodnie dop\u0142yn\u0105\u0107 statkiem do Burano, Murano i Torcello, s\u0142ynne ze swoich koronek, szk\u0142a i wyj\u0105tkowego pi\u0119kna.","breadcrumb":{"@id":"https:\/\/www.casavio.com\/pl\/terytorium\/wenecja-i-wyspy\/zwiedzanie-wenecji-i-wyspy\/#breadcrumb"},"inLanguage":"pl-PL","potentialAction":[{"@type":"ReadAction","target":["https:\/\/www.casavio.com\/pl\/terytorium\/wenecja-i-wyspy\/zwiedzanie-wenecji-i-wyspy\/"]}]},{"@type":"ImageObject","inLanguage":"pl-PL","@id":"https:\/\/www.casavio.com\/pl\/terytorium\/wenecja-i-wyspy\/zwiedzanie-wenecji-i-wyspy\/#primaryimage","url":"https:\/\/www.casavio.com\/wp-content\/uploads\/2019\/11\/ca-savio-territorio-venezia-visitare-venezia.jpg","contentUrl":"https:\/\/www.casavio.com\/wp-content\/uploads\/2019\/11\/ca-savio-territorio-venezia-visitare-venezia.jpg","width":440,"height":600},{"@type":"BreadcrumbList","@id":"https:\/\/www.casavio.com\/pl\/terytorium\/wenecja-i-wyspy\/zwiedzanie-wenecji-i-wyspy\/#breadcrumb","itemListElement":[{"@type":"ListItem","position":1,"name":"Home","item":"https:\/\/www.casavio.com\/pl\/"},{"@type":"ListItem","position":2,"name":"Terytorium","item":"https:\/\/www.casavio.com\/pl\/terytorium\/"},{"@type":"ListItem","position":3,"name":"Wenecja i wyspy","item":"https:\/\/www.casavio.com\/pl\/terytorium\/wenecja-i-wyspy\/"},{"@type":"ListItem","position":4,"name":"Zwiedzanie Wenecji i wyspy"}]},{"@type":"WebSite","@id":"https:\/\/www.casavio.com\/pl\/#website","url":"https:\/\/www.casavio.com\/pl\/","name":"Camping Ca&#039; Savio","description":"","publisher":{"@id":"https:\/\/www.casavio.com\/pl\/#organization"},"potentialAction":[{"@type":"SearchAction","target":{"@type":"EntryPoint","urlTemplate":"https:\/\/www.casavio.com\/pl\/?s={search_term_string}"},"query-input":{"@type":"PropertyValueSpecification","valueRequired":true,"valueName":"search_term_string"}}],"inLanguage":"pl-PL"},{"@type":"Organization","@id":"https:\/\/www.casavio.com\/pl\/#organization","name":"Camping Ca'Savio","url":"https:\/\/www.casavio.com\/pl\/","logo":{"@type":"ImageObject","inLanguage":"pl-PL","@id":"https:\/\/www.casavio.com\/pl\/#\/schema\/logo\/image\/","url":"https:\/\/www.casavio.com\/wp-content\/uploads\/2024\/04\/favicon.png","contentUrl":"https:\/\/www.casavio.com\/wp-content\/uploads\/2024\/04\/favicon.png","width":144,"height":144,"caption":"Camping Ca'Savio"},"image":{"@id":"https:\/\/www.casavio.com\/pl\/#\/schema\/logo\/image\/"},"sameAs":["https:\/\/www.facebook.com\/campingcasavio","https:\/\/www.instagram.com\/campingcasavio","https:\/\/www.youtube.com\/user\/campingcasavio"]}]}},"_links":{"self":[{"href":"https:\/\/www.casavio.com\/pl\/wp-json\/wp\/v2\/pages\/10425","targetHints":{"allow":["GET"]}}],"collection":[{"href":"https:\/\/www.casavio.com\/pl\/wp-json\/wp\/v2\/pages"}],"about":[{"href":"https:\/\/www.casavio.com\/pl\/wp-json\/wp\/v2\/types\/page"}],"author":[{"embeddable":true,"href":"https:\/\/www.casavio.com\/pl\/wp-json\/wp\/v2\/users\/4"}],"replies":[{"embeddable":true,"href":"https:\/\/www.casavio.com\/pl\/wp-json\/wp\/v2\/comments?post=10425"}],"version-history":[{"count":2,"href":"https:\/\/www.casavio.com\/pl\/wp-json\/wp\/v2\/pages\/10425\/revisions"}],"predecessor-version":[{"id":44885,"href":"https:\/\/www.casavio.com\/pl\/wp-json\/wp\/v2\/pages\/10425\/revisions\/44885"}],"up":[{"embeddable":true,"href":"https:\/\/www.casavio.com\/pl\/wp-json\/wp\/v2\/pages\/10412"}],"wp:featuredmedia":[{"embeddable":true,"href":"https:\/\/www.casavio.com\/pl\/wp-json\/wp\/v2\/media\/4756"}],"wp:attachment":[{"href":"https:\/\/www.casavio.com\/pl\/wp-json\/wp\/v2\/media?parent=10425"}],"curies":[{"name":"wp","href":"https:\/\/api.w.org\/{rel}","templated":true}]}}