{"id":10428,"date":"2019-11-07T11:18:30","date_gmt":"2019-11-07T10:18:30","guid":{"rendered":"https:\/\/www.casavio.com\/terytorium\/citta-darte\/"},"modified":"2025-10-20T12:54:07","modified_gmt":"2025-10-20T10:54:07","slug":"miasta-o-bogatym-dziedzictwie-artystycznym","status":"publish","type":"page","link":"https:\/\/www.casavio.com\/pl\/terytorium\/miasta-o-bogatym-dziedzictwie-artystycznym\/","title":{"rendered":"Miasta o bogatym dziedzictwie artystycznym"},"content":{"rendered":"<p data-start=\"90\" data-end=\"278\">Twoje wakacje na Campingu Ca\u2019Savio to doskona\u0142a okazja, aby odwiedzi\u0107 jedne z najpi\u0119kniejszych w\u0142oskich miast, po\u0142o\u017conych niedaleko kempingu i mo\u017cliwych do zwiedzenia w ci\u0105gu jednego dnia.<\/p>\n<p data-start=\"280\" data-end=\"454\">Poza <a href=\"https:\/\/www.casavio.com\/pl\/terytorium\/wenecja-i-wyspy\/\">Wenecj\u0105<\/a> mo\u017cesz odwiedzi\u0107 <strong>Treviso<\/strong>, znane z wina Prosecco i eleganckich willi, <strong>Padw\u0119<\/strong> \u2013 miasto \u015bw. Antoniego i Giotta, lub <strong>Weron\u0119<\/strong> z antyczn\u0105 rzymsk\u0105 aren\u0105 i balkonem Julii.<\/p>\n","protected":false},"excerpt":{"rendered":"<p>Podpowiedzi wycieczek do Triestu, Werony, Vicenzy, Treviso i Padwy.<\/p>\n","protected":false},"author":3,"featured_media":4572,"parent":10397,"menu_order":80,"comment_status":"closed","ping_status":"closed","template":"","meta":{"_acf_changed":false},"class_list":["post-10428","page","type-page","status-publish","has-post-thumbnail","hentry"],"acf":[],"yoast_head":"<!-- This site is optimized with the Yoast SEO plugin v25.3 - https:\/\/yoast.com\/wordpress\/plugins\/seo\/ -->\n<title>Odkryj szczyc\u0105ce si\u0119 bogatym dziedzictwem artystycznym miasta regionu Wenecji Euganejskiej: wycieczki i zwiedzanie &#8211; Camping Ca&#039; Savio<\/title>\n<meta name=\"description\" content=\"Camping Ca &#039;Savio znajduje si\u0119 w pobli\u017cu wspania\u0142ych miast sztuki, takich jak Treviso, Vicenza, Padova i Werona. Id\u017a ich zbada\u0107!\" \/>\n<meta name=\"robots\" content=\"index, follow, max-snippet:-1, max-image-preview:large, max-video-preview:-1\" \/>\n<link rel=\"canonical\" href=\"https:\/\/www.casavio.com\/pl\/terytorium\/miasta-o-bogatym-dziedzictwie-artystycznym\/\" \/>\n<meta property=\"og:locale\" content=\"pl_PL\" \/>\n<meta property=\"og:type\" content=\"article\" \/>\n<meta property=\"og:title\" content=\"Odkryj szczyc\u0105ce si\u0119 bogatym dziedzictwem artystycznym miasta regionu Wenecji Euganejskiej: wycieczki i zwiedzanie &#8211; Camping Ca&#039; Savio\" \/>\n<meta property=\"og:description\" content=\"Camping Ca &#039;Savio znajduje si\u0119 w pobli\u017cu wspania\u0142ych miast sztuki, takich jak Treviso, Vicenza, Padova i Werona. Id\u017a ich zbada\u0107!\" \/>\n<meta property=\"og:url\" content=\"https:\/\/www.casavio.com\/pl\/terytorium\/miasta-o-bogatym-dziedzictwie-artystycznym\/\" \/>\n<meta property=\"og:site_name\" content=\"Camping Ca&#039; Savio\" \/>\n<meta property=\"article:publisher\" content=\"https:\/\/www.facebook.com\/campingcasavio\" \/>\n<meta property=\"article:modified_time\" content=\"2025-10-20T10:54:07+00:00\" \/>\n<meta property=\"og:image\" content=\"https:\/\/www.casavio.com\/wp-content\/uploads\/2019\/11\/ca-savio-territorio-citt\u00e0-arte.jpg\" \/>\n\t<meta property=\"og:image:width\" content=\"440\" \/>\n\t<meta property=\"og:image:height\" content=\"600\" \/>\n\t<meta property=\"og:image:type\" content=\"image\/jpeg\" \/>\n<meta name=\"twitter:card\" content=\"summary_large_image\" \/>\n<meta name=\"twitter:label1\" content=\"Szacowany czas czytania\" \/>\n\t<meta name=\"twitter:data1\" content=\"1 minuta\" \/>\n<script type=\"application\/ld+json\" class=\"yoast-schema-graph\">{\"@context\":\"https:\/\/schema.org\",\"@graph\":[{\"@type\":\"WebPage\",\"@id\":\"https:\/\/www.casavio.com\/pl\/terytorium\/miasta-o-bogatym-dziedzictwie-artystycznym\/\",\"url\":\"https:\/\/www.casavio.com\/pl\/terytorium\/miasta-o-bogatym-dziedzictwie-artystycznym\/\",\"name\":\"Odkryj szczyc\u0105ce si\u0119 bogatym dziedzictwem artystycznym miasta regionu Wenecji Euganejskiej: wycieczki i zwiedzanie &#8211; Camping Ca&#039; Savio\",\"isPartOf\":{\"@id\":\"https:\/\/www.casavio.com\/pl\/#website\"},\"primaryImageOfPage\":{\"@id\":\"https:\/\/www.casavio.com\/pl\/terytorium\/miasta-o-bogatym-dziedzictwie-artystycznym\/#primaryimage\"},\"image\":{\"@id\":\"https:\/\/www.casavio.com\/pl\/terytorium\/miasta-o-bogatym-dziedzictwie-artystycznym\/#primaryimage\"},\"thumbnailUrl\":\"https:\/\/www.casavio.com\/wp-content\/uploads\/2019\/11\/ca-savio-territorio-citt\u00e0-arte.jpg\",\"datePublished\":\"2019-11-07T10:18:30+00:00\",\"dateModified\":\"2025-10-20T10:54:07+00:00\",\"description\":\"Camping Ca 'Savio znajduje si\u0119 w pobli\u017cu wspania\u0142ych miast sztuki, takich jak Treviso, Vicenza, Padova i Werona. Id\u017a ich zbada\u0107!\",\"breadcrumb\":{\"@id\":\"https:\/\/www.casavio.com\/pl\/terytorium\/miasta-o-bogatym-dziedzictwie-artystycznym\/#breadcrumb\"},\"inLanguage\":\"pl-PL\",\"potentialAction\":[{\"@type\":\"ReadAction\",\"target\":[\"https:\/\/www.casavio.com\/pl\/terytorium\/miasta-o-bogatym-dziedzictwie-artystycznym\/\"]}]},{\"@type\":\"ImageObject\",\"inLanguage\":\"pl-PL\",\"@id\":\"https:\/\/www.casavio.com\/pl\/terytorium\/miasta-o-bogatym-dziedzictwie-artystycznym\/#primaryimage\",\"url\":\"https:\/\/www.casavio.com\/wp-content\/uploads\/2019\/11\/ca-savio-territorio-citt\u00e0-arte.jpg\",\"contentUrl\":\"https:\/\/www.casavio.com\/wp-content\/uploads\/2019\/11\/ca-savio-territorio-citt\u00e0-arte.jpg\",\"width\":440,\"height\":600},{\"@type\":\"BreadcrumbList\",\"@id\":\"https:\/\/www.casavio.com\/pl\/terytorium\/miasta-o-bogatym-dziedzictwie-artystycznym\/#breadcrumb\",\"itemListElement\":[{\"@type\":\"ListItem\",\"position\":1,\"name\":\"Home\",\"item\":\"https:\/\/www.casavio.com\/pl\/\"},{\"@type\":\"ListItem\",\"position\":2,\"name\":\"Terytorium\",\"item\":\"https:\/\/www.casavio.com\/pl\/terytorium\/\"},{\"@type\":\"ListItem\",\"position\":3,\"name\":\"Miasta o bogatym dziedzictwie artystycznym\"}]},{\"@type\":\"WebSite\",\"@id\":\"https:\/\/www.casavio.com\/pl\/#website\",\"url\":\"https:\/\/www.casavio.com\/pl\/\",\"name\":\"Camping Ca&#039; Savio\",\"description\":\"\",\"publisher\":{\"@id\":\"https:\/\/www.casavio.com\/pl\/#organization\"},\"potentialAction\":[{\"@type\":\"SearchAction\",\"target\":{\"@type\":\"EntryPoint\",\"urlTemplate\":\"https:\/\/www.casavio.com\/pl\/?s={search_term_string}\"},\"query-input\":{\"@type\":\"PropertyValueSpecification\",\"valueRequired\":true,\"valueName\":\"search_term_string\"}}],\"inLanguage\":\"pl-PL\"},{\"@type\":\"Organization\",\"@id\":\"https:\/\/www.casavio.com\/pl\/#organization\",\"name\":\"Camping Ca'Savio\",\"url\":\"https:\/\/www.casavio.com\/pl\/\",\"logo\":{\"@type\":\"ImageObject\",\"inLanguage\":\"pl-PL\",\"@id\":\"https:\/\/www.casavio.com\/pl\/#\/schema\/logo\/image\/\",\"url\":\"https:\/\/www.casavio.com\/wp-content\/uploads\/2024\/04\/favicon.png\",\"contentUrl\":\"https:\/\/www.casavio.com\/wp-content\/uploads\/2024\/04\/favicon.png\",\"width\":144,\"height\":144,\"caption\":\"Camping Ca'Savio\"},\"image\":{\"@id\":\"https:\/\/www.casavio.com\/pl\/#\/schema\/logo\/image\/\"},\"sameAs\":[\"https:\/\/www.facebook.com\/campingcasavio\",\"https:\/\/www.instagram.com\/campingcasavio\",\"https:\/\/www.youtube.com\/user\/campingcasavio\"]}]}<\/script>\n<!-- \/ Yoast SEO plugin. -->","yoast_head_json":{"title":"Odkryj szczyc\u0105ce si\u0119 bogatym dziedzictwem artystycznym miasta regionu Wenecji Euganejskiej: wycieczki i zwiedzanie &#8211; Camping Ca&#039; Savio","description":"Camping Ca 'Savio znajduje si\u0119 w pobli\u017cu wspania\u0142ych miast sztuki, takich jak Treviso, Vicenza, Padova i Werona. Id\u017a ich zbada\u0107!","robots":{"index":"index","follow":"follow","max-snippet":"max-snippet:-1","max-image-preview":"max-image-preview:large","max-video-preview":"max-video-preview:-1"},"canonical":"https:\/\/www.casavio.com\/pl\/terytorium\/miasta-o-bogatym-dziedzictwie-artystycznym\/","og_locale":"pl_PL","og_type":"article","og_title":"Odkryj szczyc\u0105ce si\u0119 bogatym dziedzictwem artystycznym miasta regionu Wenecji Euganejskiej: wycieczki i zwiedzanie &#8211; Camping Ca&#039; Savio","og_description":"Camping Ca 'Savio znajduje si\u0119 w pobli\u017cu wspania\u0142ych miast sztuki, takich jak Treviso, Vicenza, Padova i Werona. Id\u017a ich zbada\u0107!","og_url":"https:\/\/www.casavio.com\/pl\/terytorium\/miasta-o-bogatym-dziedzictwie-artystycznym\/","og_site_name":"Camping Ca&#039; Savio","article_publisher":"https:\/\/www.facebook.com\/campingcasavio","article_modified_time":"2025-10-20T10:54:07+00:00","og_image":[{"width":440,"height":600,"url":"https:\/\/www.casavio.com\/wp-content\/uploads\/2019\/11\/ca-savio-territorio-citt\u00e0-arte.jpg","type":"image\/jpeg"}],"twitter_card":"summary_large_image","twitter_misc":{"Szacowany czas czytania":"1 minuta"},"schema":{"@context":"https:\/\/schema.org","@graph":[{"@type":"WebPage","@id":"https:\/\/www.casavio.com\/pl\/terytorium\/miasta-o-bogatym-dziedzictwie-artystycznym\/","url":"https:\/\/www.casavio.com\/pl\/terytorium\/miasta-o-bogatym-dziedzictwie-artystycznym\/","name":"Odkryj szczyc\u0105ce si\u0119 bogatym dziedzictwem artystycznym miasta regionu Wenecji Euganejskiej: wycieczki i zwiedzanie &#8211; Camping Ca&#039; Savio","isPartOf":{"@id":"https:\/\/www.casavio.com\/pl\/#website"},"primaryImageOfPage":{"@id":"https:\/\/www.casavio.com\/pl\/terytorium\/miasta-o-bogatym-dziedzictwie-artystycznym\/#primaryimage"},"image":{"@id":"https:\/\/www.casavio.com\/pl\/terytorium\/miasta-o-bogatym-dziedzictwie-artystycznym\/#primaryimage"},"thumbnailUrl":"https:\/\/www.casavio.com\/wp-content\/uploads\/2019\/11\/ca-savio-territorio-citt\u00e0-arte.jpg","datePublished":"2019-11-07T10:18:30+00:00","dateModified":"2025-10-20T10:54:07+00:00","description":"Camping Ca 'Savio znajduje si\u0119 w pobli\u017cu wspania\u0142ych miast sztuki, takich jak Treviso, Vicenza, Padova i Werona. Id\u017a ich zbada\u0107!","breadcrumb":{"@id":"https:\/\/www.casavio.com\/pl\/terytorium\/miasta-o-bogatym-dziedzictwie-artystycznym\/#breadcrumb"},"inLanguage":"pl-PL","potentialAction":[{"@type":"ReadAction","target":["https:\/\/www.casavio.com\/pl\/terytorium\/miasta-o-bogatym-dziedzictwie-artystycznym\/"]}]},{"@type":"ImageObject","inLanguage":"pl-PL","@id":"https:\/\/www.casavio.com\/pl\/terytorium\/miasta-o-bogatym-dziedzictwie-artystycznym\/#primaryimage","url":"https:\/\/www.casavio.com\/wp-content\/uploads\/2019\/11\/ca-savio-territorio-citt\u00e0-arte.jpg","contentUrl":"https:\/\/www.casavio.com\/wp-content\/uploads\/2019\/11\/ca-savio-territorio-citt\u00e0-arte.jpg","width":440,"height":600},{"@type":"BreadcrumbList","@id":"https:\/\/www.casavio.com\/pl\/terytorium\/miasta-o-bogatym-dziedzictwie-artystycznym\/#breadcrumb","itemListElement":[{"@type":"ListItem","position":1,"name":"Home","item":"https:\/\/www.casavio.com\/pl\/"},{"@type":"ListItem","position":2,"name":"Terytorium","item":"https:\/\/www.casavio.com\/pl\/terytorium\/"},{"@type":"ListItem","position":3,"name":"Miasta o bogatym dziedzictwie artystycznym"}]},{"@type":"WebSite","@id":"https:\/\/www.casavio.com\/pl\/#website","url":"https:\/\/www.casavio.com\/pl\/","name":"Camping Ca&#039; Savio","description":"","publisher":{"@id":"https:\/\/www.casavio.com\/pl\/#organization"},"potentialAction":[{"@type":"SearchAction","target":{"@type":"EntryPoint","urlTemplate":"https:\/\/www.casavio.com\/pl\/?s={search_term_string}"},"query-input":{"@type":"PropertyValueSpecification","valueRequired":true,"valueName":"search_term_string"}}],"inLanguage":"pl-PL"},{"@type":"Organization","@id":"https:\/\/www.casavio.com\/pl\/#organization","name":"Camping Ca'Savio","url":"https:\/\/www.casavio.com\/pl\/","logo":{"@type":"ImageObject","inLanguage":"pl-PL","@id":"https:\/\/www.casavio.com\/pl\/#\/schema\/logo\/image\/","url":"https:\/\/www.casavio.com\/wp-content\/uploads\/2024\/04\/favicon.png","contentUrl":"https:\/\/www.casavio.com\/wp-content\/uploads\/2024\/04\/favicon.png","width":144,"height":144,"caption":"Camping Ca'Savio"},"image":{"@id":"https:\/\/www.casavio.com\/pl\/#\/schema\/logo\/image\/"},"sameAs":["https:\/\/www.facebook.com\/campingcasavio","https:\/\/www.instagram.com\/campingcasavio","https:\/\/www.youtube.com\/user\/campingcasavio"]}]}},"_links":{"self":[{"href":"https:\/\/www.casavio.com\/pl\/wp-json\/wp\/v2\/pages\/10428","targetHints":{"allow":["GET"]}}],"collection":[{"href":"https:\/\/www.casavio.com\/pl\/wp-json\/wp\/v2\/pages"}],"about":[{"href":"https:\/\/www.casavio.com\/pl\/wp-json\/wp\/v2\/types\/page"}],"author":[{"embeddable":true,"href":"https:\/\/www.casavio.com\/pl\/wp-json\/wp\/v2\/users\/3"}],"replies":[{"embeddable":true,"href":"https:\/\/www.casavio.com\/pl\/wp-json\/wp\/v2\/comments?post=10428"}],"version-history":[{"count":2,"href":"https:\/\/www.casavio.com\/pl\/wp-json\/wp\/v2\/pages\/10428\/revisions"}],"predecessor-version":[{"id":44015,"href":"https:\/\/www.casavio.com\/pl\/wp-json\/wp\/v2\/pages\/10428\/revisions\/44015"}],"up":[{"embeddable":true,"href":"https:\/\/www.casavio.com\/pl\/wp-json\/wp\/v2\/pages\/10397"}],"wp:featuredmedia":[{"embeddable":true,"href":"https:\/\/www.casavio.com\/pl\/wp-json\/wp\/v2\/media\/4572"}],"wp:attachment":[{"href":"https:\/\/www.casavio.com\/pl\/wp-json\/wp\/v2\/media?parent=10428"}],"curies":[{"name":"wp","href":"https:\/\/api.w.org\/{rel}","templated":true}]}}