{"id":10434,"date":"2019-11-07T11:19:08","date_gmt":"2019-11-07T10:19:08","guid":{"rendered":"https:\/\/www.casavio.com\/terytorium\/dolomiti\/"},"modified":"2025-12-10T11:35:37","modified_gmt":"2025-12-10T10:35:37","slug":"dolomites","status":"publish","type":"page","link":"https:\/\/www.casavio.com\/pl\/terytorium\/dolomites\/","title":{"rendered":"Dolomity"},"content":{"rendered":"<p>Dolomity nie s\u0105 daleko od kempingu.<\/p>\n<p>Jed\u017a w kierunku Treviso i wjed\u017a na autostrad\u0119 w Treviso sud: jed\u017a w kierunku Belluno, a po oko\u0142o godzinie b\u0119dziesz w g\u00f3rach.<\/p>\n","protected":false},"excerpt":{"rendered":"<p>Kilka pomys\u0142\u00f3w na sp\u0119dzenie dnia na \u015bwie\u017cym powietrzu w Dolomitach.<\/p>\n","protected":false},"author":3,"featured_media":4647,"parent":10397,"menu_order":81,"comment_status":"closed","ping_status":"closed","template":"","meta":{"_acf_changed":false},"class_list":["post-10434","page","type-page","status-publish","has-post-thumbnail","hentry"],"acf":[],"yoast_head":"<!-- This site is optimized with the Yoast SEO plugin v25.3 - https:\/\/yoast.com\/wordpress\/plugins\/seo\/ -->\n<title>Explore the Dolomites: from the sea to the mountains &#8211; Camping Ca&#039; Savio<\/title>\n<meta name=\"description\" content=\"A mo\u017ce dzie\u0144 w g\u00f3rach? Kemping Ca&#039; Savio znajduje si\u0119 niedaleko od wspania\u0142ych Dolomit\u00f3w. Odkryj je!\" \/>\n<meta name=\"robots\" content=\"index, follow, max-snippet:-1, max-image-preview:large, max-video-preview:-1\" \/>\n<link rel=\"canonical\" href=\"https:\/\/www.casavio.com\/pl\/terytorium\/dolomites\/\" \/>\n<meta property=\"og:locale\" content=\"pl_PL\" \/>\n<meta property=\"og:type\" content=\"article\" \/>\n<meta property=\"og:title\" content=\"Explore the Dolomites: from the sea to the mountains &#8211; Camping Ca&#039; Savio\" \/>\n<meta property=\"og:description\" content=\"A mo\u017ce dzie\u0144 w g\u00f3rach? Kemping Ca&#039; Savio znajduje si\u0119 niedaleko od wspania\u0142ych Dolomit\u00f3w. Odkryj je!\" \/>\n<meta property=\"og:url\" content=\"https:\/\/www.casavio.com\/pl\/terytorium\/dolomites\/\" \/>\n<meta property=\"og:site_name\" content=\"Camping Ca&#039; Savio\" \/>\n<meta property=\"article:publisher\" content=\"https:\/\/www.facebook.com\/campingcasavio\" \/>\n<meta property=\"article:modified_time\" content=\"2025-12-10T10:35:37+00:00\" \/>\n<meta property=\"og:image\" content=\"https:\/\/www.casavio.com\/wp-content\/uploads\/2019\/11\/ca-savio-territorio-dolomiti.jpg\" \/>\n\t<meta property=\"og:image:width\" content=\"440\" \/>\n\t<meta property=\"og:image:height\" content=\"600\" \/>\n\t<meta property=\"og:image:type\" content=\"image\/jpeg\" \/>\n<meta name=\"twitter:card\" content=\"summary_large_image\" \/>\n<meta name=\"twitter:label1\" content=\"Szacowany czas czytania\" \/>\n\t<meta name=\"twitter:data1\" content=\"1 minuta\" \/>\n<script type=\"application\/ld+json\" class=\"yoast-schema-graph\">{\"@context\":\"https:\/\/schema.org\",\"@graph\":[{\"@type\":\"WebPage\",\"@id\":\"https:\/\/www.casavio.com\/pl\/terytorium\/dolomites\/\",\"url\":\"https:\/\/www.casavio.com\/pl\/terytorium\/dolomites\/\",\"name\":\"Explore the Dolomites: from the sea to the mountains &#8211; Camping Ca&#039; Savio\",\"isPartOf\":{\"@id\":\"https:\/\/www.casavio.com\/pl\/#website\"},\"primaryImageOfPage\":{\"@id\":\"https:\/\/www.casavio.com\/pl\/terytorium\/dolomites\/#primaryimage\"},\"image\":{\"@id\":\"https:\/\/www.casavio.com\/pl\/terytorium\/dolomites\/#primaryimage\"},\"thumbnailUrl\":\"https:\/\/www.casavio.com\/wp-content\/uploads\/2019\/11\/ca-savio-territorio-dolomiti.jpg\",\"datePublished\":\"2019-11-07T10:19:08+00:00\",\"dateModified\":\"2025-12-10T10:35:37+00:00\",\"description\":\"A mo\u017ce dzie\u0144 w g\u00f3rach? Kemping Ca' Savio znajduje si\u0119 niedaleko od wspania\u0142ych Dolomit\u00f3w. Odkryj je!\",\"breadcrumb\":{\"@id\":\"https:\/\/www.casavio.com\/pl\/terytorium\/dolomites\/#breadcrumb\"},\"inLanguage\":\"pl-PL\",\"potentialAction\":[{\"@type\":\"ReadAction\",\"target\":[\"https:\/\/www.casavio.com\/pl\/terytorium\/dolomites\/\"]}]},{\"@type\":\"ImageObject\",\"inLanguage\":\"pl-PL\",\"@id\":\"https:\/\/www.casavio.com\/pl\/terytorium\/dolomites\/#primaryimage\",\"url\":\"https:\/\/www.casavio.com\/wp-content\/uploads\/2019\/11\/ca-savio-territorio-dolomiti.jpg\",\"contentUrl\":\"https:\/\/www.casavio.com\/wp-content\/uploads\/2019\/11\/ca-savio-territorio-dolomiti.jpg\",\"width\":440,\"height\":600},{\"@type\":\"BreadcrumbList\",\"@id\":\"https:\/\/www.casavio.com\/pl\/terytorium\/dolomites\/#breadcrumb\",\"itemListElement\":[{\"@type\":\"ListItem\",\"position\":1,\"name\":\"Home\",\"item\":\"https:\/\/www.casavio.com\/pl\/\"},{\"@type\":\"ListItem\",\"position\":2,\"name\":\"Terytorium\",\"item\":\"https:\/\/www.casavio.com\/pl\/terytorium\/\"},{\"@type\":\"ListItem\",\"position\":3,\"name\":\"Dolomity\"}]},{\"@type\":\"WebSite\",\"@id\":\"https:\/\/www.casavio.com\/pl\/#website\",\"url\":\"https:\/\/www.casavio.com\/pl\/\",\"name\":\"Camping Ca&#039; Savio\",\"description\":\"\",\"publisher\":{\"@id\":\"https:\/\/www.casavio.com\/pl\/#organization\"},\"potentialAction\":[{\"@type\":\"SearchAction\",\"target\":{\"@type\":\"EntryPoint\",\"urlTemplate\":\"https:\/\/www.casavio.com\/pl\/?s={search_term_string}\"},\"query-input\":{\"@type\":\"PropertyValueSpecification\",\"valueRequired\":true,\"valueName\":\"search_term_string\"}}],\"inLanguage\":\"pl-PL\"},{\"@type\":\"Organization\",\"@id\":\"https:\/\/www.casavio.com\/pl\/#organization\",\"name\":\"Camping Ca'Savio\",\"url\":\"https:\/\/www.casavio.com\/pl\/\",\"logo\":{\"@type\":\"ImageObject\",\"inLanguage\":\"pl-PL\",\"@id\":\"https:\/\/www.casavio.com\/pl\/#\/schema\/logo\/image\/\",\"url\":\"https:\/\/www.casavio.com\/wp-content\/uploads\/2024\/04\/favicon.png\",\"contentUrl\":\"https:\/\/www.casavio.com\/wp-content\/uploads\/2024\/04\/favicon.png\",\"width\":144,\"height\":144,\"caption\":\"Camping Ca'Savio\"},\"image\":{\"@id\":\"https:\/\/www.casavio.com\/pl\/#\/schema\/logo\/image\/\"},\"sameAs\":[\"https:\/\/www.facebook.com\/campingcasavio\",\"https:\/\/www.instagram.com\/campingcasavio\",\"https:\/\/www.youtube.com\/user\/campingcasavio\"]}]}<\/script>\n<!-- \/ Yoast SEO plugin. -->","yoast_head_json":{"title":"Explore the Dolomites: from the sea to the mountains &#8211; Camping Ca&#039; Savio","description":"A mo\u017ce dzie\u0144 w g\u00f3rach? Kemping Ca' Savio znajduje si\u0119 niedaleko od wspania\u0142ych Dolomit\u00f3w. Odkryj je!","robots":{"index":"index","follow":"follow","max-snippet":"max-snippet:-1","max-image-preview":"max-image-preview:large","max-video-preview":"max-video-preview:-1"},"canonical":"https:\/\/www.casavio.com\/pl\/terytorium\/dolomites\/","og_locale":"pl_PL","og_type":"article","og_title":"Explore the Dolomites: from the sea to the mountains &#8211; Camping Ca&#039; Savio","og_description":"A mo\u017ce dzie\u0144 w g\u00f3rach? Kemping Ca' Savio znajduje si\u0119 niedaleko od wspania\u0142ych Dolomit\u00f3w. Odkryj je!","og_url":"https:\/\/www.casavio.com\/pl\/terytorium\/dolomites\/","og_site_name":"Camping Ca&#039; Savio","article_publisher":"https:\/\/www.facebook.com\/campingcasavio","article_modified_time":"2025-12-10T10:35:37+00:00","og_image":[{"width":440,"height":600,"url":"https:\/\/www.casavio.com\/wp-content\/uploads\/2019\/11\/ca-savio-territorio-dolomiti.jpg","type":"image\/jpeg"}],"twitter_card":"summary_large_image","twitter_misc":{"Szacowany czas czytania":"1 minuta"},"schema":{"@context":"https:\/\/schema.org","@graph":[{"@type":"WebPage","@id":"https:\/\/www.casavio.com\/pl\/terytorium\/dolomites\/","url":"https:\/\/www.casavio.com\/pl\/terytorium\/dolomites\/","name":"Explore the Dolomites: from the sea to the mountains &#8211; Camping Ca&#039; Savio","isPartOf":{"@id":"https:\/\/www.casavio.com\/pl\/#website"},"primaryImageOfPage":{"@id":"https:\/\/www.casavio.com\/pl\/terytorium\/dolomites\/#primaryimage"},"image":{"@id":"https:\/\/www.casavio.com\/pl\/terytorium\/dolomites\/#primaryimage"},"thumbnailUrl":"https:\/\/www.casavio.com\/wp-content\/uploads\/2019\/11\/ca-savio-territorio-dolomiti.jpg","datePublished":"2019-11-07T10:19:08+00:00","dateModified":"2025-12-10T10:35:37+00:00","description":"A mo\u017ce dzie\u0144 w g\u00f3rach? Kemping Ca' Savio znajduje si\u0119 niedaleko od wspania\u0142ych Dolomit\u00f3w. Odkryj je!","breadcrumb":{"@id":"https:\/\/www.casavio.com\/pl\/terytorium\/dolomites\/#breadcrumb"},"inLanguage":"pl-PL","potentialAction":[{"@type":"ReadAction","target":["https:\/\/www.casavio.com\/pl\/terytorium\/dolomites\/"]}]},{"@type":"ImageObject","inLanguage":"pl-PL","@id":"https:\/\/www.casavio.com\/pl\/terytorium\/dolomites\/#primaryimage","url":"https:\/\/www.casavio.com\/wp-content\/uploads\/2019\/11\/ca-savio-territorio-dolomiti.jpg","contentUrl":"https:\/\/www.casavio.com\/wp-content\/uploads\/2019\/11\/ca-savio-territorio-dolomiti.jpg","width":440,"height":600},{"@type":"BreadcrumbList","@id":"https:\/\/www.casavio.com\/pl\/terytorium\/dolomites\/#breadcrumb","itemListElement":[{"@type":"ListItem","position":1,"name":"Home","item":"https:\/\/www.casavio.com\/pl\/"},{"@type":"ListItem","position":2,"name":"Terytorium","item":"https:\/\/www.casavio.com\/pl\/terytorium\/"},{"@type":"ListItem","position":3,"name":"Dolomity"}]},{"@type":"WebSite","@id":"https:\/\/www.casavio.com\/pl\/#website","url":"https:\/\/www.casavio.com\/pl\/","name":"Camping Ca&#039; Savio","description":"","publisher":{"@id":"https:\/\/www.casavio.com\/pl\/#organization"},"potentialAction":[{"@type":"SearchAction","target":{"@type":"EntryPoint","urlTemplate":"https:\/\/www.casavio.com\/pl\/?s={search_term_string}"},"query-input":{"@type":"PropertyValueSpecification","valueRequired":true,"valueName":"search_term_string"}}],"inLanguage":"pl-PL"},{"@type":"Organization","@id":"https:\/\/www.casavio.com\/pl\/#organization","name":"Camping Ca'Savio","url":"https:\/\/www.casavio.com\/pl\/","logo":{"@type":"ImageObject","inLanguage":"pl-PL","@id":"https:\/\/www.casavio.com\/pl\/#\/schema\/logo\/image\/","url":"https:\/\/www.casavio.com\/wp-content\/uploads\/2024\/04\/favicon.png","contentUrl":"https:\/\/www.casavio.com\/wp-content\/uploads\/2024\/04\/favicon.png","width":144,"height":144,"caption":"Camping Ca'Savio"},"image":{"@id":"https:\/\/www.casavio.com\/pl\/#\/schema\/logo\/image\/"},"sameAs":["https:\/\/www.facebook.com\/campingcasavio","https:\/\/www.instagram.com\/campingcasavio","https:\/\/www.youtube.com\/user\/campingcasavio"]}]}},"_links":{"self":[{"href":"https:\/\/www.casavio.com\/pl\/wp-json\/wp\/v2\/pages\/10434","targetHints":{"allow":["GET"]}}],"collection":[{"href":"https:\/\/www.casavio.com\/pl\/wp-json\/wp\/v2\/pages"}],"about":[{"href":"https:\/\/www.casavio.com\/pl\/wp-json\/wp\/v2\/types\/page"}],"author":[{"embeddable":true,"href":"https:\/\/www.casavio.com\/pl\/wp-json\/wp\/v2\/users\/3"}],"replies":[{"embeddable":true,"href":"https:\/\/www.casavio.com\/pl\/wp-json\/wp\/v2\/comments?post=10434"}],"version-history":[{"count":2,"href":"https:\/\/www.casavio.com\/pl\/wp-json\/wp\/v2\/pages\/10434\/revisions"}],"predecessor-version":[{"id":44887,"href":"https:\/\/www.casavio.com\/pl\/wp-json\/wp\/v2\/pages\/10434\/revisions\/44887"}],"up":[{"embeddable":true,"href":"https:\/\/www.casavio.com\/pl\/wp-json\/wp\/v2\/pages\/10397"}],"wp:featuredmedia":[{"embeddable":true,"href":"https:\/\/www.casavio.com\/pl\/wp-json\/wp\/v2\/media\/4647"}],"wp:attachment":[{"href":"https:\/\/www.casavio.com\/pl\/wp-json\/wp\/v2\/media?parent=10434"}],"curies":[{"name":"wp","href":"https:\/\/api.w.org\/{rel}","templated":true}]}}