{"id":10440,"date":"2019-11-07T11:21:06","date_gmt":"2019-11-07T10:21:06","guid":{"rendered":"https:\/\/www.casavio.com\/prezzi-e-offerte\/camping-ca-savio-prezzi\/"},"modified":"2026-02-26T12:28:25","modified_gmt":"2026-02-26T11:28:25","slug":"camping-ca-savio-cennik","status":"publish","type":"page","link":"https:\/\/www.casavio.com\/pl\/ceny-i-promocje\/camping-ca-savio-cennik\/","title":{"rendered":"Cennik 2026"},"content":{"rendered":"<p>Na tej stronie mo\u017cna znale\u017a\u0107 podsumowanie z kilkoma og\u00f3lnymi uwagami na temat cen <a href=\"https:\/\/www.casavio.com\/pl\/camping\/\">zakwaterowanie<\/a> i <a href=\"https:\/\/www.casavio.com\/pl\/camping\/parcele\/\">parcele<\/a>.<br \/>\n<strong>Minimalny pobyt<\/strong> to 3 lub 7 nocy w zale\u017cno\u015bci od okresu, wi\u0119cej informacji <a href=\"https:\/\/www.casavio.com\/pl\/nasz-kemping\/regulamin\/\">tutaj<\/a>.<br \/>\nZdecydowali\u015bmy si\u0119 nie przyjmowa\u0107 os\u00f3b podr\u00f3\u017cuj\u0105cych ze <strong>zwierz\u0119tami<\/strong>, poniewa\u017c nie jeste\u015bmy odpowiednio przygotowani do ich przyj\u0119cia.<\/p>\n","protected":false},"excerpt":{"rendered":"<p>Ceny za noc dla parceli, domk\u00f3w mobilnych, namiot\u00f3w glampingowych, bungalow\u00f3w i domk\u00f3w letniskowych.<\/p>\n","protected":false},"author":3,"featured_media":5283,"parent":10437,"menu_order":2,"comment_status":"closed","ping_status":"closed","template":"templates\/tpl-prices.php","meta":{"_acf_changed":false},"class_list":["post-10440","page","type-page","status-publish","has-post-thumbnail","hentry"],"acf":[],"yoast_head":"<!-- This site is optimized with the Yoast SEO plugin v25.3 - https:\/\/yoast.com\/wordpress\/plugins\/seo\/ -->\n<title>Cennik kempingu 2026 &#8211; Camping Ca&#039; Savio<\/title>\n<meta name=\"description\" content=\"To strona z cennikiem kempingu Ca\u2019 Savio. Tutaj mo\u017cesz zapozna\u0107 si\u0119 z naszymi cenami i wszystkimi warunkami rezerwacji.\" \/>\n<meta name=\"robots\" content=\"index, follow, max-snippet:-1, max-image-preview:large, max-video-preview:-1\" \/>\n<link rel=\"canonical\" href=\"https:\/\/www.casavio.com\/pl\/ceny-i-promocje\/camping-ca-savio-cennik\/\" \/>\n<meta property=\"og:locale\" content=\"pl_PL\" \/>\n<meta property=\"og:type\" content=\"article\" \/>\n<meta property=\"og:title\" content=\"Cennik kempingu 2026 &#8211; Camping Ca&#039; Savio\" \/>\n<meta property=\"og:description\" content=\"To strona z cennikiem kempingu Ca\u2019 Savio. Tutaj mo\u017cesz zapozna\u0107 si\u0119 z naszymi cenami i wszystkimi warunkami rezerwacji.\" \/>\n<meta property=\"og:url\" content=\"https:\/\/www.casavio.com\/pl\/ceny-i-promocje\/camping-ca-savio-cennik\/\" \/>\n<meta property=\"og:site_name\" content=\"Camping Ca&#039; Savio\" \/>\n<meta property=\"article:publisher\" content=\"https:\/\/www.facebook.com\/campingcasavio\" \/>\n<meta property=\"article:modified_time\" content=\"2026-02-26T11:28:25+00:00\" \/>\n<meta property=\"og:image\" content=\"https:\/\/www.casavio.com\/wp-content\/uploads\/2019\/11\/ca-savio-prezzi-offerte-prezzi-1.jpg\" \/>\n\t<meta property=\"og:image:width\" content=\"440\" \/>\n\t<meta property=\"og:image:height\" content=\"600\" \/>\n\t<meta property=\"og:image:type\" content=\"image\/jpeg\" \/>\n<meta name=\"twitter:card\" content=\"summary_large_image\" \/>\n<meta name=\"twitter:label1\" content=\"Szacowany czas czytania\" \/>\n\t<meta name=\"twitter:data1\" content=\"1 minuta\" \/>\n<script type=\"application\/ld+json\" class=\"yoast-schema-graph\">{\"@context\":\"https:\/\/schema.org\",\"@graph\":[{\"@type\":\"WebPage\",\"@id\":\"https:\/\/www.casavio.com\/pl\/ceny-i-promocje\/camping-ca-savio-cennik\/\",\"url\":\"https:\/\/www.casavio.com\/pl\/ceny-i-promocje\/camping-ca-savio-cennik\/\",\"name\":\"Cennik kempingu 2026 &#8211; Camping Ca&#039; Savio\",\"isPartOf\":{\"@id\":\"https:\/\/www.casavio.com\/pl\/#website\"},\"primaryImageOfPage\":{\"@id\":\"https:\/\/www.casavio.com\/pl\/ceny-i-promocje\/camping-ca-savio-cennik\/#primaryimage\"},\"image\":{\"@id\":\"https:\/\/www.casavio.com\/pl\/ceny-i-promocje\/camping-ca-savio-cennik\/#primaryimage\"},\"thumbnailUrl\":\"https:\/\/www.casavio.com\/wp-content\/uploads\/2019\/11\/ca-savio-prezzi-offerte-prezzi-1.jpg\",\"datePublished\":\"2019-11-07T10:21:06+00:00\",\"dateModified\":\"2026-02-26T11:28:25+00:00\",\"description\":\"To strona z cennikiem kempingu Ca\u2019 Savio. Tutaj mo\u017cesz zapozna\u0107 si\u0119 z naszymi cenami i wszystkimi warunkami rezerwacji.\",\"breadcrumb\":{\"@id\":\"https:\/\/www.casavio.com\/pl\/ceny-i-promocje\/camping-ca-savio-cennik\/#breadcrumb\"},\"inLanguage\":\"pl-PL\",\"potentialAction\":[{\"@type\":\"ReadAction\",\"target\":[\"https:\/\/www.casavio.com\/pl\/ceny-i-promocje\/camping-ca-savio-cennik\/\"]}]},{\"@type\":\"ImageObject\",\"inLanguage\":\"pl-PL\",\"@id\":\"https:\/\/www.casavio.com\/pl\/ceny-i-promocje\/camping-ca-savio-cennik\/#primaryimage\",\"url\":\"https:\/\/www.casavio.com\/wp-content\/uploads\/2019\/11\/ca-savio-prezzi-offerte-prezzi-1.jpg\",\"contentUrl\":\"https:\/\/www.casavio.com\/wp-content\/uploads\/2019\/11\/ca-savio-prezzi-offerte-prezzi-1.jpg\",\"width\":440,\"height\":600},{\"@type\":\"BreadcrumbList\",\"@id\":\"https:\/\/www.casavio.com\/pl\/ceny-i-promocje\/camping-ca-savio-cennik\/#breadcrumb\",\"itemListElement\":[{\"@type\":\"ListItem\",\"position\":1,\"name\":\"Home\",\"item\":\"https:\/\/www.casavio.com\/pl\/\"},{\"@type\":\"ListItem\",\"position\":2,\"name\":\"Ceny i promocje\",\"item\":\"https:\/\/www.casavio.com\/pl\/ceny-i-promocje\/\"},{\"@type\":\"ListItem\",\"position\":3,\"name\":\"Cennik 2026\"}]},{\"@type\":\"WebSite\",\"@id\":\"https:\/\/www.casavio.com\/pl\/#website\",\"url\":\"https:\/\/www.casavio.com\/pl\/\",\"name\":\"Camping Ca&#039; Savio\",\"description\":\"\",\"publisher\":{\"@id\":\"https:\/\/www.casavio.com\/pl\/#organization\"},\"potentialAction\":[{\"@type\":\"SearchAction\",\"target\":{\"@type\":\"EntryPoint\",\"urlTemplate\":\"https:\/\/www.casavio.com\/pl\/?s={search_term_string}\"},\"query-input\":{\"@type\":\"PropertyValueSpecification\",\"valueRequired\":true,\"valueName\":\"search_term_string\"}}],\"inLanguage\":\"pl-PL\"},{\"@type\":\"Organization\",\"@id\":\"https:\/\/www.casavio.com\/pl\/#organization\",\"name\":\"Camping Ca'Savio\",\"url\":\"https:\/\/www.casavio.com\/pl\/\",\"logo\":{\"@type\":\"ImageObject\",\"inLanguage\":\"pl-PL\",\"@id\":\"https:\/\/www.casavio.com\/pl\/#\/schema\/logo\/image\/\",\"url\":\"https:\/\/www.casavio.com\/wp-content\/uploads\/2024\/04\/favicon.png\",\"contentUrl\":\"https:\/\/www.casavio.com\/wp-content\/uploads\/2024\/04\/favicon.png\",\"width\":144,\"height\":144,\"caption\":\"Camping Ca'Savio\"},\"image\":{\"@id\":\"https:\/\/www.casavio.com\/pl\/#\/schema\/logo\/image\/\"},\"sameAs\":[\"https:\/\/www.facebook.com\/campingcasavio\",\"https:\/\/www.instagram.com\/campingcasavio\",\"https:\/\/www.youtube.com\/user\/campingcasavio\"]}]}<\/script>\n<!-- \/ Yoast SEO plugin. -->","yoast_head_json":{"title":"Cennik kempingu 2026 &#8211; Camping Ca&#039; Savio","description":"To strona z cennikiem kempingu Ca\u2019 Savio. Tutaj mo\u017cesz zapozna\u0107 si\u0119 z naszymi cenami i wszystkimi warunkami rezerwacji.","robots":{"index":"index","follow":"follow","max-snippet":"max-snippet:-1","max-image-preview":"max-image-preview:large","max-video-preview":"max-video-preview:-1"},"canonical":"https:\/\/www.casavio.com\/pl\/ceny-i-promocje\/camping-ca-savio-cennik\/","og_locale":"pl_PL","og_type":"article","og_title":"Cennik kempingu 2026 &#8211; Camping Ca&#039; Savio","og_description":"To strona z cennikiem kempingu Ca\u2019 Savio. Tutaj mo\u017cesz zapozna\u0107 si\u0119 z naszymi cenami i wszystkimi warunkami rezerwacji.","og_url":"https:\/\/www.casavio.com\/pl\/ceny-i-promocje\/camping-ca-savio-cennik\/","og_site_name":"Camping Ca&#039; Savio","article_publisher":"https:\/\/www.facebook.com\/campingcasavio","article_modified_time":"2026-02-26T11:28:25+00:00","og_image":[{"width":440,"height":600,"url":"https:\/\/www.casavio.com\/wp-content\/uploads\/2019\/11\/ca-savio-prezzi-offerte-prezzi-1.jpg","type":"image\/jpeg"}],"twitter_card":"summary_large_image","twitter_misc":{"Szacowany czas czytania":"1 minuta"},"schema":{"@context":"https:\/\/schema.org","@graph":[{"@type":"WebPage","@id":"https:\/\/www.casavio.com\/pl\/ceny-i-promocje\/camping-ca-savio-cennik\/","url":"https:\/\/www.casavio.com\/pl\/ceny-i-promocje\/camping-ca-savio-cennik\/","name":"Cennik kempingu 2026 &#8211; Camping Ca&#039; Savio","isPartOf":{"@id":"https:\/\/www.casavio.com\/pl\/#website"},"primaryImageOfPage":{"@id":"https:\/\/www.casavio.com\/pl\/ceny-i-promocje\/camping-ca-savio-cennik\/#primaryimage"},"image":{"@id":"https:\/\/www.casavio.com\/pl\/ceny-i-promocje\/camping-ca-savio-cennik\/#primaryimage"},"thumbnailUrl":"https:\/\/www.casavio.com\/wp-content\/uploads\/2019\/11\/ca-savio-prezzi-offerte-prezzi-1.jpg","datePublished":"2019-11-07T10:21:06+00:00","dateModified":"2026-02-26T11:28:25+00:00","description":"To strona z cennikiem kempingu Ca\u2019 Savio. Tutaj mo\u017cesz zapozna\u0107 si\u0119 z naszymi cenami i wszystkimi warunkami rezerwacji.","breadcrumb":{"@id":"https:\/\/www.casavio.com\/pl\/ceny-i-promocje\/camping-ca-savio-cennik\/#breadcrumb"},"inLanguage":"pl-PL","potentialAction":[{"@type":"ReadAction","target":["https:\/\/www.casavio.com\/pl\/ceny-i-promocje\/camping-ca-savio-cennik\/"]}]},{"@type":"ImageObject","inLanguage":"pl-PL","@id":"https:\/\/www.casavio.com\/pl\/ceny-i-promocje\/camping-ca-savio-cennik\/#primaryimage","url":"https:\/\/www.casavio.com\/wp-content\/uploads\/2019\/11\/ca-savio-prezzi-offerte-prezzi-1.jpg","contentUrl":"https:\/\/www.casavio.com\/wp-content\/uploads\/2019\/11\/ca-savio-prezzi-offerte-prezzi-1.jpg","width":440,"height":600},{"@type":"BreadcrumbList","@id":"https:\/\/www.casavio.com\/pl\/ceny-i-promocje\/camping-ca-savio-cennik\/#breadcrumb","itemListElement":[{"@type":"ListItem","position":1,"name":"Home","item":"https:\/\/www.casavio.com\/pl\/"},{"@type":"ListItem","position":2,"name":"Ceny i promocje","item":"https:\/\/www.casavio.com\/pl\/ceny-i-promocje\/"},{"@type":"ListItem","position":3,"name":"Cennik 2026"}]},{"@type":"WebSite","@id":"https:\/\/www.casavio.com\/pl\/#website","url":"https:\/\/www.casavio.com\/pl\/","name":"Camping Ca&#039; Savio","description":"","publisher":{"@id":"https:\/\/www.casavio.com\/pl\/#organization"},"potentialAction":[{"@type":"SearchAction","target":{"@type":"EntryPoint","urlTemplate":"https:\/\/www.casavio.com\/pl\/?s={search_term_string}"},"query-input":{"@type":"PropertyValueSpecification","valueRequired":true,"valueName":"search_term_string"}}],"inLanguage":"pl-PL"},{"@type":"Organization","@id":"https:\/\/www.casavio.com\/pl\/#organization","name":"Camping Ca'Savio","url":"https:\/\/www.casavio.com\/pl\/","logo":{"@type":"ImageObject","inLanguage":"pl-PL","@id":"https:\/\/www.casavio.com\/pl\/#\/schema\/logo\/image\/","url":"https:\/\/www.casavio.com\/wp-content\/uploads\/2024\/04\/favicon.png","contentUrl":"https:\/\/www.casavio.com\/wp-content\/uploads\/2024\/04\/favicon.png","width":144,"height":144,"caption":"Camping Ca'Savio"},"image":{"@id":"https:\/\/www.casavio.com\/pl\/#\/schema\/logo\/image\/"},"sameAs":["https:\/\/www.facebook.com\/campingcasavio","https:\/\/www.instagram.com\/campingcasavio","https:\/\/www.youtube.com\/user\/campingcasavio"]}]}},"_links":{"self":[{"href":"https:\/\/www.casavio.com\/pl\/wp-json\/wp\/v2\/pages\/10440","targetHints":{"allow":["GET"]}}],"collection":[{"href":"https:\/\/www.casavio.com\/pl\/wp-json\/wp\/v2\/pages"}],"about":[{"href":"https:\/\/www.casavio.com\/pl\/wp-json\/wp\/v2\/types\/page"}],"author":[{"embeddable":true,"href":"https:\/\/www.casavio.com\/pl\/wp-json\/wp\/v2\/users\/3"}],"replies":[{"embeddable":true,"href":"https:\/\/www.casavio.com\/pl\/wp-json\/wp\/v2\/comments?post=10440"}],"version-history":[{"count":2,"href":"https:\/\/www.casavio.com\/pl\/wp-json\/wp\/v2\/pages\/10440\/revisions"}],"predecessor-version":[{"id":44675,"href":"https:\/\/www.casavio.com\/pl\/wp-json\/wp\/v2\/pages\/10440\/revisions\/44675"}],"up":[{"embeddable":true,"href":"https:\/\/www.casavio.com\/pl\/wp-json\/wp\/v2\/pages\/10437"}],"wp:featuredmedia":[{"embeddable":true,"href":"https:\/\/www.casavio.com\/pl\/wp-json\/wp\/v2\/media\/5283"}],"wp:attachment":[{"href":"https:\/\/www.casavio.com\/pl\/wp-json\/wp\/v2\/media?parent=10440"}],"curies":[{"name":"wp","href":"https:\/\/api.w.org\/{rel}","templated":true}]}}