{"id":10446,"date":"2019-10-11T12:08:12","date_gmt":"2019-10-11T10:08:12","guid":{"rendered":"https:\/\/www.casavio.com\/contact-us\/"},"modified":"2020-04-03T10:15:24","modified_gmt":"2020-04-03T08:15:24","slug":"kontakt","status":"publish","type":"page","link":"https:\/\/www.casavio.com\/pl\/kontakt\/","title":{"rendered":"Kontakt"},"content":{"rendered":"","protected":false},"excerpt":{"rendered":"","protected":false},"author":2,"featured_media":0,"parent":0,"menu_order":86,"comment_status":"closed","ping_status":"closed","template":"templates\/tpl-children-without-intro.php","meta":{"_acf_changed":false},"class_list":["post-10446","page","type-page","status-publish","hentry"],"acf":[],"yoast_head":"<!-- This site is optimized with the Yoast SEO plugin v25.3 - https:\/\/yoast.com\/wordpress\/plugins\/seo\/ -->\n<title>Kontakt &#8211; Camping Ca&#039; Savio<\/title>\n<meta name=\"description\" content=\"Jakie\u015b w\u0105tpliwo\u015bci? Sprawd\u017a najcz\u0119\u015bciej zadawane pytania lub napisz do nas!\" \/>\n<meta name=\"robots\" content=\"index, follow, max-snippet:-1, max-image-preview:large, max-video-preview:-1\" \/>\n<link rel=\"canonical\" href=\"https:\/\/www.casavio.com\/pl\/kontakt\/\" \/>\n<meta property=\"og:locale\" content=\"pl_PL\" \/>\n<meta property=\"og:type\" content=\"article\" \/>\n<meta property=\"og:title\" content=\"Kontakt &#8211; Camping Ca&#039; Savio\" \/>\n<meta property=\"og:description\" content=\"Jakie\u015b w\u0105tpliwo\u015bci? Sprawd\u017a najcz\u0119\u015bciej zadawane pytania lub napisz do nas!\" \/>\n<meta property=\"og:url\" content=\"https:\/\/www.casavio.com\/pl\/kontakt\/\" \/>\n<meta property=\"og:site_name\" content=\"Camping Ca&#039; Savio\" \/>\n<meta property=\"article:publisher\" content=\"https:\/\/www.facebook.com\/campingcasavio\" \/>\n<meta property=\"article:modified_time\" content=\"2020-04-03T08:15:24+00:00\" \/>\n<meta name=\"twitter:card\" content=\"summary_large_image\" \/>\n<script type=\"application\/ld+json\" class=\"yoast-schema-graph\">{\"@context\":\"https:\/\/schema.org\",\"@graph\":[{\"@type\":\"WebPage\",\"@id\":\"https:\/\/www.casavio.com\/pl\/kontakt\/\",\"url\":\"https:\/\/www.casavio.com\/pl\/kontakt\/\",\"name\":\"Kontakt &#8211; Camping Ca&#039; Savio\",\"isPartOf\":{\"@id\":\"https:\/\/www.casavio.com\/pl\/#website\"},\"datePublished\":\"2019-10-11T10:08:12+00:00\",\"dateModified\":\"2020-04-03T08:15:24+00:00\",\"description\":\"Jakie\u015b w\u0105tpliwo\u015bci? Sprawd\u017a najcz\u0119\u015bciej zadawane pytania lub napisz do nas!\",\"breadcrumb\":{\"@id\":\"https:\/\/www.casavio.com\/pl\/kontakt\/#breadcrumb\"},\"inLanguage\":\"pl-PL\",\"potentialAction\":[{\"@type\":\"ReadAction\",\"target\":[\"https:\/\/www.casavio.com\/pl\/kontakt\/\"]}]},{\"@type\":\"BreadcrumbList\",\"@id\":\"https:\/\/www.casavio.com\/pl\/kontakt\/#breadcrumb\",\"itemListElement\":[{\"@type\":\"ListItem\",\"position\":1,\"name\":\"Home\",\"item\":\"https:\/\/www.casavio.com\/pl\/\"},{\"@type\":\"ListItem\",\"position\":2,\"name\":\"Kontakt\"}]},{\"@type\":\"WebSite\",\"@id\":\"https:\/\/www.casavio.com\/pl\/#website\",\"url\":\"https:\/\/www.casavio.com\/pl\/\",\"name\":\"Camping Ca&#039; Savio\",\"description\":\"\",\"publisher\":{\"@id\":\"https:\/\/www.casavio.com\/pl\/#organization\"},\"potentialAction\":[{\"@type\":\"SearchAction\",\"target\":{\"@type\":\"EntryPoint\",\"urlTemplate\":\"https:\/\/www.casavio.com\/pl\/?s={search_term_string}\"},\"query-input\":{\"@type\":\"PropertyValueSpecification\",\"valueRequired\":true,\"valueName\":\"search_term_string\"}}],\"inLanguage\":\"pl-PL\"},{\"@type\":\"Organization\",\"@id\":\"https:\/\/www.casavio.com\/pl\/#organization\",\"name\":\"Camping Ca'Savio\",\"url\":\"https:\/\/www.casavio.com\/pl\/\",\"logo\":{\"@type\":\"ImageObject\",\"inLanguage\":\"pl-PL\",\"@id\":\"https:\/\/www.casavio.com\/pl\/#\/schema\/logo\/image\/\",\"url\":\"https:\/\/www.casavio.com\/wp-content\/uploads\/2024\/04\/favicon.png\",\"contentUrl\":\"https:\/\/www.casavio.com\/wp-content\/uploads\/2024\/04\/favicon.png\",\"width\":144,\"height\":144,\"caption\":\"Camping Ca'Savio\"},\"image\":{\"@id\":\"https:\/\/www.casavio.com\/pl\/#\/schema\/logo\/image\/\"},\"sameAs\":[\"https:\/\/www.facebook.com\/campingcasavio\",\"https:\/\/www.instagram.com\/campingcasavio\",\"https:\/\/www.youtube.com\/user\/campingcasavio\"]}]}<\/script>\n<!-- \/ Yoast SEO plugin. -->","yoast_head_json":{"title":"Kontakt &#8211; Camping Ca&#039; Savio","description":"Jakie\u015b w\u0105tpliwo\u015bci? Sprawd\u017a najcz\u0119\u015bciej zadawane pytania lub napisz do nas!","robots":{"index":"index","follow":"follow","max-snippet":"max-snippet:-1","max-image-preview":"max-image-preview:large","max-video-preview":"max-video-preview:-1"},"canonical":"https:\/\/www.casavio.com\/pl\/kontakt\/","og_locale":"pl_PL","og_type":"article","og_title":"Kontakt &#8211; Camping Ca&#039; Savio","og_description":"Jakie\u015b w\u0105tpliwo\u015bci? Sprawd\u017a najcz\u0119\u015bciej zadawane pytania lub napisz do nas!","og_url":"https:\/\/www.casavio.com\/pl\/kontakt\/","og_site_name":"Camping Ca&#039; Savio","article_publisher":"https:\/\/www.facebook.com\/campingcasavio","article_modified_time":"2020-04-03T08:15:24+00:00","twitter_card":"summary_large_image","schema":{"@context":"https:\/\/schema.org","@graph":[{"@type":"WebPage","@id":"https:\/\/www.casavio.com\/pl\/kontakt\/","url":"https:\/\/www.casavio.com\/pl\/kontakt\/","name":"Kontakt &#8211; Camping Ca&#039; Savio","isPartOf":{"@id":"https:\/\/www.casavio.com\/pl\/#website"},"datePublished":"2019-10-11T10:08:12+00:00","dateModified":"2020-04-03T08:15:24+00:00","description":"Jakie\u015b w\u0105tpliwo\u015bci? Sprawd\u017a najcz\u0119\u015bciej zadawane pytania lub napisz do nas!","breadcrumb":{"@id":"https:\/\/www.casavio.com\/pl\/kontakt\/#breadcrumb"},"inLanguage":"pl-PL","potentialAction":[{"@type":"ReadAction","target":["https:\/\/www.casavio.com\/pl\/kontakt\/"]}]},{"@type":"BreadcrumbList","@id":"https:\/\/www.casavio.com\/pl\/kontakt\/#breadcrumb","itemListElement":[{"@type":"ListItem","position":1,"name":"Home","item":"https:\/\/www.casavio.com\/pl\/"},{"@type":"ListItem","position":2,"name":"Kontakt"}]},{"@type":"WebSite","@id":"https:\/\/www.casavio.com\/pl\/#website","url":"https:\/\/www.casavio.com\/pl\/","name":"Camping Ca&#039; Savio","description":"","publisher":{"@id":"https:\/\/www.casavio.com\/pl\/#organization"},"potentialAction":[{"@type":"SearchAction","target":{"@type":"EntryPoint","urlTemplate":"https:\/\/www.casavio.com\/pl\/?s={search_term_string}"},"query-input":{"@type":"PropertyValueSpecification","valueRequired":true,"valueName":"search_term_string"}}],"inLanguage":"pl-PL"},{"@type":"Organization","@id":"https:\/\/www.casavio.com\/pl\/#organization","name":"Camping Ca'Savio","url":"https:\/\/www.casavio.com\/pl\/","logo":{"@type":"ImageObject","inLanguage":"pl-PL","@id":"https:\/\/www.casavio.com\/pl\/#\/schema\/logo\/image\/","url":"https:\/\/www.casavio.com\/wp-content\/uploads\/2024\/04\/favicon.png","contentUrl":"https:\/\/www.casavio.com\/wp-content\/uploads\/2024\/04\/favicon.png","width":144,"height":144,"caption":"Camping Ca'Savio"},"image":{"@id":"https:\/\/www.casavio.com\/pl\/#\/schema\/logo\/image\/"},"sameAs":["https:\/\/www.facebook.com\/campingcasavio","https:\/\/www.instagram.com\/campingcasavio","https:\/\/www.youtube.com\/user\/campingcasavio"]}]}},"_links":{"self":[{"href":"https:\/\/www.casavio.com\/pl\/wp-json\/wp\/v2\/pages\/10446","targetHints":{"allow":["GET"]}}],"collection":[{"href":"https:\/\/www.casavio.com\/pl\/wp-json\/wp\/v2\/pages"}],"about":[{"href":"https:\/\/www.casavio.com\/pl\/wp-json\/wp\/v2\/types\/page"}],"author":[{"embeddable":true,"href":"https:\/\/www.casavio.com\/pl\/wp-json\/wp\/v2\/users\/2"}],"replies":[{"embeddable":true,"href":"https:\/\/www.casavio.com\/pl\/wp-json\/wp\/v2\/comments?post=10446"}],"version-history":[{"count":2,"href":"https:\/\/www.casavio.com\/pl\/wp-json\/wp\/v2\/pages\/10446\/revisions"}],"predecessor-version":[{"id":10448,"href":"https:\/\/www.casavio.com\/pl\/wp-json\/wp\/v2\/pages\/10446\/revisions\/10448"}],"wp:attachment":[{"href":"https:\/\/www.casavio.com\/pl\/wp-json\/wp\/v2\/media?parent=10446"}],"curies":[{"name":"wp","href":"https:\/\/api.w.org\/{rel}","templated":true}]}}