{"id":10451,"date":"2019-11-07T11:32:36","date_gmt":"2019-11-07T10:32:36","guid":{"rendered":"https:\/\/www.casavio.com\/kontakt\/come-prenotare\/"},"modified":"2020-08-11T13:38:07","modified_gmt":"2020-08-11T11:38:07","slug":"jak-zarezerwowac","status":"publish","type":"page","link":"https:\/\/www.casavio.com\/pl\/kontakt\/jak-zarezerwowac\/","title":{"rendered":"Jak zarezerwowa\u0107"},"content":{"rendered":"<p>Chcesz zarezerwowa\u0107 pobyt na kempingu Ca\u2019Savio? Oto, jak to zrobi\u0107!<\/p>\n<h4><a href=\"https:\/\/prenotazioni.casavio.com\/search\" target=\"_blank\" rel=\"noopener noreferrer\">Online<\/a><\/h4>\n<p>Szybko i \u0142atwo sprawd\u017a <strong>dost\u0119pno\u015b\u0107<\/strong> wybranej kwatery lub parceli, zarezerwuj sw\u00f3j pobyt za <strong>pomoc\u0105 kilku<\/strong> klikni\u0119\u0107, wp\u0142a\u0107 wymagan\u0105 zaliczk\u0119 bezpiecznie <strong>kart\u0105 kredytow\u0105\/PayPalem<\/strong>, a Twoja rezerwacja zostanie natychmiast potwierdzona. Je\u015bli wybierzesz <strong>przelew bankowy<\/strong> jako metod\u0119 p\u0142atno\u015bci, otrzymasz <strong>e-mail<\/strong> z podan\u0105 kwot\u0105, terminem i szczeg\u00f3\u0142owymi danymi dotycz\u0105cymi p\u0142atno\u015bci.<\/p>\n<h4>Zapytanie wysy\u0142ane przez <a href=\"https:\/\/booking.casavio.com\/contact\" target=\"_blank\" rel=\"noopener noreferrer\"><u>formular <\/u><\/a><\/h4>\n<p>Je\u015bli wolisz otrzyma\u0107 niewi\u0105\u017c\u0105c\u0105 wycen\u0119 lub wi\u0119cej informacji od naszego personelu, prosimy o wype\u0142nienie formularza i podanie liczby os\u00f3b, rodzaju kwatery lub parceli.<br \/>\nJe\u015bli postanowisz dokona\u0107 rezerwacji, ponownie sprawdzimy dost\u0119pno\u015b\u0107 i przekszta\u0142cimy wycen\u0119 w rezerwacj\u0119, kt\u00f3r\u0105 mo\u017cesz potwierdzi\u0107 wybran\u0105 przez siebie metod\u0105 p\u0142atno\u015bci.<\/p>\n<h4>Przypominamy, \u017ce:<\/h4>\n<ul>\n<li><strong>Kaucja<\/strong> wymagana do potwierdzenia rezerwacji wynosi <strong>30% ca\u0142kowitej kwoty za pobyt<\/strong>, a reszt\u0119 nale\u017cno\u015bci uiszczaj\u0105 Pa\u0144stwo bezpo\u015brednio na kempingu podczas pobytu.<\/li>\n<li>W przypadku p\u0142atno\u015bci <strong>przelewem bankowym<\/strong> na rachunek Vianello Vittorio S.p.A., wszelkie koszty prowizji za operacj\u0119 przelewu pozostaj\u0105 po stronie Twojego banku.<\/li>\n<li><strong>Nazwa u\u017cytkownika i has\u0142o<\/strong> u\u017cyte do rezerwacji s\u0105 osobiste i mog\u0105 by\u0107 powi\u0105zane z jednym imieniem i nazwiskiem\/w\u0142a\u015bcicielem rezerwacji.<\/li>\n<li>Nazwa u\u017cytkownika i has\u0142o b\u0119d\u0105 przydatne r\u00f3wnie\u017c w przysz\u0142o\u015bci do kolejnych rezerwacji i dost\u0119pu do <a href=\"https:\/\/booking.casavio.com\/search\" target=\"_blank\" rel=\"noopener noreferrer\"><u><strong>strefy prywatnej<\/strong><\/u><\/a>, w kt\u00f3rej mo\u017cesz zaktualizowa\u0107 sw\u00f3j profil, zobaczy\u0107 szczeg\u00f3\u0142y swoich rezerwacji i zmieni\u0107 wybran\u0105 wcze\u015bniej metod\u0119 p\u0142atno\u015bci, z przelewu bankowego na kart\u0119 kredytow\u0105 \/Paypal i odwrotnie.<\/li>\n<\/ul>\n","protected":false},"excerpt":{"rendered":"<p>Wszystkie wskaz\u00f3wki, krok po kroku.<\/p>\n","protected":false},"author":3,"featured_media":4390,"parent":10446,"menu_order":89,"comment_status":"closed","ping_status":"closed","template":"","meta":{"_acf_changed":false},"class_list":["post-10451","page","type-page","status-publish","has-post-thumbnail","hentry"],"acf":[],"yoast_head":"<!-- This site is optimized with the Yoast SEO plugin v25.3 - https:\/\/yoast.com\/wordpress\/plugins\/seo\/ -->\n<title>Zarezerwuj kemping online &#8211; Camping Ca&#039; Savio<\/title>\n<meta name=\"description\" content=\"Chcesz zarezerwowa\u0107 pobyt na kempingu Ca\u2019 Savio? Oto, jak to zrobi\u0107!\" \/>\n<meta name=\"robots\" content=\"index, follow, max-snippet:-1, max-image-preview:large, max-video-preview:-1\" \/>\n<link rel=\"canonical\" href=\"https:\/\/www.casavio.com\/pl\/kontakt\/jak-zarezerwowac\/\" \/>\n<meta property=\"og:locale\" content=\"pl_PL\" \/>\n<meta property=\"og:type\" content=\"article\" \/>\n<meta property=\"og:title\" content=\"Zarezerwuj kemping online &#8211; Camping Ca&#039; Savio\" \/>\n<meta property=\"og:description\" content=\"Chcesz zarezerwowa\u0107 pobyt na kempingu Ca\u2019 Savio? Oto, jak to zrobi\u0107!\" \/>\n<meta property=\"og:url\" content=\"https:\/\/www.casavio.com\/pl\/kontakt\/jak-zarezerwowac\/\" \/>\n<meta property=\"og:site_name\" content=\"Camping Ca&#039; Savio\" \/>\n<meta property=\"article:publisher\" content=\"https:\/\/www.facebook.com\/campingcasavio\" \/>\n<meta property=\"article:modified_time\" content=\"2020-08-11T11:38:07+00:00\" \/>\n<meta property=\"og:image\" content=\"https:\/\/www.casavio.com\/wp-content\/uploads\/2019\/11\/ca-savio-contatti-come-prenotare.jpg\" \/>\n\t<meta property=\"og:image:width\" content=\"440\" \/>\n\t<meta property=\"og:image:height\" content=\"600\" \/>\n\t<meta property=\"og:image:type\" content=\"image\/jpeg\" \/>\n<meta name=\"twitter:card\" content=\"summary_large_image\" \/>\n<meta name=\"twitter:label1\" content=\"Szacowany czas czytania\" \/>\n\t<meta name=\"twitter:data1\" content=\"1 minuta\" \/>\n<script type=\"application\/ld+json\" class=\"yoast-schema-graph\">{\"@context\":\"https:\/\/schema.org\",\"@graph\":[{\"@type\":\"WebPage\",\"@id\":\"https:\/\/www.casavio.com\/pl\/kontakt\/jak-zarezerwowac\/\",\"url\":\"https:\/\/www.casavio.com\/pl\/kontakt\/jak-zarezerwowac\/\",\"name\":\"Zarezerwuj kemping online &#8211; Camping Ca&#039; Savio\",\"isPartOf\":{\"@id\":\"https:\/\/www.casavio.com\/pl\/#website\"},\"primaryImageOfPage\":{\"@id\":\"https:\/\/www.casavio.com\/pl\/kontakt\/jak-zarezerwowac\/#primaryimage\"},\"image\":{\"@id\":\"https:\/\/www.casavio.com\/pl\/kontakt\/jak-zarezerwowac\/#primaryimage\"},\"thumbnailUrl\":\"https:\/\/www.casavio.com\/wp-content\/uploads\/2019\/11\/ca-savio-contatti-come-prenotare.jpg\",\"datePublished\":\"2019-11-07T10:32:36+00:00\",\"dateModified\":\"2020-08-11T11:38:07+00:00\",\"description\":\"Chcesz zarezerwowa\u0107 pobyt na kempingu Ca\u2019 Savio? Oto, jak to zrobi\u0107!\",\"breadcrumb\":{\"@id\":\"https:\/\/www.casavio.com\/pl\/kontakt\/jak-zarezerwowac\/#breadcrumb\"},\"inLanguage\":\"pl-PL\",\"potentialAction\":[{\"@type\":\"ReadAction\",\"target\":[\"https:\/\/www.casavio.com\/pl\/kontakt\/jak-zarezerwowac\/\"]}]},{\"@type\":\"ImageObject\",\"inLanguage\":\"pl-PL\",\"@id\":\"https:\/\/www.casavio.com\/pl\/kontakt\/jak-zarezerwowac\/#primaryimage\",\"url\":\"https:\/\/www.casavio.com\/wp-content\/uploads\/2019\/11\/ca-savio-contatti-come-prenotare.jpg\",\"contentUrl\":\"https:\/\/www.casavio.com\/wp-content\/uploads\/2019\/11\/ca-savio-contatti-come-prenotare.jpg\",\"width\":440,\"height\":600},{\"@type\":\"BreadcrumbList\",\"@id\":\"https:\/\/www.casavio.com\/pl\/kontakt\/jak-zarezerwowac\/#breadcrumb\",\"itemListElement\":[{\"@type\":\"ListItem\",\"position\":1,\"name\":\"Home\",\"item\":\"https:\/\/www.casavio.com\/pl\/\"},{\"@type\":\"ListItem\",\"position\":2,\"name\":\"Kontakt\",\"item\":\"https:\/\/www.casavio.com\/pl\/kontakt\/\"},{\"@type\":\"ListItem\",\"position\":3,\"name\":\"Jak zarezerwowa\u0107\"}]},{\"@type\":\"WebSite\",\"@id\":\"https:\/\/www.casavio.com\/pl\/#website\",\"url\":\"https:\/\/www.casavio.com\/pl\/\",\"name\":\"Camping Ca&#039; Savio\",\"description\":\"\",\"publisher\":{\"@id\":\"https:\/\/www.casavio.com\/pl\/#organization\"},\"potentialAction\":[{\"@type\":\"SearchAction\",\"target\":{\"@type\":\"EntryPoint\",\"urlTemplate\":\"https:\/\/www.casavio.com\/pl\/?s={search_term_string}\"},\"query-input\":{\"@type\":\"PropertyValueSpecification\",\"valueRequired\":true,\"valueName\":\"search_term_string\"}}],\"inLanguage\":\"pl-PL\"},{\"@type\":\"Organization\",\"@id\":\"https:\/\/www.casavio.com\/pl\/#organization\",\"name\":\"Camping Ca'Savio\",\"url\":\"https:\/\/www.casavio.com\/pl\/\",\"logo\":{\"@type\":\"ImageObject\",\"inLanguage\":\"pl-PL\",\"@id\":\"https:\/\/www.casavio.com\/pl\/#\/schema\/logo\/image\/\",\"url\":\"https:\/\/www.casavio.com\/wp-content\/uploads\/2024\/04\/favicon.png\",\"contentUrl\":\"https:\/\/www.casavio.com\/wp-content\/uploads\/2024\/04\/favicon.png\",\"width\":144,\"height\":144,\"caption\":\"Camping Ca'Savio\"},\"image\":{\"@id\":\"https:\/\/www.casavio.com\/pl\/#\/schema\/logo\/image\/\"},\"sameAs\":[\"https:\/\/www.facebook.com\/campingcasavio\",\"https:\/\/www.instagram.com\/campingcasavio\",\"https:\/\/www.youtube.com\/user\/campingcasavio\"]}]}<\/script>\n<!-- \/ Yoast SEO plugin. -->","yoast_head_json":{"title":"Zarezerwuj kemping online &#8211; Camping Ca&#039; Savio","description":"Chcesz zarezerwowa\u0107 pobyt na kempingu Ca\u2019 Savio? Oto, jak to zrobi\u0107!","robots":{"index":"index","follow":"follow","max-snippet":"max-snippet:-1","max-image-preview":"max-image-preview:large","max-video-preview":"max-video-preview:-1"},"canonical":"https:\/\/www.casavio.com\/pl\/kontakt\/jak-zarezerwowac\/","og_locale":"pl_PL","og_type":"article","og_title":"Zarezerwuj kemping online &#8211; Camping Ca&#039; Savio","og_description":"Chcesz zarezerwowa\u0107 pobyt na kempingu Ca\u2019 Savio? Oto, jak to zrobi\u0107!","og_url":"https:\/\/www.casavio.com\/pl\/kontakt\/jak-zarezerwowac\/","og_site_name":"Camping Ca&#039; Savio","article_publisher":"https:\/\/www.facebook.com\/campingcasavio","article_modified_time":"2020-08-11T11:38:07+00:00","og_image":[{"width":440,"height":600,"url":"https:\/\/www.casavio.com\/wp-content\/uploads\/2019\/11\/ca-savio-contatti-come-prenotare.jpg","type":"image\/jpeg"}],"twitter_card":"summary_large_image","twitter_misc":{"Szacowany czas czytania":"1 minuta"},"schema":{"@context":"https:\/\/schema.org","@graph":[{"@type":"WebPage","@id":"https:\/\/www.casavio.com\/pl\/kontakt\/jak-zarezerwowac\/","url":"https:\/\/www.casavio.com\/pl\/kontakt\/jak-zarezerwowac\/","name":"Zarezerwuj kemping online &#8211; Camping Ca&#039; Savio","isPartOf":{"@id":"https:\/\/www.casavio.com\/pl\/#website"},"primaryImageOfPage":{"@id":"https:\/\/www.casavio.com\/pl\/kontakt\/jak-zarezerwowac\/#primaryimage"},"image":{"@id":"https:\/\/www.casavio.com\/pl\/kontakt\/jak-zarezerwowac\/#primaryimage"},"thumbnailUrl":"https:\/\/www.casavio.com\/wp-content\/uploads\/2019\/11\/ca-savio-contatti-come-prenotare.jpg","datePublished":"2019-11-07T10:32:36+00:00","dateModified":"2020-08-11T11:38:07+00:00","description":"Chcesz zarezerwowa\u0107 pobyt na kempingu Ca\u2019 Savio? Oto, jak to zrobi\u0107!","breadcrumb":{"@id":"https:\/\/www.casavio.com\/pl\/kontakt\/jak-zarezerwowac\/#breadcrumb"},"inLanguage":"pl-PL","potentialAction":[{"@type":"ReadAction","target":["https:\/\/www.casavio.com\/pl\/kontakt\/jak-zarezerwowac\/"]}]},{"@type":"ImageObject","inLanguage":"pl-PL","@id":"https:\/\/www.casavio.com\/pl\/kontakt\/jak-zarezerwowac\/#primaryimage","url":"https:\/\/www.casavio.com\/wp-content\/uploads\/2019\/11\/ca-savio-contatti-come-prenotare.jpg","contentUrl":"https:\/\/www.casavio.com\/wp-content\/uploads\/2019\/11\/ca-savio-contatti-come-prenotare.jpg","width":440,"height":600},{"@type":"BreadcrumbList","@id":"https:\/\/www.casavio.com\/pl\/kontakt\/jak-zarezerwowac\/#breadcrumb","itemListElement":[{"@type":"ListItem","position":1,"name":"Home","item":"https:\/\/www.casavio.com\/pl\/"},{"@type":"ListItem","position":2,"name":"Kontakt","item":"https:\/\/www.casavio.com\/pl\/kontakt\/"},{"@type":"ListItem","position":3,"name":"Jak zarezerwowa\u0107"}]},{"@type":"WebSite","@id":"https:\/\/www.casavio.com\/pl\/#website","url":"https:\/\/www.casavio.com\/pl\/","name":"Camping Ca&#039; Savio","description":"","publisher":{"@id":"https:\/\/www.casavio.com\/pl\/#organization"},"potentialAction":[{"@type":"SearchAction","target":{"@type":"EntryPoint","urlTemplate":"https:\/\/www.casavio.com\/pl\/?s={search_term_string}"},"query-input":{"@type":"PropertyValueSpecification","valueRequired":true,"valueName":"search_term_string"}}],"inLanguage":"pl-PL"},{"@type":"Organization","@id":"https:\/\/www.casavio.com\/pl\/#organization","name":"Camping Ca'Savio","url":"https:\/\/www.casavio.com\/pl\/","logo":{"@type":"ImageObject","inLanguage":"pl-PL","@id":"https:\/\/www.casavio.com\/pl\/#\/schema\/logo\/image\/","url":"https:\/\/www.casavio.com\/wp-content\/uploads\/2024\/04\/favicon.png","contentUrl":"https:\/\/www.casavio.com\/wp-content\/uploads\/2024\/04\/favicon.png","width":144,"height":144,"caption":"Camping Ca'Savio"},"image":{"@id":"https:\/\/www.casavio.com\/pl\/#\/schema\/logo\/image\/"},"sameAs":["https:\/\/www.facebook.com\/campingcasavio","https:\/\/www.instagram.com\/campingcasavio","https:\/\/www.youtube.com\/user\/campingcasavio"]}]}},"_links":{"self":[{"href":"https:\/\/www.casavio.com\/pl\/wp-json\/wp\/v2\/pages\/10451","targetHints":{"allow":["GET"]}}],"collection":[{"href":"https:\/\/www.casavio.com\/pl\/wp-json\/wp\/v2\/pages"}],"about":[{"href":"https:\/\/www.casavio.com\/pl\/wp-json\/wp\/v2\/types\/page"}],"author":[{"embeddable":true,"href":"https:\/\/www.casavio.com\/pl\/wp-json\/wp\/v2\/users\/3"}],"replies":[{"embeddable":true,"href":"https:\/\/www.casavio.com\/pl\/wp-json\/wp\/v2\/comments?post=10451"}],"version-history":[{"count":2,"href":"https:\/\/www.casavio.com\/pl\/wp-json\/wp\/v2\/pages\/10451\/revisions"}],"predecessor-version":[{"id":13388,"href":"https:\/\/www.casavio.com\/pl\/wp-json\/wp\/v2\/pages\/10451\/revisions\/13388"}],"up":[{"embeddable":true,"href":"https:\/\/www.casavio.com\/pl\/wp-json\/wp\/v2\/pages\/10446"}],"wp:featuredmedia":[{"embeddable":true,"href":"https:\/\/www.casavio.com\/pl\/wp-json\/wp\/v2\/media\/4390"}],"wp:attachment":[{"href":"https:\/\/www.casavio.com\/pl\/wp-json\/wp\/v2\/media?parent=10451"}],"curies":[{"name":"wp","href":"https:\/\/api.w.org\/{rel}","templated":true}]}}