{"id":10464,"date":"2019-11-27T11:54:29","date_gmt":"2019-11-27T10:54:29","guid":{"rendered":"https:\/\/www.casavio.com\/gdzie-jestesmy\/come-raggiungerci-in-treno\/"},"modified":"2026-02-05T13:08:30","modified_gmt":"2026-02-05T12:08:30","slug":"jak-do-nas-dotrzec-pociagiem","status":"publish","type":"page","link":"https:\/\/www.casavio.com\/pl\/gdzie-jestesmy\/jak-do-nas-dotrzec-pociagiem\/","title":{"rendered":"Poci\u0105giem"},"content":{"rendered":"<p>Wybierz poci\u0105g, aby dosta\u0107 si\u0119 do Camping Ca\u2019Savio: jest to jeden z najbardziej ekologicznych sposob\u00f3w dotarcia do nas. Pomo\u017cesz nam w realizacji naszego zobowi\u0105zania na rzecz turystyki regeneracyjnej i b\u0119dziesz cieszy\u0107 si\u0119 relaksuj\u0105c\u0105 podr\u00f3\u017c\u0105.<\/p>\n<p><strong>Jak dotrze\u0107 do Camping Ca\u2019Savio poci\u0105giem<\/strong><\/p>\n<p>W pobli\u017cu znajduj\u0105 si\u0119 dwie stacje kolejowe: <strong>Venice St. Lucia <\/strong>i <strong>Venice-Mestre<\/strong>.<\/p>\n<p>Dojazd do Venice St. Lucia jest bardziej atrakcyjny, ale trzeba b\u0119dzie przesi\u0105\u015b\u0107 si\u0119 dwa razy na prom, a nast\u0119pnie dojecha\u0107 autobusem do kempingu.<br \/>\nStacja kolejowa <strong>Venice-Mestre<\/strong> jest z pewno\u015bci\u0105 wygodniejsza i <strong>polecamy j\u0105<\/strong>.<\/p>\n<p>Po przybyciu na stacj\u0119 kolejow\u0105 Venice-Mestre mo\u017cna dojecha\u0107 tutaj \u015brodkami <strong>transportu publicznego<\/strong>:<\/p>\n<ul>\n<li>Wsi\u0105d\u017a do autobusu firmy ATVO (kierunek Jesolo Lido), kt\u00f3ry rozpoczyna sw\u00f3j kurs na przystanku obok stacji kolejowej, a ko\u0144czy go na dworcu autobusowym<strong>(dworzec autobusowy Jesolo Lido<\/strong>).<\/li>\n<li>Tutaj przesi\u0105d\u017a si\u0119 w autobus ATVO numer <strong>5<\/strong> w kierunku <strong>Punta Sabbioni<\/strong> i wysi\u0105d\u017a w centrum Ca\u2019Savio.<\/li>\n<li>Do kempingu nale\u017cy si\u0119 kierowa\u0107 w stron\u0119 pla\u017cy. Le\u017cy on oko\u0142o <strong>800 metr\u00f3w<\/strong> od centrum Ca\u2019Savio. Jest to odleg\u0142o\u015b\u0107, kt\u00f3r\u0105 mo\u017cna pokona\u0107 pieszo w oko\u0142o 10 minut.<\/li>\n<\/ul>\n<p>Alternatywnie mo\u017cemy zorganizowa\u0107 <strong>transfer taks\u00f3wk\u0105<\/strong> ze stacji kolejowej <strong>Venice-Mestre<\/strong> do kempingu. Aby skorzysta\u0107 z tej us\u0142ugi, prosimy o wype\u0142nienie poni\u017cszego formularza.<\/p>\n","protected":false},"excerpt":{"rendered":"<p>Ze stacji Venezia Mestre i Venezia S. Lucia.<\/p>\n","protected":false},"author":4,"featured_media":29757,"parent":10454,"menu_order":0,"comment_status":"closed","ping_status":"closed","template":"templates\/tpl-taxi-transfer-train.php","meta":{"_acf_changed":false},"class_list":["post-10464","page","type-page","status-publish","has-post-thumbnail","hentry"],"acf":[],"yoast_head":"<!-- This site is optimized with the Yoast SEO plugin v25.3 - https:\/\/yoast.com\/wordpress\/plugins\/seo\/ -->\n<title>Gdzie jeste\u015bmy i jak do nas dotrze\u0107 poci\u0105giem &#8211; Camping Ca&#039; Savio<\/title>\n<meta name=\"description\" content=\"Wskazania i informacje punkt po punkcie, aby dotrze\u0107 do nas, je\u015bli przyjedziesz poci\u0105giem. Ca &#039;Savio jest do Twojej dyspozycji. Skontaktuj si\u0119 z nami w celu uzyskania informacji.\" \/>\n<meta name=\"robots\" content=\"index, follow, max-snippet:-1, max-image-preview:large, max-video-preview:-1\" \/>\n<link rel=\"canonical\" href=\"https:\/\/www.casavio.com\/pl\/gdzie-jestesmy\/jak-do-nas-dotrzec-pociagiem\/\" \/>\n<meta property=\"og:locale\" content=\"pl_PL\" \/>\n<meta property=\"og:type\" content=\"article\" \/>\n<meta property=\"og:title\" content=\"Gdzie jeste\u015bmy i jak do nas dotrze\u0107 poci\u0105giem &#8211; Camping Ca&#039; Savio\" \/>\n<meta property=\"og:description\" content=\"Wskazania i informacje punkt po punkcie, aby dotrze\u0107 do nas, je\u015bli przyjedziesz poci\u0105giem. Ca &#039;Savio jest do Twojej dyspozycji. Skontaktuj si\u0119 z nami w celu uzyskania informacji.\" \/>\n<meta property=\"og:url\" content=\"https:\/\/www.casavio.com\/pl\/gdzie-jestesmy\/jak-do-nas-dotrzec-pociagiem\/\" \/>\n<meta property=\"og:site_name\" content=\"Camping Ca&#039; Savio\" \/>\n<meta property=\"article:publisher\" content=\"https:\/\/www.facebook.com\/campingcasavio\" \/>\n<meta property=\"article:modified_time\" content=\"2026-02-05T12:08:30+00:00\" \/>\n<meta property=\"og:image\" content=\"https:\/\/www.casavio.com\/wp-content\/uploads\/2024\/02\/treno_v.jpg\" \/>\n\t<meta property=\"og:image:width\" content=\"440\" \/>\n\t<meta property=\"og:image:height\" content=\"600\" \/>\n\t<meta property=\"og:image:type\" content=\"image\/jpeg\" \/>\n<meta name=\"twitter:card\" content=\"summary_large_image\" \/>\n<meta name=\"twitter:label1\" content=\"Szacowany czas czytania\" \/>\n\t<meta name=\"twitter:data1\" content=\"2 minuty\" \/>\n<script type=\"application\/ld+json\" class=\"yoast-schema-graph\">{\"@context\":\"https:\/\/schema.org\",\"@graph\":[{\"@type\":\"WebPage\",\"@id\":\"https:\/\/www.casavio.com\/pl\/gdzie-jestesmy\/jak-do-nas-dotrzec-pociagiem\/\",\"url\":\"https:\/\/www.casavio.com\/pl\/gdzie-jestesmy\/jak-do-nas-dotrzec-pociagiem\/\",\"name\":\"Gdzie jeste\u015bmy i jak do nas dotrze\u0107 poci\u0105giem &#8211; Camping Ca&#039; Savio\",\"isPartOf\":{\"@id\":\"https:\/\/www.casavio.com\/pl\/#website\"},\"primaryImageOfPage\":{\"@id\":\"https:\/\/www.casavio.com\/pl\/gdzie-jestesmy\/jak-do-nas-dotrzec-pociagiem\/#primaryimage\"},\"image\":{\"@id\":\"https:\/\/www.casavio.com\/pl\/gdzie-jestesmy\/jak-do-nas-dotrzec-pociagiem\/#primaryimage\"},\"thumbnailUrl\":\"https:\/\/www.casavio.com\/wp-content\/uploads\/2024\/02\/treno_v.jpg\",\"datePublished\":\"2019-11-27T10:54:29+00:00\",\"dateModified\":\"2026-02-05T12:08:30+00:00\",\"description\":\"Wskazania i informacje punkt po punkcie, aby dotrze\u0107 do nas, je\u015bli przyjedziesz poci\u0105giem. Ca 'Savio jest do Twojej dyspozycji. Skontaktuj si\u0119 z nami w celu uzyskania informacji.\",\"breadcrumb\":{\"@id\":\"https:\/\/www.casavio.com\/pl\/gdzie-jestesmy\/jak-do-nas-dotrzec-pociagiem\/#breadcrumb\"},\"inLanguage\":\"pl-PL\",\"potentialAction\":[{\"@type\":\"ReadAction\",\"target\":[\"https:\/\/www.casavio.com\/pl\/gdzie-jestesmy\/jak-do-nas-dotrzec-pociagiem\/\"]}]},{\"@type\":\"ImageObject\",\"inLanguage\":\"pl-PL\",\"@id\":\"https:\/\/www.casavio.com\/pl\/gdzie-jestesmy\/jak-do-nas-dotrzec-pociagiem\/#primaryimage\",\"url\":\"https:\/\/www.casavio.com\/wp-content\/uploads\/2024\/02\/treno_v.jpg\",\"contentUrl\":\"https:\/\/www.casavio.com\/wp-content\/uploads\/2024\/02\/treno_v.jpg\",\"width\":440,\"height\":600},{\"@type\":\"BreadcrumbList\",\"@id\":\"https:\/\/www.casavio.com\/pl\/gdzie-jestesmy\/jak-do-nas-dotrzec-pociagiem\/#breadcrumb\",\"itemListElement\":[{\"@type\":\"ListItem\",\"position\":1,\"name\":\"Home\",\"item\":\"https:\/\/www.casavio.com\/pl\/\"},{\"@type\":\"ListItem\",\"position\":2,\"name\":\"Gdzie jeste\u015bmy\",\"item\":\"https:\/\/www.casavio.com\/pl\/gdzie-jestesmy\/\"},{\"@type\":\"ListItem\",\"position\":3,\"name\":\"Poci\u0105giem\"}]},{\"@type\":\"WebSite\",\"@id\":\"https:\/\/www.casavio.com\/pl\/#website\",\"url\":\"https:\/\/www.casavio.com\/pl\/\",\"name\":\"Camping Ca&#039; Savio\",\"description\":\"\",\"publisher\":{\"@id\":\"https:\/\/www.casavio.com\/pl\/#organization\"},\"potentialAction\":[{\"@type\":\"SearchAction\",\"target\":{\"@type\":\"EntryPoint\",\"urlTemplate\":\"https:\/\/www.casavio.com\/pl\/?s={search_term_string}\"},\"query-input\":{\"@type\":\"PropertyValueSpecification\",\"valueRequired\":true,\"valueName\":\"search_term_string\"}}],\"inLanguage\":\"pl-PL\"},{\"@type\":\"Organization\",\"@id\":\"https:\/\/www.casavio.com\/pl\/#organization\",\"name\":\"Camping Ca'Savio\",\"url\":\"https:\/\/www.casavio.com\/pl\/\",\"logo\":{\"@type\":\"ImageObject\",\"inLanguage\":\"pl-PL\",\"@id\":\"https:\/\/www.casavio.com\/pl\/#\/schema\/logo\/image\/\",\"url\":\"https:\/\/www.casavio.com\/wp-content\/uploads\/2024\/04\/favicon.png\",\"contentUrl\":\"https:\/\/www.casavio.com\/wp-content\/uploads\/2024\/04\/favicon.png\",\"width\":144,\"height\":144,\"caption\":\"Camping Ca'Savio\"},\"image\":{\"@id\":\"https:\/\/www.casavio.com\/pl\/#\/schema\/logo\/image\/\"},\"sameAs\":[\"https:\/\/www.facebook.com\/campingcasavio\",\"https:\/\/www.instagram.com\/campingcasavio\",\"https:\/\/www.youtube.com\/user\/campingcasavio\"]}]}<\/script>\n<!-- \/ Yoast SEO plugin. -->","yoast_head_json":{"title":"Gdzie jeste\u015bmy i jak do nas dotrze\u0107 poci\u0105giem &#8211; Camping Ca&#039; Savio","description":"Wskazania i informacje punkt po punkcie, aby dotrze\u0107 do nas, je\u015bli przyjedziesz poci\u0105giem. Ca 'Savio jest do Twojej dyspozycji. Skontaktuj si\u0119 z nami w celu uzyskania informacji.","robots":{"index":"index","follow":"follow","max-snippet":"max-snippet:-1","max-image-preview":"max-image-preview:large","max-video-preview":"max-video-preview:-1"},"canonical":"https:\/\/www.casavio.com\/pl\/gdzie-jestesmy\/jak-do-nas-dotrzec-pociagiem\/","og_locale":"pl_PL","og_type":"article","og_title":"Gdzie jeste\u015bmy i jak do nas dotrze\u0107 poci\u0105giem &#8211; Camping Ca&#039; Savio","og_description":"Wskazania i informacje punkt po punkcie, aby dotrze\u0107 do nas, je\u015bli przyjedziesz poci\u0105giem. Ca 'Savio jest do Twojej dyspozycji. Skontaktuj si\u0119 z nami w celu uzyskania informacji.","og_url":"https:\/\/www.casavio.com\/pl\/gdzie-jestesmy\/jak-do-nas-dotrzec-pociagiem\/","og_site_name":"Camping Ca&#039; Savio","article_publisher":"https:\/\/www.facebook.com\/campingcasavio","article_modified_time":"2026-02-05T12:08:30+00:00","og_image":[{"width":440,"height":600,"url":"https:\/\/www.casavio.com\/wp-content\/uploads\/2024\/02\/treno_v.jpg","type":"image\/jpeg"}],"twitter_card":"summary_large_image","twitter_misc":{"Szacowany czas czytania":"2 minuty"},"schema":{"@context":"https:\/\/schema.org","@graph":[{"@type":"WebPage","@id":"https:\/\/www.casavio.com\/pl\/gdzie-jestesmy\/jak-do-nas-dotrzec-pociagiem\/","url":"https:\/\/www.casavio.com\/pl\/gdzie-jestesmy\/jak-do-nas-dotrzec-pociagiem\/","name":"Gdzie jeste\u015bmy i jak do nas dotrze\u0107 poci\u0105giem &#8211; Camping Ca&#039; Savio","isPartOf":{"@id":"https:\/\/www.casavio.com\/pl\/#website"},"primaryImageOfPage":{"@id":"https:\/\/www.casavio.com\/pl\/gdzie-jestesmy\/jak-do-nas-dotrzec-pociagiem\/#primaryimage"},"image":{"@id":"https:\/\/www.casavio.com\/pl\/gdzie-jestesmy\/jak-do-nas-dotrzec-pociagiem\/#primaryimage"},"thumbnailUrl":"https:\/\/www.casavio.com\/wp-content\/uploads\/2024\/02\/treno_v.jpg","datePublished":"2019-11-27T10:54:29+00:00","dateModified":"2026-02-05T12:08:30+00:00","description":"Wskazania i informacje punkt po punkcie, aby dotrze\u0107 do nas, je\u015bli przyjedziesz poci\u0105giem. Ca 'Savio jest do Twojej dyspozycji. Skontaktuj si\u0119 z nami w celu uzyskania informacji.","breadcrumb":{"@id":"https:\/\/www.casavio.com\/pl\/gdzie-jestesmy\/jak-do-nas-dotrzec-pociagiem\/#breadcrumb"},"inLanguage":"pl-PL","potentialAction":[{"@type":"ReadAction","target":["https:\/\/www.casavio.com\/pl\/gdzie-jestesmy\/jak-do-nas-dotrzec-pociagiem\/"]}]},{"@type":"ImageObject","inLanguage":"pl-PL","@id":"https:\/\/www.casavio.com\/pl\/gdzie-jestesmy\/jak-do-nas-dotrzec-pociagiem\/#primaryimage","url":"https:\/\/www.casavio.com\/wp-content\/uploads\/2024\/02\/treno_v.jpg","contentUrl":"https:\/\/www.casavio.com\/wp-content\/uploads\/2024\/02\/treno_v.jpg","width":440,"height":600},{"@type":"BreadcrumbList","@id":"https:\/\/www.casavio.com\/pl\/gdzie-jestesmy\/jak-do-nas-dotrzec-pociagiem\/#breadcrumb","itemListElement":[{"@type":"ListItem","position":1,"name":"Home","item":"https:\/\/www.casavio.com\/pl\/"},{"@type":"ListItem","position":2,"name":"Gdzie jeste\u015bmy","item":"https:\/\/www.casavio.com\/pl\/gdzie-jestesmy\/"},{"@type":"ListItem","position":3,"name":"Poci\u0105giem"}]},{"@type":"WebSite","@id":"https:\/\/www.casavio.com\/pl\/#website","url":"https:\/\/www.casavio.com\/pl\/","name":"Camping Ca&#039; Savio","description":"","publisher":{"@id":"https:\/\/www.casavio.com\/pl\/#organization"},"potentialAction":[{"@type":"SearchAction","target":{"@type":"EntryPoint","urlTemplate":"https:\/\/www.casavio.com\/pl\/?s={search_term_string}"},"query-input":{"@type":"PropertyValueSpecification","valueRequired":true,"valueName":"search_term_string"}}],"inLanguage":"pl-PL"},{"@type":"Organization","@id":"https:\/\/www.casavio.com\/pl\/#organization","name":"Camping Ca'Savio","url":"https:\/\/www.casavio.com\/pl\/","logo":{"@type":"ImageObject","inLanguage":"pl-PL","@id":"https:\/\/www.casavio.com\/pl\/#\/schema\/logo\/image\/","url":"https:\/\/www.casavio.com\/wp-content\/uploads\/2024\/04\/favicon.png","contentUrl":"https:\/\/www.casavio.com\/wp-content\/uploads\/2024\/04\/favicon.png","width":144,"height":144,"caption":"Camping Ca'Savio"},"image":{"@id":"https:\/\/www.casavio.com\/pl\/#\/schema\/logo\/image\/"},"sameAs":["https:\/\/www.facebook.com\/campingcasavio","https:\/\/www.instagram.com\/campingcasavio","https:\/\/www.youtube.com\/user\/campingcasavio"]}]}},"_links":{"self":[{"href":"https:\/\/www.casavio.com\/pl\/wp-json\/wp\/v2\/pages\/10464","targetHints":{"allow":["GET"]}}],"collection":[{"href":"https:\/\/www.casavio.com\/pl\/wp-json\/wp\/v2\/pages"}],"about":[{"href":"https:\/\/www.casavio.com\/pl\/wp-json\/wp\/v2\/types\/page"}],"author":[{"embeddable":true,"href":"https:\/\/www.casavio.com\/pl\/wp-json\/wp\/v2\/users\/4"}],"replies":[{"embeddable":true,"href":"https:\/\/www.casavio.com\/pl\/wp-json\/wp\/v2\/comments?post=10464"}],"version-history":[{"count":2,"href":"https:\/\/www.casavio.com\/pl\/wp-json\/wp\/v2\/pages\/10464\/revisions"}],"predecessor-version":[{"id":45848,"href":"https:\/\/www.casavio.com\/pl\/wp-json\/wp\/v2\/pages\/10464\/revisions\/45848"}],"up":[{"embeddable":true,"href":"https:\/\/www.casavio.com\/pl\/wp-json\/wp\/v2\/pages\/10454"}],"wp:featuredmedia":[{"embeddable":true,"href":"https:\/\/www.casavio.com\/pl\/wp-json\/wp\/v2\/media\/29757"}],"wp:attachment":[{"href":"https:\/\/www.casavio.com\/pl\/wp-json\/wp\/v2\/media?parent=10464"}],"curies":[{"name":"wp","href":"https:\/\/api.w.org\/{rel}","templated":true}]}}