{"id":10467,"date":"2019-11-07T11:33:43","date_gmt":"2019-11-07T10:33:43","guid":{"rendered":"https:\/\/www.casavio.com\/come-raggiungerci\/"},"modified":"2024-05-09T14:43:29","modified_gmt":"2024-05-09T12:43:29","slug":"jak-do-nas-dotrzec","status":"publish","type":"page","link":"https:\/\/www.casavio.com\/pl\/jak-do-nas-dotrzec\/","title":{"rendered":"Jak do nas dotrze\u0107"},"content":{"rendered":"<p><strong>Adres<\/strong><\/p>\n<p>Kemping Ca\u2019 Savio<br \/>\nVia di Ca\u2019Savio 77<br \/>\n30013 Cavallino Treporti (VE)<br \/>\nItalia<\/p>\n<p><strong>Wsp\u00f3\u0142rz\u0119dne GPS<\/strong><\/p>\n<p>D\u0142ugo\u015b\u0107 geograficzna = X 12\u00b0 27,6801&#8242; E<br \/>\nSzeroko\u015b\u0107 geograficzna = Y 45\u00b0 26,7527&#8242; N<\/p>\n<p><strong>Wa\u017cne: <\/strong>ustaw tras\u0119 przejazdu przez <strong>Jesolo.<\/strong><\/p>\n<p><a href=\"https:\/\/www.casavio.com\/pl\/jak-dojechac-na-kempingu-casavio-unikajac-natezonego-ruchu-drogowego\/\"><strong>Jak dojecha\u0107 na kempingu Ca\u2019Savio unikaj\u0105c nat\u0119\u017conego ruchu drogowego<\/strong><\/a><\/p>\n","protected":false},"excerpt":{"rendered":"<p>Adres Kemping Ca\u2019 Savio Via di Ca\u2019Savio 77 30013 Cavallino Treporti (VE) Italia Wsp\u00f3\u0142rz\u0119dne GPS D\u0142ugo\u015b\u0107 geograficzna = X 12\u00b0 27,6801&#8242; E Szeroko\u015b\u0107 geograficzna = Y 45\u00b0 26,7527&#8242; N Wa\u017cne: ustaw tras\u0119 przejazdu przez Jesolo. Jak dojecha\u0107 na kempingu Ca\u2019Savio unikaj\u0105c nat\u0119\u017conego ruchu drogowego<\/p>\n","protected":false},"author":3,"featured_media":4424,"parent":0,"menu_order":92,"comment_status":"closed","ping_status":"closed","template":"","meta":{"_acf_changed":false},"class_list":["post-10467","page","type-page","status-publish","has-post-thumbnail","hentry"],"acf":[],"yoast_head":"<!-- This site is optimized with the Yoast SEO plugin v25.3 - https:\/\/yoast.com\/wordpress\/plugins\/seo\/ -->\n<title>Gdzie jeste\u015bmy i jak do nas dotrze\u0107 &#8211; Camping Ca&#039; Savio<\/title>\n<meta name=\"description\" content=\"Tutaj znajdziesz wszystkie przydatne informacje, aby dotrze\u0107 do naszego kempingu.\" \/>\n<meta name=\"robots\" content=\"index, follow, max-snippet:-1, max-image-preview:large, max-video-preview:-1\" \/>\n<link rel=\"canonical\" href=\"https:\/\/www.casavio.com\/pl\/jak-do-nas-dotrzec\/\" \/>\n<meta property=\"og:locale\" content=\"pl_PL\" \/>\n<meta property=\"og:type\" content=\"article\" \/>\n<meta property=\"og:title\" content=\"Gdzie jeste\u015bmy i jak do nas dotrze\u0107 &#8211; Camping Ca&#039; Savio\" \/>\n<meta property=\"og:description\" content=\"Tutaj znajdziesz wszystkie przydatne informacje, aby dotrze\u0107 do naszego kempingu.\" \/>\n<meta property=\"og:url\" content=\"https:\/\/www.casavio.com\/pl\/jak-do-nas-dotrzec\/\" \/>\n<meta property=\"og:site_name\" content=\"Camping Ca&#039; Savio\" \/>\n<meta property=\"article:publisher\" content=\"https:\/\/www.facebook.com\/campingcasavio\" \/>\n<meta property=\"article:modified_time\" content=\"2024-05-09T12:43:29+00:00\" \/>\n<meta property=\"og:image\" content=\"https:\/\/www.casavio.com\/wp-content\/uploads\/2019\/11\/ca-savio-evita-traffico-header.jpg\" \/>\n\t<meta property=\"og:image:width\" content=\"1440\" \/>\n\t<meta property=\"og:image:height\" content=\"500\" \/>\n\t<meta property=\"og:image:type\" content=\"image\/jpeg\" \/>\n<meta name=\"twitter:card\" content=\"summary_large_image\" \/>\n<meta name=\"twitter:label1\" content=\"Szacowany czas czytania\" \/>\n\t<meta name=\"twitter:data1\" content=\"1 minuta\" \/>\n<script type=\"application\/ld+json\" class=\"yoast-schema-graph\">{\"@context\":\"https:\/\/schema.org\",\"@graph\":[{\"@type\":\"WebPage\",\"@id\":\"https:\/\/www.casavio.com\/pl\/jak-do-nas-dotrzec\/\",\"url\":\"https:\/\/www.casavio.com\/pl\/jak-do-nas-dotrzec\/\",\"name\":\"Gdzie jeste\u015bmy i jak do nas dotrze\u0107 &#8211; Camping Ca&#039; Savio\",\"isPartOf\":{\"@id\":\"https:\/\/www.casavio.com\/pl\/#website\"},\"primaryImageOfPage\":{\"@id\":\"https:\/\/www.casavio.com\/pl\/jak-do-nas-dotrzec\/#primaryimage\"},\"image\":{\"@id\":\"https:\/\/www.casavio.com\/pl\/jak-do-nas-dotrzec\/#primaryimage\"},\"thumbnailUrl\":\"https:\/\/www.casavio.com\/wp-content\/uploads\/2019\/11\/ca-savio-evita-traffico-header.jpg\",\"datePublished\":\"2019-11-07T10:33:43+00:00\",\"dateModified\":\"2024-05-09T12:43:29+00:00\",\"description\":\"Tutaj znajdziesz wszystkie przydatne informacje, aby dotrze\u0107 do naszego kempingu.\",\"breadcrumb\":{\"@id\":\"https:\/\/www.casavio.com\/pl\/jak-do-nas-dotrzec\/#breadcrumb\"},\"inLanguage\":\"pl-PL\",\"potentialAction\":[{\"@type\":\"ReadAction\",\"target\":[\"https:\/\/www.casavio.com\/pl\/jak-do-nas-dotrzec\/\"]}]},{\"@type\":\"ImageObject\",\"inLanguage\":\"pl-PL\",\"@id\":\"https:\/\/www.casavio.com\/pl\/jak-do-nas-dotrzec\/#primaryimage\",\"url\":\"https:\/\/www.casavio.com\/wp-content\/uploads\/2019\/11\/ca-savio-evita-traffico-header.jpg\",\"contentUrl\":\"https:\/\/www.casavio.com\/wp-content\/uploads\/2019\/11\/ca-savio-evita-traffico-header.jpg\",\"width\":1440,\"height\":500},{\"@type\":\"BreadcrumbList\",\"@id\":\"https:\/\/www.casavio.com\/pl\/jak-do-nas-dotrzec\/#breadcrumb\",\"itemListElement\":[{\"@type\":\"ListItem\",\"position\":1,\"name\":\"Home\",\"item\":\"https:\/\/www.casavio.com\/pl\/\"},{\"@type\":\"ListItem\",\"position\":2,\"name\":\"Jak do nas dotrze\u0107\"}]},{\"@type\":\"WebSite\",\"@id\":\"https:\/\/www.casavio.com\/pl\/#website\",\"url\":\"https:\/\/www.casavio.com\/pl\/\",\"name\":\"Camping Ca&#039; Savio\",\"description\":\"\",\"publisher\":{\"@id\":\"https:\/\/www.casavio.com\/pl\/#organization\"},\"potentialAction\":[{\"@type\":\"SearchAction\",\"target\":{\"@type\":\"EntryPoint\",\"urlTemplate\":\"https:\/\/www.casavio.com\/pl\/?s={search_term_string}\"},\"query-input\":{\"@type\":\"PropertyValueSpecification\",\"valueRequired\":true,\"valueName\":\"search_term_string\"}}],\"inLanguage\":\"pl-PL\"},{\"@type\":\"Organization\",\"@id\":\"https:\/\/www.casavio.com\/pl\/#organization\",\"name\":\"Camping Ca'Savio\",\"url\":\"https:\/\/www.casavio.com\/pl\/\",\"logo\":{\"@type\":\"ImageObject\",\"inLanguage\":\"pl-PL\",\"@id\":\"https:\/\/www.casavio.com\/pl\/#\/schema\/logo\/image\/\",\"url\":\"https:\/\/www.casavio.com\/wp-content\/uploads\/2024\/04\/favicon.png\",\"contentUrl\":\"https:\/\/www.casavio.com\/wp-content\/uploads\/2024\/04\/favicon.png\",\"width\":144,\"height\":144,\"caption\":\"Camping Ca'Savio\"},\"image\":{\"@id\":\"https:\/\/www.casavio.com\/pl\/#\/schema\/logo\/image\/\"},\"sameAs\":[\"https:\/\/www.facebook.com\/campingcasavio\",\"https:\/\/www.instagram.com\/campingcasavio\",\"https:\/\/www.youtube.com\/user\/campingcasavio\"]}]}<\/script>\n<!-- \/ Yoast SEO plugin. -->","yoast_head_json":{"title":"Gdzie jeste\u015bmy i jak do nas dotrze\u0107 &#8211; Camping Ca&#039; Savio","description":"Tutaj znajdziesz wszystkie przydatne informacje, aby dotrze\u0107 do naszego kempingu.","robots":{"index":"index","follow":"follow","max-snippet":"max-snippet:-1","max-image-preview":"max-image-preview:large","max-video-preview":"max-video-preview:-1"},"canonical":"https:\/\/www.casavio.com\/pl\/jak-do-nas-dotrzec\/","og_locale":"pl_PL","og_type":"article","og_title":"Gdzie jeste\u015bmy i jak do nas dotrze\u0107 &#8211; Camping Ca&#039; Savio","og_description":"Tutaj znajdziesz wszystkie przydatne informacje, aby dotrze\u0107 do naszego kempingu.","og_url":"https:\/\/www.casavio.com\/pl\/jak-do-nas-dotrzec\/","og_site_name":"Camping Ca&#039; Savio","article_publisher":"https:\/\/www.facebook.com\/campingcasavio","article_modified_time":"2024-05-09T12:43:29+00:00","og_image":[{"width":1440,"height":500,"url":"https:\/\/www.casavio.com\/wp-content\/uploads\/2019\/11\/ca-savio-evita-traffico-header.jpg","type":"image\/jpeg"}],"twitter_card":"summary_large_image","twitter_misc":{"Szacowany czas czytania":"1 minuta"},"schema":{"@context":"https:\/\/schema.org","@graph":[{"@type":"WebPage","@id":"https:\/\/www.casavio.com\/pl\/jak-do-nas-dotrzec\/","url":"https:\/\/www.casavio.com\/pl\/jak-do-nas-dotrzec\/","name":"Gdzie jeste\u015bmy i jak do nas dotrze\u0107 &#8211; Camping Ca&#039; Savio","isPartOf":{"@id":"https:\/\/www.casavio.com\/pl\/#website"},"primaryImageOfPage":{"@id":"https:\/\/www.casavio.com\/pl\/jak-do-nas-dotrzec\/#primaryimage"},"image":{"@id":"https:\/\/www.casavio.com\/pl\/jak-do-nas-dotrzec\/#primaryimage"},"thumbnailUrl":"https:\/\/www.casavio.com\/wp-content\/uploads\/2019\/11\/ca-savio-evita-traffico-header.jpg","datePublished":"2019-11-07T10:33:43+00:00","dateModified":"2024-05-09T12:43:29+00:00","description":"Tutaj znajdziesz wszystkie przydatne informacje, aby dotrze\u0107 do naszego kempingu.","breadcrumb":{"@id":"https:\/\/www.casavio.com\/pl\/jak-do-nas-dotrzec\/#breadcrumb"},"inLanguage":"pl-PL","potentialAction":[{"@type":"ReadAction","target":["https:\/\/www.casavio.com\/pl\/jak-do-nas-dotrzec\/"]}]},{"@type":"ImageObject","inLanguage":"pl-PL","@id":"https:\/\/www.casavio.com\/pl\/jak-do-nas-dotrzec\/#primaryimage","url":"https:\/\/www.casavio.com\/wp-content\/uploads\/2019\/11\/ca-savio-evita-traffico-header.jpg","contentUrl":"https:\/\/www.casavio.com\/wp-content\/uploads\/2019\/11\/ca-savio-evita-traffico-header.jpg","width":1440,"height":500},{"@type":"BreadcrumbList","@id":"https:\/\/www.casavio.com\/pl\/jak-do-nas-dotrzec\/#breadcrumb","itemListElement":[{"@type":"ListItem","position":1,"name":"Home","item":"https:\/\/www.casavio.com\/pl\/"},{"@type":"ListItem","position":2,"name":"Jak do nas dotrze\u0107"}]},{"@type":"WebSite","@id":"https:\/\/www.casavio.com\/pl\/#website","url":"https:\/\/www.casavio.com\/pl\/","name":"Camping Ca&#039; Savio","description":"","publisher":{"@id":"https:\/\/www.casavio.com\/pl\/#organization"},"potentialAction":[{"@type":"SearchAction","target":{"@type":"EntryPoint","urlTemplate":"https:\/\/www.casavio.com\/pl\/?s={search_term_string}"},"query-input":{"@type":"PropertyValueSpecification","valueRequired":true,"valueName":"search_term_string"}}],"inLanguage":"pl-PL"},{"@type":"Organization","@id":"https:\/\/www.casavio.com\/pl\/#organization","name":"Camping Ca'Savio","url":"https:\/\/www.casavio.com\/pl\/","logo":{"@type":"ImageObject","inLanguage":"pl-PL","@id":"https:\/\/www.casavio.com\/pl\/#\/schema\/logo\/image\/","url":"https:\/\/www.casavio.com\/wp-content\/uploads\/2024\/04\/favicon.png","contentUrl":"https:\/\/www.casavio.com\/wp-content\/uploads\/2024\/04\/favicon.png","width":144,"height":144,"caption":"Camping Ca'Savio"},"image":{"@id":"https:\/\/www.casavio.com\/pl\/#\/schema\/logo\/image\/"},"sameAs":["https:\/\/www.facebook.com\/campingcasavio","https:\/\/www.instagram.com\/campingcasavio","https:\/\/www.youtube.com\/user\/campingcasavio"]}]}},"_links":{"self":[{"href":"https:\/\/www.casavio.com\/pl\/wp-json\/wp\/v2\/pages\/10467","targetHints":{"allow":["GET"]}}],"collection":[{"href":"https:\/\/www.casavio.com\/pl\/wp-json\/wp\/v2\/pages"}],"about":[{"href":"https:\/\/www.casavio.com\/pl\/wp-json\/wp\/v2\/types\/page"}],"author":[{"embeddable":true,"href":"https:\/\/www.casavio.com\/pl\/wp-json\/wp\/v2\/users\/3"}],"replies":[{"embeddable":true,"href":"https:\/\/www.casavio.com\/pl\/wp-json\/wp\/v2\/comments?post=10467"}],"version-history":[{"count":2,"href":"https:\/\/www.casavio.com\/pl\/wp-json\/wp\/v2\/pages\/10467\/revisions"}],"predecessor-version":[{"id":32034,"href":"https:\/\/www.casavio.com\/pl\/wp-json\/wp\/v2\/pages\/10467\/revisions\/32034"}],"wp:featuredmedia":[{"embeddable":true,"href":"https:\/\/www.casavio.com\/pl\/wp-json\/wp\/v2\/media\/4424"}],"wp:attachment":[{"href":"https:\/\/www.casavio.com\/pl\/wp-json\/wp\/v2\/media?parent=10467"}],"curies":[{"name":"wp","href":"https:\/\/api.w.org\/{rel}","templated":true}]}}