{"id":10480,"date":"2019-11-27T11:59:47","date_gmt":"2019-11-27T10:59:47","guid":{"rendered":"https:\/\/www.casavio.com\/come-raggiungere-il-campeggio-casavio-evitando-il-traffico\/"},"modified":"2022-11-21T12:38:49","modified_gmt":"2022-11-21T11:38:49","slug":"jak-dojechac-na-kempingu-casavio-unikajac-natezonego-ruchu-drogowego","status":"publish","type":"page","link":"https:\/\/www.casavio.com\/pl\/jak-dojechac-na-kempingu-casavio-unikajac-natezonego-ruchu-drogowego\/","title":{"rendered":"Jak dojecha\u0107 na kempingu Ca\u2019Savio unikaj\u0105c nat\u0119\u017conego ruchu drogowego"},"content":{"rendered":"<p>Kemping Ca\u2019 Savio le\u017cy na p\u00f3\u0142wyspie Cavallino Treporti i mo\u017cna do niego dotrze\u0107 samochodem. Po zjechaniu z autostrady nale\u017cy najpierw dotrze\u0107 do miejscowo\u015bci Jesolo Lido, a nast\u0119pnie jecha\u0107 dalej w kierunku Cavallino-Treporti.<\/p>\n<p>W weekendy w Jesolo mog\u0105 wyst\u0105pi\u0107 op\u00f3\u017anienia i korki, wi\u0119c w przypadku <strong>du\u017cego nat\u0119\u017cenia ruchu<\/strong>, zamiast jecha\u0107 ulic\u0105 Via Roma Destra w kierunku Punta Sabbioni, proponujemy jecha\u0107 ulic\u0105 do niej r\u00f3wnoleg\u0142\u0105, kt\u00f3ra z Piazza Brescia, jad\u0105c dalej wzd\u0142u\u017c Viale Padania, prowadzi do <strong>mostu<\/strong> \u0142\u0105cz\u0105cego Jesolo z Cavallino.<\/p>\n<p><strong>Za mostem Cavallino-Treporti<\/strong><\/p>\n<p>Po przejechaniu mostu na rzece Sile mo\u017cecie pojecha\u0107 <strong>Via Fausta<\/strong>, obsadzon\u0105 drzewami alej\u0105, biegn\u0105c\u0105 wzd\u0142u\u017c p\u00f3\u0142wyspu Cavallino i przecinaj\u0105c\u0105 miejscowo\u015bci Ca\u2019 Ballarin, Ca\u2019 Di Valle, Ca\u2019 Pasquali a\u017c do Punta Sabbioni.<\/p>\n<p>Jako alternatywa, proponujemy wybranie ulicy <strong>Via Pordelio<\/strong>, kt\u00f3ra biegnie wzd\u0142u\u017c laguny i dociera do Treporti.<\/p>\n<p>Droga ta z jej imponuj\u0105cymi widokami jest do\u015b\u0107 w\u0105ska i mo\u017ce by\u0107 niewygodna, je\u015bli podr\u00f3\u017cuje si\u0119 kamperem lub z przyczep\u0105 kempingow\u0105, ale jest zazwyczaj mniej ucz\u0119szczana.<\/p>\n<p><strong>Kiedy przyjecha\u0107 na kemping<\/strong><\/p>\n<p>Nie radzimy przyje\u017cd\u017ca\u0107 w sobot\u0119, ale je\u015bli musicie podr\u00f3\u017cowa\u0107 w weekend, najlepiej jest przyjecha\u0107 rano.<\/p>\n<p>Aby zagwarantowa\u0107 naszym go\u015bciom maksymaln\u0105 swobod\u0119 w organizacji wyjazdu, od wielu lat oferujemy mo\u017cliwo\u015b\u0107 przyjazdu na kemping ka\u017cdego <strong>dnia tygodnia<\/strong>, a nie tylko w soboty!<\/p>\n<p>Ponadto <a href=\"https:\/\/www.casavio.com\/pl\/uslugi\/uslugi-wliczone-w-cene\/recepcja\/\"><strong>recepcja<\/strong> <\/a>kempingu jest czynna <strong>od 7.00<\/strong>, dzi\u0119ki czemu mo\u017cecie zameldowa\u0107 si\u0119 wcze\u015bnie rano i od razu zacz\u0105\u0107 cieszy\u0107 si\u0119 urlopem!<\/p>\n<p><strong>Gotowi na wakacje!<\/strong><\/p>\n<p>Czekaj\u0105c, a\u017c zostan\u0105 Wam udost\u0119pnione Wasze <a href=\"https:\/\/www.casavio.com\/pl\/camping\/bungalowy-chalet\/\">bungalowy<\/a>, <a href=\"https:\/\/www.casavio.com\/pl\/camping\/domki-mobilne\/\">domki letniskowe<\/a>, przyczepy kempingowe, <a href=\"https:\/\/www.casavio.com\/pl\/camping\/lodge-pl\/\">lodge<\/a>, <a href=\"https:\/\/www.casavio.com\/pl\/camping\/glamping-kemping\/\">namioty glamping<\/a> lub przyczepy <a href=\"https:\/\/www.casavio.com\/pl\/camping\/glamping-kemping\/airstream\/\">Airstream<\/a>, mo\u017cecie pop\u0142ywa\u0107 w <a href=\"https:\/\/www.casavio.com\/pl\/uslugi\/baseny-ca-savio\/\">basenie<\/a> lub pospacerowa\u0107 po <a href=\"https:\/\/www.casavio.com\/pl\/uslugi\/plaza-ca-savio\/\">pla\u017cy<\/a>, napi\u0107 si\u0119 cappuccino w barze lub zje\u015b\u0107 lunch w <a href=\"https:\/\/www.casavio.com\/pl\/uslugi\/restauracja-ca-savio\/\">restauracji<\/a>&#8230;<\/p>\n","protected":false},"excerpt":{"rendered":"<p>Kemping Ca\u2019 Savio le\u017cy na p\u00f3\u0142wyspie Cavallino Treporti i mo\u017cna do niego dotrze\u0107 samochodem.<\/p>\n","protected":false},"author":4,"featured_media":4903,"parent":0,"menu_order":305,"comment_status":"closed","ping_status":"closed","template":"","meta":{"_acf_changed":false},"class_list":["post-10480","page","type-page","status-publish","has-post-thumbnail","hentry"],"acf":[],"yoast_head":"<!-- This site is optimized with the Yoast SEO plugin v25.3 - https:\/\/yoast.com\/wordpress\/plugins\/seo\/ -->\n<title>Jak dojecha\u0107 na kempingu Ca\u2019Savio unikaj\u0105c nat\u0119\u017conego ruchu drogowego &#8211; Camping Ca&#039; Savio<\/title>\n<meta name=\"description\" content=\"Dowiedz si\u0119, jak dotrze\u0107 do kempingu Ca&#039; Savio, unikaj\u0105c du\u017cego ruchu.\" \/>\n<meta name=\"robots\" content=\"index, follow, max-snippet:-1, max-image-preview:large, max-video-preview:-1\" \/>\n<link rel=\"canonical\" href=\"https:\/\/www.casavio.com\/pl\/jak-dojechac-na-kempingu-casavio-unikajac-natezonego-ruchu-drogowego\/\" \/>\n<meta property=\"og:locale\" content=\"pl_PL\" \/>\n<meta property=\"og:type\" content=\"article\" \/>\n<meta property=\"og:title\" content=\"Jak dojecha\u0107 na kempingu Ca\u2019Savio unikaj\u0105c nat\u0119\u017conego ruchu drogowego &#8211; Camping Ca&#039; Savio\" \/>\n<meta property=\"og:description\" content=\"Dowiedz si\u0119, jak dotrze\u0107 do kempingu Ca&#039; Savio, unikaj\u0105c du\u017cego ruchu.\" \/>\n<meta property=\"og:url\" content=\"https:\/\/www.casavio.com\/pl\/jak-dojechac-na-kempingu-casavio-unikajac-natezonego-ruchu-drogowego\/\" \/>\n<meta property=\"og:site_name\" content=\"Camping Ca&#039; Savio\" \/>\n<meta property=\"article:publisher\" content=\"https:\/\/www.facebook.com\/campingcasavio\" \/>\n<meta property=\"article:modified_time\" content=\"2022-11-21T11:38:49+00:00\" \/>\n<meta property=\"og:image\" content=\"https:\/\/www.casavio.com\/wp-content\/uploads\/2019\/11\/ca-savio-evita-traffico-box.jpg\" \/>\n\t<meta property=\"og:image:width\" content=\"440\" \/>\n\t<meta property=\"og:image:height\" content=\"600\" \/>\n\t<meta property=\"og:image:type\" content=\"image\/jpeg\" \/>\n<meta name=\"twitter:card\" content=\"summary_large_image\" \/>\n<meta name=\"twitter:label1\" content=\"Szacowany czas czytania\" \/>\n\t<meta name=\"twitter:data1\" content=\"2 minuty\" \/>\n<script type=\"application\/ld+json\" class=\"yoast-schema-graph\">{\"@context\":\"https:\/\/schema.org\",\"@graph\":[{\"@type\":\"WebPage\",\"@id\":\"https:\/\/www.casavio.com\/pl\/jak-dojechac-na-kempingu-casavio-unikajac-natezonego-ruchu-drogowego\/\",\"url\":\"https:\/\/www.casavio.com\/pl\/jak-dojechac-na-kempingu-casavio-unikajac-natezonego-ruchu-drogowego\/\",\"name\":\"Jak dojecha\u0107 na kempingu Ca\u2019Savio unikaj\u0105c nat\u0119\u017conego ruchu drogowego &#8211; Camping Ca&#039; Savio\",\"isPartOf\":{\"@id\":\"https:\/\/www.casavio.com\/pl\/#website\"},\"primaryImageOfPage\":{\"@id\":\"https:\/\/www.casavio.com\/pl\/jak-dojechac-na-kempingu-casavio-unikajac-natezonego-ruchu-drogowego\/#primaryimage\"},\"image\":{\"@id\":\"https:\/\/www.casavio.com\/pl\/jak-dojechac-na-kempingu-casavio-unikajac-natezonego-ruchu-drogowego\/#primaryimage\"},\"thumbnailUrl\":\"https:\/\/www.casavio.com\/wp-content\/uploads\/2019\/11\/ca-savio-evita-traffico-box.jpg\",\"datePublished\":\"2019-11-27T10:59:47+00:00\",\"dateModified\":\"2022-11-21T11:38:49+00:00\",\"description\":\"Dowiedz si\u0119, jak dotrze\u0107 do kempingu Ca' Savio, unikaj\u0105c du\u017cego ruchu.\",\"breadcrumb\":{\"@id\":\"https:\/\/www.casavio.com\/pl\/jak-dojechac-na-kempingu-casavio-unikajac-natezonego-ruchu-drogowego\/#breadcrumb\"},\"inLanguage\":\"pl-PL\",\"potentialAction\":[{\"@type\":\"ReadAction\",\"target\":[\"https:\/\/www.casavio.com\/pl\/jak-dojechac-na-kempingu-casavio-unikajac-natezonego-ruchu-drogowego\/\"]}]},{\"@type\":\"ImageObject\",\"inLanguage\":\"pl-PL\",\"@id\":\"https:\/\/www.casavio.com\/pl\/jak-dojechac-na-kempingu-casavio-unikajac-natezonego-ruchu-drogowego\/#primaryimage\",\"url\":\"https:\/\/www.casavio.com\/wp-content\/uploads\/2019\/11\/ca-savio-evita-traffico-box.jpg\",\"contentUrl\":\"https:\/\/www.casavio.com\/wp-content\/uploads\/2019\/11\/ca-savio-evita-traffico-box.jpg\",\"width\":440,\"height\":600},{\"@type\":\"BreadcrumbList\",\"@id\":\"https:\/\/www.casavio.com\/pl\/jak-dojechac-na-kempingu-casavio-unikajac-natezonego-ruchu-drogowego\/#breadcrumb\",\"itemListElement\":[{\"@type\":\"ListItem\",\"position\":1,\"name\":\"Home\",\"item\":\"https:\/\/www.casavio.com\/pl\/\"},{\"@type\":\"ListItem\",\"position\":2,\"name\":\"Jak dojecha\u0107 na kempingu Ca\u2019Savio unikaj\u0105c nat\u0119\u017conego ruchu drogowego\"}]},{\"@type\":\"WebSite\",\"@id\":\"https:\/\/www.casavio.com\/pl\/#website\",\"url\":\"https:\/\/www.casavio.com\/pl\/\",\"name\":\"Camping Ca&#039; Savio\",\"description\":\"\",\"publisher\":{\"@id\":\"https:\/\/www.casavio.com\/pl\/#organization\"},\"potentialAction\":[{\"@type\":\"SearchAction\",\"target\":{\"@type\":\"EntryPoint\",\"urlTemplate\":\"https:\/\/www.casavio.com\/pl\/?s={search_term_string}\"},\"query-input\":{\"@type\":\"PropertyValueSpecification\",\"valueRequired\":true,\"valueName\":\"search_term_string\"}}],\"inLanguage\":\"pl-PL\"},{\"@type\":\"Organization\",\"@id\":\"https:\/\/www.casavio.com\/pl\/#organization\",\"name\":\"Camping Ca'Savio\",\"url\":\"https:\/\/www.casavio.com\/pl\/\",\"logo\":{\"@type\":\"ImageObject\",\"inLanguage\":\"pl-PL\",\"@id\":\"https:\/\/www.casavio.com\/pl\/#\/schema\/logo\/image\/\",\"url\":\"https:\/\/www.casavio.com\/wp-content\/uploads\/2024\/04\/favicon.png\",\"contentUrl\":\"https:\/\/www.casavio.com\/wp-content\/uploads\/2024\/04\/favicon.png\",\"width\":144,\"height\":144,\"caption\":\"Camping Ca'Savio\"},\"image\":{\"@id\":\"https:\/\/www.casavio.com\/pl\/#\/schema\/logo\/image\/\"},\"sameAs\":[\"https:\/\/www.facebook.com\/campingcasavio\",\"https:\/\/www.instagram.com\/campingcasavio\",\"https:\/\/www.youtube.com\/user\/campingcasavio\"]}]}<\/script>\n<!-- \/ Yoast SEO plugin. -->","yoast_head_json":{"title":"Jak dojecha\u0107 na kempingu Ca\u2019Savio unikaj\u0105c nat\u0119\u017conego ruchu drogowego &#8211; Camping Ca&#039; Savio","description":"Dowiedz si\u0119, jak dotrze\u0107 do kempingu Ca' Savio, unikaj\u0105c du\u017cego ruchu.","robots":{"index":"index","follow":"follow","max-snippet":"max-snippet:-1","max-image-preview":"max-image-preview:large","max-video-preview":"max-video-preview:-1"},"canonical":"https:\/\/www.casavio.com\/pl\/jak-dojechac-na-kempingu-casavio-unikajac-natezonego-ruchu-drogowego\/","og_locale":"pl_PL","og_type":"article","og_title":"Jak dojecha\u0107 na kempingu Ca\u2019Savio unikaj\u0105c nat\u0119\u017conego ruchu drogowego &#8211; Camping Ca&#039; Savio","og_description":"Dowiedz si\u0119, jak dotrze\u0107 do kempingu Ca' Savio, unikaj\u0105c du\u017cego ruchu.","og_url":"https:\/\/www.casavio.com\/pl\/jak-dojechac-na-kempingu-casavio-unikajac-natezonego-ruchu-drogowego\/","og_site_name":"Camping Ca&#039; Savio","article_publisher":"https:\/\/www.facebook.com\/campingcasavio","article_modified_time":"2022-11-21T11:38:49+00:00","og_image":[{"width":440,"height":600,"url":"https:\/\/www.casavio.com\/wp-content\/uploads\/2019\/11\/ca-savio-evita-traffico-box.jpg","type":"image\/jpeg"}],"twitter_card":"summary_large_image","twitter_misc":{"Szacowany czas czytania":"2 minuty"},"schema":{"@context":"https:\/\/schema.org","@graph":[{"@type":"WebPage","@id":"https:\/\/www.casavio.com\/pl\/jak-dojechac-na-kempingu-casavio-unikajac-natezonego-ruchu-drogowego\/","url":"https:\/\/www.casavio.com\/pl\/jak-dojechac-na-kempingu-casavio-unikajac-natezonego-ruchu-drogowego\/","name":"Jak dojecha\u0107 na kempingu Ca\u2019Savio unikaj\u0105c nat\u0119\u017conego ruchu drogowego &#8211; Camping Ca&#039; Savio","isPartOf":{"@id":"https:\/\/www.casavio.com\/pl\/#website"},"primaryImageOfPage":{"@id":"https:\/\/www.casavio.com\/pl\/jak-dojechac-na-kempingu-casavio-unikajac-natezonego-ruchu-drogowego\/#primaryimage"},"image":{"@id":"https:\/\/www.casavio.com\/pl\/jak-dojechac-na-kempingu-casavio-unikajac-natezonego-ruchu-drogowego\/#primaryimage"},"thumbnailUrl":"https:\/\/www.casavio.com\/wp-content\/uploads\/2019\/11\/ca-savio-evita-traffico-box.jpg","datePublished":"2019-11-27T10:59:47+00:00","dateModified":"2022-11-21T11:38:49+00:00","description":"Dowiedz si\u0119, jak dotrze\u0107 do kempingu Ca' Savio, unikaj\u0105c du\u017cego ruchu.","breadcrumb":{"@id":"https:\/\/www.casavio.com\/pl\/jak-dojechac-na-kempingu-casavio-unikajac-natezonego-ruchu-drogowego\/#breadcrumb"},"inLanguage":"pl-PL","potentialAction":[{"@type":"ReadAction","target":["https:\/\/www.casavio.com\/pl\/jak-dojechac-na-kempingu-casavio-unikajac-natezonego-ruchu-drogowego\/"]}]},{"@type":"ImageObject","inLanguage":"pl-PL","@id":"https:\/\/www.casavio.com\/pl\/jak-dojechac-na-kempingu-casavio-unikajac-natezonego-ruchu-drogowego\/#primaryimage","url":"https:\/\/www.casavio.com\/wp-content\/uploads\/2019\/11\/ca-savio-evita-traffico-box.jpg","contentUrl":"https:\/\/www.casavio.com\/wp-content\/uploads\/2019\/11\/ca-savio-evita-traffico-box.jpg","width":440,"height":600},{"@type":"BreadcrumbList","@id":"https:\/\/www.casavio.com\/pl\/jak-dojechac-na-kempingu-casavio-unikajac-natezonego-ruchu-drogowego\/#breadcrumb","itemListElement":[{"@type":"ListItem","position":1,"name":"Home","item":"https:\/\/www.casavio.com\/pl\/"},{"@type":"ListItem","position":2,"name":"Jak dojecha\u0107 na kempingu Ca\u2019Savio unikaj\u0105c nat\u0119\u017conego ruchu drogowego"}]},{"@type":"WebSite","@id":"https:\/\/www.casavio.com\/pl\/#website","url":"https:\/\/www.casavio.com\/pl\/","name":"Camping Ca&#039; Savio","description":"","publisher":{"@id":"https:\/\/www.casavio.com\/pl\/#organization"},"potentialAction":[{"@type":"SearchAction","target":{"@type":"EntryPoint","urlTemplate":"https:\/\/www.casavio.com\/pl\/?s={search_term_string}"},"query-input":{"@type":"PropertyValueSpecification","valueRequired":true,"valueName":"search_term_string"}}],"inLanguage":"pl-PL"},{"@type":"Organization","@id":"https:\/\/www.casavio.com\/pl\/#organization","name":"Camping Ca'Savio","url":"https:\/\/www.casavio.com\/pl\/","logo":{"@type":"ImageObject","inLanguage":"pl-PL","@id":"https:\/\/www.casavio.com\/pl\/#\/schema\/logo\/image\/","url":"https:\/\/www.casavio.com\/wp-content\/uploads\/2024\/04\/favicon.png","contentUrl":"https:\/\/www.casavio.com\/wp-content\/uploads\/2024\/04\/favicon.png","width":144,"height":144,"caption":"Camping Ca'Savio"},"image":{"@id":"https:\/\/www.casavio.com\/pl\/#\/schema\/logo\/image\/"},"sameAs":["https:\/\/www.facebook.com\/campingcasavio","https:\/\/www.instagram.com\/campingcasavio","https:\/\/www.youtube.com\/user\/campingcasavio"]}]}},"_links":{"self":[{"href":"https:\/\/www.casavio.com\/pl\/wp-json\/wp\/v2\/pages\/10480","targetHints":{"allow":["GET"]}}],"collection":[{"href":"https:\/\/www.casavio.com\/pl\/wp-json\/wp\/v2\/pages"}],"about":[{"href":"https:\/\/www.casavio.com\/pl\/wp-json\/wp\/v2\/types\/page"}],"author":[{"embeddable":true,"href":"https:\/\/www.casavio.com\/pl\/wp-json\/wp\/v2\/users\/4"}],"replies":[{"embeddable":true,"href":"https:\/\/www.casavio.com\/pl\/wp-json\/wp\/v2\/comments?post=10480"}],"version-history":[{"count":2,"href":"https:\/\/www.casavio.com\/pl\/wp-json\/wp\/v2\/pages\/10480\/revisions"}],"predecessor-version":[{"id":10483,"href":"https:\/\/www.casavio.com\/pl\/wp-json\/wp\/v2\/pages\/10480\/revisions\/10483"}],"wp:featuredmedia":[{"embeddable":true,"href":"https:\/\/www.casavio.com\/pl\/wp-json\/wp\/v2\/media\/4903"}],"wp:attachment":[{"href":"https:\/\/www.casavio.com\/pl\/wp-json\/wp\/v2\/media?parent=10480"}],"curies":[{"name":"wp","href":"https:\/\/api.w.org\/{rel}","templated":true}]}}