{"id":10582,"date":"2019-10-01T15:00:17","date_gmt":"2019-10-01T13:00:17","guid":{"rendered":"https:\/\/www.casavio.com\/home\/"},"modified":"2026-04-01T15:12:38","modified_gmt":"2026-04-01T13:12:38","slug":"home","status":"publish","type":"page","link":"https:\/\/www.casavio.com\/pl\/","title":{"rendered":"Home"},"content":{"rendered":"<h1 class=\"h2\">Kemping dla rodzin w Cavallino<\/h1>\n<p>Idealny kemping na wakacje na \u0142onie natury z rodzin\u0105 i przyjaci\u00f3\u0142mi, gdzie b\u0119dziecie mogli swobodnie chodzi\u0107 boso po piasku i relaksowa\u0107 si\u0119 w cieniu naszego lasu sosnowego lub sk\u0105d wyruszycie na eksploracj\u0119 wyj\u0105tkowej przyrody laguny lub na zwiedzanie zachwycaj\u0105cej Wenecji i jej wysp. Oto Tw\u00f3j urlop na \u015bwie\u017cym powietrzu z wszelkimi udogodnieniami, jakich potrzebujesz!<\/p>\n","protected":false},"excerpt":{"rendered":"<p>Kemping dla rodzin w Cavallino Idealny kemping na wakacje na \u0142onie natury z rodzin\u0105 i przyjaci\u00f3\u0142mi, gdzie b\u0119dziecie mogli swobodnie chodzi\u0107 boso po piasku i relaksowa\u0107 si\u0119 w cieniu naszego lasu sosnowego lub sk\u0105d wyruszycie na eksploracj\u0119 wyj\u0105tkowej przyrody laguny lub na zwiedzanie zachwycaj\u0105cej Wenecji i jej wysp. Oto Tw\u00f3j urlop na \u015bwie\u017cym powietrzu z [&hellip;]<\/p>\n","protected":false},"author":2,"featured_media":0,"parent":0,"menu_order":0,"comment_status":"closed","ping_status":"closed","template":"templates\/tpl-homepage.php","meta":{"_acf_changed":false},"class_list":["post-10582","page","type-page","status-publish","hentry"],"acf":[],"yoast_head":"<!-- This site is optimized with the Yoast SEO plugin v25.3 - https:\/\/yoast.com\/wordpress\/plugins\/seo\/ -->\n<title>Camping Ca&#039;Savio - Camping Ko\u0142o Wenecji - Kemping W\u0142ochy<\/title>\n<meta name=\"description\" content=\"Idealny kemping na wakacje na \u0142onie natury z rodzin\u0105 i przyjaci\u00f3\u0142mi, gdzie b\u0119dziecie mogli swobodnie chodzi\u0107 boso po piasku i relaksowa\u0107 si\u0119 w cieniu naszego lasu sosnowego lub sk\u0105d wyruszycie na eksploracj\u0119 wyj\u0105tkowej przyrody laguny lub na zwiedzanie zachwycaj\u0105cej Wenecji i jej wysp.\" \/>\n<meta name=\"robots\" content=\"index, follow, max-snippet:-1, max-image-preview:large, max-video-preview:-1\" \/>\n<link rel=\"canonical\" href=\"https:\/\/www.casavio.com\/pl\/\" \/>\n<meta property=\"og:locale\" content=\"pl_PL\" \/>\n<meta property=\"og:type\" content=\"article\" \/>\n<meta property=\"og:title\" content=\"Camping Ca&#039;Savio - Camping Ko\u0142o Wenecji - Kemping W\u0142ochy\" \/>\n<meta property=\"og:description\" content=\"Idealny kemping na wakacje na \u0142onie natury z rodzin\u0105 i przyjaci\u00f3\u0142mi, gdzie b\u0119dziecie mogli swobodnie chodzi\u0107 boso po piasku i relaksowa\u0107 si\u0119 w cieniu naszego lasu sosnowego lub sk\u0105d wyruszycie na eksploracj\u0119 wyj\u0105tkowej przyrody laguny lub na zwiedzanie zachwycaj\u0105cej Wenecji i jej wysp.\" \/>\n<meta property=\"og:url\" content=\"https:\/\/www.casavio.com\/pl\/\" \/>\n<meta property=\"og:site_name\" content=\"Camping Ca&#039; Savio\" \/>\n<meta property=\"article:publisher\" content=\"https:\/\/www.facebook.com\/campingcasavio\" \/>\n<meta property=\"article:modified_time\" content=\"2026-04-01T13:12:38+00:00\" \/>\n<meta property=\"og:image\" content=\"https:\/\/www.casavio.com\/wp-content\/uploads\/2019\/11\/ca-savio-home-1-chi-siamo.jpg\" \/>\n\t<meta property=\"og:image:width\" content=\"1440\" \/>\n\t<meta property=\"og:image:height\" content=\"740\" \/>\n\t<meta property=\"og:image:type\" content=\"image\/jpeg\" \/>\n<meta name=\"twitter:card\" content=\"summary_large_image\" \/>\n<meta name=\"twitter:label1\" content=\"Szacowany czas czytania\" \/>\n\t<meta name=\"twitter:data1\" content=\"1 minuta\" \/>\n<script type=\"application\/ld+json\" class=\"yoast-schema-graph\">{\"@context\":\"https:\/\/schema.org\",\"@graph\":[{\"@type\":\"WebPage\",\"@id\":\"https:\/\/www.casavio.com\/pl\/\",\"url\":\"https:\/\/www.casavio.com\/pl\/\",\"name\":\"Camping Ca'Savio - Camping Ko\u0142o Wenecji - Kemping W\u0142ochy\",\"isPartOf\":{\"@id\":\"https:\/\/www.casavio.com\/pl\/#website\"},\"datePublished\":\"2019-10-01T13:00:17+00:00\",\"dateModified\":\"2026-04-01T13:12:38+00:00\",\"description\":\"Idealny kemping na wakacje na \u0142onie natury z rodzin\u0105 i przyjaci\u00f3\u0142mi, gdzie b\u0119dziecie mogli swobodnie chodzi\u0107 boso po piasku i relaksowa\u0107 si\u0119 w cieniu naszego lasu sosnowego lub sk\u0105d wyruszycie na eksploracj\u0119 wyj\u0105tkowej przyrody laguny lub na zwiedzanie zachwycaj\u0105cej Wenecji i jej wysp.\",\"breadcrumb\":{\"@id\":\"https:\/\/www.casavio.com\/pl\/#breadcrumb\"},\"inLanguage\":\"pl-PL\",\"potentialAction\":[{\"@type\":\"ReadAction\",\"target\":[\"https:\/\/www.casavio.com\/pl\/\"]}]},{\"@type\":\"BreadcrumbList\",\"@id\":\"https:\/\/www.casavio.com\/pl\/#breadcrumb\",\"itemListElement\":[{\"@type\":\"ListItem\",\"position\":1,\"name\":\"Home\",\"item\":\"https:\/\/www.casavio.com\/pl\/\"},{\"@type\":\"ListItem\",\"position\":2,\"name\":\"Home\"}]},{\"@type\":\"WebSite\",\"@id\":\"https:\/\/www.casavio.com\/pl\/#website\",\"url\":\"https:\/\/www.casavio.com\/pl\/\",\"name\":\"Camping Ca&#039; Savio\",\"description\":\"\",\"publisher\":{\"@id\":\"https:\/\/www.casavio.com\/pl\/#organization\"},\"potentialAction\":[{\"@type\":\"SearchAction\",\"target\":{\"@type\":\"EntryPoint\",\"urlTemplate\":\"https:\/\/www.casavio.com\/pl\/?s={search_term_string}\"},\"query-input\":{\"@type\":\"PropertyValueSpecification\",\"valueRequired\":true,\"valueName\":\"search_term_string\"}}],\"inLanguage\":\"pl-PL\"},{\"@type\":\"Organization\",\"@id\":\"https:\/\/www.casavio.com\/pl\/#organization\",\"name\":\"Camping Ca'Savio\",\"url\":\"https:\/\/www.casavio.com\/pl\/\",\"logo\":{\"@type\":\"ImageObject\",\"inLanguage\":\"pl-PL\",\"@id\":\"https:\/\/www.casavio.com\/pl\/#\/schema\/logo\/image\/\",\"url\":\"https:\/\/www.casavio.com\/wp-content\/uploads\/2024\/04\/favicon.png\",\"contentUrl\":\"https:\/\/www.casavio.com\/wp-content\/uploads\/2024\/04\/favicon.png\",\"width\":144,\"height\":144,\"caption\":\"Camping Ca'Savio\"},\"image\":{\"@id\":\"https:\/\/www.casavio.com\/pl\/#\/schema\/logo\/image\/\"},\"sameAs\":[\"https:\/\/www.facebook.com\/campingcasavio\",\"https:\/\/www.instagram.com\/campingcasavio\",\"https:\/\/www.youtube.com\/user\/campingcasavio\"]}]}<\/script>\n<!-- \/ Yoast SEO plugin. -->","yoast_head_json":{"title":"Camping Ca'Savio - Camping Ko\u0142o Wenecji - Kemping W\u0142ochy","description":"Idealny kemping na wakacje na \u0142onie natury z rodzin\u0105 i przyjaci\u00f3\u0142mi, gdzie b\u0119dziecie mogli swobodnie chodzi\u0107 boso po piasku i relaksowa\u0107 si\u0119 w cieniu naszego lasu sosnowego lub sk\u0105d wyruszycie na eksploracj\u0119 wyj\u0105tkowej przyrody laguny lub na zwiedzanie zachwycaj\u0105cej Wenecji i jej wysp.","robots":{"index":"index","follow":"follow","max-snippet":"max-snippet:-1","max-image-preview":"max-image-preview:large","max-video-preview":"max-video-preview:-1"},"canonical":"https:\/\/www.casavio.com\/pl\/","og_locale":"pl_PL","og_type":"article","og_title":"Camping Ca'Savio - Camping Ko\u0142o Wenecji - Kemping W\u0142ochy","og_description":"Idealny kemping na wakacje na \u0142onie natury z rodzin\u0105 i przyjaci\u00f3\u0142mi, gdzie b\u0119dziecie mogli swobodnie chodzi\u0107 boso po piasku i relaksowa\u0107 si\u0119 w cieniu naszego lasu sosnowego lub sk\u0105d wyruszycie na eksploracj\u0119 wyj\u0105tkowej przyrody laguny lub na zwiedzanie zachwycaj\u0105cej Wenecji i jej wysp.","og_url":"https:\/\/www.casavio.com\/pl\/","og_site_name":"Camping Ca&#039; Savio","article_publisher":"https:\/\/www.facebook.com\/campingcasavio","article_modified_time":"2026-04-01T13:12:38+00:00","og_image":[{"width":1440,"height":740,"url":"https:\/\/www.casavio.com\/wp-content\/uploads\/2019\/11\/ca-savio-home-1-chi-siamo.jpg","type":"image\/jpeg"}],"twitter_card":"summary_large_image","twitter_misc":{"Szacowany czas czytania":"1 minuta"},"schema":{"@context":"https:\/\/schema.org","@graph":[{"@type":"WebPage","@id":"https:\/\/www.casavio.com\/pl\/","url":"https:\/\/www.casavio.com\/pl\/","name":"Camping Ca'Savio - Camping Ko\u0142o Wenecji - Kemping W\u0142ochy","isPartOf":{"@id":"https:\/\/www.casavio.com\/pl\/#website"},"datePublished":"2019-10-01T13:00:17+00:00","dateModified":"2026-04-01T13:12:38+00:00","description":"Idealny kemping na wakacje na \u0142onie natury z rodzin\u0105 i przyjaci\u00f3\u0142mi, gdzie b\u0119dziecie mogli swobodnie chodzi\u0107 boso po piasku i relaksowa\u0107 si\u0119 w cieniu naszego lasu sosnowego lub sk\u0105d wyruszycie na eksploracj\u0119 wyj\u0105tkowej przyrody laguny lub na zwiedzanie zachwycaj\u0105cej Wenecji i jej wysp.","breadcrumb":{"@id":"https:\/\/www.casavio.com\/pl\/#breadcrumb"},"inLanguage":"pl-PL","potentialAction":[{"@type":"ReadAction","target":["https:\/\/www.casavio.com\/pl\/"]}]},{"@type":"BreadcrumbList","@id":"https:\/\/www.casavio.com\/pl\/#breadcrumb","itemListElement":[{"@type":"ListItem","position":1,"name":"Home","item":"https:\/\/www.casavio.com\/pl\/"},{"@type":"ListItem","position":2,"name":"Home"}]},{"@type":"WebSite","@id":"https:\/\/www.casavio.com\/pl\/#website","url":"https:\/\/www.casavio.com\/pl\/","name":"Camping Ca&#039; Savio","description":"","publisher":{"@id":"https:\/\/www.casavio.com\/pl\/#organization"},"potentialAction":[{"@type":"SearchAction","target":{"@type":"EntryPoint","urlTemplate":"https:\/\/www.casavio.com\/pl\/?s={search_term_string}"},"query-input":{"@type":"PropertyValueSpecification","valueRequired":true,"valueName":"search_term_string"}}],"inLanguage":"pl-PL"},{"@type":"Organization","@id":"https:\/\/www.casavio.com\/pl\/#organization","name":"Camping Ca'Savio","url":"https:\/\/www.casavio.com\/pl\/","logo":{"@type":"ImageObject","inLanguage":"pl-PL","@id":"https:\/\/www.casavio.com\/pl\/#\/schema\/logo\/image\/","url":"https:\/\/www.casavio.com\/wp-content\/uploads\/2024\/04\/favicon.png","contentUrl":"https:\/\/www.casavio.com\/wp-content\/uploads\/2024\/04\/favicon.png","width":144,"height":144,"caption":"Camping Ca'Savio"},"image":{"@id":"https:\/\/www.casavio.com\/pl\/#\/schema\/logo\/image\/"},"sameAs":["https:\/\/www.facebook.com\/campingcasavio","https:\/\/www.instagram.com\/campingcasavio","https:\/\/www.youtube.com\/user\/campingcasavio"]}]}},"_links":{"self":[{"href":"https:\/\/www.casavio.com\/pl\/wp-json\/wp\/v2\/pages\/10582","targetHints":{"allow":["GET"]}}],"collection":[{"href":"https:\/\/www.casavio.com\/pl\/wp-json\/wp\/v2\/pages"}],"about":[{"href":"https:\/\/www.casavio.com\/pl\/wp-json\/wp\/v2\/types\/page"}],"author":[{"embeddable":true,"href":"https:\/\/www.casavio.com\/pl\/wp-json\/wp\/v2\/users\/2"}],"replies":[{"embeddable":true,"href":"https:\/\/www.casavio.com\/pl\/wp-json\/wp\/v2\/comments?post=10582"}],"version-history":[{"count":1,"href":"https:\/\/www.casavio.com\/pl\/wp-json\/wp\/v2\/pages\/10582\/revisions"}],"predecessor-version":[{"id":46383,"href":"https:\/\/www.casavio.com\/pl\/wp-json\/wp\/v2\/pages\/10582\/revisions\/46383"}],"wp:attachment":[{"href":"https:\/\/www.casavio.com\/pl\/wp-json\/wp\/v2\/media?parent=10582"}],"curies":[{"name":"wp","href":"https:\/\/api.w.org\/{rel}","templated":true}]}}