{"id":11987,"date":"2019-11-07T11:08:55","date_gmt":"2019-11-07T10:08:55","guid":{"rendered":"https:\/\/www.casavio.com\/?page_id=11987"},"modified":"2025-10-20T12:15:56","modified_gmt":"2025-10-20T10:15:56","slug":"casavio-plus","status":"publish","type":"page","link":"https:\/\/www.casavio.com\/pl\/aktywny-wypoczynek\/casavio-plus\/","title":{"rendered":"Ca&#8217;Savio PLUS"},"content":{"rendered":"<p>Witamy w Ca\u2019Savio PLUS \u2013 <strong>kanale rozrywkowym<\/strong> Camping Ca\u2019Savio.<\/p>\n<p>Ca\u2019Savio PLUS to <strong>internetowe rozszerzenie kempingu Ca\u2019Savio<\/strong> \u2013 kana\u0142, na kt\u00f3rym przez ca\u0142y rok dzielimy si\u0119 mn\u00f3stwem filmik\u00f3w i aktywno\u015bci. Te materia\u0142y powstaj\u0105 zar\u00f3wno w domu, jak i na terenie kempingu, a Ca\u2019Savio PLUS mo\u017cesz ogl\u0105da\u0107 wsz\u0119dzie \u2013 na telefonie, tablecie lub telewizorze.<\/p>\n","protected":false},"excerpt":{"rendered":"<p>Witamy w Ca\u2019Savio PLUS \u2013 nowym kanale rozrywkowym Camping Ca\u2019Savio.<\/p>\n","protected":false},"author":6,"featured_media":15598,"parent":10261,"menu_order":63,"comment_status":"closed","ping_status":"closed","template":"templates\/tpl-children-with-intro.php","meta":{"_acf_changed":false},"class_list":["post-11987","page","type-page","status-publish","has-post-thumbnail","hentry"],"acf":[],"yoast_head":"<!-- This site is optimized with the Yoast SEO plugin v25.3 - https:\/\/yoast.com\/wordpress\/plugins\/seo\/ -->\n<title>Ca\u2019Savio PLUS \u2013 rozrywka online dla ca\u0142ej rodziny &#8211; Camping Ca&#039; Savio<\/title>\n<meta name=\"description\" content=\"Nowy kana\u0142 rozrywkowy dla rodzin i dzieci, stworzony przez Camping Ca\u2019Savio w Cavallino we W\u0142oszech.\" \/>\n<meta name=\"robots\" content=\"index, follow, max-snippet:-1, max-image-preview:large, max-video-preview:-1\" \/>\n<link rel=\"canonical\" href=\"https:\/\/www.casavio.com\/pl\/aktywny-wypoczynek\/casavio-plus\/\" \/>\n<meta property=\"og:locale\" content=\"pl_PL\" \/>\n<meta property=\"og:type\" content=\"article\" \/>\n<meta property=\"og:title\" content=\"Ca\u2019Savio PLUS \u2013 rozrywka online dla ca\u0142ej rodziny &#8211; Camping Ca&#039; Savio\" \/>\n<meta property=\"og:description\" content=\"Nowy kana\u0142 rozrywkowy dla rodzin i dzieci, stworzony przez Camping Ca\u2019Savio w Cavallino we W\u0142oszech.\" \/>\n<meta property=\"og:url\" content=\"https:\/\/www.casavio.com\/pl\/aktywny-wypoczynek\/casavio-plus\/\" \/>\n<meta property=\"og:site_name\" content=\"Camping Ca&#039; Savio\" \/>\n<meta property=\"article:publisher\" content=\"https:\/\/www.facebook.com\/campingcasavio\" \/>\n<meta property=\"article:modified_time\" content=\"2025-10-20T10:15:56+00:00\" \/>\n<meta property=\"og:image\" content=\"https:\/\/www.casavio.com\/wp-content\/uploads\/2020\/12\/CaSavio-Plus_Website_Box-Attivita\u0300.png\" \/>\n\t<meta property=\"og:image:width\" content=\"918\" \/>\n\t<meta property=\"og:image:height\" content=\"1251\" \/>\n\t<meta property=\"og:image:type\" content=\"image\/png\" \/>\n<meta name=\"twitter:card\" content=\"summary_large_image\" \/>\n<meta name=\"twitter:label1\" content=\"Szacowany czas czytania\" \/>\n\t<meta name=\"twitter:data1\" content=\"1 minuta\" \/>\n<script type=\"application\/ld+json\" class=\"yoast-schema-graph\">{\"@context\":\"https:\/\/schema.org\",\"@graph\":[{\"@type\":\"WebPage\",\"@id\":\"https:\/\/www.casavio.com\/pl\/aktywny-wypoczynek\/casavio-plus\/\",\"url\":\"https:\/\/www.casavio.com\/pl\/aktywny-wypoczynek\/casavio-plus\/\",\"name\":\"Ca\u2019Savio PLUS \u2013 rozrywka online dla ca\u0142ej rodziny &#8211; Camping Ca&#039; Savio\",\"isPartOf\":{\"@id\":\"https:\/\/www.casavio.com\/pl\/#website\"},\"primaryImageOfPage\":{\"@id\":\"https:\/\/www.casavio.com\/pl\/aktywny-wypoczynek\/casavio-plus\/#primaryimage\"},\"image\":{\"@id\":\"https:\/\/www.casavio.com\/pl\/aktywny-wypoczynek\/casavio-plus\/#primaryimage\"},\"thumbnailUrl\":\"https:\/\/www.casavio.com\/wp-content\/uploads\/2020\/12\/CaSavio-Plus_Website_Box-Attivita\u0300.png\",\"datePublished\":\"2019-11-07T10:08:55+00:00\",\"dateModified\":\"2025-10-20T10:15:56+00:00\",\"description\":\"Nowy kana\u0142 rozrywkowy dla rodzin i dzieci, stworzony przez Camping Ca\u2019Savio w Cavallino we W\u0142oszech.\",\"breadcrumb\":{\"@id\":\"https:\/\/www.casavio.com\/pl\/aktywny-wypoczynek\/casavio-plus\/#breadcrumb\"},\"inLanguage\":\"pl-PL\",\"potentialAction\":[{\"@type\":\"ReadAction\",\"target\":[\"https:\/\/www.casavio.com\/pl\/aktywny-wypoczynek\/casavio-plus\/\"]}]},{\"@type\":\"ImageObject\",\"inLanguage\":\"pl-PL\",\"@id\":\"https:\/\/www.casavio.com\/pl\/aktywny-wypoczynek\/casavio-plus\/#primaryimage\",\"url\":\"https:\/\/www.casavio.com\/wp-content\/uploads\/2020\/12\/CaSavio-Plus_Website_Box-Attivita\u0300.png\",\"contentUrl\":\"https:\/\/www.casavio.com\/wp-content\/uploads\/2020\/12\/CaSavio-Plus_Website_Box-Attivita\u0300.png\",\"width\":918,\"height\":1251},{\"@type\":\"BreadcrumbList\",\"@id\":\"https:\/\/www.casavio.com\/pl\/aktywny-wypoczynek\/casavio-plus\/#breadcrumb\",\"itemListElement\":[{\"@type\":\"ListItem\",\"position\":1,\"name\":\"Home\",\"item\":\"https:\/\/www.casavio.com\/pl\/\"},{\"@type\":\"ListItem\",\"position\":2,\"name\":\"Aktywny wypoczynek\",\"item\":\"https:\/\/www.casavio.com\/pl\/aktywny-wypoczynek\/\"},{\"@type\":\"ListItem\",\"position\":3,\"name\":\"Ca&#8217;Savio PLUS\"}]},{\"@type\":\"WebSite\",\"@id\":\"https:\/\/www.casavio.com\/pl\/#website\",\"url\":\"https:\/\/www.casavio.com\/pl\/\",\"name\":\"Camping Ca&#039; Savio\",\"description\":\"\",\"publisher\":{\"@id\":\"https:\/\/www.casavio.com\/pl\/#organization\"},\"potentialAction\":[{\"@type\":\"SearchAction\",\"target\":{\"@type\":\"EntryPoint\",\"urlTemplate\":\"https:\/\/www.casavio.com\/pl\/?s={search_term_string}\"},\"query-input\":{\"@type\":\"PropertyValueSpecification\",\"valueRequired\":true,\"valueName\":\"search_term_string\"}}],\"inLanguage\":\"pl-PL\"},{\"@type\":\"Organization\",\"@id\":\"https:\/\/www.casavio.com\/pl\/#organization\",\"name\":\"Camping Ca'Savio\",\"url\":\"https:\/\/www.casavio.com\/pl\/\",\"logo\":{\"@type\":\"ImageObject\",\"inLanguage\":\"pl-PL\",\"@id\":\"https:\/\/www.casavio.com\/pl\/#\/schema\/logo\/image\/\",\"url\":\"https:\/\/www.casavio.com\/wp-content\/uploads\/2024\/04\/favicon.png\",\"contentUrl\":\"https:\/\/www.casavio.com\/wp-content\/uploads\/2024\/04\/favicon.png\",\"width\":144,\"height\":144,\"caption\":\"Camping Ca'Savio\"},\"image\":{\"@id\":\"https:\/\/www.casavio.com\/pl\/#\/schema\/logo\/image\/\"},\"sameAs\":[\"https:\/\/www.facebook.com\/campingcasavio\",\"https:\/\/www.instagram.com\/campingcasavio\",\"https:\/\/www.youtube.com\/user\/campingcasavio\"]}]}<\/script>\n<!-- \/ Yoast SEO plugin. -->","yoast_head_json":{"title":"Ca\u2019Savio PLUS \u2013 rozrywka online dla ca\u0142ej rodziny &#8211; Camping Ca&#039; Savio","description":"Nowy kana\u0142 rozrywkowy dla rodzin i dzieci, stworzony przez Camping Ca\u2019Savio w Cavallino we W\u0142oszech.","robots":{"index":"index","follow":"follow","max-snippet":"max-snippet:-1","max-image-preview":"max-image-preview:large","max-video-preview":"max-video-preview:-1"},"canonical":"https:\/\/www.casavio.com\/pl\/aktywny-wypoczynek\/casavio-plus\/","og_locale":"pl_PL","og_type":"article","og_title":"Ca\u2019Savio PLUS \u2013 rozrywka online dla ca\u0142ej rodziny &#8211; Camping Ca&#039; Savio","og_description":"Nowy kana\u0142 rozrywkowy dla rodzin i dzieci, stworzony przez Camping Ca\u2019Savio w Cavallino we W\u0142oszech.","og_url":"https:\/\/www.casavio.com\/pl\/aktywny-wypoczynek\/casavio-plus\/","og_site_name":"Camping Ca&#039; Savio","article_publisher":"https:\/\/www.facebook.com\/campingcasavio","article_modified_time":"2025-10-20T10:15:56+00:00","og_image":[{"width":918,"height":1251,"url":"https:\/\/www.casavio.com\/wp-content\/uploads\/2020\/12\/CaSavio-Plus_Website_Box-Attivita\u0300.png","type":"image\/png"}],"twitter_card":"summary_large_image","twitter_misc":{"Szacowany czas czytania":"1 minuta"},"schema":{"@context":"https:\/\/schema.org","@graph":[{"@type":"WebPage","@id":"https:\/\/www.casavio.com\/pl\/aktywny-wypoczynek\/casavio-plus\/","url":"https:\/\/www.casavio.com\/pl\/aktywny-wypoczynek\/casavio-plus\/","name":"Ca\u2019Savio PLUS \u2013 rozrywka online dla ca\u0142ej rodziny &#8211; Camping Ca&#039; Savio","isPartOf":{"@id":"https:\/\/www.casavio.com\/pl\/#website"},"primaryImageOfPage":{"@id":"https:\/\/www.casavio.com\/pl\/aktywny-wypoczynek\/casavio-plus\/#primaryimage"},"image":{"@id":"https:\/\/www.casavio.com\/pl\/aktywny-wypoczynek\/casavio-plus\/#primaryimage"},"thumbnailUrl":"https:\/\/www.casavio.com\/wp-content\/uploads\/2020\/12\/CaSavio-Plus_Website_Box-Attivita\u0300.png","datePublished":"2019-11-07T10:08:55+00:00","dateModified":"2025-10-20T10:15:56+00:00","description":"Nowy kana\u0142 rozrywkowy dla rodzin i dzieci, stworzony przez Camping Ca\u2019Savio w Cavallino we W\u0142oszech.","breadcrumb":{"@id":"https:\/\/www.casavio.com\/pl\/aktywny-wypoczynek\/casavio-plus\/#breadcrumb"},"inLanguage":"pl-PL","potentialAction":[{"@type":"ReadAction","target":["https:\/\/www.casavio.com\/pl\/aktywny-wypoczynek\/casavio-plus\/"]}]},{"@type":"ImageObject","inLanguage":"pl-PL","@id":"https:\/\/www.casavio.com\/pl\/aktywny-wypoczynek\/casavio-plus\/#primaryimage","url":"https:\/\/www.casavio.com\/wp-content\/uploads\/2020\/12\/CaSavio-Plus_Website_Box-Attivita\u0300.png","contentUrl":"https:\/\/www.casavio.com\/wp-content\/uploads\/2020\/12\/CaSavio-Plus_Website_Box-Attivita\u0300.png","width":918,"height":1251},{"@type":"BreadcrumbList","@id":"https:\/\/www.casavio.com\/pl\/aktywny-wypoczynek\/casavio-plus\/#breadcrumb","itemListElement":[{"@type":"ListItem","position":1,"name":"Home","item":"https:\/\/www.casavio.com\/pl\/"},{"@type":"ListItem","position":2,"name":"Aktywny wypoczynek","item":"https:\/\/www.casavio.com\/pl\/aktywny-wypoczynek\/"},{"@type":"ListItem","position":3,"name":"Ca&#8217;Savio PLUS"}]},{"@type":"WebSite","@id":"https:\/\/www.casavio.com\/pl\/#website","url":"https:\/\/www.casavio.com\/pl\/","name":"Camping Ca&#039; Savio","description":"","publisher":{"@id":"https:\/\/www.casavio.com\/pl\/#organization"},"potentialAction":[{"@type":"SearchAction","target":{"@type":"EntryPoint","urlTemplate":"https:\/\/www.casavio.com\/pl\/?s={search_term_string}"},"query-input":{"@type":"PropertyValueSpecification","valueRequired":true,"valueName":"search_term_string"}}],"inLanguage":"pl-PL"},{"@type":"Organization","@id":"https:\/\/www.casavio.com\/pl\/#organization","name":"Camping Ca'Savio","url":"https:\/\/www.casavio.com\/pl\/","logo":{"@type":"ImageObject","inLanguage":"pl-PL","@id":"https:\/\/www.casavio.com\/pl\/#\/schema\/logo\/image\/","url":"https:\/\/www.casavio.com\/wp-content\/uploads\/2024\/04\/favicon.png","contentUrl":"https:\/\/www.casavio.com\/wp-content\/uploads\/2024\/04\/favicon.png","width":144,"height":144,"caption":"Camping Ca'Savio"},"image":{"@id":"https:\/\/www.casavio.com\/pl\/#\/schema\/logo\/image\/"},"sameAs":["https:\/\/www.facebook.com\/campingcasavio","https:\/\/www.instagram.com\/campingcasavio","https:\/\/www.youtube.com\/user\/campingcasavio"]}]}},"_links":{"self":[{"href":"https:\/\/www.casavio.com\/pl\/wp-json\/wp\/v2\/pages\/11987","targetHints":{"allow":["GET"]}}],"collection":[{"href":"https:\/\/www.casavio.com\/pl\/wp-json\/wp\/v2\/pages"}],"about":[{"href":"https:\/\/www.casavio.com\/pl\/wp-json\/wp\/v2\/types\/page"}],"author":[{"embeddable":true,"href":"https:\/\/www.casavio.com\/pl\/wp-json\/wp\/v2\/users\/6"}],"replies":[{"embeddable":true,"href":"https:\/\/www.casavio.com\/pl\/wp-json\/wp\/v2\/comments?post=11987"}],"version-history":[{"count":2,"href":"https:\/\/www.casavio.com\/pl\/wp-json\/wp\/v2\/pages\/11987\/revisions"}],"predecessor-version":[{"id":44004,"href":"https:\/\/www.casavio.com\/pl\/wp-json\/wp\/v2\/pages\/11987\/revisions\/44004"}],"up":[{"embeddable":true,"href":"https:\/\/www.casavio.com\/pl\/wp-json\/wp\/v2\/pages\/10261"}],"wp:featuredmedia":[{"embeddable":true,"href":"https:\/\/www.casavio.com\/pl\/wp-json\/wp\/v2\/media\/15598"}],"wp:attachment":[{"href":"https:\/\/www.casavio.com\/pl\/wp-json\/wp\/v2\/media?parent=11987"}],"curies":[{"name":"wp","href":"https:\/\/api.w.org\/{rel}","templated":true}]}}