{"id":27816,"date":"2019-11-07T11:04:11","date_gmt":"2019-11-07T10:04:11","guid":{"rendered":"https:\/\/www.casavio.com\/?page_id=27816"},"modified":"2026-02-10T11:53:01","modified_gmt":"2026-02-10T10:53:01","slug":"sup-yoga","status":"publish","type":"page","link":"https:\/\/www.casavio.com\/pl\/aktywny-wypoczynek\/sport-i-fitness\/sup-yoga\/","title":{"rendered":"SUP Yoga"},"content":{"rendered":"<p>Spr\u00f3buj czego\u015b nowego \u2013 jogi na SUPie. To oznacza znalezienie r\u00f3wnowagi i utrzymanie pozycji b\u0119d\u0105c na desce. To jednocze\u015bnie zabawa i zdrowie.<\/p>\n<p>Zaj\u0119cia odbywaj\u0105 si\u0119 na <a href=\"https:\/\/www.casavio.com\/pl\/uslugi\/plaza-ca-savio\/\">pla\u017cy<\/a> lub przy <a href=\"https:\/\/www.casavio.com\/pl\/uslugi\/baseny-ca-savio\/\">basenie<\/a> o zachodzie s\u0142o\u0144ca, dwa razy w tygodniu w lipcu i sierpniu. Wi\u0119cej informacji znajdziesz w programie animacyjnym PLUS na terenie kempingu.<\/p>\n","protected":false},"excerpt":{"rendered":"<p>Zrelaksuj si\u0119 i odnajd\u017a r\u00f3wnowag\u0119, \u0107wicz\u0105c jog\u0119 na desce SUP.<\/p>\n","protected":false},"author":6,"featured_media":28479,"parent":10264,"menu_order":56,"comment_status":"closed","ping_status":"closed","template":"","meta":{"_acf_changed":false},"class_list":["post-27816","page","type-page","status-publish","has-post-thumbnail","hentry"],"acf":[],"yoast_head":"<!-- This site is optimized with the Yoast SEO plugin v25.3 - https:\/\/yoast.com\/wordpress\/plugins\/seo\/ -->\n<title>Yoga SUP | Sport i Fitness na kempingu &#8211; Camping Ca&#039; Savio<\/title>\n<meta name=\"description\" content=\"Zrelaksuj si\u0119 i znajd\u017a r\u00f3wnowag\u0119, \u0107wicz\u0105c jog\u0119 na SUP.\" \/>\n<meta name=\"robots\" content=\"index, follow, max-snippet:-1, max-image-preview:large, max-video-preview:-1\" \/>\n<link rel=\"canonical\" href=\"https:\/\/www.casavio.com\/pl\/aktywny-wypoczynek\/sport-i-fitness\/sup-yoga\/\" \/>\n<meta property=\"og:locale\" content=\"pl_PL\" \/>\n<meta property=\"og:type\" content=\"article\" \/>\n<meta property=\"og:title\" content=\"Yoga SUP | Sport i Fitness na kempingu &#8211; Camping Ca&#039; Savio\" \/>\n<meta property=\"og:description\" content=\"Zrelaksuj si\u0119 i znajd\u017a r\u00f3wnowag\u0119, \u0107wicz\u0105c jog\u0119 na SUP.\" \/>\n<meta property=\"og:url\" content=\"https:\/\/www.casavio.com\/pl\/aktywny-wypoczynek\/sport-i-fitness\/sup-yoga\/\" \/>\n<meta property=\"og:site_name\" content=\"Camping Ca&#039; Savio\" \/>\n<meta property=\"article:publisher\" content=\"https:\/\/www.facebook.com\/campingcasavio\" \/>\n<meta property=\"article:modified_time\" content=\"2026-02-10T10:53:01+00:00\" \/>\n<meta property=\"og:image\" content=\"https:\/\/www.casavio.com\/wp-content\/uploads\/2023\/07\/yoga_sup_v41.jpg\" \/>\n\t<meta property=\"og:image:width\" content=\"440\" \/>\n\t<meta property=\"og:image:height\" content=\"600\" \/>\n\t<meta property=\"og:image:type\" content=\"image\/jpeg\" \/>\n<meta name=\"twitter:card\" content=\"summary_large_image\" \/>\n<meta name=\"twitter:label1\" content=\"Szacowany czas czytania\" \/>\n\t<meta name=\"twitter:data1\" content=\"1 minuta\" \/>\n<script type=\"application\/ld+json\" class=\"yoast-schema-graph\">{\"@context\":\"https:\/\/schema.org\",\"@graph\":[{\"@type\":\"WebPage\",\"@id\":\"https:\/\/www.casavio.com\/pl\/aktywny-wypoczynek\/sport-i-fitness\/sup-yoga\/\",\"url\":\"https:\/\/www.casavio.com\/pl\/aktywny-wypoczynek\/sport-i-fitness\/sup-yoga\/\",\"name\":\"Yoga SUP | Sport i Fitness na kempingu &#8211; Camping Ca&#039; Savio\",\"isPartOf\":{\"@id\":\"https:\/\/www.casavio.com\/pl\/#website\"},\"primaryImageOfPage\":{\"@id\":\"https:\/\/www.casavio.com\/pl\/aktywny-wypoczynek\/sport-i-fitness\/sup-yoga\/#primaryimage\"},\"image\":{\"@id\":\"https:\/\/www.casavio.com\/pl\/aktywny-wypoczynek\/sport-i-fitness\/sup-yoga\/#primaryimage\"},\"thumbnailUrl\":\"https:\/\/www.casavio.com\/wp-content\/uploads\/2023\/07\/yoga_sup_v41.jpg\",\"datePublished\":\"2019-11-07T10:04:11+00:00\",\"dateModified\":\"2026-02-10T10:53:01+00:00\",\"description\":\"Zrelaksuj si\u0119 i znajd\u017a r\u00f3wnowag\u0119, \u0107wicz\u0105c jog\u0119 na SUP.\",\"breadcrumb\":{\"@id\":\"https:\/\/www.casavio.com\/pl\/aktywny-wypoczynek\/sport-i-fitness\/sup-yoga\/#breadcrumb\"},\"inLanguage\":\"pl-PL\",\"potentialAction\":[{\"@type\":\"ReadAction\",\"target\":[\"https:\/\/www.casavio.com\/pl\/aktywny-wypoczynek\/sport-i-fitness\/sup-yoga\/\"]}]},{\"@type\":\"ImageObject\",\"inLanguage\":\"pl-PL\",\"@id\":\"https:\/\/www.casavio.com\/pl\/aktywny-wypoczynek\/sport-i-fitness\/sup-yoga\/#primaryimage\",\"url\":\"https:\/\/www.casavio.com\/wp-content\/uploads\/2023\/07\/yoga_sup_v41.jpg\",\"contentUrl\":\"https:\/\/www.casavio.com\/wp-content\/uploads\/2023\/07\/yoga_sup_v41.jpg\",\"width\":440,\"height\":600},{\"@type\":\"BreadcrumbList\",\"@id\":\"https:\/\/www.casavio.com\/pl\/aktywny-wypoczynek\/sport-i-fitness\/sup-yoga\/#breadcrumb\",\"itemListElement\":[{\"@type\":\"ListItem\",\"position\":1,\"name\":\"Home\",\"item\":\"https:\/\/www.casavio.com\/pl\/\"},{\"@type\":\"ListItem\",\"position\":2,\"name\":\"Aktywny wypoczynek\",\"item\":\"https:\/\/www.casavio.com\/pl\/aktywny-wypoczynek\/\"},{\"@type\":\"ListItem\",\"position\":3,\"name\":\"Sport i Fitness\",\"item\":\"https:\/\/www.casavio.com\/pl\/aktywny-wypoczynek\/sport-i-fitness\/\"},{\"@type\":\"ListItem\",\"position\":4,\"name\":\"SUP Yoga\"}]},{\"@type\":\"WebSite\",\"@id\":\"https:\/\/www.casavio.com\/pl\/#website\",\"url\":\"https:\/\/www.casavio.com\/pl\/\",\"name\":\"Camping Ca&#039; Savio\",\"description\":\"\",\"publisher\":{\"@id\":\"https:\/\/www.casavio.com\/pl\/#organization\"},\"potentialAction\":[{\"@type\":\"SearchAction\",\"target\":{\"@type\":\"EntryPoint\",\"urlTemplate\":\"https:\/\/www.casavio.com\/pl\/?s={search_term_string}\"},\"query-input\":{\"@type\":\"PropertyValueSpecification\",\"valueRequired\":true,\"valueName\":\"search_term_string\"}}],\"inLanguage\":\"pl-PL\"},{\"@type\":\"Organization\",\"@id\":\"https:\/\/www.casavio.com\/pl\/#organization\",\"name\":\"Camping Ca'Savio\",\"url\":\"https:\/\/www.casavio.com\/pl\/\",\"logo\":{\"@type\":\"ImageObject\",\"inLanguage\":\"pl-PL\",\"@id\":\"https:\/\/www.casavio.com\/pl\/#\/schema\/logo\/image\/\",\"url\":\"https:\/\/www.casavio.com\/wp-content\/uploads\/2024\/04\/favicon.png\",\"contentUrl\":\"https:\/\/www.casavio.com\/wp-content\/uploads\/2024\/04\/favicon.png\",\"width\":144,\"height\":144,\"caption\":\"Camping Ca'Savio\"},\"image\":{\"@id\":\"https:\/\/www.casavio.com\/pl\/#\/schema\/logo\/image\/\"},\"sameAs\":[\"https:\/\/www.facebook.com\/campingcasavio\",\"https:\/\/www.instagram.com\/campingcasavio\",\"https:\/\/www.youtube.com\/user\/campingcasavio\"]}]}<\/script>\n<!-- \/ Yoast SEO plugin. -->","yoast_head_json":{"title":"Yoga SUP | Sport i Fitness na kempingu &#8211; Camping Ca&#039; Savio","description":"Zrelaksuj si\u0119 i znajd\u017a r\u00f3wnowag\u0119, \u0107wicz\u0105c jog\u0119 na SUP.","robots":{"index":"index","follow":"follow","max-snippet":"max-snippet:-1","max-image-preview":"max-image-preview:large","max-video-preview":"max-video-preview:-1"},"canonical":"https:\/\/www.casavio.com\/pl\/aktywny-wypoczynek\/sport-i-fitness\/sup-yoga\/","og_locale":"pl_PL","og_type":"article","og_title":"Yoga SUP | Sport i Fitness na kempingu &#8211; Camping Ca&#039; Savio","og_description":"Zrelaksuj si\u0119 i znajd\u017a r\u00f3wnowag\u0119, \u0107wicz\u0105c jog\u0119 na SUP.","og_url":"https:\/\/www.casavio.com\/pl\/aktywny-wypoczynek\/sport-i-fitness\/sup-yoga\/","og_site_name":"Camping Ca&#039; Savio","article_publisher":"https:\/\/www.facebook.com\/campingcasavio","article_modified_time":"2026-02-10T10:53:01+00:00","og_image":[{"width":440,"height":600,"url":"https:\/\/www.casavio.com\/wp-content\/uploads\/2023\/07\/yoga_sup_v41.jpg","type":"image\/jpeg"}],"twitter_card":"summary_large_image","twitter_misc":{"Szacowany czas czytania":"1 minuta"},"schema":{"@context":"https:\/\/schema.org","@graph":[{"@type":"WebPage","@id":"https:\/\/www.casavio.com\/pl\/aktywny-wypoczynek\/sport-i-fitness\/sup-yoga\/","url":"https:\/\/www.casavio.com\/pl\/aktywny-wypoczynek\/sport-i-fitness\/sup-yoga\/","name":"Yoga SUP | Sport i Fitness na kempingu &#8211; Camping Ca&#039; Savio","isPartOf":{"@id":"https:\/\/www.casavio.com\/pl\/#website"},"primaryImageOfPage":{"@id":"https:\/\/www.casavio.com\/pl\/aktywny-wypoczynek\/sport-i-fitness\/sup-yoga\/#primaryimage"},"image":{"@id":"https:\/\/www.casavio.com\/pl\/aktywny-wypoczynek\/sport-i-fitness\/sup-yoga\/#primaryimage"},"thumbnailUrl":"https:\/\/www.casavio.com\/wp-content\/uploads\/2023\/07\/yoga_sup_v41.jpg","datePublished":"2019-11-07T10:04:11+00:00","dateModified":"2026-02-10T10:53:01+00:00","description":"Zrelaksuj si\u0119 i znajd\u017a r\u00f3wnowag\u0119, \u0107wicz\u0105c jog\u0119 na SUP.","breadcrumb":{"@id":"https:\/\/www.casavio.com\/pl\/aktywny-wypoczynek\/sport-i-fitness\/sup-yoga\/#breadcrumb"},"inLanguage":"pl-PL","potentialAction":[{"@type":"ReadAction","target":["https:\/\/www.casavio.com\/pl\/aktywny-wypoczynek\/sport-i-fitness\/sup-yoga\/"]}]},{"@type":"ImageObject","inLanguage":"pl-PL","@id":"https:\/\/www.casavio.com\/pl\/aktywny-wypoczynek\/sport-i-fitness\/sup-yoga\/#primaryimage","url":"https:\/\/www.casavio.com\/wp-content\/uploads\/2023\/07\/yoga_sup_v41.jpg","contentUrl":"https:\/\/www.casavio.com\/wp-content\/uploads\/2023\/07\/yoga_sup_v41.jpg","width":440,"height":600},{"@type":"BreadcrumbList","@id":"https:\/\/www.casavio.com\/pl\/aktywny-wypoczynek\/sport-i-fitness\/sup-yoga\/#breadcrumb","itemListElement":[{"@type":"ListItem","position":1,"name":"Home","item":"https:\/\/www.casavio.com\/pl\/"},{"@type":"ListItem","position":2,"name":"Aktywny wypoczynek","item":"https:\/\/www.casavio.com\/pl\/aktywny-wypoczynek\/"},{"@type":"ListItem","position":3,"name":"Sport i Fitness","item":"https:\/\/www.casavio.com\/pl\/aktywny-wypoczynek\/sport-i-fitness\/"},{"@type":"ListItem","position":4,"name":"SUP Yoga"}]},{"@type":"WebSite","@id":"https:\/\/www.casavio.com\/pl\/#website","url":"https:\/\/www.casavio.com\/pl\/","name":"Camping Ca&#039; Savio","description":"","publisher":{"@id":"https:\/\/www.casavio.com\/pl\/#organization"},"potentialAction":[{"@type":"SearchAction","target":{"@type":"EntryPoint","urlTemplate":"https:\/\/www.casavio.com\/pl\/?s={search_term_string}"},"query-input":{"@type":"PropertyValueSpecification","valueRequired":true,"valueName":"search_term_string"}}],"inLanguage":"pl-PL"},{"@type":"Organization","@id":"https:\/\/www.casavio.com\/pl\/#organization","name":"Camping Ca'Savio","url":"https:\/\/www.casavio.com\/pl\/","logo":{"@type":"ImageObject","inLanguage":"pl-PL","@id":"https:\/\/www.casavio.com\/pl\/#\/schema\/logo\/image\/","url":"https:\/\/www.casavio.com\/wp-content\/uploads\/2024\/04\/favicon.png","contentUrl":"https:\/\/www.casavio.com\/wp-content\/uploads\/2024\/04\/favicon.png","width":144,"height":144,"caption":"Camping Ca'Savio"},"image":{"@id":"https:\/\/www.casavio.com\/pl\/#\/schema\/logo\/image\/"},"sameAs":["https:\/\/www.facebook.com\/campingcasavio","https:\/\/www.instagram.com\/campingcasavio","https:\/\/www.youtube.com\/user\/campingcasavio"]}]}},"_links":{"self":[{"href":"https:\/\/www.casavio.com\/pl\/wp-json\/wp\/v2\/pages\/27816","targetHints":{"allow":["GET"]}}],"collection":[{"href":"https:\/\/www.casavio.com\/pl\/wp-json\/wp\/v2\/pages"}],"about":[{"href":"https:\/\/www.casavio.com\/pl\/wp-json\/wp\/v2\/types\/page"}],"author":[{"embeddable":true,"href":"https:\/\/www.casavio.com\/pl\/wp-json\/wp\/v2\/users\/6"}],"replies":[{"embeddable":true,"href":"https:\/\/www.casavio.com\/pl\/wp-json\/wp\/v2\/comments?post=27816"}],"version-history":[{"count":3,"href":"https:\/\/www.casavio.com\/pl\/wp-json\/wp\/v2\/pages\/27816\/revisions"}],"predecessor-version":[{"id":46209,"href":"https:\/\/www.casavio.com\/pl\/wp-json\/wp\/v2\/pages\/27816\/revisions\/46209"}],"up":[{"embeddable":true,"href":"https:\/\/www.casavio.com\/pl\/wp-json\/wp\/v2\/pages\/10264"}],"wp:featuredmedia":[{"embeddable":true,"href":"https:\/\/www.casavio.com\/pl\/wp-json\/wp\/v2\/media\/28479"}],"wp:attachment":[{"href":"https:\/\/www.casavio.com\/pl\/wp-json\/wp\/v2\/media?parent=27816"}],"curies":[{"name":"wp","href":"https:\/\/api.w.org\/{rel}","templated":true}]}}