{"id":30780,"date":"2019-11-21T10:39:19","date_gmt":"2019-11-21T09:39:19","guid":{"rendered":"https:\/\/www.casavio.com\/?page_id=30780"},"modified":"2026-03-25T09:53:00","modified_gmt":"2026-03-25T08:53:00","slug":"basketball","status":"publish","type":"page","link":"https:\/\/www.casavio.com\/pl\/aktywny-wypoczynek\/sport-i-fitness\/basketball\/","title":{"rendered":"Koszyk\u00f3wka"},"content":{"rendered":"<p>To \u015bwietna okazja dla mi\u0142o\u015bnik\u00f3w koszyk\u00f3wki w ka\u017cdym wieku oraz dla tych, kt\u00f3rzy lubi\u0105 zespo\u0142owe gry na \u015bwie\u017cym powietrzu.<\/p>\n<p>Nasze <strong>boisko do koszyk\u00f3wki<\/strong> (po\u0142owa pe\u0142nowymiarowego boiska) jest idealne zar\u00f3wno dla pocz\u0105tkuj\u0105cych, jak i do\u015bwiadczonych graczy, kt\u00f3rzy chc\u0105 zawiera\u0107 nowe znajomo\u015bci, graj\u0105c w emocjonuj\u0105ce mecze <strong>3 na 3<\/strong>.<\/p>\n<p>Zapytaj nasz zesp\u00f3\u0142 animacyjny o mo\u017cliwo\u015b\u0107 do\u0142\u0105czenia do jednego z wielu <strong>turniej\u00f3w<\/strong> koszyk\u00f3wki.<\/p>\n","protected":false},"excerpt":{"rendered":"<p>Graj z przyjaci\u00f3\u0142mi i bierz udzia\u0142 w turniejach.<\/p>\n","protected":false},"author":6,"featured_media":31218,"parent":10264,"menu_order":0,"comment_status":"closed","ping_status":"closed","template":"","meta":{"_acf_changed":false},"class_list":["post-30780","page","type-page","status-publish","has-post-thumbnail","hentry"],"acf":[],"yoast_head":"<!-- This site is optimized with the Yoast SEO plugin v25.3 - https:\/\/yoast.com\/wordpress\/plugins\/seo\/ -->\n<title>Basketball na kempingu | Sport i Fitness &#8211; Camping Ca&#039; Savio<\/title>\n<meta name=\"description\" content=\"Zagraj w koszyk\u00f3wk\u0119 na naszym boisku na terenie kempingu. Baw si\u0119 z przyjaci\u00f3\u0142mi i we\u017a udzia\u0142 w licznych turniejach organizowanych przez animator\u00f3w.\" \/>\n<meta name=\"robots\" content=\"index, follow, max-snippet:-1, max-image-preview:large, max-video-preview:-1\" \/>\n<link rel=\"canonical\" href=\"https:\/\/www.casavio.com\/pl\/aktywny-wypoczynek\/sport-i-fitness\/basketball\/\" \/>\n<meta property=\"og:locale\" content=\"pl_PL\" \/>\n<meta property=\"og:type\" content=\"article\" \/>\n<meta property=\"og:title\" content=\"Basketball na kempingu | Sport i Fitness &#8211; Camping Ca&#039; Savio\" \/>\n<meta property=\"og:description\" content=\"Zagraj w koszyk\u00f3wk\u0119 na naszym boisku na terenie kempingu. Baw si\u0119 z przyjaci\u00f3\u0142mi i we\u017a udzia\u0142 w licznych turniejach organizowanych przez animator\u00f3w.\" \/>\n<meta property=\"og:url\" content=\"https:\/\/www.casavio.com\/pl\/aktywny-wypoczynek\/sport-i-fitness\/basketball\/\" \/>\n<meta property=\"og:site_name\" content=\"Camping Ca&#039; Savio\" \/>\n<meta property=\"article:publisher\" content=\"https:\/\/www.facebook.com\/campingcasavio\" \/>\n<meta property=\"article:modified_time\" content=\"2026-03-25T08:53:00+00:00\" \/>\n<meta property=\"og:image\" content=\"https:\/\/www.casavio.com\/wp-content\/uploads\/2024\/04\/Basketball_casavio.jpg\" \/>\n\t<meta property=\"og:image:width\" content=\"440\" \/>\n\t<meta property=\"og:image:height\" content=\"600\" \/>\n\t<meta property=\"og:image:type\" content=\"image\/jpeg\" \/>\n<meta name=\"twitter:card\" content=\"summary_large_image\" \/>\n<meta name=\"twitter:label1\" content=\"Szacowany czas czytania\" \/>\n\t<meta name=\"twitter:data1\" content=\"1 minuta\" \/>\n<script type=\"application\/ld+json\" class=\"yoast-schema-graph\">{\"@context\":\"https:\/\/schema.org\",\"@graph\":[{\"@type\":\"WebPage\",\"@id\":\"https:\/\/www.casavio.com\/pl\/aktywny-wypoczynek\/sport-i-fitness\/basketball\/\",\"url\":\"https:\/\/www.casavio.com\/pl\/aktywny-wypoczynek\/sport-i-fitness\/basketball\/\",\"name\":\"Basketball na kempingu | Sport i Fitness &#8211; Camping Ca&#039; Savio\",\"isPartOf\":{\"@id\":\"https:\/\/www.casavio.com\/pl\/#website\"},\"primaryImageOfPage\":{\"@id\":\"https:\/\/www.casavio.com\/pl\/aktywny-wypoczynek\/sport-i-fitness\/basketball\/#primaryimage\"},\"image\":{\"@id\":\"https:\/\/www.casavio.com\/pl\/aktywny-wypoczynek\/sport-i-fitness\/basketball\/#primaryimage\"},\"thumbnailUrl\":\"https:\/\/www.casavio.com\/wp-content\/uploads\/2024\/04\/Basketball_casavio.jpg\",\"datePublished\":\"2019-11-21T09:39:19+00:00\",\"dateModified\":\"2026-03-25T08:53:00+00:00\",\"description\":\"Zagraj w koszyk\u00f3wk\u0119 na naszym boisku na terenie kempingu. Baw si\u0119 z przyjaci\u00f3\u0142mi i we\u017a udzia\u0142 w licznych turniejach organizowanych przez animator\u00f3w.\",\"breadcrumb\":{\"@id\":\"https:\/\/www.casavio.com\/pl\/aktywny-wypoczynek\/sport-i-fitness\/basketball\/#breadcrumb\"},\"inLanguage\":\"pl-PL\",\"potentialAction\":[{\"@type\":\"ReadAction\",\"target\":[\"https:\/\/www.casavio.com\/pl\/aktywny-wypoczynek\/sport-i-fitness\/basketball\/\"]}]},{\"@type\":\"ImageObject\",\"inLanguage\":\"pl-PL\",\"@id\":\"https:\/\/www.casavio.com\/pl\/aktywny-wypoczynek\/sport-i-fitness\/basketball\/#primaryimage\",\"url\":\"https:\/\/www.casavio.com\/wp-content\/uploads\/2024\/04\/Basketball_casavio.jpg\",\"contentUrl\":\"https:\/\/www.casavio.com\/wp-content\/uploads\/2024\/04\/Basketball_casavio.jpg\",\"width\":440,\"height\":600},{\"@type\":\"BreadcrumbList\",\"@id\":\"https:\/\/www.casavio.com\/pl\/aktywny-wypoczynek\/sport-i-fitness\/basketball\/#breadcrumb\",\"itemListElement\":[{\"@type\":\"ListItem\",\"position\":1,\"name\":\"Home\",\"item\":\"https:\/\/www.casavio.com\/pl\/\"},{\"@type\":\"ListItem\",\"position\":2,\"name\":\"Aktywny wypoczynek\",\"item\":\"https:\/\/www.casavio.com\/pl\/aktywny-wypoczynek\/\"},{\"@type\":\"ListItem\",\"position\":3,\"name\":\"Sport i Fitness\",\"item\":\"https:\/\/www.casavio.com\/pl\/aktywny-wypoczynek\/sport-i-fitness\/\"},{\"@type\":\"ListItem\",\"position\":4,\"name\":\"Koszyk\u00f3wka\"}]},{\"@type\":\"WebSite\",\"@id\":\"https:\/\/www.casavio.com\/pl\/#website\",\"url\":\"https:\/\/www.casavio.com\/pl\/\",\"name\":\"Camping Ca&#039; Savio\",\"description\":\"\",\"publisher\":{\"@id\":\"https:\/\/www.casavio.com\/pl\/#organization\"},\"potentialAction\":[{\"@type\":\"SearchAction\",\"target\":{\"@type\":\"EntryPoint\",\"urlTemplate\":\"https:\/\/www.casavio.com\/pl\/?s={search_term_string}\"},\"query-input\":{\"@type\":\"PropertyValueSpecification\",\"valueRequired\":true,\"valueName\":\"search_term_string\"}}],\"inLanguage\":\"pl-PL\"},{\"@type\":\"Organization\",\"@id\":\"https:\/\/www.casavio.com\/pl\/#organization\",\"name\":\"Camping Ca'Savio\",\"url\":\"https:\/\/www.casavio.com\/pl\/\",\"logo\":{\"@type\":\"ImageObject\",\"inLanguage\":\"pl-PL\",\"@id\":\"https:\/\/www.casavio.com\/pl\/#\/schema\/logo\/image\/\",\"url\":\"https:\/\/www.casavio.com\/wp-content\/uploads\/2024\/04\/favicon.png\",\"contentUrl\":\"https:\/\/www.casavio.com\/wp-content\/uploads\/2024\/04\/favicon.png\",\"width\":144,\"height\":144,\"caption\":\"Camping Ca'Savio\"},\"image\":{\"@id\":\"https:\/\/www.casavio.com\/pl\/#\/schema\/logo\/image\/\"},\"sameAs\":[\"https:\/\/www.facebook.com\/campingcasavio\",\"https:\/\/www.instagram.com\/campingcasavio\",\"https:\/\/www.youtube.com\/user\/campingcasavio\"]}]}<\/script>\n<!-- \/ Yoast SEO plugin. -->","yoast_head_json":{"title":"Basketball na kempingu | Sport i Fitness &#8211; Camping Ca&#039; Savio","description":"Zagraj w koszyk\u00f3wk\u0119 na naszym boisku na terenie kempingu. Baw si\u0119 z przyjaci\u00f3\u0142mi i we\u017a udzia\u0142 w licznych turniejach organizowanych przez animator\u00f3w.","robots":{"index":"index","follow":"follow","max-snippet":"max-snippet:-1","max-image-preview":"max-image-preview:large","max-video-preview":"max-video-preview:-1"},"canonical":"https:\/\/www.casavio.com\/pl\/aktywny-wypoczynek\/sport-i-fitness\/basketball\/","og_locale":"pl_PL","og_type":"article","og_title":"Basketball na kempingu | Sport i Fitness &#8211; Camping Ca&#039; Savio","og_description":"Zagraj w koszyk\u00f3wk\u0119 na naszym boisku na terenie kempingu. Baw si\u0119 z przyjaci\u00f3\u0142mi i we\u017a udzia\u0142 w licznych turniejach organizowanych przez animator\u00f3w.","og_url":"https:\/\/www.casavio.com\/pl\/aktywny-wypoczynek\/sport-i-fitness\/basketball\/","og_site_name":"Camping Ca&#039; Savio","article_publisher":"https:\/\/www.facebook.com\/campingcasavio","article_modified_time":"2026-03-25T08:53:00+00:00","og_image":[{"width":440,"height":600,"url":"https:\/\/www.casavio.com\/wp-content\/uploads\/2024\/04\/Basketball_casavio.jpg","type":"image\/jpeg"}],"twitter_card":"summary_large_image","twitter_misc":{"Szacowany czas czytania":"1 minuta"},"schema":{"@context":"https:\/\/schema.org","@graph":[{"@type":"WebPage","@id":"https:\/\/www.casavio.com\/pl\/aktywny-wypoczynek\/sport-i-fitness\/basketball\/","url":"https:\/\/www.casavio.com\/pl\/aktywny-wypoczynek\/sport-i-fitness\/basketball\/","name":"Basketball na kempingu | Sport i Fitness &#8211; Camping Ca&#039; Savio","isPartOf":{"@id":"https:\/\/www.casavio.com\/pl\/#website"},"primaryImageOfPage":{"@id":"https:\/\/www.casavio.com\/pl\/aktywny-wypoczynek\/sport-i-fitness\/basketball\/#primaryimage"},"image":{"@id":"https:\/\/www.casavio.com\/pl\/aktywny-wypoczynek\/sport-i-fitness\/basketball\/#primaryimage"},"thumbnailUrl":"https:\/\/www.casavio.com\/wp-content\/uploads\/2024\/04\/Basketball_casavio.jpg","datePublished":"2019-11-21T09:39:19+00:00","dateModified":"2026-03-25T08:53:00+00:00","description":"Zagraj w koszyk\u00f3wk\u0119 na naszym boisku na terenie kempingu. Baw si\u0119 z przyjaci\u00f3\u0142mi i we\u017a udzia\u0142 w licznych turniejach organizowanych przez animator\u00f3w.","breadcrumb":{"@id":"https:\/\/www.casavio.com\/pl\/aktywny-wypoczynek\/sport-i-fitness\/basketball\/#breadcrumb"},"inLanguage":"pl-PL","potentialAction":[{"@type":"ReadAction","target":["https:\/\/www.casavio.com\/pl\/aktywny-wypoczynek\/sport-i-fitness\/basketball\/"]}]},{"@type":"ImageObject","inLanguage":"pl-PL","@id":"https:\/\/www.casavio.com\/pl\/aktywny-wypoczynek\/sport-i-fitness\/basketball\/#primaryimage","url":"https:\/\/www.casavio.com\/wp-content\/uploads\/2024\/04\/Basketball_casavio.jpg","contentUrl":"https:\/\/www.casavio.com\/wp-content\/uploads\/2024\/04\/Basketball_casavio.jpg","width":440,"height":600},{"@type":"BreadcrumbList","@id":"https:\/\/www.casavio.com\/pl\/aktywny-wypoczynek\/sport-i-fitness\/basketball\/#breadcrumb","itemListElement":[{"@type":"ListItem","position":1,"name":"Home","item":"https:\/\/www.casavio.com\/pl\/"},{"@type":"ListItem","position":2,"name":"Aktywny wypoczynek","item":"https:\/\/www.casavio.com\/pl\/aktywny-wypoczynek\/"},{"@type":"ListItem","position":3,"name":"Sport i Fitness","item":"https:\/\/www.casavio.com\/pl\/aktywny-wypoczynek\/sport-i-fitness\/"},{"@type":"ListItem","position":4,"name":"Koszyk\u00f3wka"}]},{"@type":"WebSite","@id":"https:\/\/www.casavio.com\/pl\/#website","url":"https:\/\/www.casavio.com\/pl\/","name":"Camping Ca&#039; Savio","description":"","publisher":{"@id":"https:\/\/www.casavio.com\/pl\/#organization"},"potentialAction":[{"@type":"SearchAction","target":{"@type":"EntryPoint","urlTemplate":"https:\/\/www.casavio.com\/pl\/?s={search_term_string}"},"query-input":{"@type":"PropertyValueSpecification","valueRequired":true,"valueName":"search_term_string"}}],"inLanguage":"pl-PL"},{"@type":"Organization","@id":"https:\/\/www.casavio.com\/pl\/#organization","name":"Camping Ca'Savio","url":"https:\/\/www.casavio.com\/pl\/","logo":{"@type":"ImageObject","inLanguage":"pl-PL","@id":"https:\/\/www.casavio.com\/pl\/#\/schema\/logo\/image\/","url":"https:\/\/www.casavio.com\/wp-content\/uploads\/2024\/04\/favicon.png","contentUrl":"https:\/\/www.casavio.com\/wp-content\/uploads\/2024\/04\/favicon.png","width":144,"height":144,"caption":"Camping Ca'Savio"},"image":{"@id":"https:\/\/www.casavio.com\/pl\/#\/schema\/logo\/image\/"},"sameAs":["https:\/\/www.facebook.com\/campingcasavio","https:\/\/www.instagram.com\/campingcasavio","https:\/\/www.youtube.com\/user\/campingcasavio"]}]}},"_links":{"self":[{"href":"https:\/\/www.casavio.com\/pl\/wp-json\/wp\/v2\/pages\/30780","targetHints":{"allow":["GET"]}}],"collection":[{"href":"https:\/\/www.casavio.com\/pl\/wp-json\/wp\/v2\/pages"}],"about":[{"href":"https:\/\/www.casavio.com\/pl\/wp-json\/wp\/v2\/types\/page"}],"author":[{"embeddable":true,"href":"https:\/\/www.casavio.com\/pl\/wp-json\/wp\/v2\/users\/6"}],"replies":[{"embeddable":true,"href":"https:\/\/www.casavio.com\/pl\/wp-json\/wp\/v2\/comments?post=30780"}],"version-history":[{"count":2,"href":"https:\/\/www.casavio.com\/pl\/wp-json\/wp\/v2\/pages\/30780\/revisions"}],"predecessor-version":[{"id":46218,"href":"https:\/\/www.casavio.com\/pl\/wp-json\/wp\/v2\/pages\/30780\/revisions\/46218"}],"up":[{"embeddable":true,"href":"https:\/\/www.casavio.com\/pl\/wp-json\/wp\/v2\/pages\/10264"}],"wp:featuredmedia":[{"embeddable":true,"href":"https:\/\/www.casavio.com\/pl\/wp-json\/wp\/v2\/media\/31218"}],"wp:attachment":[{"href":"https:\/\/www.casavio.com\/pl\/wp-json\/wp\/v2\/media?parent=30780"}],"curies":[{"name":"wp","href":"https:\/\/api.w.org\/{rel}","templated":true}]}}