{"id":32689,"date":"2024-05-29T11:37:32","date_gmt":"2024-05-29T09:37:32","guid":{"rendered":"https:\/\/www.casavio.com\/uslugi\/uslugi-dodatkowe\/umbrella-and-sun-lounger-rental\/"},"modified":"2025-07-11T13:03:29","modified_gmt":"2025-07-11T11:03:29","slug":"umbrella-and-sun-lounger-rental","status":"publish","type":"page","link":"https:\/\/www.casavio.com\/pl\/uslugi\/uslugi-dodatkowe\/umbrella-and-sun-lounger-rental\/","title":{"rendered":"Wynajem parasoli pla\u017cowych i le\u017cak\u00f3w"},"content":{"rendered":"<p class=\"Standard\">Serwis jest czynny od 08.06 do 09.09, a nasi pracownicy s\u0105 na<b><i> <\/i><\/b><a href=\"https:\/\/www.casavio.com\/pl\/casavio-beach\/\"><u>pla\u017cy<\/u><\/a> codziennie od 9:00 do 19:00, \u017ceby Ci\u0119 powita\u0107, przypisa\u0107 parasole i le\u017caki oraz zapewni\u0107 wszelk\u0105 pomoc, jakiej mo\u017cesz potrzebowa\u0107.<\/p>\n<p class=\"Textbody\">Serwis jest przeznaczony dla Ciebie, jako <b>go\u015bcia kempingu<\/b>, wi\u0119c mo\u017cesz zam\u00f3wi\u0107 go <a href=\"https:\/\/booking.casavio.com\/contact\" target=\"_blank\" rel=\"noopener\"><u>z wyprzedzeniem<\/u><\/a> i doliczy\u0107 do swojej rezerwacji lub zakupi\u0107 i op\u0142aci\u0107 na miejscu w recepcji lub biurze obs\u0142ugi klienta.<\/p>\n<p class=\"Textbody\">Mo\u017cesz wynaj\u0105\u0107 <b>1 parasol pla\u017cowy i 2 le\u017caki<\/b> za <b>21 \u20ac za dzie\u0144<\/b>, a w przypadku wynajmu na wi\u0119cej ni\u017c 7 dni oferujemy obni\u017con\u0105 taryf\u0119 w cenie 19 \u20ac za dzie\u0144.<\/p>\n<p class=\"Textbody\">Miejsce z parasolami pla\u017cowymi i le\u017cakami znajduje si\u0119 <b>przy wej\u015bciu do morza nr 7 <\/b>i jest obj\u0119te<b> zakazem palenia<\/b>, dzi\u0119ki czemu mo\u017cna cieszy\u0107 si\u0119 wszystkimi zaletami morskiego powietrza bez biernego palenia lub niedopa\u0142k\u00f3w papieros\u00f3w pozostawionych na piasku, kt\u00f3re psuj\u0105 \u015brodowisko i przeszkadzaj\u0105 dzieciom w zabawie.<\/p>\n<p class=\"Textbody\">Aby pla\u017ca by\u0142a bardziej dost\u0119pna i integracyjna, na kempingu mo\u017cna wypo\u017cyczy\u0107 (<a href=\"https:\/\/booking.casavio.com\/contact\" target=\"_blank\" rel=\"noopener\">na \u017cyczenie<\/a>)<b> w\u00f3zki pla\u017cowe dla os\u00f3b niepe\u0142nosprawnych<\/b> z ko\u0142ami przystosowanymi do poruszania si\u0119 po piasku i wchodzenia do wody.<\/p>\n<p class=\"Textbody\">Dowiedz si\u0119 wi\u0119cej o naszej pla\u017cy i jej udogodnieniach oraz o kilku wa\u017cnych <a href=\"https:\/\/www.casavio.com\/pl\/nasz-kemping\/regulamin\/\"><u>zasadach<\/u><\/a> dotycz\u0105cych bezpiecze\u0144stwa i poszanowania natury.<\/p>\n","protected":false},"excerpt":{"rendered":"<p>Serwis dedykowany dla Ciebie, jako go\u015bcia kempingu.<\/p>\n","protected":false},"author":6,"featured_media":39991,"parent":10198,"menu_order":4,"comment_status":"closed","ping_status":"closed","template":"","meta":{"_acf_changed":false},"class_list":["post-32689","page","type-page","status-publish","has-post-thumbnail","hentry"],"acf":[],"yoast_head":"<!-- This site is optimized with the Yoast SEO plugin v25.3 - https:\/\/yoast.com\/wordpress\/plugins\/seo\/ -->\n<title>Wynajem parasoli pla\u017cowych i le\u017cak\u00f3w &#8211; Camping Ca&#039; Savio<\/title>\n<meta name=\"robots\" content=\"index, follow, max-snippet:-1, max-image-preview:large, max-video-preview:-1\" \/>\n<link rel=\"canonical\" href=\"https:\/\/www.casavio.com\/pl\/uslugi\/uslugi-dodatkowe\/umbrella-and-sun-lounger-rental\/\" \/>\n<meta property=\"og:locale\" content=\"pl_PL\" \/>\n<meta property=\"og:type\" content=\"article\" \/>\n<meta property=\"og:title\" content=\"Wynajem parasoli pla\u017cowych i le\u017cak\u00f3w &#8211; Camping Ca&#039; Savio\" \/>\n<meta property=\"og:description\" content=\"Serwis dedykowany dla Ciebie, jako go\u015bcia kempingu.\" \/>\n<meta property=\"og:url\" content=\"https:\/\/www.casavio.com\/pl\/uslugi\/uslugi-dodatkowe\/umbrella-and-sun-lounger-rental\/\" \/>\n<meta property=\"og:site_name\" content=\"Camping Ca&#039; Savio\" \/>\n<meta property=\"article:publisher\" content=\"https:\/\/www.facebook.com\/campingcasavio\" \/>\n<meta property=\"article:modified_time\" content=\"2025-07-11T11:03:29+00:00\" \/>\n<meta property=\"og:image\" content=\"https:\/\/www.casavio.com\/wp-content\/uploads\/2025\/05\/spiaggia-attrezzata_ev.jpg\" \/>\n\t<meta property=\"og:image:width\" content=\"440\" \/>\n\t<meta property=\"og:image:height\" content=\"600\" \/>\n\t<meta property=\"og:image:type\" content=\"image\/jpeg\" \/>\n<meta name=\"twitter:card\" content=\"summary_large_image\" \/>\n<meta name=\"twitter:label1\" content=\"Szacowany czas czytania\" \/>\n\t<meta name=\"twitter:data1\" content=\"2 minuty\" \/>\n<script type=\"application\/ld+json\" class=\"yoast-schema-graph\">{\"@context\":\"https:\/\/schema.org\",\"@graph\":[{\"@type\":\"WebPage\",\"@id\":\"https:\/\/www.casavio.com\/pl\/uslugi\/uslugi-dodatkowe\/umbrella-and-sun-lounger-rental\/\",\"url\":\"https:\/\/www.casavio.com\/pl\/uslugi\/uslugi-dodatkowe\/umbrella-and-sun-lounger-rental\/\",\"name\":\"Wynajem parasoli pla\u017cowych i le\u017cak\u00f3w &#8211; Camping Ca&#039; Savio\",\"isPartOf\":{\"@id\":\"https:\/\/www.casavio.com\/pl\/#website\"},\"primaryImageOfPage\":{\"@id\":\"https:\/\/www.casavio.com\/pl\/uslugi\/uslugi-dodatkowe\/umbrella-and-sun-lounger-rental\/#primaryimage\"},\"image\":{\"@id\":\"https:\/\/www.casavio.com\/pl\/uslugi\/uslugi-dodatkowe\/umbrella-and-sun-lounger-rental\/#primaryimage\"},\"thumbnailUrl\":\"https:\/\/www.casavio.com\/wp-content\/uploads\/2025\/05\/spiaggia-attrezzata_ev.jpg\",\"datePublished\":\"2024-05-29T09:37:32+00:00\",\"dateModified\":\"2025-07-11T11:03:29+00:00\",\"breadcrumb\":{\"@id\":\"https:\/\/www.casavio.com\/pl\/uslugi\/uslugi-dodatkowe\/umbrella-and-sun-lounger-rental\/#breadcrumb\"},\"inLanguage\":\"pl-PL\",\"potentialAction\":[{\"@type\":\"ReadAction\",\"target\":[\"https:\/\/www.casavio.com\/pl\/uslugi\/uslugi-dodatkowe\/umbrella-and-sun-lounger-rental\/\"]}]},{\"@type\":\"ImageObject\",\"inLanguage\":\"pl-PL\",\"@id\":\"https:\/\/www.casavio.com\/pl\/uslugi\/uslugi-dodatkowe\/umbrella-and-sun-lounger-rental\/#primaryimage\",\"url\":\"https:\/\/www.casavio.com\/wp-content\/uploads\/2025\/05\/spiaggia-attrezzata_ev.jpg\",\"contentUrl\":\"https:\/\/www.casavio.com\/wp-content\/uploads\/2025\/05\/spiaggia-attrezzata_ev.jpg\",\"width\":440,\"height\":600},{\"@type\":\"BreadcrumbList\",\"@id\":\"https:\/\/www.casavio.com\/pl\/uslugi\/uslugi-dodatkowe\/umbrella-and-sun-lounger-rental\/#breadcrumb\",\"itemListElement\":[{\"@type\":\"ListItem\",\"position\":1,\"name\":\"Home\",\"item\":\"https:\/\/www.casavio.com\/pl\/\"},{\"@type\":\"ListItem\",\"position\":2,\"name\":\"Us\u0142ugi\",\"item\":\"https:\/\/www.casavio.com\/pl\/uslugi\/\"},{\"@type\":\"ListItem\",\"position\":3,\"name\":\"Us\u0142ugi dodatkowe\",\"item\":\"https:\/\/www.casavio.com\/pl\/uslugi\/uslugi-dodatkowe\/\"},{\"@type\":\"ListItem\",\"position\":4,\"name\":\"Wynajem parasoli pla\u017cowych i le\u017cak\u00f3w\"}]},{\"@type\":\"WebSite\",\"@id\":\"https:\/\/www.casavio.com\/pl\/#website\",\"url\":\"https:\/\/www.casavio.com\/pl\/\",\"name\":\"Camping Ca&#039; Savio\",\"description\":\"\",\"publisher\":{\"@id\":\"https:\/\/www.casavio.com\/pl\/#organization\"},\"potentialAction\":[{\"@type\":\"SearchAction\",\"target\":{\"@type\":\"EntryPoint\",\"urlTemplate\":\"https:\/\/www.casavio.com\/pl\/?s={search_term_string}\"},\"query-input\":{\"@type\":\"PropertyValueSpecification\",\"valueRequired\":true,\"valueName\":\"search_term_string\"}}],\"inLanguage\":\"pl-PL\"},{\"@type\":\"Organization\",\"@id\":\"https:\/\/www.casavio.com\/pl\/#organization\",\"name\":\"Camping Ca'Savio\",\"url\":\"https:\/\/www.casavio.com\/pl\/\",\"logo\":{\"@type\":\"ImageObject\",\"inLanguage\":\"pl-PL\",\"@id\":\"https:\/\/www.casavio.com\/pl\/#\/schema\/logo\/image\/\",\"url\":\"https:\/\/www.casavio.com\/wp-content\/uploads\/2024\/04\/favicon.png\",\"contentUrl\":\"https:\/\/www.casavio.com\/wp-content\/uploads\/2024\/04\/favicon.png\",\"width\":144,\"height\":144,\"caption\":\"Camping Ca'Savio\"},\"image\":{\"@id\":\"https:\/\/www.casavio.com\/pl\/#\/schema\/logo\/image\/\"},\"sameAs\":[\"https:\/\/www.facebook.com\/campingcasavio\",\"https:\/\/www.instagram.com\/campingcasavio\",\"https:\/\/www.youtube.com\/user\/campingcasavio\"]}]}<\/script>\n<!-- \/ Yoast SEO plugin. -->","yoast_head_json":{"title":"Wynajem parasoli pla\u017cowych i le\u017cak\u00f3w &#8211; Camping Ca&#039; Savio","robots":{"index":"index","follow":"follow","max-snippet":"max-snippet:-1","max-image-preview":"max-image-preview:large","max-video-preview":"max-video-preview:-1"},"canonical":"https:\/\/www.casavio.com\/pl\/uslugi\/uslugi-dodatkowe\/umbrella-and-sun-lounger-rental\/","og_locale":"pl_PL","og_type":"article","og_title":"Wynajem parasoli pla\u017cowych i le\u017cak\u00f3w &#8211; Camping Ca&#039; Savio","og_description":"Serwis dedykowany dla Ciebie, jako go\u015bcia kempingu.","og_url":"https:\/\/www.casavio.com\/pl\/uslugi\/uslugi-dodatkowe\/umbrella-and-sun-lounger-rental\/","og_site_name":"Camping Ca&#039; Savio","article_publisher":"https:\/\/www.facebook.com\/campingcasavio","article_modified_time":"2025-07-11T11:03:29+00:00","og_image":[{"width":440,"height":600,"url":"https:\/\/www.casavio.com\/wp-content\/uploads\/2025\/05\/spiaggia-attrezzata_ev.jpg","type":"image\/jpeg"}],"twitter_card":"summary_large_image","twitter_misc":{"Szacowany czas czytania":"2 minuty"},"schema":{"@context":"https:\/\/schema.org","@graph":[{"@type":"WebPage","@id":"https:\/\/www.casavio.com\/pl\/uslugi\/uslugi-dodatkowe\/umbrella-and-sun-lounger-rental\/","url":"https:\/\/www.casavio.com\/pl\/uslugi\/uslugi-dodatkowe\/umbrella-and-sun-lounger-rental\/","name":"Wynajem parasoli pla\u017cowych i le\u017cak\u00f3w &#8211; Camping Ca&#039; Savio","isPartOf":{"@id":"https:\/\/www.casavio.com\/pl\/#website"},"primaryImageOfPage":{"@id":"https:\/\/www.casavio.com\/pl\/uslugi\/uslugi-dodatkowe\/umbrella-and-sun-lounger-rental\/#primaryimage"},"image":{"@id":"https:\/\/www.casavio.com\/pl\/uslugi\/uslugi-dodatkowe\/umbrella-and-sun-lounger-rental\/#primaryimage"},"thumbnailUrl":"https:\/\/www.casavio.com\/wp-content\/uploads\/2025\/05\/spiaggia-attrezzata_ev.jpg","datePublished":"2024-05-29T09:37:32+00:00","dateModified":"2025-07-11T11:03:29+00:00","breadcrumb":{"@id":"https:\/\/www.casavio.com\/pl\/uslugi\/uslugi-dodatkowe\/umbrella-and-sun-lounger-rental\/#breadcrumb"},"inLanguage":"pl-PL","potentialAction":[{"@type":"ReadAction","target":["https:\/\/www.casavio.com\/pl\/uslugi\/uslugi-dodatkowe\/umbrella-and-sun-lounger-rental\/"]}]},{"@type":"ImageObject","inLanguage":"pl-PL","@id":"https:\/\/www.casavio.com\/pl\/uslugi\/uslugi-dodatkowe\/umbrella-and-sun-lounger-rental\/#primaryimage","url":"https:\/\/www.casavio.com\/wp-content\/uploads\/2025\/05\/spiaggia-attrezzata_ev.jpg","contentUrl":"https:\/\/www.casavio.com\/wp-content\/uploads\/2025\/05\/spiaggia-attrezzata_ev.jpg","width":440,"height":600},{"@type":"BreadcrumbList","@id":"https:\/\/www.casavio.com\/pl\/uslugi\/uslugi-dodatkowe\/umbrella-and-sun-lounger-rental\/#breadcrumb","itemListElement":[{"@type":"ListItem","position":1,"name":"Home","item":"https:\/\/www.casavio.com\/pl\/"},{"@type":"ListItem","position":2,"name":"Us\u0142ugi","item":"https:\/\/www.casavio.com\/pl\/uslugi\/"},{"@type":"ListItem","position":3,"name":"Us\u0142ugi dodatkowe","item":"https:\/\/www.casavio.com\/pl\/uslugi\/uslugi-dodatkowe\/"},{"@type":"ListItem","position":4,"name":"Wynajem parasoli pla\u017cowych i le\u017cak\u00f3w"}]},{"@type":"WebSite","@id":"https:\/\/www.casavio.com\/pl\/#website","url":"https:\/\/www.casavio.com\/pl\/","name":"Camping Ca&#039; Savio","description":"","publisher":{"@id":"https:\/\/www.casavio.com\/pl\/#organization"},"potentialAction":[{"@type":"SearchAction","target":{"@type":"EntryPoint","urlTemplate":"https:\/\/www.casavio.com\/pl\/?s={search_term_string}"},"query-input":{"@type":"PropertyValueSpecification","valueRequired":true,"valueName":"search_term_string"}}],"inLanguage":"pl-PL"},{"@type":"Organization","@id":"https:\/\/www.casavio.com\/pl\/#organization","name":"Camping Ca'Savio","url":"https:\/\/www.casavio.com\/pl\/","logo":{"@type":"ImageObject","inLanguage":"pl-PL","@id":"https:\/\/www.casavio.com\/pl\/#\/schema\/logo\/image\/","url":"https:\/\/www.casavio.com\/wp-content\/uploads\/2024\/04\/favicon.png","contentUrl":"https:\/\/www.casavio.com\/wp-content\/uploads\/2024\/04\/favicon.png","width":144,"height":144,"caption":"Camping Ca'Savio"},"image":{"@id":"https:\/\/www.casavio.com\/pl\/#\/schema\/logo\/image\/"},"sameAs":["https:\/\/www.facebook.com\/campingcasavio","https:\/\/www.instagram.com\/campingcasavio","https:\/\/www.youtube.com\/user\/campingcasavio"]}]}},"_links":{"self":[{"href":"https:\/\/www.casavio.com\/pl\/wp-json\/wp\/v2\/pages\/32689","targetHints":{"allow":["GET"]}}],"collection":[{"href":"https:\/\/www.casavio.com\/pl\/wp-json\/wp\/v2\/pages"}],"about":[{"href":"https:\/\/www.casavio.com\/pl\/wp-json\/wp\/v2\/types\/page"}],"author":[{"embeddable":true,"href":"https:\/\/www.casavio.com\/pl\/wp-json\/wp\/v2\/users\/6"}],"replies":[{"embeddable":true,"href":"https:\/\/www.casavio.com\/pl\/wp-json\/wp\/v2\/comments?post=32689"}],"version-history":[{"count":2,"href":"https:\/\/www.casavio.com\/pl\/wp-json\/wp\/v2\/pages\/32689\/revisions"}],"predecessor-version":[{"id":41660,"href":"https:\/\/www.casavio.com\/pl\/wp-json\/wp\/v2\/pages\/32689\/revisions\/41660"}],"up":[{"embeddable":true,"href":"https:\/\/www.casavio.com\/pl\/wp-json\/wp\/v2\/pages\/10198"}],"wp:featuredmedia":[{"embeddable":true,"href":"https:\/\/www.casavio.com\/pl\/wp-json\/wp\/v2\/media\/39991"}],"wp:attachment":[{"href":"https:\/\/www.casavio.com\/pl\/wp-json\/wp\/v2\/media?parent=32689"}],"curies":[{"name":"wp","href":"https:\/\/api.w.org\/{rel}","templated":true}]}}