{"id":34944,"date":"2024-07-09T11:37:30","date_gmt":"2024-07-09T09:37:30","guid":{"rendered":"https:\/\/www.casavio.com\/?page_id=34944"},"modified":"2025-05-23T12:10:56","modified_gmt":"2025-05-23T10:10:56","slug":"mapa","status":"publish","type":"page","link":"https:\/\/www.casavio.com\/pl\/nasz-kemping\/mapa\/","title":{"rendered":"Mapa kempingu"},"content":{"rendered":"<p>Poznaj obszary kempingu, dowiedz si\u0119 o naszych <a href=\"https:\/\/www.casavio.com\/pl\/aktywny-wypoczynek\/\">aktywno\u015bciach<\/a>, <a href=\"https:\/\/www.casavio.com\/pl\/camping\/\">zakwaterowaniu<\/a>, <a href=\"https:\/\/www.casavio.com\/pl\/camping\/parcele\/\">parcelach<\/a> i <a href=\"https:\/\/www.casavio.com\/pl\/uslugi\/\">us\u0142ugach<\/a>.<br \/>\n<strong>Kliknij na kolorowe obszary, aby odkry\u0107 zakwaterowanie, na ikony g\u0142\u00f3wnych us\u0142ug<\/strong>!<\/p>\n<p>Pobierz <a href=\"https:\/\/www.casavio.com\/wp-content\/uploads\/2025\/05\/Camping_Ca_Savio_mappa_2025.pdf\" target=\"_blank\" rel=\"noopener\">map\u0119 w formacie pdf<\/a>.<\/p>\n","protected":false},"excerpt":{"rendered":"<p>Poznaj obszary kempingu, dowiedz si\u0119 o naszych aktywno\u015bciach, zakwaterowaniu, parcelach i us\u0142ugach. Kliknij na kolorowe obszary, aby odkry\u0107 zakwaterowanie, na ikony g\u0142\u00f3wnych us\u0142ug! Pobierz map\u0119 w formacie pdf.<\/p>\n","protected":false},"author":2,"featured_media":0,"parent":10133,"menu_order":4,"comment_status":"closed","ping_status":"closed","template":"templates\/tpl-map.php","meta":{"_acf_changed":false},"class_list":["post-34944","page","type-page","status-publish","hentry"],"acf":[],"yoast_head":"<!-- This site is optimized with the Yoast SEO plugin v25.3 - https:\/\/yoast.com\/wordpress\/plugins\/seo\/ -->\n<title>Mapa kempingu &#8211; Camping Ca&#039; Savio<\/title>\n<meta name=\"description\" content=\"Explore the campsite areas, find out our\u00a0activities, our\u00a0accommodations,\u00a0pitches\u00a0and our\u00a0services.\" \/>\n<meta name=\"robots\" content=\"index, follow, max-snippet:-1, max-image-preview:large, max-video-preview:-1\" \/>\n<link rel=\"canonical\" href=\"https:\/\/www.casavio.com\/pl\/nasz-kemping\/mapa\/\" \/>\n<meta property=\"og:locale\" content=\"pl_PL\" \/>\n<meta property=\"og:type\" content=\"article\" \/>\n<meta property=\"og:title\" content=\"Mapa kempingu &#8211; Camping Ca&#039; Savio\" \/>\n<meta property=\"og:description\" content=\"Explore the campsite areas, find out our\u00a0activities, our\u00a0accommodations,\u00a0pitches\u00a0and our\u00a0services.\" \/>\n<meta property=\"og:url\" content=\"https:\/\/www.casavio.com\/pl\/nasz-kemping\/mapa\/\" \/>\n<meta property=\"og:site_name\" content=\"Camping Ca&#039; Savio\" \/>\n<meta property=\"article:publisher\" content=\"https:\/\/www.facebook.com\/campingcasavio\" \/>\n<meta property=\"article:modified_time\" content=\"2025-05-23T10:10:56+00:00\" \/>\n<meta name=\"twitter:card\" content=\"summary_large_image\" \/>\n<meta name=\"twitter:label1\" content=\"Szacowany czas czytania\" \/>\n\t<meta name=\"twitter:data1\" content=\"1 minuta\" \/>\n<script type=\"application\/ld+json\" class=\"yoast-schema-graph\">{\"@context\":\"https:\/\/schema.org\",\"@graph\":[{\"@type\":\"WebPage\",\"@id\":\"https:\/\/www.casavio.com\/pl\/nasz-kemping\/mapa\/\",\"url\":\"https:\/\/www.casavio.com\/pl\/nasz-kemping\/mapa\/\",\"name\":\"Mapa kempingu &#8211; Camping Ca&#039; Savio\",\"isPartOf\":{\"@id\":\"https:\/\/www.casavio.com\/pl\/#website\"},\"datePublished\":\"2024-07-09T09:37:30+00:00\",\"dateModified\":\"2025-05-23T10:10:56+00:00\",\"description\":\"Explore the campsite areas, find out our\u00a0activities, our\u00a0accommodations,\u00a0pitches\u00a0and our\u00a0services.\",\"breadcrumb\":{\"@id\":\"https:\/\/www.casavio.com\/pl\/nasz-kemping\/mapa\/#breadcrumb\"},\"inLanguage\":\"pl-PL\",\"potentialAction\":[{\"@type\":\"ReadAction\",\"target\":[\"https:\/\/www.casavio.com\/pl\/nasz-kemping\/mapa\/\"]}]},{\"@type\":\"BreadcrumbList\",\"@id\":\"https:\/\/www.casavio.com\/pl\/nasz-kemping\/mapa\/#breadcrumb\",\"itemListElement\":[{\"@type\":\"ListItem\",\"position\":1,\"name\":\"Home\",\"item\":\"https:\/\/www.casavio.com\/pl\/\"},{\"@type\":\"ListItem\",\"position\":2,\"name\":\"Nasz kemping\",\"item\":\"https:\/\/www.casavio.com\/pl\/nasz-kemping\/\"},{\"@type\":\"ListItem\",\"position\":3,\"name\":\"Mapa kempingu\"}]},{\"@type\":\"WebSite\",\"@id\":\"https:\/\/www.casavio.com\/pl\/#website\",\"url\":\"https:\/\/www.casavio.com\/pl\/\",\"name\":\"Camping Ca&#039; Savio\",\"description\":\"\",\"publisher\":{\"@id\":\"https:\/\/www.casavio.com\/pl\/#organization\"},\"potentialAction\":[{\"@type\":\"SearchAction\",\"target\":{\"@type\":\"EntryPoint\",\"urlTemplate\":\"https:\/\/www.casavio.com\/pl\/?s={search_term_string}\"},\"query-input\":{\"@type\":\"PropertyValueSpecification\",\"valueRequired\":true,\"valueName\":\"search_term_string\"}}],\"inLanguage\":\"pl-PL\"},{\"@type\":\"Organization\",\"@id\":\"https:\/\/www.casavio.com\/pl\/#organization\",\"name\":\"Camping Ca'Savio\",\"url\":\"https:\/\/www.casavio.com\/pl\/\",\"logo\":{\"@type\":\"ImageObject\",\"inLanguage\":\"pl-PL\",\"@id\":\"https:\/\/www.casavio.com\/pl\/#\/schema\/logo\/image\/\",\"url\":\"https:\/\/www.casavio.com\/wp-content\/uploads\/2024\/04\/favicon.png\",\"contentUrl\":\"https:\/\/www.casavio.com\/wp-content\/uploads\/2024\/04\/favicon.png\",\"width\":144,\"height\":144,\"caption\":\"Camping Ca'Savio\"},\"image\":{\"@id\":\"https:\/\/www.casavio.com\/pl\/#\/schema\/logo\/image\/\"},\"sameAs\":[\"https:\/\/www.facebook.com\/campingcasavio\",\"https:\/\/www.instagram.com\/campingcasavio\",\"https:\/\/www.youtube.com\/user\/campingcasavio\"]}]}<\/script>\n<!-- \/ Yoast SEO plugin. -->","yoast_head_json":{"title":"Mapa kempingu &#8211; Camping Ca&#039; Savio","description":"Explore the campsite areas, find out our\u00a0activities, our\u00a0accommodations,\u00a0pitches\u00a0and our\u00a0services.","robots":{"index":"index","follow":"follow","max-snippet":"max-snippet:-1","max-image-preview":"max-image-preview:large","max-video-preview":"max-video-preview:-1"},"canonical":"https:\/\/www.casavio.com\/pl\/nasz-kemping\/mapa\/","og_locale":"pl_PL","og_type":"article","og_title":"Mapa kempingu &#8211; Camping Ca&#039; Savio","og_description":"Explore the campsite areas, find out our\u00a0activities, our\u00a0accommodations,\u00a0pitches\u00a0and our\u00a0services.","og_url":"https:\/\/www.casavio.com\/pl\/nasz-kemping\/mapa\/","og_site_name":"Camping Ca&#039; Savio","article_publisher":"https:\/\/www.facebook.com\/campingcasavio","article_modified_time":"2025-05-23T10:10:56+00:00","twitter_card":"summary_large_image","twitter_misc":{"Szacowany czas czytania":"1 minuta"},"schema":{"@context":"https:\/\/schema.org","@graph":[{"@type":"WebPage","@id":"https:\/\/www.casavio.com\/pl\/nasz-kemping\/mapa\/","url":"https:\/\/www.casavio.com\/pl\/nasz-kemping\/mapa\/","name":"Mapa kempingu &#8211; Camping Ca&#039; Savio","isPartOf":{"@id":"https:\/\/www.casavio.com\/pl\/#website"},"datePublished":"2024-07-09T09:37:30+00:00","dateModified":"2025-05-23T10:10:56+00:00","description":"Explore the campsite areas, find out our\u00a0activities, our\u00a0accommodations,\u00a0pitches\u00a0and our\u00a0services.","breadcrumb":{"@id":"https:\/\/www.casavio.com\/pl\/nasz-kemping\/mapa\/#breadcrumb"},"inLanguage":"pl-PL","potentialAction":[{"@type":"ReadAction","target":["https:\/\/www.casavio.com\/pl\/nasz-kemping\/mapa\/"]}]},{"@type":"BreadcrumbList","@id":"https:\/\/www.casavio.com\/pl\/nasz-kemping\/mapa\/#breadcrumb","itemListElement":[{"@type":"ListItem","position":1,"name":"Home","item":"https:\/\/www.casavio.com\/pl\/"},{"@type":"ListItem","position":2,"name":"Nasz kemping","item":"https:\/\/www.casavio.com\/pl\/nasz-kemping\/"},{"@type":"ListItem","position":3,"name":"Mapa kempingu"}]},{"@type":"WebSite","@id":"https:\/\/www.casavio.com\/pl\/#website","url":"https:\/\/www.casavio.com\/pl\/","name":"Camping Ca&#039; Savio","description":"","publisher":{"@id":"https:\/\/www.casavio.com\/pl\/#organization"},"potentialAction":[{"@type":"SearchAction","target":{"@type":"EntryPoint","urlTemplate":"https:\/\/www.casavio.com\/pl\/?s={search_term_string}"},"query-input":{"@type":"PropertyValueSpecification","valueRequired":true,"valueName":"search_term_string"}}],"inLanguage":"pl-PL"},{"@type":"Organization","@id":"https:\/\/www.casavio.com\/pl\/#organization","name":"Camping Ca'Savio","url":"https:\/\/www.casavio.com\/pl\/","logo":{"@type":"ImageObject","inLanguage":"pl-PL","@id":"https:\/\/www.casavio.com\/pl\/#\/schema\/logo\/image\/","url":"https:\/\/www.casavio.com\/wp-content\/uploads\/2024\/04\/favicon.png","contentUrl":"https:\/\/www.casavio.com\/wp-content\/uploads\/2024\/04\/favicon.png","width":144,"height":144,"caption":"Camping Ca'Savio"},"image":{"@id":"https:\/\/www.casavio.com\/pl\/#\/schema\/logo\/image\/"},"sameAs":["https:\/\/www.facebook.com\/campingcasavio","https:\/\/www.instagram.com\/campingcasavio","https:\/\/www.youtube.com\/user\/campingcasavio"]}]}},"_links":{"self":[{"href":"https:\/\/www.casavio.com\/pl\/wp-json\/wp\/v2\/pages\/34944","targetHints":{"allow":["GET"]}}],"collection":[{"href":"https:\/\/www.casavio.com\/pl\/wp-json\/wp\/v2\/pages"}],"about":[{"href":"https:\/\/www.casavio.com\/pl\/wp-json\/wp\/v2\/types\/page"}],"author":[{"embeddable":true,"href":"https:\/\/www.casavio.com\/pl\/wp-json\/wp\/v2\/users\/2"}],"replies":[{"embeddable":true,"href":"https:\/\/www.casavio.com\/pl\/wp-json\/wp\/v2\/comments?post=34944"}],"version-history":[{"count":3,"href":"https:\/\/www.casavio.com\/pl\/wp-json\/wp\/v2\/pages\/34944\/revisions"}],"predecessor-version":[{"id":40115,"href":"https:\/\/www.casavio.com\/pl\/wp-json\/wp\/v2\/pages\/34944\/revisions\/40115"}],"up":[{"embeddable":true,"href":"https:\/\/www.casavio.com\/pl\/wp-json\/wp\/v2\/pages\/10133"}],"wp:attachment":[{"href":"https:\/\/www.casavio.com\/pl\/wp-json\/wp\/v2\/media?parent=34944"}],"curies":[{"name":"wp","href":"https:\/\/api.w.org\/{rel}","templated":true}]}}